{"id":11117,"date":"2018-06-05T19:01:57","date_gmt":"2018-06-05T19:01:57","guid":{"rendered":"https:\/\/www.somatechnology.com\/spanish\/?post_type=product&#038;p=11117"},"modified":"2023-08-23T06:29:05","modified_gmt":"2023-08-23T10:29:05","slug":"skytron-3602","status":"publish","type":"product","link":"https:\/\/www.somatechnology.com\/spanish\/equipo-medico-usado-remanufacturado\/mesas-de-cirugia\/skytron-3602\/","title":{"rendered":"Skytron 3602"},"content":{"rendered":"<h2>Caracter\u00edsticas Skytron 3602<\/h2>\n<p>La mesa quirurgica <strong>Skytron 3602<\/strong> combina las capacidades de la diapositiva superior de la tabla con una capacidad de la articulaci\u00f3n de 800 libras, y el resultado es el mejor de ambos mundos: proyecci\u00f3n de imagen y energ\u00eda. Los impresionantes 23 de la tabla de diapositiva superior acomoda la capacidad m\u00e1s generosa de la articulaci\u00f3n de la industria y proporciona la proyecci\u00f3n de imagen superior para los pacientes de diversos tama\u00f1os.<\/p>\n<ul>\n<li>23 \u00abdiapositiva superior<\/li>\n<li>9 1\/2 \u00abresbale a la cabeza y 13 1\/4\u00bb resbale al pie<\/li>\n<li>elevaci\u00f3n de 1.000 lb y capacidad de peso de articulaci\u00f3n 800 lb<\/li>\n<li>Partes traseras y de la pierna desprendibles para el accesorio y la colocaci\u00f3n r\u00e1pidos del accesorio<\/li>\n<li>Posicionador de la silla de la playa de la energ\u00eda para la disposici\u00f3n One-Touch<\/li>\n<li>La base durable del acero inoxidable es f\u00e1cil de limpiar<\/li>\n<li>243\/8 \u00ab-431\/4\u00bb altura ajustable de la tabla<\/li>\n<li>inclinaci\u00f3n lateral de 30 \u00b0<\/li>\n<li>30 \u00b0 Trendelenburg\/Trendelenburg reverso<\/li>\n<\/ul>\n<h2>Especificaciones Skytron 3602<\/h2>\n<h3>Dimensiones<\/h3>\n<ul>\n<li>Longitud: w\/o reposacabeza 69 1\/2 \u00ab, 1, 765mm<\/li>\n<li>Longitud: con la cabeza 82 1\/8 \u00ab, 2, 086mm<\/li>\n<li>Anchura: 19 5\/8 \u00ab, 500m m<\/li>\n<li>Anchura con los carriles laterales: 21 7\/8 \u00ab, 555mm<\/li>\n<li>Altura: 24 3\/8 \u00aba 43 1\/4\u00bb, 620-1, 100m m<\/li>\n<li>Puente del ri\u00f1\u00f3n de la energ\u00eda: 5 3\/4 \u00ab, elevaci\u00f3n 146mm<\/li>\n<li>Diapositiva superior\/cabeza: 9 1\/2 \u00ab, 245m<\/li>\n<li>\u2022 Diapositiva superior\/pie: 13 1\/4 \u00ab, 335mm<\/li>\n<li>MaX. carga admisible: elevaci\u00f3n de 1.000 lb (450kg); articulaci\u00f3n de 800 lb (360kg)<\/li>\n<\/ul>\n<h3>Informaci\u00f3n General<\/h3>\n<ul>\n<li>Inclinaci\u00f3n lateral (izquierda\/derecha) 30 \u00b0<\/li>\n<li>Trendelenburg 30 \u00b0<\/li>\n<li>Trendelenburg inversa 30 \u00b0<\/li>\n<li>Back up\/down 90 \u00b0\/40 \u00b0<\/li>\n<li>Pierna up\/down 15\/100 \u00b0<\/li>\n<li>Flex\/Reflex 40 \u00b0\/90 \u00b0<\/li>\n<li>Ajustes a trav\u00e9s de control manual: secci\u00f3n de la cabeza: 60 \u00b0 para arriba\/90 \u00b0 abajo<\/li>\n<\/ul>\n<p>&nbsp;<\/p>\n","protected":false},"excerpt":{"rendered":"<p>Caracter\u00edsticas Skytron 3602 La mesa quirurgica Skytron 3602 combina las capacidades de la diapositiva superior de la tabla con una capacidad de la articulaci\u00f3n&#8230;<\/p>\n","protected":false},"featured_media":11300,"template":"","meta":{"_acf_changed":false,"_relevanssi_hide_post":"","_relevanssi_hide_content":"","_relevanssi_pin_for_all":"","_relevanssi_pin_keywords":"","_relevanssi_unpin_keywords":"","_relevanssi_related_keywords":"","_relevanssi_related_include_ids":"","_relevanssi_related_exclude_ids":"","_relevanssi_related_no_append":"","_relevanssi_related_not_related":"","_relevanssi_related_posts":"","_relevanssi_noindex_reason":"","inline_featured_image":false},"pwb-brand":[1186],"product_brand":[],"product_cat":[72],"product_tag":[4159,3098,3095,3094,2500,4160,3100,3099,2522,4158],"class_list":{"0":"post-11117","1":"product","2":"type-product","3":"status-publish","4":"has-post-thumbnail","6":"pwb-brand-equipo-medico-skytron","7":"product_cat-mesas-de-cirugia","8":"product_tag-4159","9":"product_tag-mesa","10":"product_tag-mesa-quirurgica","11":"product_tag-mesas","12":"product_tag-mesas-quirurgicas","13":"product_tag-mesas-quirurgicas-skytron","14":"product_tag-quirurgica","15":"product_tag-quirurgicas","16":"product_tag-skytron","17":"product_tag-skytron-3602","19":"first","20":"instock","21":"shipping-taxable","22":"purchasable","23":"product-type-simple"},"acf":[],"brands":[{"id":1186,"name":"Skytron","slug":"equipo-medico-skytron"}],"_links":{"self":[{"href":"https:\/\/www.somatechnology.com\/spanish\/wp-json\/wp\/v2\/product\/11117","targetHints":{"allow":["GET"]}}],"collection":[{"href":"https:\/\/www.somatechnology.com\/spanish\/wp-json\/wp\/v2\/product"}],"about":[{"href":"https:\/\/www.somatechnology.com\/spanish\/wp-json\/wp\/v2\/types\/product"}],"wp:featuredmedia":[{"embeddable":true,"href":"https:\/\/www.somatechnology.com\/spanish\/wp-json\/wp\/v2\/media\/11300"}],"wp:attachment":[{"href":"https:\/\/www.somatechnology.com\/spanish\/wp-json\/wp\/v2\/media?parent=11117"}],"wp:term":[{"taxonomy":"pwb-brand","embeddable":true,"href":"https:\/\/www.somatechnology.com\/spanish\/wp-json\/wp\/v2\/pwb-brand?post=11117"},{"taxonomy":"product_brand","embeddable":true,"href":"https:\/\/www.somatechnology.com\/spanish\/wp-json\/wp\/v2\/product_brand?post=11117"},{"taxonomy":"product_cat","embeddable":true,"href":"https:\/\/www.somatechnology.com\/spanish\/wp-json\/wp\/v2\/product_cat?post=11117"},{"taxonomy":"product_tag","embeddable":true,"href":"https:\/\/www.somatechnology.com\/spanish\/wp-json\/wp\/v2\/product_tag?post=11117"}],"curies":[{"name":"wp","href":"https:\/\/api.w.org\/{rel}","templated":true}]}}