{"id":11139,"date":"2018-06-06T16:48:22","date_gmt":"2018-06-06T16:48:22","guid":{"rendered":"https:\/\/www.somatechnology.com\/spanish\/?post_type=product&#038;p=11139"},"modified":"2023-08-23T06:29:12","modified_gmt":"2023-08-23T10:29:12","slug":"skytron-3501b-ez-slide","status":"publish","type":"product","link":"https:\/\/www.somatechnology.com\/spanish\/equipo-medico-usado-remanufacturado\/imagenologia-radiologia\/mesas-transducidas\/skytron-3501b-ez-slide\/","title":{"rendered":"Skytron 3501B EZ Slide"},"content":{"rendered":"<h2>Caracter\u00edsticas del Mesa Quirurgica Skytron 3501B EZ Slide<\/h2>\n<p><strong>Skytron 3501B EZ Slide<\/strong> es una mesa quir\u00fargica universalmente vers\u00e1til que proporciona una excelente flexibilidad de imagen, versatilidad cl\u00ednica y rentabilidad. EZ Slide proporciona una impresionante gama de im\u00e1genes de cuerpo completo y funciones de mesa de articulaci\u00f3n, como se requiere para las orientaciones de imagen en Arco en C, sin el uso de accesorios de soporte m\u00faltiple o tener que reposicionar al paciente. \u00a1Un toque de bot\u00f3n lo hace todo!<\/p>\n<ul>\n<li>700 lb. Lift, 600 lb. capacidad articular<\/li>\n<li>21 \u00abdiapositiva superior<\/li>\n<li>Secci\u00f3n desprendible de la pierna<\/li>\n<li>Perfeccione para vascular, neuro, Ortho y urolog\u00eda<\/li>\n<li>Retorno a nivel<\/li>\n<li>Capacidad de articulaci\u00f3n completa<\/li>\n<li>Imagen de cuerpo completo sin necesidad de accesorios especiales<\/li>\n<li>Control colgante Back-Lit durable<\/li>\n<li>Energ\u00eda de la bater\u00eda<\/li>\n<\/ul>\n<h2>Especificaciones Skytron 3501B EZ Slide<\/h2>\n<h3>Dimensiones<\/h3>\n<ul>\n<li>Longitud w\/o reposacabezas: 69 in. (1750mm)<\/li>\n<li>Longitud con reposacabezas: 82 pulg. (2080mm)<\/li>\n<li>Anchura (parte posterior\/placa de asiento): 19,75 pulg. (500m m)<\/li>\n<li>Anchura con los carriles laterales (placa trasera\/del asiento): 21,75 pulg. (550m)<\/li>\n<li>Peso: 827 lbs. (376kg)<\/li>\n<li>Carga admisible: 700 lbs. (320kg) elevaci\u00f3n\/600 lbs. (275kg) articulaci\u00f3n<\/li>\n<\/ul>\n<h3>Ajustes mediante control manual<\/h3>\n<ul>\n<li>Altura: 26-45 in. 660-1140m<\/li>\n<li>Inclinaci\u00f3n lateral (izquierda\/derecha): 20 \u00b0<\/li>\n<li>Trendelenburg: 25 \u00b0<\/li>\n<li>Trendelenburg reverso: 20 \u00b0<\/li>\n<li>Puente del ri\u00f1\u00f3n de la energ\u00eda: 6 pulg. Ascensor 150mm Lift<\/li>\n<li>Back up\/down: 90 \u00b0\/40 \u00b0<\/li>\n<li>Arriba\/abajo de la pierna: 2 \u00b0\/98 \u00b0<\/li>\n<li>Volver al nivel (vuelta anat\u00f3micamente correcta a la posici\u00f3n horizontal de las posiciones articuladas)<\/li>\n<li>Diapositiva superior\/cabeza: 7,5 in. 195mm<\/li>\n<li>Diapositiva superior\/pie: 13,5 in. 335mm<\/li>\n<li>Flex\/Reflex: 40\u00b0\/90\u00b0<\/li>\n<\/ul>\n<p>&nbsp;<\/p>\n","protected":false},"excerpt":{"rendered":"<p>Mesa Quir\u00fargicas \/ Mesas Transducidas<\/p>\n","protected":false},"featured_media":11284,"template":"","meta":{"_acf_changed":false,"_relevanssi_hide_post":"","_relevanssi_hide_content":"","_relevanssi_pin_for_all":"","_relevanssi_pin_keywords":"","_relevanssi_unpin_keywords":"","_relevanssi_related_keywords":"","_relevanssi_related_include_ids":"","_relevanssi_related_exclude_ids":"","_relevanssi_related_no_append":"","_relevanssi_related_not_related":"","_relevanssi_related_posts":"","_relevanssi_noindex_reason":"","inline_featured_image":false},"pwb-brand":[1186],"product_brand":[],"product_cat":[136,7006,72],"product_tag":[4194,4195,4191,3313,3098,3095,4186,3094,2500,4160,4185,2522,4196,4197,4193,4192],"class_list":{"0":"post-11139","1":"product","2":"type-product","3":"status-publish","4":"has-post-thumbnail","6":"pwb-brand-equipo-medico-skytron","7":"product_cat-mesas-transducidas","8":"product_cat-algologia","9":"product_cat-mesas-de-cirugia","10":"product_tag-4194","11":"product_tag-3501b","12":"product_tag-ez","13":"product_tag-ez-slide","14":"product_tag-mesa","15":"product_tag-mesa-quirurgica","16":"product_tag-mesa-transducida","17":"product_tag-mesas","18":"product_tag-mesas-quirurgicas","19":"product_tag-mesas-quirurgicas-skytron","20":"product_tag-mesas-transducidas","21":"product_tag-skytron","22":"product_tag-skytron-3501","23":"product_tag-skytron-3501b","24":"product_tag-skytron-ez-slide","25":"product_tag-slide","27":"first","28":"instock","29":"shipping-taxable","30":"purchasable","31":"product-type-simple"},"acf":[],"brands":[{"id":1186,"name":"Skytron","slug":"equipo-medico-skytron"}],"_links":{"self":[{"href":"https:\/\/www.somatechnology.com\/spanish\/wp-json\/wp\/v2\/product\/11139","targetHints":{"allow":["GET"]}}],"collection":[{"href":"https:\/\/www.somatechnology.com\/spanish\/wp-json\/wp\/v2\/product"}],"about":[{"href":"https:\/\/www.somatechnology.com\/spanish\/wp-json\/wp\/v2\/types\/product"}],"wp:featuredmedia":[{"embeddable":true,"href":"https:\/\/www.somatechnology.com\/spanish\/wp-json\/wp\/v2\/media\/11284"}],"wp:attachment":[{"href":"https:\/\/www.somatechnology.com\/spanish\/wp-json\/wp\/v2\/media?parent=11139"}],"wp:term":[{"taxonomy":"pwb-brand","embeddable":true,"href":"https:\/\/www.somatechnology.com\/spanish\/wp-json\/wp\/v2\/pwb-brand?post=11139"},{"taxonomy":"product_brand","embeddable":true,"href":"https:\/\/www.somatechnology.com\/spanish\/wp-json\/wp\/v2\/product_brand?post=11139"},{"taxonomy":"product_cat","embeddable":true,"href":"https:\/\/www.somatechnology.com\/spanish\/wp-json\/wp\/v2\/product_cat?post=11139"},{"taxonomy":"product_tag","embeddable":true,"href":"https:\/\/www.somatechnology.com\/spanish\/wp-json\/wp\/v2\/product_tag?post=11139"}],"curies":[{"name":"wp","href":"https:\/\/api.w.org\/{rel}","templated":true}]}}