{"id":11165,"date":"2018-06-06T20:39:05","date_gmt":"2018-06-06T20:39:05","guid":{"rendered":"https:\/\/www.somatechnology.com\/spanish\/?post_type=product&#038;p=11165"},"modified":"2023-08-23T06:29:17","modified_gmt":"2023-08-23T10:29:17","slug":"axia-uromax-4","status":"publish","type":"product","link":"https:\/\/www.somatechnology.com\/spanish\/equipo-medico-usado-remanufacturado\/mesas-de-cirugia\/axia-uromax-4\/","title":{"rendered":"Axia UroMax 4"},"content":{"rendered":"<h2>Caracter\u00edsticas\u00a0Axia UroMax 4<\/h2>\n<p>La mesa quir\u00fargica para <strong>Arcos en C Axia UroMax 4<\/strong> ofrece una soluci\u00f3n excelente para los procedimientos urol\u00f3gicos en tiempo real de la radiograf\u00eda. Las \u00e1reas superiores de fibra de carbono y radiolucent permiten la visualizaci\u00f3n completa de fluoroscopia y el posicionamiento sin obstrucciones del brazo en C. El UroMax 4 tiene movimientos, opciones y accesorios altamente vers\u00e1tiles. El accesorio de la extensi\u00f3n de la pierna de la fibra del carb\u00f3n puede dar vuelta r\u00e1pidamente a su tabla de la Urolog\u00eda en una tabla del procedimiento para la gerencia del dolor y otro C-brazo dirigi\u00f3 procedimientos.<\/p>\n<ul>\n<li>Fibra del carb\u00f3n con la secci\u00f3n facial integral del recorte<\/li>\n<li>Extensi\u00f3n de la pierna f\u00e1cil quitar y peso muy ligero<\/li>\n<li>Estilo del tablero del salto para el acceso f\u00e1cil del C-brazo<\/li>\n<li>Capacidad del paciente grande (500-lb libra de carga)<\/li>\n<li>2 \u00abcoj\u00edn de alta calidad paciente de la comodidad<\/li>\n<li>Peso ligero \u2013 f\u00e1cil de mover f\u00edsicamente la mesa<\/li>\n<li>24 \u00abla tapa ancha elimina las necesidades para los tableros del brazo<\/li>\n<li>F\u00e1cil transferencia de pacientes a la mesa<\/li>\n<li>Baja altura para abordaje de pacientes<\/li>\n<li>Los estribos son un accesorio opcional<\/li>\n<\/ul>\n<h2>Especificaciones\u00a0 Axia UroMax 4<\/h2>\n<h3>Dimensiones<\/h3>\n<ul>\n<li>Longitud de la tabla: 55 in (139 cm)<\/li>\n<li>Ancho de mesa: 24 pulg (60,9 cm)<\/li>\n<li>Altura de la mesa: 30 \u2013 40 in (76,2 \u2013 101,6 cm)<\/li>\n<li>Capacidad del peso: 500 libras (226,7 kilogramos)<\/li>\n<li>Peso de la tabla: 740 libras (335,7 kilogramos)<\/li>\n<li>Base de acero en forma de H: 51 x 26 in (129,5 \u2013 66 cm)<\/li>\n<li>Colch\u00f3n: 2 en grueso (5 cm)<\/li>\n<li>\u00c1rea radiol\u00facida: 27 x 24 in (68,5 x 60,9 cm)<\/li>\n<li>Tapa de tabla: 55 x 24 x 1,62 adentro (139 x 60 x 4 cm)<\/li>\n<\/ul>\n<h3>Inclinaciones<\/h3>\n<ul>\n<li>Inclinaci\u00f3n lateral: \u00b1 17 \u00b0<\/li>\n<li>Trendelenburg: \u00b1 13 \u00b0<\/li>\n<li>Recorrido longitudinal: 10 in (\u00b1 5 in)<\/li>\n<\/ul>\n<h3>Voltajes<\/h3>\n<ul>\n<li>Voltaje de CA: 120V ~<\/li>\n<li>Frecuencia: 60 Hz<\/li>\n<li>Corriente de la CA: 6.5 a<\/li>\n<li>Protecci\u00f3n contra descargas el\u00e9ctricas: clase I<\/li>\n<li>Grado aplicado de la parte: tipo B<\/li>\n<li>Modo de operaci\u00f3n: ciclo de deber del 10%; 1 minuto encendido, 9 minutos apagado<\/li>\n<\/ul>\n<h3><\/h3>\n<p>&nbsp;<\/p>\n<ul>\n<li>Humedad del almacenaje: 0-92%<\/li>\n<li>Humedad de funcionamiento: 0-92%<\/li>\n<li>Temperatura de almacenamiento: 32 \u00b0 f \u2013 104 \u00b0 f (0 \u2103 \u2013 40 \u2103)<\/li>\n<li>Temperatura de funcionamiento: hasta 104 \u00b0 f (40 \u2103)<\/li>\n<\/ul>\n","protected":false},"excerpt":{"rendered":"<p>Mesa Quir\u00fargicas<\/p>\n","protected":false},"featured_media":20374,"template":"","meta":{"_acf_changed":false,"_relevanssi_hide_post":"","_relevanssi_hide_content":"","_relevanssi_pin_for_all":"","_relevanssi_pin_keywords":"","_relevanssi_unpin_keywords":"","_relevanssi_related_keywords":"","_relevanssi_related_include_ids":"","_relevanssi_related_exclude_ids":"","_relevanssi_related_no_append":"","_relevanssi_related_not_related":"","_relevanssi_related_posts":"","_relevanssi_noindex_reason":"","inline_featured_image":false},"pwb-brand":[1098],"product_brand":[],"product_cat":[72],"product_tag":[4233,191,4235,4224,4232,3098,3095,3094,2500,3100,3099,4225,4234],"class_list":{"0":"post-11165","1":"product","2":"type-product","3":"status-publish","4":"has-post-thumbnail","6":"pwb-brand-equipo-medico-axia","7":"product_cat-mesas-de-cirugia","8":"product_tag-4233","9":"product_tag-axia","10":"product_tag-axia-4","11":"product_tag-axia-uromax","12":"product_tag-axia-uromax-4","13":"product_tag-mesa","14":"product_tag-mesa-quirurgica","15":"product_tag-mesas","16":"product_tag-mesas-quirurgicas","17":"product_tag-quirurgica","18":"product_tag-quirurgicas","19":"product_tag-uromax","20":"product_tag-uromax-4","22":"first","23":"instock","24":"shipping-taxable","25":"purchasable","26":"product-type-simple"},"acf":[],"brands":[{"id":1098,"name":"Axia","slug":"equipo-medico-axia"}],"_links":{"self":[{"href":"https:\/\/www.somatechnology.com\/spanish\/wp-json\/wp\/v2\/product\/11165","targetHints":{"allow":["GET"]}}],"collection":[{"href":"https:\/\/www.somatechnology.com\/spanish\/wp-json\/wp\/v2\/product"}],"about":[{"href":"https:\/\/www.somatechnology.com\/spanish\/wp-json\/wp\/v2\/types\/product"}],"wp:featuredmedia":[{"embeddable":true,"href":"https:\/\/www.somatechnology.com\/spanish\/wp-json\/wp\/v2\/media\/20374"}],"wp:attachment":[{"href":"https:\/\/www.somatechnology.com\/spanish\/wp-json\/wp\/v2\/media?parent=11165"}],"wp:term":[{"taxonomy":"pwb-brand","embeddable":true,"href":"https:\/\/www.somatechnology.com\/spanish\/wp-json\/wp\/v2\/pwb-brand?post=11165"},{"taxonomy":"product_brand","embeddable":true,"href":"https:\/\/www.somatechnology.com\/spanish\/wp-json\/wp\/v2\/product_brand?post=11165"},{"taxonomy":"product_cat","embeddable":true,"href":"https:\/\/www.somatechnology.com\/spanish\/wp-json\/wp\/v2\/product_cat?post=11165"},{"taxonomy":"product_tag","embeddable":true,"href":"https:\/\/www.somatechnology.com\/spanish\/wp-json\/wp\/v2\/product_tag?post=11165"}],"curies":[{"name":"wp","href":"https:\/\/api.w.org\/{rel}","templated":true}]}}