{"id":11170,"date":"2018-06-07T12:16:55","date_gmt":"2018-06-07T12:16:55","guid":{"rendered":"https:\/\/www.somatechnology.com\/spanish\/?post_type=product&#038;p=11170"},"modified":"2023-08-23T06:29:17","modified_gmt":"2023-08-23T10:29:17","slug":"biodex-846","status":"publish","type":"product","link":"https:\/\/www.somatechnology.com\/spanish\/equipo-medico-usado-remanufacturado\/imagenologia-radiologia\/mesas-transducidas\/biodex-846\/","title":{"rendered":"Biodex 846"},"content":{"rendered":"<h2>Caracter\u00edsticas Mesa Quir\u00fargica Biodex 846<\/h2>\n<p>La <strong>mesa quir\u00fargica del c-brazo de Biodex 846<\/strong> se dise\u00f1a para los procedimientos donde est\u00e1 esencial la estabilidad, el acceso, y la colocaci\u00f3n exacta, reservada, vibraci\u00f3n-libre. Una mesa de fibra de carbono de baja atenuaci\u00f3n en voladizo, con elecci\u00f3n de dise\u00f1o contorneado o rectangular, adapta los brazos C port\u00e1tiles o suspendidos en el techo. La tapa contorneada est\u00e1ndar permite el espacio de trabajo amplio para los anestesi\u00f3logos, con todo la estrechez requerida para los procedimientos cervicales.<\/p>\n<ul>\n<li>Mesa de fibra de carbono de baja atenuaci\u00f3n, con opci\u00f3n de dise\u00f1o est\u00e1ndar contorneado o rectangular<\/li>\n<li>El tablero contorneado ofrece un recorte de la cara para la colocaci\u00f3n propensa c\u00f3moda<\/li>\n<li>Actuador de alta velocidad para el movimiento vertical r\u00e1pido<\/li>\n<li>Colocaci\u00f3n conveniente con el regulador de mano portable<\/li>\n<li>Libre-flote X-Y tablero de la mesa<\/li>\n<li>500-lb capacidad del paciente<\/li>\n<\/ul>\n<h2>Especificaciones Mesa Quir\u00fargica Biodex 846<\/h2>\n<h3>Dimensiones<\/h3>\n<ul>\n<li>Altura (ajustable): 33,5 \u2013 43,5 in (84 \u2013 109 cm)<\/li>\n<li>Ancho: 26 in (66 cm)<\/li>\n<li>Longitud: 104 In (260 cm)<\/li>\n<\/ul>\n<h3>Mesa<\/h3>\n<ul>\n<li>Longitud: 101 en (252 cm)<\/li>\n<li>Ancho: 24 pulg (61 cm)<\/li>\n<li>Material: fibra del carb\u00f3n con la secci\u00f3n principal integral<\/li>\n<li>Colch\u00f3n: incons\u00fatil, 2 en (los 5cm) densamente<\/li>\n<\/ul>\n<h3>\u00c1rea radiol\u00facida<\/h3>\n<ul>\n<li>51 \u00abl x 24\u00bb w (128 x 61 cm) cabeza sin obstrucciones al riel accesorio<\/li>\n<li>20 \u00abl x 17,5\u00bb w (50,8 x 44 cm) adicional, entre los carriles auxiliares<\/li>\n<\/ul>\n<h3>Movimientos<\/h3>\n<ul>\n<li>Altura: ajustable de 33,5 \u00aba 43,5\u00bb (84 a 109 cm)<\/li>\n<li>Movimiento de la mesa X (flotador de cabeza a dedo): 20 \u00ab(51 cm)<\/li>\n<li>Mesa Y movimiento (flotador de lado a lado): 10\u201d (25.4 cm)<\/li>\n<\/ul>\n<h3>Controles<\/h3>\n<ul>\n<li>Control de la mano: activa la altura<\/li>\n<li>Pulsador: libera movimientos de mesa X-Y<\/li>\n<\/ul>\n<h3>Informaci\u00f3n General<\/h3>\n<ul>\n<li>Ruedas de extremo principal: 3 \u00ab(7,62 cm) ruedas giratorias, sistema de bloqueo integral en la base<\/li>\n<li>Extremo del pie: echadores del eslab\u00f3n giratorio de 5 \u00ab(12,7 cm) con la fijaci\u00f3n central<\/li>\n<li>Rieles accesorios: rieles est\u00e1ndar o accesorios 49,5 \u00abx 1,12\u00bb x. 375 \u00ab(124 x 2,86 x. 95 cm) montados cerca del extremo del pie de la mesa<\/li>\n<li>Restricciones del paciente: tres correas del cuerpo<\/li>\n<li>Capacidad del paciente: 500 lb (227 kg); peso probado a cuatro veces la capacidad de carga del paciente.<\/li>\n<li>Capacidad de la elevaci\u00f3n: puede variar entre 460 LB-500 lb (209-227 kilogramos) basado en voltaje de l\u00ednea<\/li>\n<li>Energ\u00eda: 115 VAC o 230 VAC<\/li>\n<\/ul>\n","protected":false},"excerpt":{"rendered":"<p>Mesa Quir\u00fargicas<\/p>\n","protected":false},"featured_media":11171,"template":"","meta":{"_acf_changed":false,"_relevanssi_hide_post":"","_relevanssi_hide_content":"","_relevanssi_pin_for_all":"","_relevanssi_pin_keywords":"","_relevanssi_unpin_keywords":"","_relevanssi_related_keywords":"","_relevanssi_related_include_ids":"","_relevanssi_related_exclude_ids":"","_relevanssi_related_no_append":"","_relevanssi_related_not_related":"","_relevanssi_related_posts":"","_relevanssi_noindex_reason":"","inline_featured_image":false},"pwb-brand":[3126],"product_brand":[],"product_cat":[72,136],"product_tag":[4236,3127,4237,3098,3095,4186,3094,2500,4185,3100,3099],"class_list":{"0":"post-11170","1":"product","2":"type-product","3":"status-publish","4":"has-post-thumbnail","6":"pwb-brand-mesas-biodex","7":"product_cat-mesas-de-cirugia","8":"product_cat-mesas-transducidas","9":"product_tag-4236","10":"product_tag-biodex","11":"product_tag-biodex-846","12":"product_tag-mesa","13":"product_tag-mesa-quirurgica","14":"product_tag-mesa-transducida","15":"product_tag-mesas","16":"product_tag-mesas-quirurgicas","17":"product_tag-mesas-transducidas","18":"product_tag-quirurgica","19":"product_tag-quirurgicas","21":"first","22":"instock","23":"shipping-taxable","24":"purchasable","25":"product-type-simple"},"acf":[],"brands":[{"id":3126,"name":"Biodex","slug":"mesas-biodex"}],"_links":{"self":[{"href":"https:\/\/www.somatechnology.com\/spanish\/wp-json\/wp\/v2\/product\/11170","targetHints":{"allow":["GET"]}}],"collection":[{"href":"https:\/\/www.somatechnology.com\/spanish\/wp-json\/wp\/v2\/product"}],"about":[{"href":"https:\/\/www.somatechnology.com\/spanish\/wp-json\/wp\/v2\/types\/product"}],"wp:featuredmedia":[{"embeddable":true,"href":"https:\/\/www.somatechnology.com\/spanish\/wp-json\/wp\/v2\/media\/11171"}],"wp:attachment":[{"href":"https:\/\/www.somatechnology.com\/spanish\/wp-json\/wp\/v2\/media?parent=11170"}],"wp:term":[{"taxonomy":"pwb-brand","embeddable":true,"href":"https:\/\/www.somatechnology.com\/spanish\/wp-json\/wp\/v2\/pwb-brand?post=11170"},{"taxonomy":"product_brand","embeddable":true,"href":"https:\/\/www.somatechnology.com\/spanish\/wp-json\/wp\/v2\/product_brand?post=11170"},{"taxonomy":"product_cat","embeddable":true,"href":"https:\/\/www.somatechnology.com\/spanish\/wp-json\/wp\/v2\/product_cat?post=11170"},{"taxonomy":"product_tag","embeddable":true,"href":"https:\/\/www.somatechnology.com\/spanish\/wp-json\/wp\/v2\/product_tag?post=11170"}],"curies":[{"name":"wp","href":"https:\/\/api.w.org\/{rel}","templated":true}]}}