{"id":11172,"date":"2018-06-07T12:34:40","date_gmt":"2018-06-07T12:34:40","guid":{"rendered":"https:\/\/www.somatechnology.com\/spanish\/?post_type=product&#038;p=11172"},"modified":"2023-08-23T06:29:18","modified_gmt":"2023-08-23T10:29:18","slug":"stryker-berchtold-operon-d850","status":"publish","type":"product","link":"https:\/\/www.somatechnology.com\/spanish\/equipo-medico-usado-remanufacturado\/mesas-de-cirugia\/stryker-berchtold-operon-d850\/","title":{"rendered":"Stryker Berchtold Operon D850"},"content":{"rendered":"<h2>Caracter\u00edsticas Stryker Berchtold Operon D850<\/h2>\n<p>La mesa quir\u00fargica <strong>Operon D850 de Stryker<\/strong> ofrece la mejor gama de movimientos verticales, capacidad de peso completo a lo largo y el acceso a la imagen superior. Esto lleva a aumentar las opciones de posicionamiento de los pacientes que se traducen en mayor comodidad, productividad y seguridad para el equipo quir\u00fargico.<\/p>\n<p>&nbsp;<\/p>\n<ul>\n<li>450 kg de elevaci\u00f3n y articulaci\u00f3n a lo largo de toda la gama de movimiento<\/li>\n<li>Mayor rango vertical en el mercado: 578 mm (m\u00e1s bajo) a 1179 mm (m\u00e1s alto)<\/li>\n<li>Canal del cassette de la radiograf\u00eda: elimina tapas de la radiograf\u00eda mientras que maximiza la seguridad del paciente y la conveniencia del usuario<\/li>\n<li>Construcci\u00f3n de mesa de fibra de carbono: mejora la claridad de la imagen y minimiza la exposici\u00f3n a los pacientes y al personal<\/li>\n<li>diapositiva longitudinal de 420 mil\u00edmetros: cobertura superior del C-brazo sin la reposici\u00f3n o la inversi\u00f3n del paciente<\/li>\n<li>Ventana de la proyecci\u00f3n de imagen: la mesa ancha generosa de 535 mil\u00edmetros permite capacidades m\u00e1ximas de la proyecci\u00f3n<\/li>\n<li>Colgante intuitivo, ergon\u00f3mico-dise\u00f1ado de la mano con el telclado num\u00e9rico detr\u00e1s-encendido para la colocaci\u00f3n exacta del paciente<\/li>\n<li>InstaDrive &#x2122;: sistema de accionamiento autopropulsado que ayuda a mover el OPERON D 850 dentro de la Suite quir\u00fargica o de habitaci\u00f3n a habitaci\u00f3n<\/li>\n<li>Posicionamiento especial para Cardiolog\u00eda y\/o Neurocirug\u00eda<\/li>\n<li>Una l\u00ednea completa de accesorios compatibles para personalizar su mesa<\/li>\n<\/ul>\n<h2>Especificaciones Stryker Berchtold Operon D850<\/h2>\n<h3>Especificaciones<\/h3>\n<ul>\n<li>567 kg para orientaci\u00f3n normal<\/li>\n<li>227 kg para orientaci\u00f3n inversa<\/li>\n<\/ul>\n<h3>Requisitos ambientales\/f\u00edsicos<\/h3>\n<ul>\n<li>Altura ajustable (sin almohadilla): 575 \u2013 1180 mm<\/li>\n<li>Corredera longitudinal: 430 mm 1, 330 mm<\/li>\n<li>Trendelenburg\/Reverse Trendelenburg: 30 \u00b0\/31 \u00b0<\/li>\n<li>Inclinaci\u00f3n izquierda\/derecha: + 20 \u00b0\/\u2013 20 \u00b0<\/li>\n<li>Placa posterior arriba\/abajo: + 90 \u00b0\/\u2013 45 \u00b0<\/li>\n<li>Placa de la pierna arriba\/abajo: + 30 \u00b0\/\u2013 105 \u00b0<\/li>\n<li>Placas de pierna divididas arriba\/abajo: + 30 \u00b0\/\u2013 90 \u00b0<\/li>\n<li>Reposacabezas arriba\/abajo: + 45 \u00b0\/\u2013 90 \u00b0<\/li>\n<li>Elevador del ri\u00f1\u00f3n (opcional); Elevaci\u00f3n a 75 mm<\/li>\n<li>Flexi\u00f3n (posici\u00f3n auto): 225 \u00b0<\/li>\n<li>Longitud de la tabla: 2124 mil\u00edmetro<\/li>\n<li>Ancho de mesa (Inc. rieles laterales): 534 mm (587 mm)<\/li>\n<li>Anchura de la imagen: 465 mil\u00edmetro<\/li>\n<li>Sistema de copia de seguridad manual: integrado<\/li>\n<li>Protecci\u00f3n de la colisi\u00f3n con todas las funciones de mesa accionadas: integrado<\/li>\n<li>Capacidad de la bater\u00eda 5-8 d\u00edas laborables<\/li>\n<li>Segmentos o tablero de la mesa hasta 8<\/li>\n<li>Material de mesa: fibra de carbono\/feno<\/li>\n<li>Material base reforzado pl\u00e1stico de la fibra\/pol\u00edmero del ABS, acero inoxidable<\/li>\n<\/ul>\n<p>&nbsp;<\/p>\n","protected":false},"excerpt":{"rendered":"<p>Mesa Quir\u00fargicas<\/p>\n","protected":false},"featured_media":11173,"template":"","meta":{"_acf_changed":false,"_relevanssi_hide_post":"","_relevanssi_hide_content":"","_relevanssi_pin_for_all":"","_relevanssi_pin_keywords":"","_relevanssi_unpin_keywords":"","_relevanssi_related_keywords":"","_relevanssi_related_include_ids":"","_relevanssi_related_exclude_ids":"","_relevanssi_related_no_append":"","_relevanssi_related_not_related":"","_relevanssi_related_posts":"","_relevanssi_noindex_reason":"","inline_featured_image":false},"pwb-brand":[1079],"product_brand":[],"product_cat":[72],"product_tag":[4246,4239,4250,4249,4243,4245,3098,3095,3094,2500,6854,4241,4248,4247,3100,3099,178,4251,4238,4240,4244,4252,4242,4254,4253],"class_list":{"0":"post-11172","1":"product","2":"type-product","3":"status-publish","4":"has-post-thumbnail","6":"pwb-brand-equipo-medico-stryker","7":"product_cat-mesas-de-cirugia","8":"product_tag-4246","9":"product_tag-berchtold","10":"product_tag-berchtold-850","11":"product_tag-berchtold-d850","12":"product_tag-berchtold-operon","13":"product_tag-d850","14":"product_tag-mesa","15":"product_tag-mesa-quirurgica","16":"product_tag-mesas","17":"product_tag-mesas-quirurgicas","18":"product_tag-mesas-quirurgicas-stryker","19":"product_tag-operon","20":"product_tag-operon-850","21":"product_tag-operon-d850","22":"product_tag-quirurgica","23":"product_tag-quirurgicas","24":"product_tag-stryker","25":"product_tag-stryker-850","26":"product_tag-stryker-berchtold","27":"product_tag-stryker-berchtold-operon","28":"product_tag-stryker-berchtold-operon-d850","29":"product_tag-stryker-d850","30":"product_tag-stryker-operon","31":"product_tag-stryker-operon-850","32":"product_tag-stryker-operon-d850","34":"first","35":"instock","36":"shipping-taxable","37":"purchasable","38":"product-type-simple"},"acf":[],"brands":[{"id":1079,"name":"Stryker","slug":"equipo-medico-stryker"}],"_links":{"self":[{"href":"https:\/\/www.somatechnology.com\/spanish\/wp-json\/wp\/v2\/product\/11172","targetHints":{"allow":["GET"]}}],"collection":[{"href":"https:\/\/www.somatechnology.com\/spanish\/wp-json\/wp\/v2\/product"}],"about":[{"href":"https:\/\/www.somatechnology.com\/spanish\/wp-json\/wp\/v2\/types\/product"}],"wp:featuredmedia":[{"embeddable":true,"href":"https:\/\/www.somatechnology.com\/spanish\/wp-json\/wp\/v2\/media\/11173"}],"wp:attachment":[{"href":"https:\/\/www.somatechnology.com\/spanish\/wp-json\/wp\/v2\/media?parent=11172"}],"wp:term":[{"taxonomy":"pwb-brand","embeddable":true,"href":"https:\/\/www.somatechnology.com\/spanish\/wp-json\/wp\/v2\/pwb-brand?post=11172"},{"taxonomy":"product_brand","embeddable":true,"href":"https:\/\/www.somatechnology.com\/spanish\/wp-json\/wp\/v2\/product_brand?post=11172"},{"taxonomy":"product_cat","embeddable":true,"href":"https:\/\/www.somatechnology.com\/spanish\/wp-json\/wp\/v2\/product_cat?post=11172"},{"taxonomy":"product_tag","embeddable":true,"href":"https:\/\/www.somatechnology.com\/spanish\/wp-json\/wp\/v2\/product_tag?post=11172"}],"curies":[{"name":"wp","href":"https:\/\/api.w.org\/{rel}","templated":true}]}}