{"id":11307,"date":"2018-06-15T18:06:43","date_gmt":"2018-06-15T18:06:43","guid":{"rendered":"https:\/\/www.somatechnology.com\/spanish\/?post_type=product&#038;p=11307"},"modified":"2023-08-23T06:29:22","modified_gmt":"2023-08-23T10:29:22","slug":"verathon-bladderscan-prime-plus","status":"publish","type":"product","link":"https:\/\/www.somatechnology.com\/spanish\/equipo-medico-usado-remanufacturado\/escaneres-de-vejiga\/verathon-bladderscan-prime-plus\/","title":{"rendered":"Verathon BladderScan Prime Plus"},"content":{"rendered":"<h2>Caracter\u00edsticas VERATHON BladderScan Prime Plus<\/h2>\n<p>El <strong>VERATHON BladderScan Prime Plus<\/strong> se usa para medir el volumen vesical de forma no invasiva. El BladderScan Prime Plus ofrece resultados precisos mejorados mediante las caracter\u00edsticas de asistencia previa y posterior al escaneo, como orientaci\u00f3n cl\u00ednica para optimizar el rendimiento. El esc\u00e1ner vesical es alimentado por ImageSense. Image Sense es un algoritmo que aprovecha los datos cl\u00ednicos del mundo real, el aprendizaje profundo y la tecnolog\u00eda de inteligencia artificial.<\/p>\n<ul>\n<li>La tecnolog\u00eda de aprendizaje profundo de ImageSense calcula autom\u00e1ticamente el volumen 3D.<\/li>\n<li>Alertas de exploraci\u00f3n descentradas EdgeScan mejoradas.<\/li>\n<li>Indicador de interferencia del hueso p\u00fabico pionero.<\/li>\n<li>12 BMODE-Slice Review.<\/li>\n<li>No se requiere ecografista.<\/li>\n<li>Resultados de volumen automatizado de un solo paso para ahorrar tiempo.<\/li>\n<\/ul>\n<h2>Especificaciones\u00a0 VERATHON BladderScan Prime Plus<\/h2>\n<h3>Dimensiones (Consola)<\/h3>\n<ul>\n<li>Altura: 4,92 \u00ab(12,5 cm)<\/li>\n<li>Anchura: 8,49 \u00ab(22,7 cm)<\/li>\n<li>Profundidad: 10,2 \u00ab(25,9 cm)<\/li>\n<li>Peso: 3,9 lbs (1,77 kg)<\/li>\n<li>Resoluci\u00f3n de pantalla: 1280 x 800 p\u00edxeles<\/li>\n<\/ul>\n<h3>Dimensiones (Sonda)<\/h3>\n<ul>\n<li>Altura: 7,7 \u00ab(19,6 cm)<\/li>\n<li>Anchura: 2,43 \u00ab(6,2 cm)<\/li>\n<li>Profundidad: 2,43 \u00ab(6,2 cm)<\/li>\n<li>Peso: 1,28 lbs (0,5 kg)<\/li>\n<li>Resoluci\u00f3n de pantalla: 144 x 168 p\u00edxeles<\/li>\n<\/ul>\n<h3>Voltaje<\/h3>\n<ul>\n<li>Voltaje de entrada: 100 a 240 VAC, sola fase<\/li>\n<li>L\u00ednea frecuencia: 50 o 60 hertzios<\/li>\n<li>Corriente: 1,4 Max<\/li>\n<\/ul>\n<h3>Bater\u00eda<\/h3>\n<ul>\n<li>Tipo: litio-ion (Li-ion)<\/li>\n<li>Tiempo de la carga: 2,5 horas<\/li>\n<li>Vida de bater\u00eda: m\u00e1s de 24 horas de operaci\u00f3n normal entre las cargas<\/li>\n<li>Capacidad: 4,6 Ah, 51 WH<\/li>\n<li>Voltaje nominal: 11.1 v<\/li>\n<li>Peso: 0,72 lbs (0.3 kg)<\/li>\n<\/ul>\n<h3>Precisi\u00f3n<\/h3>\n<ul>\n<li style=\"list-style-type: none;\">\n<ul>\n<li>Rango de volumen: 0 a 999 ml<\/li>\n<li>Exactitud mayor de 100 ml: \u00b1 7,5%<\/li>\n<li>0 a 100 ml: \u00b1 7,5 ml<\/li>\n<\/ul>\n<\/li>\n<\/ul>\n<p>&nbsp;<\/p>\n","protected":false},"excerpt":{"rendered":"<p>Esc\u00e1neres de Vejiga<\/p>\n","protected":false},"featured_media":20613,"template":"","meta":{"_acf_changed":false,"_relevanssi_hide_post":"","_relevanssi_hide_content":"","_relevanssi_pin_for_all":"","_relevanssi_pin_keywords":"","_relevanssi_unpin_keywords":"","_relevanssi_related_keywords":"","_relevanssi_related_include_ids":"","_relevanssi_related_exclude_ids":"","_relevanssi_related_no_append":"","_relevanssi_related_not_related":"","_relevanssi_related_posts":"","_relevanssi_noindex_reason":"","inline_featured_image":false},"pwb-brand":[1362],"product_brand":[],"product_cat":[1157],"product_tag":[2030,4335,4338,4336,4337,1001,1990,2027,4334],"class_list":{"0":"post-11307","1":"product","2":"type-product","3":"status-publish","4":"has-post-thumbnail","6":"pwb-brand-equipo-medico-verathon","7":"product_cat-escaneres-de-vejiga","8":"product_tag-bladderscan-prime","9":"product_tag-bladderscan-prime-plus","10":"product_tag-escaneres-de-vejiga","11":"product_tag-prime","12":"product_tag-prime-plus","13":"product_tag-verathon","14":"product_tag-verathon-bladderscan","15":"product_tag-verathon-bladderscan-prime","16":"product_tag-verathon-bladderscan-prime-plus","18":"first","19":"instock","20":"shipping-taxable","21":"purchasable","22":"product-type-simple"},"acf":[],"brands":[{"id":1362,"name":"Verathon","slug":"equipo-medico-verathon"}],"_links":{"self":[{"href":"https:\/\/www.somatechnology.com\/spanish\/wp-json\/wp\/v2\/product\/11307","targetHints":{"allow":["GET"]}}],"collection":[{"href":"https:\/\/www.somatechnology.com\/spanish\/wp-json\/wp\/v2\/product"}],"about":[{"href":"https:\/\/www.somatechnology.com\/spanish\/wp-json\/wp\/v2\/types\/product"}],"wp:featuredmedia":[{"embeddable":true,"href":"https:\/\/www.somatechnology.com\/spanish\/wp-json\/wp\/v2\/media\/20613"}],"wp:attachment":[{"href":"https:\/\/www.somatechnology.com\/spanish\/wp-json\/wp\/v2\/media?parent=11307"}],"wp:term":[{"taxonomy":"pwb-brand","embeddable":true,"href":"https:\/\/www.somatechnology.com\/spanish\/wp-json\/wp\/v2\/pwb-brand?post=11307"},{"taxonomy":"product_brand","embeddable":true,"href":"https:\/\/www.somatechnology.com\/spanish\/wp-json\/wp\/v2\/product_brand?post=11307"},{"taxonomy":"product_cat","embeddable":true,"href":"https:\/\/www.somatechnology.com\/spanish\/wp-json\/wp\/v2\/product_cat?post=11307"},{"taxonomy":"product_tag","embeddable":true,"href":"https:\/\/www.somatechnology.com\/spanish\/wp-json\/wp\/v2\/product_tag?post=11307"}],"curies":[{"name":"wp","href":"https:\/\/api.w.org\/{rel}","templated":true}]}}