{"id":11317,"date":"2018-06-18T14:31:57","date_gmt":"2018-06-18T14:31:57","guid":{"rendered":"https:\/\/www.somatechnology.com\/spanish\/?post_type=product&#038;p=11317"},"modified":"2023-08-23T06:29:24","modified_gmt":"2023-08-23T10:29:24","slug":"verathon-glidescope-go","status":"publish","type":"product","link":"https:\/\/www.somatechnology.com\/spanish\/equipo-medico-usado-remanufacturado\/video-laringoscopios\/verathon-glidescope-go\/","title":{"rendered":"Verathon GlideScope Go"},"content":{"rendered":"<h2>Caracter\u00edsticas VERATHON Glidescope Go<\/h2>\n<p><strong>Glidescope Go<\/strong> es un sistema de laringoscopio de v\u00eddeo duradero, port\u00e1til y de alta resoluci\u00f3n que ofrece una pantalla a color resistente a los ara\u00f1azos de 3,5 pulgadas con una capa antideslumbrante y un amplio campo de visi\u00f3n. Dise\u00f1ado para la visualizaci\u00f3n mejorada y la intubaci\u00f3n r\u00e1pida, de primer paso, es compatible con las l\u00e1minas del solo-uso del espectro del Glidescope, para los pacientes que se extienden del reci\u00e9n nacido a los adultos grandes.<\/p>\n<p>Obtenga la confianza de Glidescope dondequiera y cuando lo necesite, con el nuevo portable Glidescope go &#x2122;. Compacto, durable, f\u00e1cil de cargar y listo bajo demanda, Glidescope go simplifica el mantenimiento con una pantalla completamente sumergible y la bater\u00eda, y completamente desechables, de un solo uso Blades. Un complemento esencial para su sistema basado en carritos Glidescope, este sistema de mano tambi\u00e9n es ideal para uso en espacios reducidos, procedimientos emergentes y siempre que su entorno exija movilidad.<\/p>\n<h2>Especificaciones Verathon GlideScope Go<\/h2>\n<h3>Dimensiones<\/h3>\n<ul>\n<li>Anchura: 98 mil\u00edmetro (3,86 adentro)<\/li>\n<li>Altura: 86 mm (3,39 pulg.)<\/li>\n<li>Profundidad: 47 mm (1,85 pulg.)<\/li>\n<li>Peso (aprox.): 0,25 kg (8,82 oz)<\/li>\n<li>Tama\u00f1o del LCD: 320 x 240 PX, 8,9 cm (3,5 en)<\/li>\n<\/ul>\n<h3>Condiciones de funcionamiento<\/h3>\n<ul>\n<li>Temperatura de funcionamiento: 10 a 40 \u00b0 c (50 a 104 \u00b0 f)<\/li>\n<li>Temperatura de carga: 10 a 35 \u00b0 c (50 a 95 \u00b0 f)<\/li>\n<li>Humedad relativa: 0 a 95% (sin condensaci\u00f3n)<\/li>\n<li>Presi\u00f3n atmosf\u00e9rica: 700-1060 hPa<\/li>\n<\/ul>\n<h3>Condiciones de env\u00edo y almacenamiento<\/h3>\n<ul>\n<li>Temperatura:-20 a 40 \u00b0 c (-4 a 104 \u00b0 f)<\/li>\n<li>Humedad relativa: 0 a 95% (sin condensaci\u00f3n)<\/li>\n<li>Presi\u00f3n atmosf\u00e9rica: 700\u20131060 hPa<\/li>\n<\/ul>\n","protected":false},"excerpt":{"rendered":"<p>Video Laringoscopios<\/p>\n","protected":false},"featured_media":11318,"template":"","meta":{"_acf_changed":false,"_relevanssi_hide_post":"","_relevanssi_hide_content":"","_relevanssi_pin_for_all":"","_relevanssi_pin_keywords":"","_relevanssi_unpin_keywords":"","_relevanssi_related_keywords":"","_relevanssi_related_include_ids":"","_relevanssi_related_exclude_ids":"","_relevanssi_related_no_append":"","_relevanssi_related_not_related":"","_relevanssi_related_posts":"","_relevanssi_noindex_reason":"","inline_featured_image":false},"pwb-brand":[1362],"product_brand":[],"product_cat":[978],"product_tag":[992,1002,4347,4349,4348,990],"class_list":{"0":"post-11317","1":"product","2":"type-product","3":"status-publish","4":"has-post-thumbnail","6":"pwb-brand-equipo-medico-verathon","7":"product_cat-video-laringoscopios","8":"product_tag-laringoscopios","9":"product_tag-verathon-glidescope","10":"product_tag-verathon-glidescope-go","11":"product_tag-verathon-laringoscopio","12":"product_tag-verathon-video-laringoscopio","13":"product_tag-video-laringoscopio","15":"first","16":"instock","17":"shipping-taxable","18":"purchasable","19":"product-type-simple"},"acf":[],"brands":[{"id":1362,"name":"Verathon","slug":"equipo-medico-verathon"}],"_links":{"self":[{"href":"https:\/\/www.somatechnology.com\/spanish\/wp-json\/wp\/v2\/product\/11317","targetHints":{"allow":["GET"]}}],"collection":[{"href":"https:\/\/www.somatechnology.com\/spanish\/wp-json\/wp\/v2\/product"}],"about":[{"href":"https:\/\/www.somatechnology.com\/spanish\/wp-json\/wp\/v2\/types\/product"}],"wp:featuredmedia":[{"embeddable":true,"href":"https:\/\/www.somatechnology.com\/spanish\/wp-json\/wp\/v2\/media\/11318"}],"wp:attachment":[{"href":"https:\/\/www.somatechnology.com\/spanish\/wp-json\/wp\/v2\/media?parent=11317"}],"wp:term":[{"taxonomy":"pwb-brand","embeddable":true,"href":"https:\/\/www.somatechnology.com\/spanish\/wp-json\/wp\/v2\/pwb-brand?post=11317"},{"taxonomy":"product_brand","embeddable":true,"href":"https:\/\/www.somatechnology.com\/spanish\/wp-json\/wp\/v2\/product_brand?post=11317"},{"taxonomy":"product_cat","embeddable":true,"href":"https:\/\/www.somatechnology.com\/spanish\/wp-json\/wp\/v2\/product_cat?post=11317"},{"taxonomy":"product_tag","embeddable":true,"href":"https:\/\/www.somatechnology.com\/spanish\/wp-json\/wp\/v2\/product_tag?post=11317"}],"curies":[{"name":"wp","href":"https:\/\/api.w.org\/{rel}","templated":true}]}}