{"id":11382,"date":"2018-06-19T20:24:08","date_gmt":"2018-06-19T20:24:08","guid":{"rendered":"https:\/\/www.somatechnology.com\/spanish\/?post_type=product&#038;p=11382"},"modified":"2023-08-23T06:29:26","modified_gmt":"2023-08-23T10:29:26","slug":"stryker-berchtold-operon-b810","status":"publish","type":"product","link":"https:\/\/www.somatechnology.com\/spanish\/equipo-medico-usado-remanufacturado\/mesas-de-cirugia\/stryker-berchtold-operon-b810\/","title":{"rendered":"Stryker Berchtold Operon B810"},"content":{"rendered":"<h2>Caracter\u00edsticas Stryker Berchtold Operon B810<\/h2>\n<p>Dise\u00f1ado para el uso en las suites quir\u00fargicas donde el control y la colocaci\u00f3n del paciente son cr\u00edticos, el <strong>Operon B810 de Stryker BERCHTOLD<\/strong> es una tabla caracter\u00edstica-rica, teledirigida que realza la colocaci\u00f3n paciente y proporciona la ayuda completa a trav\u00e9s de su gama entera de Movimiento. La corredera longitudinal de 305 mm (12 \u00ab), la tapa de mesa de fibra de carbono y el canal de casete de rayos x integrado contribuyen a las caracter\u00edsticas de imagen superiores del B 810. El B 810 levantar\u00e1 y articular\u00e1 una capacidad paciente del peso de 275 kilogramos (600 libras) en la orientaci\u00f3n normal y reversa, fijando el est\u00e1ndar de la industria para la simplicidad y la facilidad de uso sin el sacrificio de caracter\u00edsticas.<\/p>\n<h2>Especificaciones Stryker Berchtold Operon B810<\/h2>\n<h3>Dimensiones<\/h3>\n<ul>\n<li>Longitud 76 pulgadas (1930 mm)<\/li>\n<li>Ancho 21 pulgadas (533 mm); excluyendo los rieles laterales.<\/li>\n<li>Peso aproximadamente 715 lbs (325 kg)<\/li>\n<li>Altura 28 a 48 pulgadas (711 mm a 1219 mm)<\/li>\n<li>Cabeza secci\u00f3n 9 \u00abX 21\u00bb<\/li>\n<li>Secci\u00f3n trasera 20,0 \u00abX 21\u00bb<\/li>\n<li>Asiento secci\u00f3n 20,5 \u00abX 21\u00bb<\/li>\n<li>Elevador de ri\u00f1\u00f3n 3 \u00abX 21\u00bb<\/li>\n<li>Secci\u00f3n 18,5 \u00abX 21\u00bb de la pierna<\/li>\n<\/ul>\n<h3>Requisitos operacionales y de almacenamiento<\/h3>\n<ul>\n<li>Rango de temperatura ambiente de 50 a 100 \u00b0 F (10 a 38 \u00b0 C), rango de humedad relativa de 10% a 95%, a altitudes desde el nivel del mar hasta 8000 ft.<\/li>\n<li>Transporte y almacenamiento rango de temperatura ambiente de \u2013 30 a + 150 \u00b0 F (-34 a 66 \u00b0 C)<\/li>\n<li>Rango de humedad relativa de 0% a 95% a altitudes desde el nivel del mar hasta 50.000 ft.<\/li>\n<\/ul>\n<h3>Rango de movimiento<\/h3>\n<ul>\n<li>Trendelenburg hasta 30 \u00b0<\/li>\n<li>Trendelenburg inverso hasta 30 \u00b0<\/li>\n<li>Inclinaci\u00f3n lateral hasta 20 \u00b0 a la derecha o a la izquierda<\/li>\n<li>Secci\u00f3n trasera de 45 \u00b0 debajo de horizontal a 80 \u00b0 sobre horizontal<\/li>\n<li>Elevador de ri\u00f1\u00f3n extensible hasta 3 pulgadas (76 mm)<\/li>\n<li>Secci\u00f3n de la pierna a partir del 2 \u00b0 sobre horizontal a 105 \u00b0 debajo de horizontal<\/li>\n<li>Reposacabezas ajustable de 90 \u00b0 por debajo de horizontal a 90 \u00b0 por encima<\/li>\n<li>Horizontal en incrementos de 15 \u00b0<\/li>\n<li>Total de la diapositiva longitudinal 12 pulgadas (305m)<\/li>\n<li>Flex 225 \u00b0<\/li>\n<li>Secci\u00f3n de la pierna de la silla 105 \u00b0, secci\u00f3n trasera 80 \u00b0 concerniente al asiento<\/li>\n<li>Secci\u00f3n, que puede ser de hasta 30 \u00b0 en la posici\u00f3n de Trendelenburg.<\/li>\n<\/ul>\n<p>&nbsp;<\/p>\n","protected":false},"excerpt":{"rendered":"<p>Mesa Quir\u00fargicas<\/p>\n","protected":false},"featured_media":11384,"template":"","meta":{"_acf_changed":false,"_relevanssi_hide_post":"","_relevanssi_hide_content":"","_relevanssi_pin_for_all":"","_relevanssi_pin_keywords":"","_relevanssi_unpin_keywords":"","_relevanssi_related_keywords":"","_relevanssi_related_include_ids":"","_relevanssi_related_exclude_ids":"","_relevanssi_related_no_append":"","_relevanssi_related_not_related":"","_relevanssi_related_posts":"","_relevanssi_noindex_reason":"","inline_featured_image":false},"pwb-brand":[1079],"product_brand":[],"product_cat":[72],"product_tag":[4420,4421,4424,4239,4425,3098,3095,3094,2500,6854,4422,4423,3100,3099,178,4426,4427,4238,4240,4419,4418,4428,4429],"class_list":{"0":"post-11382","1":"product","2":"type-product","3":"status-publish","4":"has-post-thumbnail","6":"pwb-brand-equipo-medico-stryker","7":"product_cat-mesas-de-cirugia","8":"product_tag-4420","9":"product_tag-b810","10":"product_tag-berchold-810","11":"product_tag-berchtold","12":"product_tag-berchtold-b810","13":"product_tag-mesa","14":"product_tag-mesa-quirurgica","15":"product_tag-mesas","16":"product_tag-mesas-quirurgicas","17":"product_tag-mesas-quirurgicas-stryker","18":"product_tag-operon-810","19":"product_tag-operon-b810","20":"product_tag-quirurgica","21":"product_tag-quirurgicas","22":"product_tag-stryker","23":"product_tag-stryker-810","24":"product_tag-stryker-b810","25":"product_tag-stryker-berchtold","26":"product_tag-stryker-berchtold-operon","27":"product_tag-stryker-berchtold-operon-810","28":"product_tag-stryker-berchtold-operon-b810","29":"product_tag-stryker-operon-810","30":"product_tag-stryker-operon-b810","32":"first","33":"instock","34":"shipping-taxable","35":"purchasable","36":"product-type-simple"},"acf":[],"brands":[{"id":1079,"name":"Stryker","slug":"equipo-medico-stryker"}],"_links":{"self":[{"href":"https:\/\/www.somatechnology.com\/spanish\/wp-json\/wp\/v2\/product\/11382","targetHints":{"allow":["GET"]}}],"collection":[{"href":"https:\/\/www.somatechnology.com\/spanish\/wp-json\/wp\/v2\/product"}],"about":[{"href":"https:\/\/www.somatechnology.com\/spanish\/wp-json\/wp\/v2\/types\/product"}],"wp:featuredmedia":[{"embeddable":true,"href":"https:\/\/www.somatechnology.com\/spanish\/wp-json\/wp\/v2\/media\/11384"}],"wp:attachment":[{"href":"https:\/\/www.somatechnology.com\/spanish\/wp-json\/wp\/v2\/media?parent=11382"}],"wp:term":[{"taxonomy":"pwb-brand","embeddable":true,"href":"https:\/\/www.somatechnology.com\/spanish\/wp-json\/wp\/v2\/pwb-brand?post=11382"},{"taxonomy":"product_brand","embeddable":true,"href":"https:\/\/www.somatechnology.com\/spanish\/wp-json\/wp\/v2\/product_brand?post=11382"},{"taxonomy":"product_cat","embeddable":true,"href":"https:\/\/www.somatechnology.com\/spanish\/wp-json\/wp\/v2\/product_cat?post=11382"},{"taxonomy":"product_tag","embeddable":true,"href":"https:\/\/www.somatechnology.com\/spanish\/wp-json\/wp\/v2\/product_tag?post=11382"}],"curies":[{"name":"wp","href":"https:\/\/api.w.org\/{rel}","templated":true}]}}