{"id":11518,"date":"2018-07-05T13:59:29","date_gmt":"2018-07-05T13:59:29","guid":{"rendered":"https:\/\/www.somatechnology.com\/spanish\/?post_type=product&#038;p=11518"},"modified":"2023-08-23T06:29:27","modified_gmt":"2023-08-23T10:29:27","slug":"stryker-system-7","status":"publish","type":"product","link":"https:\/\/www.somatechnology.com\/spanish\/equipo-medico-usado-remanufacturado\/instrumental-de-cirugia\/stryker-system-7\/","title":{"rendered":"Stryker System 7"},"content":{"rendered":"<h2>Caracter\u00edsticas del sistema 7 de Stryker<\/h2>\n<p>Aumente dram\u00e1ticamente el tiempo de funcionamiento y la eficacia con las nuevas herramientas el\u00e9ctricas del <strong>sistema 7 de Stryker<\/strong>. Para tomar esas decisiones con confianza, necesita herramientas de las que pueda depender. El sistema 7 de Stryker fue dise\u00f1ado para atender las necesidades espec\u00edficas de su quir\u00f3fano, para que pueda lograr m\u00e1s, en nombre de sus instalaciones y sus pacientes.<\/p>\n<p>Las herramientas del sistema 7 son accionadas por las bater\u00edas del Li-ion de Stryker SmartLife, que el \u00faltimo cerca de dos veces tan de largo como modelos anteriores, as\u00ed que usted tendr\u00e1 que recargar menos a menudo. Las bater\u00edas tambi\u00e9n son m\u00e1s livianas, reduciendo el peso total del instrumento en un 29%. Ofrecen la integraci\u00f3n de la sala de operaciones de Stryker, que notifica a t\u00e9cnicos de Stryker de problemas t\u00e9cnicos inmediatamente y les permite fijar problemas remotamente. El handpiece giratorio es ligero y de gran alcance, con un aumento significativo en esfuerzo de torsi\u00f3n. La sierra sagital es especialmente silenciosa.<\/p>\n<ul>\n<li>La Sierra sagital es significativamente m\u00e1s silenciosa que las generaciones anteriores<\/li>\n<li>Las bater\u00edas del Li-ion de Stryker SmartLiFE &#x2122; significan una vida de bater\u00eda m\u00e1s larga, m\u00e1s confiable<\/li>\n<li>El handpiece rotatorio ofrece el esfuerzo de torsi\u00f3n substancialmente creciente, proporcionando funcionamiento \u00f3ptimo<\/li>\n<li>La gesti\u00f3n de dispositivos remotos SORN integrado proporciona una conexi\u00f3n segura y seguro desde sus dispositivos de Stryker System 7 a nuestros equipos de soporte de Stryker<\/li>\n<li>Sistema 7 mejoras de dise\u00f1o que lo hacen m\u00e1s ligero, m\u00e1s seguro y m\u00e1s f\u00e1cil de usar<\/li>\n<\/ul>\n<p>&nbsp;<\/p>\n","protected":false},"excerpt":{"rendered":"<p>Instrumental de Cirugia<\/p>\n","protected":false},"featured_media":11520,"template":"","meta":{"_acf_changed":false,"_relevanssi_hide_post":"","_relevanssi_hide_content":"","_relevanssi_pin_for_all":"","_relevanssi_pin_keywords":"","_relevanssi_unpin_keywords":"","_relevanssi_related_keywords":"","_relevanssi_related_include_ids":"","_relevanssi_related_exclude_ids":"","_relevanssi_related_no_append":"","_relevanssi_related_not_related":"","_relevanssi_related_posts":"","_relevanssi_noindex_reason":"","inline_featured_image":false},"pwb-brand":[1079],"product_brand":[],"product_cat":[4530],"product_tag":[4532,4534,4536,178,4533,4531,4537,4535],"class_list":{"0":"post-11518","1":"product","2":"type-product","3":"status-publish","4":"has-post-thumbnail","6":"pwb-brand-equipo-medico-stryker","7":"product_cat-instrumental-de-cirugia","8":"product_tag-instrumental-de-cirugia","9":"product_tag-instrumental-de-cirugia-stryker","10":"product_tag-instrumental-de-cirugia-stryker-system-7","11":"product_tag-stryker","12":"product_tag-stryker-instrumental-de-cirugia","13":"product_tag-stryker-system-7","14":"product_tag-stryker-system-7-instrumental-de-cirugia","15":"product_tag-system-7-instrumental-de-cirugia","17":"first","18":"instock","19":"shipping-taxable","20":"purchasable","21":"product-type-simple"},"acf":[],"brands":[{"id":1079,"name":"Stryker","slug":"equipo-medico-stryker"}],"_links":{"self":[{"href":"https:\/\/www.somatechnology.com\/spanish\/wp-json\/wp\/v2\/product\/11518","targetHints":{"allow":["GET"]}}],"collection":[{"href":"https:\/\/www.somatechnology.com\/spanish\/wp-json\/wp\/v2\/product"}],"about":[{"href":"https:\/\/www.somatechnology.com\/spanish\/wp-json\/wp\/v2\/types\/product"}],"wp:featuredmedia":[{"embeddable":true,"href":"https:\/\/www.somatechnology.com\/spanish\/wp-json\/wp\/v2\/media\/11520"}],"wp:attachment":[{"href":"https:\/\/www.somatechnology.com\/spanish\/wp-json\/wp\/v2\/media?parent=11518"}],"wp:term":[{"taxonomy":"pwb-brand","embeddable":true,"href":"https:\/\/www.somatechnology.com\/spanish\/wp-json\/wp\/v2\/pwb-brand?post=11518"},{"taxonomy":"product_brand","embeddable":true,"href":"https:\/\/www.somatechnology.com\/spanish\/wp-json\/wp\/v2\/product_brand?post=11518"},{"taxonomy":"product_cat","embeddable":true,"href":"https:\/\/www.somatechnology.com\/spanish\/wp-json\/wp\/v2\/product_cat?post=11518"},{"taxonomy":"product_tag","embeddable":true,"href":"https:\/\/www.somatechnology.com\/spanish\/wp-json\/wp\/v2\/product_tag?post=11518"}],"curies":[{"name":"wp","href":"https:\/\/api.w.org\/{rel}","templated":true}]}}