{"id":11619,"date":"2018-07-11T15:08:59","date_gmt":"2018-07-11T15:08:59","guid":{"rendered":"https:\/\/www.somatechnology.com\/spanish\/?post_type=product&#038;p=11619"},"modified":"2023-08-23T06:29:28","modified_gmt":"2023-08-23T10:29:28","slug":"stryker-core-console","status":"publish","type":"product","link":"https:\/\/www.somatechnology.com\/spanish\/equipo-medico-usado-remanufacturado\/instrumental-de-cirugia\/stryker-core-console\/","title":{"rendered":"Stryker Core Console"},"content":{"rendered":"<h2>Caracter\u00edsticas de la consola Stryker Core<\/h2>\n<p>La<strong> Consola Stryker Core<\/strong> \u00a0es un grupo integrado, comprensivo de herramientas el\u00e9ctricas quir\u00fargicas desarrolladas para las tolerancias finas de las peque\u00f1as especialidades del hueso. Este sistema combina la velocidad, la energ\u00eda, el equilibrio, y la simplicidad para entregar las piezas de mano Special-driven para el funcionamiento \u00f3ptimo.<\/p>\n<ul>\n<li>Instrumentos especializados con mayor potencia para cortes de precisi\u00f3n con completa o estandarizaci\u00f3n<\/li>\n<li>La consola Stryker Core proporciona un entorno de control central para los instrumentos accionados en la sala de operaciones<\/li>\n<li>Una amplia variedad de taladros quir\u00fargicos, sierras, fresas y Microdebriders<\/li>\n<li>Opera dos piezas de mano simult\u00e1neamente<\/li>\n<li>Bomba de irrigaci\u00f3n integrada<\/li>\n<li>Control de caudal mejorado<\/li>\n<li>La pantalla t\u00e1ctil intuitiva de color<\/li>\n<li>La nueva interfaz de usuario (GUI)<\/li>\n<li>Preferencias de usuario completamente personalizables<\/li>\n<li>Bot\u00f3n de favoritos de usuario de f\u00e1cil acceso<\/li>\n<li>Ayuda en pantalla<\/li>\n<\/ul>\n<h2>Especificaciones de la consola Stryker Core<\/h2>\n<h3>Dimensiones<\/h3>\n<ul>\n<li>Anchura: 12.5 pulg. [317,5 mm]<\/li>\n<li>Altura: 5 pulg. [127 mm]<\/li>\n<li>Profundidad: 17 pulg. [431,8 mm]<\/li>\n<li>Peso: 20 lbs. [9,1 kg]<\/li>\n<\/ul>\n<h3>Fuente de alimentaci\u00f3n<\/h3>\n<ul>\n<li>Voltaje de entrada: 100-120 V ~, 50-60 Hz, 6,0 A<\/li>\n<li>230 V ~, 50 Hz, 3,0 A<\/li>\n<\/ul>\n<h3>Pantalla t\u00e1ctil a color<\/h3>\n<ul>\n<li>\u00c1ngulo de visi\u00f3n m\u00ednimo ancho 65 \u00b0;<\/li>\n<li>LCD activo diagonal de 6,5 pulgadas;<\/li>\n<li>Resoluci\u00f3n 800 (horizontal) x 480 (vertical);<\/li>\n<li>16:9 relaci\u00f3n de aspecto;<\/li>\n<li>Color de 16 bits;<\/li>\n<li>Dimensiones 3,19 in. [81,0 mm] altura<\/li>\n<li>5,67 in. [144,0 mm] ancho<\/li>\n<\/ul>\n<h3>Ajuste del volumen<\/h3>\n<ul>\n<li>0 dBA to 81 dBA<\/li>\n<\/ul>\n<h3>Condiciones ambientales<\/h3>\n<ul>\n<li>Temperatura: operaci\u00f3n 10-40 \u00b0 c<\/li>\n<li>Temperatura: almacenaje y transporte-20-40 \u00b0 c<\/li>\n<li>Higrometr\u00eda: operaci\u00f3n 20-75%<\/li>\n<li>Higrometr\u00eda: almacenaje y transporte 10-75%<\/li>\n<li>Presi\u00f3n atmosf\u00e9rica: operaci\u00f3n 700-1060 hPa<\/li>\n<li>Presi\u00f3n atmosf\u00e9rica: almacenaje y transporte 500-1060 hPa<\/li>\n<\/ul>\n<p>&nbsp;<\/p>\n","protected":false},"excerpt":{"rendered":"<p>Instrumental de Cirugia<\/p>\n","protected":false},"featured_media":11622,"template":"","meta":{"_acf_changed":false,"_relevanssi_hide_post":"","_relevanssi_hide_content":"","_relevanssi_pin_for_all":"","_relevanssi_pin_keywords":"","_relevanssi_unpin_keywords":"","_relevanssi_related_keywords":"","_relevanssi_related_include_ids":"","_relevanssi_related_exclude_ids":"","_relevanssi_related_no_append":"","_relevanssi_related_not_related":"","_relevanssi_related_posts":"","_relevanssi_noindex_reason":"","inline_featured_image":false},"pwb-brand":[1079],"product_brand":[],"product_cat":[4530],"product_tag":[4576,4577,4575,4532,4534,4578,4533],"class_list":{"0":"post-11619","1":"product","2":"type-product","3":"status-publish","4":"has-post-thumbnail","6":"pwb-brand-equipo-medico-stryker","7":"product_cat-instrumental-de-cirugia","8":"product_tag-core-console","9":"product_tag-core-console-instrumental-de-cirugia","10":"product_tag-core-instrumental-de-cirugia","11":"product_tag-instrumental-de-cirugia","12":"product_tag-instrumental-de-cirugia-stryker","13":"product_tag-stryker-core-console-instrumental-de-cirugia","14":"product_tag-stryker-instrumental-de-cirugia","16":"first","17":"instock","18":"shipping-taxable","19":"purchasable","20":"product-type-simple"},"acf":[],"brands":[{"id":1079,"name":"Stryker","slug":"equipo-medico-stryker"}],"_links":{"self":[{"href":"https:\/\/www.somatechnology.com\/spanish\/wp-json\/wp\/v2\/product\/11619","targetHints":{"allow":["GET"]}}],"collection":[{"href":"https:\/\/www.somatechnology.com\/spanish\/wp-json\/wp\/v2\/product"}],"about":[{"href":"https:\/\/www.somatechnology.com\/spanish\/wp-json\/wp\/v2\/types\/product"}],"wp:featuredmedia":[{"embeddable":true,"href":"https:\/\/www.somatechnology.com\/spanish\/wp-json\/wp\/v2\/media\/11622"}],"wp:attachment":[{"href":"https:\/\/www.somatechnology.com\/spanish\/wp-json\/wp\/v2\/media?parent=11619"}],"wp:term":[{"taxonomy":"pwb-brand","embeddable":true,"href":"https:\/\/www.somatechnology.com\/spanish\/wp-json\/wp\/v2\/pwb-brand?post=11619"},{"taxonomy":"product_brand","embeddable":true,"href":"https:\/\/www.somatechnology.com\/spanish\/wp-json\/wp\/v2\/product_brand?post=11619"},{"taxonomy":"product_cat","embeddable":true,"href":"https:\/\/www.somatechnology.com\/spanish\/wp-json\/wp\/v2\/product_cat?post=11619"},{"taxonomy":"product_tag","embeddable":true,"href":"https:\/\/www.somatechnology.com\/spanish\/wp-json\/wp\/v2\/product_tag?post=11619"}],"curies":[{"name":"wp","href":"https:\/\/api.w.org\/{rel}","templated":true}]}}