{"id":11629,"date":"2018-07-11T15:57:00","date_gmt":"2018-07-11T15:57:00","guid":{"rendered":"https:\/\/www.somatechnology.com\/spanish\/?post_type=product&#038;p=11629"},"modified":"2023-08-23T06:29:28","modified_gmt":"2023-08-23T10:29:28","slug":"stryker-system-6","status":"publish","type":"product","link":"https:\/\/www.somatechnology.com\/spanish\/equipo-medico-usado-remanufacturado\/instrumental-de-cirugia\/stryker-system-6\/","title":{"rendered":"Stryker System 6"},"content":{"rendered":"<h2>Caracter\u00edsticas Stryker System 6<\/h2>\n<p>El<strong> sistema de Stryker 6<\/strong> es una herramienta de gran alcance de la energ\u00eda quir\u00fargica que proporciona velocidad excepcional, flexibilidad, y funcionamiento en sus instrumentos. La sierra sagital tiene un control de dos velocidades, que permite una amplia gama de opciones de corte. La sierra reciprocante es peque\u00f1a y tiene una mejor ergonom\u00eda. La Sierra de estern\u00f3n ha aumentado la velocidad de corte para un corte m\u00e1s agresivo. Las piezas de mano rotatorias permiten la perforaci\u00f3n de alta velocidad y el alto-esfuerzo de torsi\u00f3n que escaria.<\/p>\n<ul>\n<li>Tecnolog\u00eda avanzada del motor.<\/li>\n<li>Vibraci\u00f3n reducida y control mejorado de la pieza de mano.<\/li>\n<li>Control de dos velocidades.<\/li>\n<li>Manejo ergon\u00f3mico.<\/li>\n<li>Velocidad de corte aumentada.<\/li>\n<li>Taladrado de alta velocidad y escariado de alto torque.<\/li>\n<li>Opciones de disparo simple y doble.<\/li>\n<li>Cargador de bater\u00eda.<\/li>\n<li>Contenedores modulares de esterilizaci\u00f3n.<\/li>\n<\/ul>\n<p>&nbsp;<\/p>\n","protected":false},"excerpt":{"rendered":"<p>Instrumental de Cirugia<\/p>\n","protected":false},"featured_media":11630,"template":"","meta":{"_acf_changed":false,"_relevanssi_hide_post":"","_relevanssi_hide_content":"","_relevanssi_pin_for_all":"","_relevanssi_pin_keywords":"","_relevanssi_unpin_keywords":"","_relevanssi_related_keywords":"","_relevanssi_related_include_ids":"","_relevanssi_related_exclude_ids":"","_relevanssi_related_no_append":"","_relevanssi_related_not_related":"","_relevanssi_related_posts":"","_relevanssi_noindex_reason":"","inline_featured_image":false},"pwb-brand":[1079],"product_brand":[],"product_cat":[4530],"product_tag":[3860,4532,178,4594,4595],"class_list":{"0":"post-11629","1":"product","2":"type-product","3":"status-publish","4":"has-post-thumbnail","6":"pwb-brand-equipo-medico-stryker","7":"product_cat-instrumental-de-cirugia","8":"product_tag-cirugia","9":"product_tag-instrumental-de-cirugia","10":"product_tag-stryker","11":"product_tag-stryker-system-6","12":"product_tag-system-6","14":"first","15":"instock","16":"shipping-taxable","17":"purchasable","18":"product-type-simple"},"acf":[],"brands":[{"id":1079,"name":"Stryker","slug":"equipo-medico-stryker"}],"_links":{"self":[{"href":"https:\/\/www.somatechnology.com\/spanish\/wp-json\/wp\/v2\/product\/11629","targetHints":{"allow":["GET"]}}],"collection":[{"href":"https:\/\/www.somatechnology.com\/spanish\/wp-json\/wp\/v2\/product"}],"about":[{"href":"https:\/\/www.somatechnology.com\/spanish\/wp-json\/wp\/v2\/types\/product"}],"wp:featuredmedia":[{"embeddable":true,"href":"https:\/\/www.somatechnology.com\/spanish\/wp-json\/wp\/v2\/media\/11630"}],"wp:attachment":[{"href":"https:\/\/www.somatechnology.com\/spanish\/wp-json\/wp\/v2\/media?parent=11629"}],"wp:term":[{"taxonomy":"pwb-brand","embeddable":true,"href":"https:\/\/www.somatechnology.com\/spanish\/wp-json\/wp\/v2\/pwb-brand?post=11629"},{"taxonomy":"product_brand","embeddable":true,"href":"https:\/\/www.somatechnology.com\/spanish\/wp-json\/wp\/v2\/product_brand?post=11629"},{"taxonomy":"product_cat","embeddable":true,"href":"https:\/\/www.somatechnology.com\/spanish\/wp-json\/wp\/v2\/product_cat?post=11629"},{"taxonomy":"product_tag","embeddable":true,"href":"https:\/\/www.somatechnology.com\/spanish\/wp-json\/wp\/v2\/product_tag?post=11629"}],"curies":[{"name":"wp","href":"https:\/\/api.w.org\/{rel}","templated":true}]}}