{"id":11631,"date":"2018-07-11T16:04:47","date_gmt":"2018-07-11T16:04:47","guid":{"rendered":"https:\/\/www.somatechnology.com\/spanish\/?post_type=product&#038;p=11631"},"modified":"2023-08-23T06:29:29","modified_gmt":"2023-08-23T10:29:29","slug":"stryker-system-5","status":"publish","type":"product","link":"https:\/\/www.somatechnology.com\/spanish\/equipo-medico-usado-remanufacturado\/instrumental-de-cirugia\/stryker-system-5\/","title":{"rendered":"Stryker System 5"},"content":{"rendered":"<h2>Caracter\u00edsticas de Stryker System 5<\/h2>\n<p>El <strong>sistema 5 de Stryker<\/strong> es la 5ta generaci\u00f3n de herramientas el\u00e9ctricas quir\u00fargicas de Stryker. En el sistema de herramientas el\u00e9ctricas System 5 hay 4 piezas de mano diferentes. Una pieza de mano giratoria de gatillo simple, pieza de mano giratoria de gatillo doble, Sierra reciprocante y Sierra sagital. Estos handpieces tienen muchos diversos accesorios de la perforaci\u00f3n y el escariado y los complementos incluyendo la estaci\u00f3n de carga de la bater\u00eda y la caja de la esterilizaci\u00f3n.<\/p>\n<ul>\n<li>Tecnolog\u00eda avanzada del motor.<\/li>\n<li>Taladrado de alta velocidad y escariado de alto torque.<\/li>\n<li>Control de dos velocidades.<\/li>\n<li>Manejo ergon\u00f3mico.<\/li>\n<li>Velocidad de corte aumentada.<\/li>\n<li>Opciones de disparo simple y doble.<\/li>\n<li>Cargador de bater\u00eda.<\/li>\n<li>Contenedores modulares de esterilizaci\u00f3n.<\/li>\n<\/ul>\n<p>&nbsp;<\/p>\n","protected":false},"excerpt":{"rendered":"<p>Instrumental de cirugia<\/p>\n","protected":false},"featured_media":11633,"template":"","meta":{"_acf_changed":false,"_relevanssi_hide_post":"","_relevanssi_hide_content":"","_relevanssi_pin_for_all":"","_relevanssi_pin_keywords":"","_relevanssi_unpin_keywords":"","_relevanssi_related_keywords":"","_relevanssi_related_include_ids":"","_relevanssi_related_exclude_ids":"","_relevanssi_related_no_append":"","_relevanssi_related_not_related":"","_relevanssi_related_posts":"","_relevanssi_noindex_reason":"","inline_featured_image":false},"pwb-brand":[1079],"product_brand":[],"product_cat":[4530],"product_tag":[231,4532,178,4596,4598,4597],"class_list":{"0":"post-11631","1":"product","2":"type-product","3":"status-publish","4":"has-post-thumbnail","6":"pwb-brand-equipo-medico-stryker","7":"product_cat-instrumental-de-cirugia","8":"product_tag-231","9":"product_tag-instrumental-de-cirugia","10":"product_tag-stryker","11":"product_tag-stryker-system-5","12":"product_tag-system","13":"product_tag-system-5","15":"first","16":"instock","17":"shipping-taxable","18":"purchasable","19":"product-type-simple"},"acf":[],"brands":[{"id":1079,"name":"Stryker","slug":"equipo-medico-stryker"}],"_links":{"self":[{"href":"https:\/\/www.somatechnology.com\/spanish\/wp-json\/wp\/v2\/product\/11631","targetHints":{"allow":["GET"]}}],"collection":[{"href":"https:\/\/www.somatechnology.com\/spanish\/wp-json\/wp\/v2\/product"}],"about":[{"href":"https:\/\/www.somatechnology.com\/spanish\/wp-json\/wp\/v2\/types\/product"}],"wp:featuredmedia":[{"embeddable":true,"href":"https:\/\/www.somatechnology.com\/spanish\/wp-json\/wp\/v2\/media\/11633"}],"wp:attachment":[{"href":"https:\/\/www.somatechnology.com\/spanish\/wp-json\/wp\/v2\/media?parent=11631"}],"wp:term":[{"taxonomy":"pwb-brand","embeddable":true,"href":"https:\/\/www.somatechnology.com\/spanish\/wp-json\/wp\/v2\/pwb-brand?post=11631"},{"taxonomy":"product_brand","embeddable":true,"href":"https:\/\/www.somatechnology.com\/spanish\/wp-json\/wp\/v2\/product_brand?post=11631"},{"taxonomy":"product_cat","embeddable":true,"href":"https:\/\/www.somatechnology.com\/spanish\/wp-json\/wp\/v2\/product_cat?post=11631"},{"taxonomy":"product_tag","embeddable":true,"href":"https:\/\/www.somatechnology.com\/spanish\/wp-json\/wp\/v2\/product_tag?post=11631"}],"curies":[{"name":"wp","href":"https:\/\/api.w.org\/{rel}","templated":true}]}}