{"id":11634,"date":"2018-07-11T16:11:32","date_gmt":"2018-07-11T16:11:32","guid":{"rendered":"https:\/\/www.somatechnology.com\/spanish\/?post_type=product&#038;p=11634"},"modified":"2023-08-23T06:29:30","modified_gmt":"2023-08-23T10:29:30","slug":"stryker-remb","status":"publish","type":"product","link":"https:\/\/www.somatechnology.com\/spanish\/equipo-medico-usado-remanufacturado\/instrumental-de-cirugia\/stryker-remb\/","title":{"rendered":"Stryker RemB"},"content":{"rendered":"<h2>Caracter\u00edsticas de Stryker RemB<\/h2>\n<p>El <strong>Stryker RemB<\/strong> es un sistema micro el\u00e9ctrico vers\u00e1til que combina el funcionamiento de confianza de la consola de la base de Stryker con los handpieces ligeros, especializados que permite que los cirujanos trabajen con eficacia con una mayor precisi\u00f3n y control. El RemB U driver cuenta con una pieza de mano de agarre de pistola y utiliza una variedad de accesorios para realizar diversos procedimientos ortop\u00e9dicos de hueso peque\u00f1o.<\/p>\n<ul>\n<li>Controlador universal con pieza de mano de empu\u00f1adura de pistola que utiliza la perforaci\u00f3n, escariado, fijaci\u00f3n y corte de los accesorios.<\/li>\n<li>Sierra oscilante con soporte para cuchillas sin herramientas.<\/li>\n<li>Sierra reciprocante con f\u00e1cil e intuitiva inserci\u00f3n\/extracci\u00f3n de cuchillas sin herramientas.<\/li>\n<li>La sierra sagital cuenta con una cabeza giratoria de indexaci\u00f3n para las posiciones m\u00e1ximas de la hoja y un montaje especial que facilita las hojas m\u00e1s grandes.<\/li>\n<\/ul>\n<p>&nbsp;<\/p>\n","protected":false},"excerpt":{"rendered":"<p>Instrumental de Cirugia<\/p>\n","protected":false},"featured_media":11635,"template":"","meta":{"_acf_changed":false,"_relevanssi_hide_post":"","_relevanssi_hide_content":"","_relevanssi_pin_for_all":"","_relevanssi_pin_keywords":"","_relevanssi_unpin_keywords":"","_relevanssi_related_keywords":"","_relevanssi_related_include_ids":"","_relevanssi_related_exclude_ids":"","_relevanssi_related_no_append":"","_relevanssi_related_not_related":"","_relevanssi_related_posts":"","_relevanssi_noindex_reason":"","inline_featured_image":false},"pwb-brand":[1079],"product_brand":[],"product_cat":[4530],"product_tag":[4532,4601,4600,178,4602,4599],"class_list":{"0":"post-11634","1":"product","2":"type-product","3":"status-publish","4":"has-post-thumbnail","6":"pwb-brand-equipo-medico-stryker","7":"product_cat-instrumental-de-cirugia","8":"product_tag-instrumental-de-cirugia","9":"product_tag-rem-b","10":"product_tag-remb","11":"product_tag-stryker","12":"product_tag-stryker-rem-b","13":"product_tag-stryker-remb","15":"first","16":"instock","17":"shipping-taxable","18":"purchasable","19":"product-type-simple"},"acf":[],"brands":[{"id":1079,"name":"Stryker","slug":"equipo-medico-stryker"}],"_links":{"self":[{"href":"https:\/\/www.somatechnology.com\/spanish\/wp-json\/wp\/v2\/product\/11634","targetHints":{"allow":["GET"]}}],"collection":[{"href":"https:\/\/www.somatechnology.com\/spanish\/wp-json\/wp\/v2\/product"}],"about":[{"href":"https:\/\/www.somatechnology.com\/spanish\/wp-json\/wp\/v2\/types\/product"}],"wp:featuredmedia":[{"embeddable":true,"href":"https:\/\/www.somatechnology.com\/spanish\/wp-json\/wp\/v2\/media\/11635"}],"wp:attachment":[{"href":"https:\/\/www.somatechnology.com\/spanish\/wp-json\/wp\/v2\/media?parent=11634"}],"wp:term":[{"taxonomy":"pwb-brand","embeddable":true,"href":"https:\/\/www.somatechnology.com\/spanish\/wp-json\/wp\/v2\/pwb-brand?post=11634"},{"taxonomy":"product_brand","embeddable":true,"href":"https:\/\/www.somatechnology.com\/spanish\/wp-json\/wp\/v2\/product_brand?post=11634"},{"taxonomy":"product_cat","embeddable":true,"href":"https:\/\/www.somatechnology.com\/spanish\/wp-json\/wp\/v2\/product_cat?post=11634"},{"taxonomy":"product_tag","embeddable":true,"href":"https:\/\/www.somatechnology.com\/spanish\/wp-json\/wp\/v2\/product_tag?post=11634"}],"curies":[{"name":"wp","href":"https:\/\/api.w.org\/{rel}","templated":true}]}}