{"id":11657,"date":"2018-07-12T15:06:51","date_gmt":"2018-07-12T15:06:51","guid":{"rendered":"https:\/\/www.somatechnology.com\/spanish\/?post_type=product&#038;p=11657"},"modified":"2023-08-23T06:29:35","modified_gmt":"2023-08-23T10:29:35","slug":"ge-oec-brivo-plus","status":"publish","type":"product","link":"https:\/\/www.somatechnology.com\/spanish\/equipo-medico-usado-remanufacturado\/imagenologia-radiologia\/arcos-en-c\/ge-oec-brivo-plus\/","title":{"rendered":"GE OEC Brivo Plus"},"content":{"rendered":"<h2>Caracter\u00edsticas de GE OEC Brivo Plus<\/h2>\n<p>El GE OEC Brivo Plus proporciona caracter\u00edsticas automatizadas que pueden mejorar su productividad y reducir la incertidumbre. El Brivo Plus ofrece resultados confiables f\u00e1ciles de usar durante cada fase de la cirug\u00eda, desde el arranque hasta la limpieza. El Brivo f\u00e1cilmente trae im\u00e1genes en foco agudo usando tecnolog\u00eda de punto-y-lanzamiento inteligente en la dosis razonablemente alcanzable m\u00e1s baja. Todas las caracter\u00edsticas automatizadas integradas significan menos de una curva de aprendizaje, menos retomas y menos necesidad de mover al paciente para obtener mejores resultados.<\/p>\n<ul>\n<li>C\u00e1mara completamente digital.<\/li>\n<li>Intensificador de imagen de alto rendimiento.<\/li>\n<li>procesamiento de im\u00e1genes de 16 bits.<\/li>\n<li>El colimador dual superior de la hoja, reduciendo la dispersi\u00f3n a una dosis m\u00e1s baja<\/li>\n<li>Gran posicionamiento y puntero l\u00e1ser opcional para la focalizaci\u00f3n.<\/li>\n<li>Interfaz de pantalla t\u00e1ctil.<\/li>\n<li>100, 00 capacidad de almacenamiento de im\u00e1genes.<\/li>\n<li>Teclado cubierto de membrana.<\/li>\n<li>Directorio de im\u00e1genes en miniatura.<\/li>\n<\/ul>\n<h2>Especificaciones de GE OEC Brivo Plus<\/h2>\n<h3>Especificaciones f\u00edsicas<\/h3>\n<h4>Mainframe<\/h4>\n<ul>\n<li>Altura del sistema: 67,1 \u2033 (170,5 cm)<\/li>\n<li>Anchura del sistema: 30,7 \u2033 (78 cm)<\/li>\n<li>Longitud del sistema: 70,3 \u2033 (179 cm)<\/li>\n<li>Peso: 573 lbs (260 kg)<\/li>\n<\/ul>\n<h4>Arco en C<\/h4>\n<ul>\n<li>SID: 39,4 \u2033 (100 cm)<\/li>\n<li>Espacio libre en arco: 30,7 \u2033 78 cm)<\/li>\n<li>Profundidad en arco: 26 \u2033 (66 cm)<\/li>\n<li>Rotaci\u00f3n orbital: 120 \u00b0 (90 \u00b0 subscan\/30 \u00b0 sobreexploraci\u00f3n)<\/li>\n<li>Rotaci\u00f3n lateral: 410 \u00b0 (+ 205 \u00b0\/-12,5 \u00b0)<\/li>\n<li>Altura lateral: 40,2 \u2033 (102 cm)<\/li>\n<li>Peluca\/menear: 20 \u00b0 (+ 12,5 \u00b0\/\u2013 12,5 \u00b0)<\/li>\n<li>Recorrido horizontal: 8 \u2033 (20 cm)<\/li>\n<li>Recorrido vertical: 17,5 \u2033 (44,5 cm)<\/li>\n<\/ul>\n<h4>Workstation<\/h4>\n<ul>\n<li>Altura: 65,7 \u2033 (167 cm)<\/li>\n<li>Anchura: 35,4 \u2033 (90 cm)<\/li>\n<li>Profundidad: 25 \u2033 (64 cm)<\/li>\n<li>Peso: 375 lbs (170 kg)<\/li>\n<li>Monitor giratorio \u00b1 90 \u00b0<\/li>\n<li>Movimiento de inclinaci\u00f3n del monitor: +7\u00b0 \/ -10\u00b0<\/li>\n<\/ul>\n<h3>Sistema X-ray<\/h3>\n<p><strong><em>Generador<\/em><\/strong><\/p>\n<ul>\n<li>40 kHz de alta frecuencia<\/li>\n<li>2.2 kW Monoblock<\/li>\n<li>Capacidad de calor de la cubierta: 900, 000HU<\/li>\n<li>Tarifa de enfriamiento de la cubierta: 12, 500HU\/min<\/li>\n<li>Hasta 110kVp<\/li>\n<li>Hasta 20mA para la exposici\u00f3n radiogr\u00e1fica de la pel\u00edcula<\/li>\n<li>Fluoro de alto nivel continuo (HLF) hasta 12ma<\/li>\n<li>Spot digital hasta 16mA<\/li>\n<\/ul>\n<p><strong><em>Tubo de radiograf\u00eda<\/em><\/strong><\/p>\n<ul>\n<li>Tubo de radiograf\u00eda del \u00e1nodo inm\u00f3vil\n<ul>\n<li>Punto focal dual: peque\u00f1o punto focal: 0.6 mm x 1.4 mm<\/li>\n<li>Punto focal grande: 1.4 mm x 1.4 mm<\/li>\n<\/ul>\n<\/li>\n<li>Conjunto de tubos de filtraci\u00f3n total 3.35 mm al<\/li>\n<li>Capacidad del calor del \u00e1nodo: 76, 000HU<\/li>\n<li>Tarifa de enfriamiento m\u00e1xima del \u00e1nodo: 37, 000HU\/min<\/li>\n<li>Indicador de capacidad de calor del tubo en pantalla<\/li>\n<\/ul>\n<p><strong><em>Pre-escucha colimador<\/em><\/strong><\/p>\n<ul>\n<li>Indicaci\u00f3n de posici\u00f3n del colimador en pantalla<\/li>\n<li>Pre-escucha iris colimator<\/li>\n<li>Pre-escucha tungsteno rotativo doble hoja colimador<\/li>\n<li>Ajusta colimadores sin exposici\u00f3n de Rayos X<\/li>\n<\/ul>\n<p><strong><em>Modo normal del fluoro<\/em><\/strong><\/p>\n<ul>\n<li>Gama de kVp: 40-110<\/li>\n<li>Gama del mA: 0,1-4<\/li>\n<li>Modos autos y manuales del fluoro<\/li>\n<\/ul>\n<p><strong><em>Modo bajo de la dosis fluoro<\/em><\/strong><\/p>\n<ul>\n<li>Gama de kVp: 40-110<\/li>\n<li>Gama del mA: 0,1-2<\/li>\n<li>Modos autos y manuales del fluoro<\/li>\n<\/ul>\n<h4>Modo de alto nivel del fluoro<\/h4>\n<ul>\n<li>Gama de kVp: 40-110<\/li>\n<li>Gama del mA: hasta 12<\/li>\n<li>Modos autos y manuales del fluoro<\/li>\n<\/ul>\n<h4>Modo de fluoro pulsado<\/h4>\n<ul>\n<li>Gama de kVp: 40-110<\/li>\n<li>Gama del mA: 0,1-4<\/li>\n<li>Frecuencia de pulso: 1, 2, 4, 8 PPS<\/li>\n<li>Modos autos y manuales del fluoro<\/li>\n<li>Puede reducir la dosis de radiograf\u00eda al paciente y al operador<\/li>\n<\/ul>\n<h4>Fluoro pulsado dosis baja<\/h4>\n<ul>\n<li>Gama de kVp: 40-110<\/li>\n<li>Gama del mA: 0,1-2<\/li>\n<li>Frecuencia de pulso: 1, 2, 4, 8 PPS<\/li>\n<li>Modos autos y manuales del fluoro<\/li>\n<\/ul>\n<p><strong><em>Fluoro pulsado de alto nivel<\/em><\/strong><\/p>\n<ul>\n<li>Gama de kVp: 40-110<\/li>\n<li>Gama del mA: hasta 12<\/li>\n<li>Frecuencia de pulso: 1, 2, 4, 8 PPS<\/li>\n<li>Modos autos y manuales del fluoro<\/li>\n<\/ul>\n<p><strong><em>Modo de spot digital<\/em><\/strong><\/p>\n<ul>\n<li>Gama de kVp: 40-110<\/li>\n<li>Hasta 10mA para el sistema 100-120V<\/li>\n<li>Terminaci\u00f3n autom\u00e1tica de la exposici\u00f3n y ahorro autom\u00e1tico de la imagen<\/li>\n<\/ul>\n<p><strong><em>Modo radiogr\u00e1fico<\/em><\/strong><\/p>\n<ul>\n<li>Gama del mA: 20 (10 para el sistema 100-120V)<\/li>\n<li>Gama de mas: hasta 80 (40 para el sistema 100-120V)<\/li>\n<li>Tiempo de exposici\u00f3n controlado por ordenador<\/li>\n<li>Soporte de cassette de pel\u00edcula: 10 \u00abx 12\u00bb (25.4 cm x 30.5 cm)<\/li>\n<\/ul>\n<p>Sistema de im\u00e1genes de v\u00eddeo<\/p>\n<p><strong><em>Caracter\u00edsticas de im\u00e1genes precisas<\/em><\/strong><\/p>\n<h5>AutoTrak<\/h5>\n<ul>\n<li>Busca autom\u00e1ticamente la anatom\u00eda del sujeto en cualquier parte del campo de im\u00e1genes y selecciona la t\u00e9cnica de imagen \u00f3ptima<\/li>\n<li>Ajusta autom\u00e1ticamente al tama\u00f1o y a la localizaci\u00f3n anat\u00f3micos<\/li>\n<li>Proporciona una calidad de imagen uniforme en toda la imagen<\/li>\n<li>Simplifica la operaci\u00f3n<\/li>\n<\/ul>\n<h5>Smart Window<\/h5>\n<ul>\n<li>Detecta din\u00e1micamente la posici\u00f3n del colimador y ajusta autom\u00e1ticamente el brillo y el contraste para producir alta calidad de imagen<\/li>\n<\/ul>\n<h5>Smart Metal<\/h5>\n<ul>\n<li>Detecta autom\u00e1ticamente el metal en el campo y optimiza la calidad de la imagen<\/li>\n<li>Permite al usuario ajustar el brillo autom\u00e1tico y los niveles de sensibilidad de contraste al metal<\/li>\n<li>Proporciona una calidad de imagen \u00f3ptima incluso cuando se introduce metal en el campo<\/li>\n<\/ul>\n<h4>Intensificaci\u00f3n de la imagen 9\u201d<\/h4>\n<ul>\n<li>Tri-Mode 9 \u00ab\/6&#8243;\/4.5 \u00ab(los 23cm\/15cm\/11cm) intensificador de la imagen, la resoluci\u00f3n central (valor t\u00edpico en el intensificador de la imagen):\n<ul>\n<li>9 \u00ab(23cm): 52 LP\/cm<\/li>\n<li>6 \u00ab(15cm): 58 LP\/cm<\/li>\n<li>4,5 \u00ab(el 11cm): 68 LP\/cm<\/li>\n<\/ul>\n<\/li>\n<\/ul>\n<ul>\n<li>Resoluci\u00f3n central m\u00ednima (en el monitor):<\/li>\n<\/ul>\n<ul>\n<li style=\"list-style-type: none;\">\n<ul>\n<li>9\u201d (23cm): 2.2 lp\/mm<\/li>\n<li>6\u201d (15cm): 3.0 lp\/mm<\/li>\n<li>4.5\u201d (11cm): 3.5 lp\/mm<\/li>\n<li>DQE: 65% (typical)<\/li>\n<\/ul>\n<\/li>\n<\/ul>\n<p><strong><em>Colimador del tungsteno<\/em><\/strong><\/p>\n<ul>\n<li>El colimador m\u00e1s denso limita el \u00e1rea de exposici\u00f3n de rayos X<\/li>\n<li>Reduce la radiaci\u00f3n de dispersi\u00f3n<\/li>\n<li>Mejora el detalle de la imagen<\/li>\n<\/ul>\n<p><strong><em>Rejilla de fibra de carbono<\/em><\/strong><\/p>\n<ul>\n<li>Rejilla de la anti-dispersi\u00f3n de 60L\/cm 10:1<\/li>\n<li>Reduce el efecto de dispersi\u00f3n de radiaci\u00f3n<\/li>\n<li>Mejora el detalle de la imagen<\/li>\n<\/ul>\n<h4>Camera de Video<\/h4>\n<ul>\n<li>C\u00e1mara CCD de alta resoluci\u00f3n 1K x 1K<\/li>\n<li>Interfaz digital completa<\/li>\n<li>Control de ganancia variable<\/li>\n<\/ul>\n<p><strong><em>Visualizaci\u00f3n de v\u00eddeo<\/em><\/strong><\/p>\n<ul>\n<li>Dual Medical 19 \u00ab(48) monocromo LCD con panel anti-reflejo<\/li>\n<\/ul>\n<ul>\n<li style=\"list-style-type: none;\">\n<ul>\n<li>Movimiento de la inclinaci\u00f3n: grado de 7 up\/10 grados abajo<\/li>\n<li>Movimiento del eslab\u00f3n giratorio: 180 grado<\/li>\n<li>\u00c1ngulo de visi\u00f3n: 170 grado horizontal y vertical<\/li>\n<\/ul>\n<\/li>\n<li>Brillo m\u00e1ximo: 1000 CD\/m2<\/li>\n<li>Contraste m\u00e1ximo: 900:1<\/li>\n<li>1280 x 1024 alta resoluci\u00f3n<\/li>\n<li>Interfaz de entrada visual digital (DVI) para monitores externos<\/li>\n<\/ul>\n<p>Procesamiento de im\u00e1genes<\/p>\n<h4>Procesamiento de im\u00e1genes<\/h4>\n<ul>\n<li>1K x 1K x 16 bits de procesamiento de im\u00e1genes<\/li>\n<li>Filtro recursivo din\u00e1mico con adaptaci\u00f3n al movimiento\n<ul>\n<li>Permite al usuario ajustar los niveles de filtrado de ruido para producir una alta calidad de imagen<\/li>\n<li>Proporciona una calidad de imagen \u00f3ptima incluso cuando se introduce movimiento en el campo<\/li>\n<li>Brillo digital autom\u00e1tico y control de contraste<\/li>\n<\/ul>\n<\/li>\n<li>Brillo digital manual y control de contraste<\/li>\n<li>Correcci\u00f3n auto-adaptativa de la no-uniformidad<\/li>\n<li>Mejora de borde de imagen<\/li>\n<li>Modo de negaci\u00f3n de imagen<\/li>\n<li>La imagen ahorra y auto-ahorra<\/li>\n<li>Intercambio de im\u00e1genes y auto-swap<\/li>\n<li>\u00daltimo asimiento de la imagen (LIH)<\/li>\n<li>Zoom de imagen y roaming<\/li>\n<li>Inversi\u00f3n de imagen izquierda-derecha<\/li>\n<li>Imagen de fondo superior invertido<\/li>\n<li>Rotaci\u00f3n de imagen digital\n<ul>\n<li>360-grado de rotaci\u00f3n en tiempo real para im\u00e1genes en vivo y est\u00e1tica<\/li>\n<li>Posicionamiento de im\u00e1genes sin exposici\u00f3n adicional<\/li>\n<\/ul>\n<\/li>\n<li>HIPAA SecureView\n<ul>\n<li>Protecci\u00f3n de contrase\u00f1as<\/li>\n<li>Funci\u00f3n de pantalla en blanco<\/li>\n<li>Eliminar todos<\/li>\n<\/ul>\n<\/li>\n<li>Software de medici\u00f3n\n<ul>\n<li>Medida de la distancia<\/li>\n<li>Medida del \u00e1ngulo<\/li>\n<li>Ayuda de la multi-unidad (Franc\u00e9s, mil\u00edmetro, pulgada)<\/li>\n<li>Calibraci\u00f3n de usuario<\/li>\n<\/ul>\n<\/li>\n<li>Anotaci\u00f3n de imagen\n<ul>\n<li>Flechas y marcadores<\/li>\n<li>Comentarios<\/li>\n<li>Cultivo<\/li>\n<\/ul>\n<\/li>\n<li>Almacenamiento de im\u00e1genes 100,000<\/li>\n<\/ul>\n<h4>Gesti\u00f3n de ex\u00e1menes<\/h4>\n<ul>\n<li>Informaci\u00f3n del paciente\n<ul>\n<li>Lista de ex\u00e1menes<\/li>\n<li>Informaci\u00f3n personalizada del paciente<\/li>\n<\/ul>\n<\/li>\n<li>Radiograf\u00eda DAP\/dosis display &amp; Summary<\/li>\n<li>Radiograf\u00eda DAP\/dosis Resumen exportaci\u00f3n e impresi\u00f3n<\/li>\n<li>Interfaz DICOM completo\n<ul>\n<li>Almacenamiento y compromiso<\/li>\n<li>Imprimir<\/li>\n<li>Lista de trabajo<\/li>\n<li>Informe estructurado de dosis de radiaci\u00f3n (RDSR)<\/li>\n<li>Consulta y recuperaci\u00f3n<\/li>\n<li>Mpps<\/li>\n<\/ul>\n<\/li>\n<\/ul>\n<ul>\n<li>Wireless DICOM<\/li>\n<\/ul>\n<p><strong><em>Plataforma de gesti\u00f3n de dosis brillante<\/em><\/strong><\/p>\n<ul>\n<li>Unidad magn\u00edfica de la proyecci\u00f3n de imagen con alta eficacia de la dosis\n<ul>\n<li>Intensificador de imagen de alta DQE (65%)<\/li>\n<li>rejilla de la fibra del carb\u00f3n de 60L\/cm 10:1<\/li>\n<li>Dise\u00f1o de hardware y software \u00fanico para obtener el equilibrio de la calidad de la dosis y la imagen<\/li>\n<li>Control de ganancia de c\u00e1mara din\u00e1mica para im\u00e1genes de dosis bajas<\/li>\n<li>Procesamiento completo de im\u00e1genes digitales<\/li>\n<\/ul>\n<\/li>\n<li>Posicionamiento en dosis\n<ul>\n<li>Apuntador del laser en el tubo y el intensificador de la imagen<\/li>\n<li>Pre-escucha colimador<\/li>\n<li>Rotaci\u00f3n en tiempo real para im\u00e1genes est\u00e1ticas<\/li>\n<\/ul>\n<\/li>\n<li>Proporcionar informaci\u00f3n de dosis en tiempo real\n<ul>\n<li>Tasa de dosis, dosis acumulativa, DAP<\/li>\n<li>Soporte multi-unit, (Gy, Rad)<\/li>\n<\/ul>\n<\/li>\n<li>Modo de imagen de dosis inferior para Pediatr\u00eda\n<ul>\n<li>Rejilla extra\u00edble (opcional)<\/li>\n<li>Filtro adicional (opcional)<\/li>\n<li>Modo de dosis baja<\/li>\n<li>Modo de imagen pulsada<\/li>\n<\/ul>\n<\/li>\n<li>Resumen de dosis de datos de salida y archiving<\/li>\n<li>Resumen de dosis exportaci\u00f3n e impresi\u00f3n<\/li>\n<li>Transferencia de informaci\u00f3n de dosis v\u00eda DICOM (RDSR)<\/li>\n<\/ul>\n<p>Caracter\u00edsticas adicionales<\/p>\n<h4>Otras opciones de almacenamiento de im\u00e1genes<\/h4>\n<ul>\n<li>Escritor de CD\/DVD (opcional)<\/li>\n<li>Puerto de memoria USB Stick<\/li>\n<li>Almacenamiento DICOM integrado<\/li>\n<\/ul>\n<h4>Opciones de copia impresa<\/h4>\n<ul>\n<li>Impresora integrada de la pel\u00edcula\/de papel (opcional)\n<ul>\n<li>No requiere desarrollo de pel\u00edculas<\/li>\n<\/ul>\n<\/li>\n<li>Soporte para impresoras DICOM\n<ul>\n<li>Multi-formato, 1, 2, 4 en 1<\/li>\n<li>Capacidad de la multi-copia<\/li>\n<\/ul>\n<\/li>\n<li>Portacassettes de pel\u00edcula radiogr\u00e1fica (opcional)<\/li>\n<\/ul>\n<h4>Kit de aplicaci\u00f3n pedi\u00e1trica<\/h4>\n<ul>\n<li>Rejilla extra\u00edble (opcional)<\/li>\n<li>Filtro adicional (opcional)<\/li>\n<\/ul>\n<h4>Potencia ininterrumpida integrada<\/h4>\n<ul>\n<li>Protecci\u00f3n de datos de imagen del paciente<\/li>\n<li>Cierre ordenado<\/li>\n<\/ul>\n<h4>El\u00e9ctrico<\/h4>\n<ul>\n<li>Energ\u00eda de entrada (60 hertzios o 50 Hz)\n<ul>\n<li>100V\/110V\/120V @ 20A<\/li>\n<li>200V @ 12A<\/li>\n<li>220V\/230V\/240V @ 10A<\/li>\n<\/ul>\n<\/li>\n<\/ul>\n<h4>Rango de operaci\u00f3n<\/h4>\n<ul>\n<li>Temperatura: 10 \u00b0 a 40 \u00b0 c<\/li>\n<li>Humedad: 20%-80% sin condensaci\u00f3n<\/li>\n<\/ul>\n<p>&nbsp;<\/p>\n<p>&nbsp;<\/p>\n","protected":false},"excerpt":{"rendered":"<p>Arcos en C<\/p>\n","protected":false},"featured_media":11658,"template":"","meta":{"_acf_changed":false,"_relevanssi_hide_post":"","_relevanssi_hide_content":"","_relevanssi_pin_for_all":"","_relevanssi_pin_keywords":"","_relevanssi_unpin_keywords":"","_relevanssi_related_keywords":"","_relevanssi_related_include_ids":"","_relevanssi_related_exclude_ids":"","_relevanssi_related_no_append":"","_relevanssi_related_not_related":"","_relevanssi_related_posts":"","_relevanssi_noindex_reason":"","inline_featured_image":false},"pwb-brand":[1100],"product_brand":[],"product_cat":[66],"product_tag":[4008,4523,4622,4627,224,650,4623,4624,649,4625,4626,1473],"class_list":{"0":"post-11657","1":"product","2":"type-product","3":"status-publish","4":"has-post-thumbnail","6":"pwb-brand-equipo-medico-ge","7":"product_cat-arcos-en-c","8":"product_tag-arcos-en-c","9":"product_tag-arcos-en-c-ge","10":"product_tag-brivo","11":"product_tag-brivo-plus","12":"product_tag-ge","13":"product_tag-ge-oec","14":"product_tag-ge-oec-brivo","15":"product_tag-ge-oec-brivo-plus","16":"product_tag-oec","17":"product_tag-oec-brivo","18":"product_tag-oec-brivo-plus","19":"product_tag-plus","21":"first","22":"instock","23":"shipping-taxable","24":"purchasable","25":"product-type-simple"},"acf":[],"brands":[{"id":1100,"name":"GE","slug":"equipo-medico-ge"}],"_links":{"self":[{"href":"https:\/\/www.somatechnology.com\/spanish\/wp-json\/wp\/v2\/product\/11657","targetHints":{"allow":["GET"]}}],"collection":[{"href":"https:\/\/www.somatechnology.com\/spanish\/wp-json\/wp\/v2\/product"}],"about":[{"href":"https:\/\/www.somatechnology.com\/spanish\/wp-json\/wp\/v2\/types\/product"}],"wp:featuredmedia":[{"embeddable":true,"href":"https:\/\/www.somatechnology.com\/spanish\/wp-json\/wp\/v2\/media\/11658"}],"wp:attachment":[{"href":"https:\/\/www.somatechnology.com\/spanish\/wp-json\/wp\/v2\/media?parent=11657"}],"wp:term":[{"taxonomy":"pwb-brand","embeddable":true,"href":"https:\/\/www.somatechnology.com\/spanish\/wp-json\/wp\/v2\/pwb-brand?post=11657"},{"taxonomy":"product_brand","embeddable":true,"href":"https:\/\/www.somatechnology.com\/spanish\/wp-json\/wp\/v2\/product_brand?post=11657"},{"taxonomy":"product_cat","embeddable":true,"href":"https:\/\/www.somatechnology.com\/spanish\/wp-json\/wp\/v2\/product_cat?post=11657"},{"taxonomy":"product_tag","embeddable":true,"href":"https:\/\/www.somatechnology.com\/spanish\/wp-json\/wp\/v2\/product_tag?post=11657"}],"curies":[{"name":"wp","href":"https:\/\/api.w.org\/{rel}","templated":true}]}}