{"id":11671,"date":"2018-07-16T18:56:51","date_gmt":"2018-07-16T18:56:51","guid":{"rendered":"https:\/\/www.somatechnology.com\/spanish\/?post_type=product&#038;p=11671"},"modified":"2023-08-23T06:29:36","modified_gmt":"2023-08-23T10:29:36","slug":"ge-oec-elite-9","status":"publish","type":"product","link":"https:\/\/www.somatechnology.com\/spanish\/equipo-medico-usado-remanufacturado\/imagenologia-radiologia\/arcos-en-c\/ge-oec-elite-9\/","title":{"rendered":"GE OEC Elite 9&#8243; I.I."},"content":{"rendered":"<h2>Caracter\u00edsticas del intensificador de imagen GE OEC Elite \u2013 9\u2033<\/h2>\n<p>El Intesificador de Imagen <strong>GE OEC Elite de 9<\/strong> \u00abfue dise\u00f1ada para realzar eficacia quir\u00fargica mientras que entrega calidad magn\u00edfica de la imagen. OEC Elite le permite administrar dosificaciones con perfiles y caracter\u00edsticas de control y funciona con una mayor facilidad de uso y eficiencia. Este sistema se adapta idealmente para una gama de necesidades quir\u00fargicas incluyendo ortopedia, gastrointestinal, endosc\u00f3pico, urol\u00f3gico, neurol\u00f3gico, cuidado cr\u00edtico, y procedimientos de la emergencia.<\/p>\n<ul>\n<li>Borrar 1K X1K x 16 bits de procesamiento de im\u00e1genes a 30 fps.<\/li>\n<li>detector de intensificador de imagen de 9 pulgadas.<\/li>\n<li>Puntero l\u00e1ser opcional para colocar el detector sobre la anatom\u00eda de inter\u00e9s.<\/li>\n<li>Rejilla desprendible de la anti-dispersi\u00f3n.<\/li>\n<li>30% menos de fuerza necesaria para maniobrar y posicionar que los modelos anteriores.<\/li>\n<li>Tecnolog\u00eda de enfriamiento avanzada.<\/li>\n<li>Tubo de rayos X de perfil bajo.<\/li>\n<li>N\u00edtidas de alto brillo anti-reflejo de 27 \u00abpantalla t\u00e1ctil.<\/li>\n<\/ul>\n<h2>Especificaciones del intensificador de imagen GE OEC Elite \u2013 9 \u2033<\/h2>\n<h3>Especificaciones f\u00edsicas<\/h3>\n<h4>Mainframe<\/h4>\n<ul>\n<li>Altura del sistema: 69,7 \u00ab(177 cm)<\/li>\n<li>Anchura del sistema: 33,5 \u00ab(85,1 cm)<\/li>\n<li>Longitud del sistema: 77,8 \u00ab(197,6 cm)<\/li>\n<li>Peso: 610 lbs. (277 kg)<\/li>\n<\/ul>\n<h4>Arco en C<\/h4>\n<ul>\n<li>SID: 39,4 \u00ab(100,1 cm)<\/li>\n<li>Espacio libre del arco: 31 \u00ab(78,7 cm)<\/li>\n<li>Profundidad del arco: 26 \u00ab(66 cm)<\/li>\n<li>Rotaci\u00f3n orbital: 115 \u00b0 (90 \u00b0 subscan\/25 \u00b0 sobreexploraci\u00f3n)<\/li>\n<li>Rotaci\u00f3n lateral: 360 \u00b0 (+ 180 \u00b0\/-180 \u00b0)<\/li>\n<li>Peluca\/menean: 20 \u00b0<\/li>\n<li>Recorrido horizontal: 8 \u00ab(20,3 cm)<\/li>\n<li>Recorrido vertical: 18\u201d (45.7 cm)<\/li>\n<\/ul>\n<h4>Workstation<\/h4>\n<ul>\n<li>Altura: 67,5 \u00ab(171,5 cm)<\/li>\n<li>Anchura: 34,1 \u00ab(86,7 cm)<\/li>\n<li>Profundidad: 25,8 \u00ab(65,5 cm)<\/li>\n<li>Peso: 428 lbs (194 kg)<\/li>\n<\/ul>\n<h3>Adquisici\u00f3n de im\u00e1genes<\/h3>\n<h4>Intensificaci\u00f3n de la imagen 9-pulgada<\/h4>\n<ul>\n<li>Intensificador de imagen Tri-Mode 9 \u00ab\/6&#8243;\/4.5 \u00ab<\/li>\n<li>Resoluci\u00f3n central m\u00ednima (en el monitor): 9 \u00ab: 2,2 LP\/mm<\/li>\n<li>6 \u00ab: 3,0 LP\/mm<\/li>\n<li>4,5 \u00ab: 3,5 LP\/mm<\/li>\n<li>DQE: 65% (t\u00edpico)<\/li>\n<li>Rejilla extra\u00edble<\/li>\n<\/ul>\n<p><em>Procesamiento de im\u00e1genes<\/em><\/p>\n<ul>\n<li>1 k x 1 k x 16 bit: image intensifier<\/li>\n<\/ul>\n<h4>Generator<\/h4>\n<ul>\n<li>60 kHz de alta frecuencia<\/li>\n<li>15 kW de potencia<\/li>\n<li>Hasta 120 kVp<\/li>\n<li>Fluoroscopia continua de alto nivel (HLF) hasta 20 mA<\/li>\n<li>HLF pulsado hasta 40 mA<\/li>\n<li>Spot digital hasta 75 MA<\/li>\n<li>Energ\u00eda completa de un enchufe est\u00e1ndar de la pared<\/li>\n<li>Dise\u00f1o de b\u00fafer de bater\u00eda patentado<\/li>\n<\/ul>\n<h4>X-ray Tube<\/h4>\n<ul>\n<li>Tubo de radiograf\u00eda del \u00e1nodo giratorio<\/li>\n<li>puntos focales nominales de 0,3 mm y 0,6 mm<\/li>\n<li>Capacidad del calor del \u00e1nodo: 300.000 Hu<\/li>\n<li>Tarifa de enfriamiento del \u00e1nodo: 85.000 HU\/min<\/li>\n<li>Capacidad de calor de la cubierta: 1,6 millones HU\/min<\/li>\n<li>Tarifa de enfriamiento de la cubierta: 21 cm CFD \u2013 22.500 HU\/min<\/li>\n<li>31 cm CFD \u2013 31.000 HU\/min<\/li>\n<li>9 \u00abI.I. \u2013 22.500 HU\/min<\/li>\n<li>12 \u00abI.I. \u2013 22.500 HU\/min<\/li>\n<\/ul>\n<h4>Orientaci\u00f3n de imagen digital<\/h4>\n<ul>\n<li>Ajusta digitalmente la visualizaci\u00f3n de imagen para el asimiento de la imagen viva y pasada<\/li>\n<li>La actualizaci\u00f3n autom\u00e1tica de la imagen preserva la configuraci\u00f3n de la orientaci\u00f3n de la imagen aplicada durante la imagen en vivo y \u00faltima para la rotaci\u00f3n de im\u00e1genes sucesivas<\/li>\n<li>Live y Last Image HOLD rotado en tiempo real<\/li>\n<li>Visualizaci\u00f3n en pantalla de grados de rotaci\u00f3n<\/li>\n<li>Inversi\u00f3n de imagen (de izquierda a derecha)<\/li>\n<li>Imagen invertida (de arriba a abajo)<\/li>\n<li>Indicador de orientaci\u00f3n en pantalla (retroalimentaci\u00f3n en tiempo real sin fluoroscopia)<\/li>\n<\/ul>\n<h4>PreView Collimator<\/h4>\n<ul>\n<li>Indicaci\u00f3n de posici\u00f3n del colimador en pantalla<\/li>\n<li>Pre-escucha iris colimator<\/li>\n<li>Pre-escucha tungsteno rotativo doble hoja colimador<\/li>\n<li>Ajustar colimadores sin exposici\u00f3n a rayos X<\/li>\n<\/ul>\n<h4>Fluoroscopy Mode<\/h4>\n<ul>\n<li>Gama de kVp: 40-120<\/li>\n<li>Rango de MA: 0,2 \u2013 10 modo normal 0,2 \u2013 20 HLF<\/li>\n<li>Modos autom\u00e1ticos y manuales de fluoroscopia<\/li>\n<\/ul>\n<h4>Pulsed Fluoroscopy Mode<\/h4>\n<ul>\n<li>gama de kVp: 40-120<\/li>\n<li>gama del mA: 0,2 \u2013 10 modo normal 0,2 \u2013 40 HLF<\/li>\n<li>Tarifa del pulso: 8 PPS<\/li>\n<li>Anchura de pulso: 25 ms<\/li>\n<li>Modos de fluoroscopia pulsados autom\u00e1ticos y manuales<\/li>\n<li>Reduce la dosis de rayos X al paciente y al operador<\/li>\n<\/ul>\n<h4>Digital Spot Mode<\/h4>\n<ul>\n<li>gama de kVp: 40-120<\/li>\n<li>gama del mA: hasta 75<\/li>\n<li>Terminaci\u00f3n autom\u00e1tica de la exposici\u00f3n y ahorro autom\u00e1tico de la imagen<\/li>\n<\/ul>\n<h4>TechView Monitor<\/h4>\n<p><strong>*<\/strong> <strong>Opcional en los modos intensificador de imagen<\/strong><\/p>\n<ul>\n<li>4\u201d (26.4cm) exhibici\u00f3n, monitor del panel plano del LCD montado en la computadora central<\/li>\n<\/ul>\n<ul>\n<li>270 \u00b0 lado\/rotaci\u00f3n lateral<\/li>\n<li>inclinaci\u00f3n de 30 \u00b0 up\/5 \u00b0 Down<\/li>\n<li>\u00c1ngulo de visi\u00f3n horizontal 80 \u00b0, \u00e1ngulo de visi\u00f3n vertical 70 \u00b0<\/li>\n<li>800 x 600 monitor de resoluci\u00f3n<\/li>\n<\/ul>\n<h3>Procesamiento de im\u00e1genes<\/h3>\n<h4>AutoTrak<\/h4>\n<ul>\n<li>Busca autom\u00e1ticamente el tema anatom\u00eda en cualquier lugar dentro del campo de imagen<\/li>\n<li>Selecciona la t\u00e9cnica \u00f3ptima de la proyecci\u00f3n de imagen variando MA, kVp, y la ganancia<\/li>\n<li>Ajusta autom\u00e1ticamente al tama\u00f1o y a la localizaci\u00f3n anat\u00f3micos<\/li>\n<li>Proporciona una calidad de imagen uniforme en toda la imagen<\/li>\n<\/ul>\n<h4>Image I.Q.<\/h4>\n<ul>\n<li>Smart Window \u2013 detecta din\u00e1micamente la posici\u00f3n del colimador y ajusta autom\u00e1ticamente el brillo y el contraste de la imagen<\/li>\n<li>Smart metal \u2013 ajusta el brillo y el contraste de forma autom\u00e1tica y permite al usuario ajustar los niveles de sensibilidad para una calidad \u00f3ptima de la imagen incluso cuando el metal se introduce en el campo<\/li>\n<li>El colimador del tungsteno-el colimador m\u00e1s denso limita \u00e1rea de la exposici\u00f3n de la radiograf\u00eda, reduce la radiaci\u00f3n de la dispersi\u00f3n, y mejora detalle de la imagen<\/li>\n<\/ul>\n<h3>Workstation<\/h3>\n<h4>Conectividad<\/h4>\n<ul>\n<li>Ethernet cableada<\/li>\n<li>Transferencia de datos USB<\/li>\n<li>Salida DVI-I<\/li>\n<li>Impresora integrada de la pel\u00edcula\/de papel (opcional) *<\/li>\n<li>Impresoras termicas<\/li>\n<\/ul>\n<p><em>Monitor de v\u00eddeo<\/em><\/p>\n<ul>\n<li>Pantalla a color TFT LCD de 27 pulgadas (69 cm)<\/li>\n<li>Anti-reflejo<\/li>\n<li>450 cd\/m2 m\u00e1ximo brillo<\/li>\n<li>Control de sistema de la pantalla t\u00e1ctil<\/li>\n<li>2560 x 1440 pantalla de alta resoluci\u00f3n<\/li>\n<li>Ventana de PIP integrada para mostrar el color<\/li>\n<li>Entrada DVI-D<\/li>\n<\/ul>\n<p><em>Interfaz de usuario<\/em><\/p>\n<ul>\n<li>El control de pantalla t\u00e1ctil simplifica la operaci\u00f3n<\/li>\n<li>La operaci\u00f3n automatizada del sistema requiere la interfaz m\u00ednima del operador<\/li>\n<li>Controles de m\u00faltiples funciones con un pedal o control de mano<\/li>\n<li>Teclado f\u00edsico con touchpad integrado con un dise\u00f1o de silicona sellada para uso sin polvo, libre de contaminantes y resistente al agua<\/li>\n<li>Teclado de control de imagen f\u00edsica<\/li>\n<li>Teclado virtual en pantalla y teclado de control de imagen<\/li>\n<li>Directorio de im\u00e1genes de m\u00faltiples prop\u00f3sitos para recuperar y revisar imagenes, copiar imagen (s) o im\u00e1genes de eliminaci\u00f3n manual<\/li>\n<li>Interfaz DICOM integrado<\/li>\n<li>Informe estructurado de dosis de radiaci\u00f3n (RDSR)<\/li>\n<li>Resumen de dosis de rayos X<\/li>\n<li>Interfaz de indicador de habitaci\u00f3n en uso<\/li>\n<li>SmartConnect permite que la estaci\u00f3n de trabajo funcione independientemente del c-brazo y conecte\/desconecte el c-brazo cuando est\u00e1 necesitado<\/li>\n<\/ul>\n<p>&nbsp;<\/p>\n","protected":false},"excerpt":{"rendered":"<p>Arcos en C<\/p>\n","protected":false},"featured_media":11673,"template":"","meta":{"_acf_changed":false,"_relevanssi_hide_post":"","_relevanssi_hide_content":"","_relevanssi_pin_for_all":"","_relevanssi_pin_keywords":"","_relevanssi_unpin_keywords":"","_relevanssi_related_keywords":"","_relevanssi_related_include_ids":"","_relevanssi_related_exclude_ids":"","_relevanssi_related_no_append":"","_relevanssi_related_not_related":"","_relevanssi_related_posts":"","_relevanssi_noindex_reason":"","inline_featured_image":false},"pwb-brand":[1100],"product_brand":[],"product_cat":[66],"product_tag":[2335,4634,4008,4523,224,650,655,4635],"class_list":{"0":"post-11671","1":"product","2":"type-product","3":"status-publish","4":"has-post-thumbnail","6":"pwb-brand-equipo-medico-ge","7":"product_cat-arcos-en-c","8":"product_tag-2335","9":"product_tag-9-inch","10":"product_tag-arcos-en-c","11":"product_tag-arcos-en-c-ge","12":"product_tag-ge","13":"product_tag-ge-oec","14":"product_tag-ge-oec-elite","15":"product_tag-oec-elite","17":"first","18":"instock","19":"shipping-taxable","20":"purchasable","21":"product-type-simple"},"acf":[],"brands":[{"id":1100,"name":"GE","slug":"equipo-medico-ge"}],"_links":{"self":[{"href":"https:\/\/www.somatechnology.com\/spanish\/wp-json\/wp\/v2\/product\/11671","targetHints":{"allow":["GET"]}}],"collection":[{"href":"https:\/\/www.somatechnology.com\/spanish\/wp-json\/wp\/v2\/product"}],"about":[{"href":"https:\/\/www.somatechnology.com\/spanish\/wp-json\/wp\/v2\/types\/product"}],"wp:featuredmedia":[{"embeddable":true,"href":"https:\/\/www.somatechnology.com\/spanish\/wp-json\/wp\/v2\/media\/11673"}],"wp:attachment":[{"href":"https:\/\/www.somatechnology.com\/spanish\/wp-json\/wp\/v2\/media?parent=11671"}],"wp:term":[{"taxonomy":"pwb-brand","embeddable":true,"href":"https:\/\/www.somatechnology.com\/spanish\/wp-json\/wp\/v2\/pwb-brand?post=11671"},{"taxonomy":"product_brand","embeddable":true,"href":"https:\/\/www.somatechnology.com\/spanish\/wp-json\/wp\/v2\/product_brand?post=11671"},{"taxonomy":"product_cat","embeddable":true,"href":"https:\/\/www.somatechnology.com\/spanish\/wp-json\/wp\/v2\/product_cat?post=11671"},{"taxonomy":"product_tag","embeddable":true,"href":"https:\/\/www.somatechnology.com\/spanish\/wp-json\/wp\/v2\/product_tag?post=11671"}],"curies":[{"name":"wp","href":"https:\/\/api.w.org\/{rel}","templated":true}]}}