{"id":11672,"date":"2018-07-17T14:17:02","date_gmt":"2018-07-17T14:17:02","guid":{"rendered":"https:\/\/www.somatechnology.com\/spanish\/?post_type=product&#038;p=11672"},"modified":"2025-06-24T10:52:33","modified_gmt":"2025-06-24T14:52:33","slug":"sistema-de-resucitacion-infantil-ge-giraffe","status":"publish","type":"product","link":"https:\/\/www.somatechnology.com\/spanish\/equipo-medico-usado-remanufacturado\/ventiladores\/sistema-de-resucitacion-infantil-ge-giraffe\/","title":{"rendered":"Sistema de resucitaci\u00f3n infantil GE Giraffe"},"content":{"rendered":"<h2>Caracter\u00edsticas del sistema de resucitaci\u00f3n infantil Giraffe Stand-alone<\/h2>\n<p>El sistema de resucitaci\u00f3n <strong>infantil Giraffe<\/strong> (stand-alone) le proporciona acceso a los equipos cr\u00edticos que usted necesita para la resucitaci\u00f3n segura y efectiva de los reci\u00e9n nacidos en su cuidado. Y es tan portable que usted puede configurarlo donde quiera usted lo necesita, del trabajo y de la entrega a neonatal a un cuarto de ni\u00f1os del beb\u00e9. Este sistema combina todas las capacidades esenciales en una sola unidad compacta, lo que lo hace dise\u00f1ado para entregas de alto riesgo, transporte y cuidados de cabecera.<\/p>\n<ul>\n<li>Configuraciones de resucitaci\u00f3n de piezas en T y en bolsas y m\u00e1scaras<\/li>\n<li>Manejo eficaz de las v\u00edas respiratorias, con aspiraci\u00f3n totalmente integrada<\/li>\n<li>Control de la presi\u00f3n positiva durante la ventilaci\u00f3n<\/li>\n<li>Entrega mezclada del gas del aire\/O2 para cubrir las necesidades cl\u00ednicas a trav\u00e9s del per\u00edodo de la estabilizaci\u00f3n<\/li>\n<li>La preparaci\u00f3n\/conveniencia acepta las entradas de gas de la pared y del tanque<\/li>\n<li>V\u00e1lvula de prioridad conserva los tanques para que est\u00e9n disponibles para el transporte<\/li>\n<\/ul>\n<p>&nbsp;<\/p>\n","protected":false},"excerpt":{"rendered":"<p>El sistema de resucitaci\u00f3n infantil Giraffe (stand-alone) le proporciona acceso a los equipos cr\u00edticos que usted necesita para la resucitaci\u00f3n segura y efectiva de los reci\u00e9n nacidos en su cuidado. Y es tan portable que usted puede configurarlo donde quiera usted lo necesita, del trabajo y de la entrega a neonatal a un cuarto de ni\u00f1os del beb\u00e9. Este sistema combina todas las capacidades esenciales en una sola unidad compacta, lo que lo hace dise\u00f1ado para entregas de alto riesgo, transporte y cuidados de cabecera.<\/p>\n","protected":false},"featured_media":11678,"template":"","meta":{"_acf_changed":false,"_relevanssi_hide_post":"","_relevanssi_hide_content":"","_relevanssi_pin_for_all":"","_relevanssi_pin_keywords":"","_relevanssi_unpin_keywords":"","_relevanssi_related_keywords":"","_relevanssi_related_include_ids":"","_relevanssi_related_exclude_ids":"","_relevanssi_related_no_append":"","_relevanssi_related_not_related":"","_relevanssi_related_posts":"","_relevanssi_noindex_reason":"","inline_featured_image":false},"pwb-brand":[1100],"product_brand":[],"product_cat":[51],"product_tag":[4640,4637,1671,4638,4639,4641,4642,1028,4636],"class_list":{"0":"post-11672","1":"product","2":"type-product","3":"status-publish","4":"has-post-thumbnail","6":"pwb-brand-equipo-medico-ge","7":"product_cat-ventiladores","8":"product_tag-ge-giraffe-stand-alone-sistema-de-reanimacion-infantil","9":"product_tag-ge-giraffe-stand-alone-ventiladores","10":"product_tag-ge-ventiladores","11":"product_tag-sistema-de-reanimacion-infantil","12":"product_tag-sistema-de-reanimacion-infantil-ge","13":"product_tag-sistema-de-reanimacion-infantil-ventiladores","14":"product_tag-sistema-de-reanimacion-infantil-ventiladores-ge","15":"product_tag-ventiladores","16":"product_tag-ventiladores-ge","18":"first","19":"instock","20":"shipping-taxable","21":"purchasable","22":"product-type-simple"},"acf":[],"brands":[{"id":1100,"name":"GE","slug":"equipo-medico-ge"}],"_links":{"self":[{"href":"https:\/\/www.somatechnology.com\/spanish\/wp-json\/wp\/v2\/product\/11672","targetHints":{"allow":["GET"]}}],"collection":[{"href":"https:\/\/www.somatechnology.com\/spanish\/wp-json\/wp\/v2\/product"}],"about":[{"href":"https:\/\/www.somatechnology.com\/spanish\/wp-json\/wp\/v2\/types\/product"}],"wp:featuredmedia":[{"embeddable":true,"href":"https:\/\/www.somatechnology.com\/spanish\/wp-json\/wp\/v2\/media\/11678"}],"wp:attachment":[{"href":"https:\/\/www.somatechnology.com\/spanish\/wp-json\/wp\/v2\/media?parent=11672"}],"wp:term":[{"taxonomy":"pwb-brand","embeddable":true,"href":"https:\/\/www.somatechnology.com\/spanish\/wp-json\/wp\/v2\/pwb-brand?post=11672"},{"taxonomy":"product_brand","embeddable":true,"href":"https:\/\/www.somatechnology.com\/spanish\/wp-json\/wp\/v2\/product_brand?post=11672"},{"taxonomy":"product_cat","embeddable":true,"href":"https:\/\/www.somatechnology.com\/spanish\/wp-json\/wp\/v2\/product_cat?post=11672"},{"taxonomy":"product_tag","embeddable":true,"href":"https:\/\/www.somatechnology.com\/spanish\/wp-json\/wp\/v2\/product_tag?post=11672"}],"curies":[{"name":"wp","href":"https:\/\/api.w.org\/{rel}","templated":true}]}}