{"id":11733,"date":"2018-07-19T16:20:51","date_gmt":"2018-07-19T16:20:51","guid":{"rendered":"https:\/\/www.somatechnology.com\/spanish\/?post_type=product&#038;p=11733"},"modified":"2025-09-23T10:04:57","modified_gmt":"2025-09-23T14:04:57","slug":"ziehm-vision2-fd","status":"publish","type":"product","link":"https:\/\/www.somatechnology.com\/spanish\/equipo-medico-usado-remanufacturado\/imagenologia-radiologia\/arcos-en-c\/ziehm-vision2-fd\/","title":{"rendered":"Ziehm Vision\u00b2 FD"},"content":{"rendered":"<h2>Caraster\u00edsticas Ziehm Vision\u00b2 FD<\/h2>\n<p><strong>Ziehm Vision \u00b2 FD<\/strong> ofrece im\u00e1genes de alta calidad con exposici\u00f3n a dosis bajas en una huella de s\u00f3lo 0,8 m \u00b2. Cuenta con un compacto Arco en C y monitor Cart con una interfaz de usuario intuitiva pantalla t\u00e1ctil, as\u00ed como 2 19 \u00abmonitores de pantalla plana. Tiene una c\u00e1mara CCD de alta resoluci\u00f3n que detecta m\u00e1s de 4.000 sombras de gris. El sistema \u00fanico de refrigeraci\u00f3n l\u00edquida del generador Monoblock (enfriamiento activo avanzado) est\u00e1 especialmente dise\u00f1ado para uso extendido en quir\u00f3fanos, lo que hace que el Ziehm Vision \u00b2 sea ideal para una amplia gama de aplicaciones cl\u00ednicas como cirug\u00eda general, Ortopedia y Traumatolog\u00eda.<\/p>\n<ul>\n<li>Los monitores de 18 \u00abTFT proporcionan la imagen brillante, de alto contraste con un \u00e1ngulo de visi\u00f3n amplio.<\/li>\n<li>Flujo de trabajo intuitivo con pantallas t\u00e1ctiles TFT sincronizadas en el Arci en\u00a0 C y el carro del monitor.<\/li>\n<li>Alta resoluci\u00f3n gracias a una c\u00e1mara CCD din\u00e1mica con tecnolog\u00eda 1 k \u00d7 1 k.<\/li>\n<li>F\u00e1cil integraci\u00f3n en redes existentes (con opci\u00f3n WLAN).<\/li>\n<li>Enfriamiento activo para un rendimiento continuo durante largos y exigentes procedimientos.<\/li>\n<li>Arco en C contra-balanceado para la colocaci\u00f3n simplificada.<\/li>\n<\/ul>\n<p>&nbsp;<\/p>\n","protected":false},"excerpt":{"rendered":"<p>Ziehm Vision \u00b2 FD ofrece im\u00e1genes de alta calidad con exposici\u00f3n a dosis bajas en una huella de s\u00f3lo 0,8 m \u00b2. Cuenta con un compacto Arco en C y monitor Cart con una interfaz de usuario intuitiva pantalla t\u00e1ctil, as\u00ed como 2 19 \u00abmonitores de pantalla plana. Tiene una c\u00e1mara CCD de alta resoluci\u00f3n que detecta m\u00e1s de 4.000 sombras de gris.<\/p>\n","protected":false},"featured_media":11734,"template":"","meta":{"_acf_changed":false,"_relevanssi_hide_post":"","_relevanssi_hide_content":"","_relevanssi_pin_for_all":"","_relevanssi_pin_keywords":"","_relevanssi_unpin_keywords":"","_relevanssi_related_keywords":"","_relevanssi_related_include_ids":"","_relevanssi_related_exclude_ids":"","_relevanssi_related_no_append":"","_relevanssi_related_not_related":"","_relevanssi_related_posts":"","_relevanssi_noindex_reason":"","inline_featured_image":false},"pwb-brand":[6002],"product_brand":[],"product_cat":[66],"product_tag":[4008,4679,4678,4698,4695,4697,4696],"class_list":{"0":"post-11733","1":"product","2":"type-product","3":"status-publish","4":"has-post-thumbnail","6":"pwb-brand-equipo-medico-ziehm-imaging","7":"product_cat-arcos-en-c","8":"product_tag-arcos-en-c","9":"product_tag-arcos-en-c-ziehm","10":"product_tag-ziehm-arcos-en-c","11":"product_tag-ziehm-vision-2-fd-arcos-en-c","12":"product_tag-ziehm-vision-arcos-en-c","13":"product_tag-ziehm-vision2-fd","14":"product_tag-ziem-vision-2","16":"first","17":"instock","18":"shipping-taxable","19":"purchasable","20":"product-type-simple"},"acf":[],"brands":[{"id":6002,"name":"Ziehm Imaging","slug":"equipo-medico-ziehm-imaging"}],"_links":{"self":[{"href":"https:\/\/www.somatechnology.com\/spanish\/wp-json\/wp\/v2\/product\/11733","targetHints":{"allow":["GET"]}}],"collection":[{"href":"https:\/\/www.somatechnology.com\/spanish\/wp-json\/wp\/v2\/product"}],"about":[{"href":"https:\/\/www.somatechnology.com\/spanish\/wp-json\/wp\/v2\/types\/product"}],"wp:featuredmedia":[{"embeddable":true,"href":"https:\/\/www.somatechnology.com\/spanish\/wp-json\/wp\/v2\/media\/11734"}],"wp:attachment":[{"href":"https:\/\/www.somatechnology.com\/spanish\/wp-json\/wp\/v2\/media?parent=11733"}],"wp:term":[{"taxonomy":"pwb-brand","embeddable":true,"href":"https:\/\/www.somatechnology.com\/spanish\/wp-json\/wp\/v2\/pwb-brand?post=11733"},{"taxonomy":"product_brand","embeddable":true,"href":"https:\/\/www.somatechnology.com\/spanish\/wp-json\/wp\/v2\/product_brand?post=11733"},{"taxonomy":"product_cat","embeddable":true,"href":"https:\/\/www.somatechnology.com\/spanish\/wp-json\/wp\/v2\/product_cat?post=11733"},{"taxonomy":"product_tag","embeddable":true,"href":"https:\/\/www.somatechnology.com\/spanish\/wp-json\/wp\/v2\/product_tag?post=11733"}],"curies":[{"name":"wp","href":"https:\/\/api.w.org\/{rel}","templated":true}]}}