{"id":11737,"date":"2018-07-19T16:34:15","date_gmt":"2018-07-19T16:34:15","guid":{"rendered":"https:\/\/www.somatechnology.com\/spanish\/?post_type=product&#038;p=11737"},"modified":"2025-09-23T10:03:37","modified_gmt":"2025-09-23T14:03:37","slug":"ziehm-visio-2-fd-vario-3d","status":"publish","type":"product","link":"https:\/\/www.somatechnology.com\/spanish\/equipo-medico-usado-remanufacturado\/imagenologia-radiologia\/arcos-en-c\/ziehm-visio-2-fd-vario-3d\/","title":{"rendered":"Ziehm Vision\u00b2 FD Vario 3D"},"content":{"rendered":"<h2>Caracter\u00edsticas Ziehm Vision\u00b2 FD Vario 3D<\/h2>\n<p>Una obra maestra de la ingenier\u00eda, la <strong>Ziehm Vision\u00b2 FD vario 3D<\/strong> integra las reconstrucciones multiplanar y el render de volumen 3D en un dise\u00f1o de ahorro de espacio. Equipado con tecnolog\u00eda de panel plano, el sistema ofrece m\u00e1s de 16.000 sombras de gris. Las im\u00e1genes 3D cristalinas y distorsi\u00f3n-libres proporcionan la visualizaci\u00f3n intraoperativa m\u00e1xima de estructuras anat\u00f3micas. Los CT como las reconstrucciones se pueden combinar con los sistemas de navegaci\u00f3n. Los datos 3D del C-arm permiten a los cirujanos realizar una cirug\u00eda guiada por im\u00e1genes con gran precisi\u00f3n. Ziehm Vision\u00b2 vario 3D es ideal para aplicaciones como ortopedia, cirug\u00eda de columna vertebral y procedimientos neuroquir\u00fargicos. Las pantallas t\u00e1ctiles intuitivas en el carro del C-brazo y del monitor hacen el cambio de la fluoroscopia 2D al modo 3D con una pulsaci\u00f3n de teclado simple.<\/p>\n<ul>\n<li>im\u00e1genes 3D 2D e intraoperativas con un solo sistema<\/li>\n<li>La tecnolog\u00eda digital del panel plano ofrece la colocaci\u00f3n f\u00e1cil en el or; Gracias a una abertura m\u00e1s grande del C-brazo de 35 \u00ab<\/li>\n<li>el detector de pantalla plana digital de 20 cm x 20 cm proporciona un campo de visi\u00f3n mucho m\u00e1s amplio que los intensificadores de im\u00e1genes convencionales<\/li>\n<li>Ziehm NaviPort: interfaz abierta a los sistemas de navegaci\u00f3n (Brainlab, Medtronic, Stryker)<\/li>\n<li>Refrigeraci\u00f3n l\u00edquida \u00fanica (enfriamiento activo avanzado) para los procedimientos exigentes<\/li>\n<li>El objeto detect\u00f3 control de dosis (ODDC) para la calidad de imagen magn\u00edfica r\u00e1pida con la reducci\u00f3n autom\u00e1tica de la dosis y la correcci\u00f3n del metal\/del contraste<\/li>\n<\/ul>\n<h2>Especificaciones Ziehm Vision\u00b2 FD Vario 3D<\/h2>\n<h3>Dimensiones<\/h3>\n<ul>\n<li>Abertura del C-brazo: 35,2 \u00ab(89.5 cm)<\/li>\n<li>Campo visual 7,8 \u00abx 7,8\u00bb (el 19.8 cm \u00d7 19.8 cm): 60.8 en \u00b2 (392cm\u00b2)<\/li>\n<\/ul>\n<h3>Caracter\u00edsticas<\/h3>\n<ul>\n<li>tecnolog\u00eda 1K x 1K<\/li>\n<li>Sombras de gris: 16.384<\/li>\n<li>Im\u00e1genes sin Distorsiones<\/li>\n<li>Im\u00e1genes totalmente digitales<\/li>\n<li>Generador de Monoblock pulsado<\/li>\n<li>ODDC<\/li>\n<li>Dicom<\/li>\n<li>WLAN: opcional<\/li>\n<li>Enfriamiento activo avanzado<\/li>\n<\/ul>\n<h3>Aplicaciones<\/h3>\n<ul>\n<li>Ortho\/trauma<\/li>\n<li>Columna<\/li>\n<li>Vascular<\/li>\n<li>Cardio<\/li>\n<li>Radiolog\u00eda intervencionista<\/li>\n<li>Neurocirug\u00eda<\/li>\n<li>Urolog\u00eda<\/li>\n<li>Cirug\u00eda craneomaxilofaciales<\/li>\n<li>Braquiterapia<\/li>\n<\/ul>\n","protected":false},"excerpt":{"rendered":"<p>Una obra maestra de la ingenier\u00eda, la Ziehm Vision\u00b2 FD vario 3D integra las reconstrucciones multiplanar y el render de volumen 3D en un dise\u00f1o de ahorro de espacio. Equipado con tecnolog\u00eda de panel plano, el sistema ofrece m\u00e1s de 16.000 sombras de gris. Las im\u00e1genes 3D cristalinas y distorsi\u00f3n-libres proporcionan la visualizaci\u00f3n intraoperativa m\u00e1xima de estructuras anat\u00f3micas.<\/p>\n","protected":false},"featured_media":11739,"template":"","meta":{"_acf_changed":false,"_relevanssi_hide_post":"","_relevanssi_hide_content":"","_relevanssi_pin_for_all":"","_relevanssi_pin_keywords":"","_relevanssi_unpin_keywords":"","_relevanssi_related_keywords":"","_relevanssi_related_include_ids":"","_relevanssi_related_exclude_ids":"","_relevanssi_related_no_append":"","_relevanssi_related_not_related":"","_relevanssi_related_posts":"","_relevanssi_noindex_reason":"","inline_featured_image":false},"pwb-brand":[6002],"product_brand":[],"product_cat":[66],"product_tag":[4008,4679,4678,4699,4700,4701,4702],"class_list":{"0":"post-11737","1":"product","2":"type-product","3":"status-publish","4":"has-post-thumbnail","6":"pwb-brand-equipo-medico-ziehm-imaging","7":"product_cat-arcos-en-c","8":"product_tag-arcos-en-c","9":"product_tag-arcos-en-c-ziehm","10":"product_tag-ziehm-arcos-en-c","11":"product_tag-ziehm-vision-2-arcos-en-c","12":"product_tag-ziehm-vision-2-fd","13":"product_tag-ziehm-vision-2-fd-vario-3d","14":"product_tag-ziehm-vision-2-fd-vario-3d-arcos-en-c","16":"first","17":"instock","18":"shipping-taxable","19":"purchasable","20":"product-type-simple"},"acf":[],"brands":[{"id":6002,"name":"Ziehm Imaging","slug":"equipo-medico-ziehm-imaging"}],"_links":{"self":[{"href":"https:\/\/www.somatechnology.com\/spanish\/wp-json\/wp\/v2\/product\/11737","targetHints":{"allow":["GET"]}}],"collection":[{"href":"https:\/\/www.somatechnology.com\/spanish\/wp-json\/wp\/v2\/product"}],"about":[{"href":"https:\/\/www.somatechnology.com\/spanish\/wp-json\/wp\/v2\/types\/product"}],"wp:featuredmedia":[{"embeddable":true,"href":"https:\/\/www.somatechnology.com\/spanish\/wp-json\/wp\/v2\/media\/11739"}],"wp:attachment":[{"href":"https:\/\/www.somatechnology.com\/spanish\/wp-json\/wp\/v2\/media?parent=11737"}],"wp:term":[{"taxonomy":"pwb-brand","embeddable":true,"href":"https:\/\/www.somatechnology.com\/spanish\/wp-json\/wp\/v2\/pwb-brand?post=11737"},{"taxonomy":"product_brand","embeddable":true,"href":"https:\/\/www.somatechnology.com\/spanish\/wp-json\/wp\/v2\/product_brand?post=11737"},{"taxonomy":"product_cat","embeddable":true,"href":"https:\/\/www.somatechnology.com\/spanish\/wp-json\/wp\/v2\/product_cat?post=11737"},{"taxonomy":"product_tag","embeddable":true,"href":"https:\/\/www.somatechnology.com\/spanish\/wp-json\/wp\/v2\/product_tag?post=11737"}],"curies":[{"name":"wp","href":"https:\/\/api.w.org\/{rel}","templated":true}]}}