{"id":11989,"date":"2018-08-01T12:53:41","date_gmt":"2018-08-01T12:53:41","guid":{"rendered":"https:\/\/www.somatechnology.com\/spanish\/?post_type=product&#038;p=11989"},"modified":"2024-02-15T15:24:11","modified_gmt":"2024-02-15T20:24:11","slug":"olympus-thunderbeat-esg-usg-400","status":"publish","type":"product","link":"https:\/\/www.somatechnology.com\/spanish\/equipo-medico-usado-remanufacturado\/unidades-electroquirurgicas-electrobisturis\/olympus-thunderbeat-esg-usg-400\/","title":{"rendered":"Olympus THUNDERBEAT ESG\/ USG-400"},"content":{"rendered":"<h2>Caracter\u00edsticas Olympus THUNDERBEAT ESG\/USG-400<\/h2>\n<p>La plataforma universal <strong>Olympus THUNDERBEAT con la ESG-400 y USG-400<\/strong> es un sistema de energ\u00eda con todas las funciones que ofrece pr\u00e1cticamente todas las formas conocidas de energ\u00eda quir\u00fargica: monopolar, bipolar, avanzado bipolar, y ultras\u00f3nico, por lo que es la \u00fanica integraci\u00f3n del mundo de avanzado bipolar con energ\u00eda ultras\u00f3nica. Esta plataforma multifuncional es ideal para instalaciones que buscan maximizar los costos y eficiencias procesales al estandarizar su elecci\u00f3n de sistemas de energ\u00eda. El sistema de energ\u00eda THUNDERBEAT incluye el generador electroquir\u00fargico ESG-400 y el generador ultras\u00f3nico USG-400.<\/p>\n<ul>\n<li><strong>ESG-400: <\/strong>el generador electroquir\u00fargico ESG-400 ofrece energ\u00eda quir\u00fargica bipolar monopolar, bipolar y avanzada para apoyar todas las aplicaciones quir\u00fargicas para aplicaciones abiertas, laparosc\u00f3picas y endosc\u00f3picas.<\/li>\n<li><strong>USG-400: <\/strong>el generador de USG-400 entrega la energ\u00eda ultras\u00f3nica para el corte simult\u00e1neo y la coagulaci\u00f3n del tejido para el uso con las piezas de mano del SONICBEAT. Cuando se utiliza en conjunci\u00f3n con la ESG-400, el USG-400 entrega energ\u00eda bipolar y ultras\u00f3nica integrada a las piezas de mano THUNDERBEAT para el sellado confiable del buque y para cortar o coagular tejidos blandos durante la cirug\u00eda abierta, laparosc\u00f3pica (incluyendo una sola sede), y cirug\u00eda endosc\u00f3pica.<\/li>\n<\/ul>\n<h2>Especificaciones Olympus THUNDERBEAT ESG\/USG-400<\/h2>\n<h3>Generador Electroquir\u00fargico ESG-400<\/h3>\n<h4>Dimensiones<\/h4>\n<ul>\n<li>Altura: 6,1 pulg (15,6 cm)<\/li>\n<li>Anchura: 14,5 pulg (37 cm)<\/li>\n<li>Profundidad: 18,3 pulg (46,5 cm)<\/li>\n<li>Peso: 27,6 lbs (12.5 kg)<\/li>\n<\/ul>\n<h4>Voltajes<\/h4>\n<ul>\n<li>Gama del voltaje: 100 a 120 v ~\/220 a 240 v ~<\/li>\n<li>Frecuencia: 50\/60 Hz<\/li>\n<li>Potencia de entrada m\u00e1xima: 1500 va<\/li>\n<li>Fusible de la energ\u00eda: 10 A (solamente FST-series de Schurter)<\/li>\n<li>Funciones de alta frecuencia: monopolar\/bipolar<\/li>\n<li>De alta frecuencia: 430 kHz \u00b1 20%<\/li>\n<li>Potencia m\u00e1xima de alta frecuencia: 320 W<\/li>\n<\/ul>\n<h3>Generador ultras\u00f3nico de USG-400<\/h3>\n<h4>Dimensiones<\/h4>\n<ul>\n<li>Altura: 6,1 pulg (15,6 cm)<\/li>\n<li>Anchura: 14,7 in (37,5 cm)<\/li>\n<li>Profundidad: 18,9 in (48 cm)<\/li>\n<li>Peso: 19,8 lbs (9kg)<\/li>\n<\/ul>\n<h4>Voltajes<\/h4>\n<ul>\n<li>Gama del voltaje: 120 VAC<\/li>\n<li>Frecuencia: 50\/60 Hz<\/li>\n<li>Energ\u00eda de entrada m\u00e1xima: 360 va<\/li>\n<\/ul>\n<ul>\n<li>Fusible de potencia: 4 A, 250 V (\u00d85 x 20 mm)<\/li>\n<li>Fusible de potencia: 4 A, 250 V (\u00d85 x 20 mm)<\/li>\n<\/ul>\n","protected":false},"excerpt":{"rendered":"<p>Electrobisturis<\/p>\n","protected":false},"featured_media":11993,"template":"","meta":{"_acf_changed":false,"_relevanssi_hide_post":"","_relevanssi_hide_content":"","_relevanssi_pin_for_all":"","_relevanssi_pin_keywords":"","_relevanssi_unpin_keywords":"","_relevanssi_related_keywords":"","_relevanssi_related_include_ids":"","_relevanssi_related_exclude_ids":"","_relevanssi_related_no_append":"","_relevanssi_related_not_related":"","_relevanssi_related_posts":"","_relevanssi_noindex_reason":"","inline_featured_image":false},"pwb-brand":[1080],"product_brand":[],"product_cat":[76],"product_tag":[1896,4868,4870,138,4867,4866,4869,4871],"class_list":{"0":"post-11989","1":"product","2":"type-product","3":"status-publish","4":"has-post-thumbnail","6":"pwb-brand-equipo-medico-olympus","7":"product_cat-unidades-electroquirurgicas-electrobisturis","8":"product_tag-electrobisturis","9":"product_tag-esg-400","10":"product_tag-esg400","11":"product_tag-olympus","12":"product_tag-olympus-thunderbeat","13":"product_tag-thunderbeat","14":"product_tag-usg-400","15":"product_tag-usg400","17":"first","18":"instock","19":"featured","20":"shipping-taxable","21":"purchasable","22":"product-type-simple"},"acf":[],"brands":[{"id":1080,"name":"Olympus","slug":"equipo-medico-olympus"}],"_links":{"self":[{"href":"https:\/\/www.somatechnology.com\/spanish\/wp-json\/wp\/v2\/product\/11989","targetHints":{"allow":["GET"]}}],"collection":[{"href":"https:\/\/www.somatechnology.com\/spanish\/wp-json\/wp\/v2\/product"}],"about":[{"href":"https:\/\/www.somatechnology.com\/spanish\/wp-json\/wp\/v2\/types\/product"}],"wp:featuredmedia":[{"embeddable":true,"href":"https:\/\/www.somatechnology.com\/spanish\/wp-json\/wp\/v2\/media\/11993"}],"wp:attachment":[{"href":"https:\/\/www.somatechnology.com\/spanish\/wp-json\/wp\/v2\/media?parent=11989"}],"wp:term":[{"taxonomy":"pwb-brand","embeddable":true,"href":"https:\/\/www.somatechnology.com\/spanish\/wp-json\/wp\/v2\/pwb-brand?post=11989"},{"taxonomy":"product_brand","embeddable":true,"href":"https:\/\/www.somatechnology.com\/spanish\/wp-json\/wp\/v2\/product_brand?post=11989"},{"taxonomy":"product_cat","embeddable":true,"href":"https:\/\/www.somatechnology.com\/spanish\/wp-json\/wp\/v2\/product_cat?post=11989"},{"taxonomy":"product_tag","embeddable":true,"href":"https:\/\/www.somatechnology.com\/spanish\/wp-json\/wp\/v2\/product_tag?post=11989"}],"curies":[{"name":"wp","href":"https:\/\/api.w.org\/{rel}","templated":true}]}}