{"id":12267,"date":"2018-08-24T16:15:48","date_gmt":"2018-08-24T16:15:48","guid":{"rendered":"https:\/\/www.somatechnology.com\/spanish\/?post_type=product&#038;p=12267"},"modified":"2024-02-16T15:04:19","modified_gmt":"2024-02-16T20:04:19","slug":"ge-carescape-b650","status":"publish","type":"product","link":"https:\/\/www.somatechnology.com\/spanish\/equipo-medico-usado-remanufacturado\/monitores-de-signos-vitales\/monitores-multiparametros\/ge-carescape-b650\/","title":{"rendered":"GE CARESCAPE B650"},"content":{"rendered":"<h2>Caracter\u00edsticas del GE CARESCAPE B650<\/h2>\n<p>El eficiente y ergon\u00f3mico <strong>CARESCAPE * monitor B650<\/strong> ofrece flexibilidad en cada punto de atenci\u00f3n. La configuraci\u00f3n, la interfaz f\u00e1cil de usar, los par\u00e1metros excepcionales y la integraci\u00f3n perfecta garantizan que se puede centrar en el paciente en lugar de en la tecnolog\u00eda. El monitor de CARESCAPE B650 tiene las herramientas avanzadas para cubrir las necesidades de CCU, de Paco, de neonatal, y de ICU de la bajo-agudeza y o de pacientes.<\/p>\n<ul>\n<li>Integre perfectamente con los dispositivos de Carestation de GE Healthcare Engstrom y de la anestesia con la funci\u00f3n de encendido\/apagado alejada, as\u00ed que la supervisi\u00f3n puede comenzar en la estaci\u00f3n de la anestesia.<\/li>\n<li>Obtenga continuidad de datos completa con el m\u00f3dulo de datos del paciente CARESCAPE para la captura de datos del paciente sin fisuras en His\/EMR.<\/li>\n<li>Los par\u00e1metros cl\u00ednicamente excepcionales ayudan a una mejor calidad de atenci\u00f3n: Sp02 dual, intercambio continuo de metabolismo y gas, an\u00e1lisis de arritmias EK-Pro, y adecuaci\u00f3n de par\u00e1metros de anestesia, tales como entrop\u00eda y NMT.<\/li>\n<li>La excelencia cardiaca diagn\u00f3stica en la cabecera con el an\u00e1lisis de 12SL * ECG y la integraci\u00f3n de dos v\u00edas al sistema de informaci\u00f3n del MUSE * Cardiolog\u00eda, permitiendo el acceso r\u00e1pido, validado a la historia 12SL de un paciente y a la comparaci\u00f3n serial del estado cardiaco.<\/li>\n<li>La supervisi\u00f3n combinada con la telemetr\u00eda Apex Pro * permite la movilidad temprana de los pacientes que pueden ayudar a reducir la duraci\u00f3n de la estancia.<\/li>\n<\/ul>\n<h2>Especificaciones del GE CARESCAPE B650<\/h2>\n<h3>Dimensiones<\/h3>\n<ul>\n<li>Tama\u00f1o: (H x W x D) 29 x 30 x 16 cm (11,4 x 11,9 x 6,2 in)<\/li>\n<li>Peso: 5,0 kg (11,0 lb) con todas las opciones y la bater\u00eda, sin m\u00f3dulos<\/li>\n<\/ul>\n<h3>Monitor<\/h3>\n<ul>\n<li>Tama\u00f1o: 12 in (diagonal)<\/li>\n<li>Tipo: Active Matrix color TFT LCD<\/li>\n<li>Resoluci\u00f3n: 1024 x 768 p\u00edxeles (XGA)<\/li>\n<li>N\u00famero de rastros: 6 (m\u00e1ximo)<\/li>\n<li>Velocidad del barrido: 0,625, 6,25, 12,5, 25, 50 mm\/sec<\/li>\n<li>Configuraci\u00f3n: configuraci\u00f3n autom\u00e1tica seg\u00fan el par\u00e1metro disponible. Configuraci\u00f3n manual con hasta 8 perfiles configurables por el usuario para configuraciones carespecific, y hasta 6 p\u00e1ginas de visualizaci\u00f3n configurable por el usuario para cada perfil.<\/li>\n<\/ul>\n<h3>Controles<\/h3>\n<ul>\n<li>Pantalla t\u00e1ctil: est\u00e1ndar<\/li>\n<li>Encendido: frente de la unidad<\/li>\n<li>Control remoto (USB): 11 teclas opcionales para facilitar el uso no t\u00e1ctil: configuraci\u00f3n de alarma, configuraci\u00f3n del monitor, procedimientos, tendencias, datos y p\u00e1ginas, formas de onda de impresi\u00f3n, congelaci\u00f3n\/instant\u00e1nea, NIBP auto, NIBP inicio\/parada, par\u00e1metro, y cero toda la presi\u00f3n<\/li>\n<\/ul>\n<h3>Redes<\/h3>\n<ul>\n<li>Compatibilidad: red de CARESCAPE, red de S\/5, base de datos del MUSE ECG, identificaci\u00f3n de la red de la unidad<\/li>\n<li>Caracter\u00edsticas: visualizaci\u00f3n centralizada y gesti\u00f3n remota de alarmas con visualizaci\u00f3n bedtobed y funcionalidad AVOA<\/li>\n<li>Tipo de red: LAN, WLAN (opcional)<\/li>\n<li>Protocolo de comunicaci\u00f3n de WLAN (opcional): IEEE 802.11 a\/b\/g<\/li>\n<li>Frecuencia de funcionamiento: 2,4 GHz y 5 GHz<\/li>\n<li>Tarifa de datos: 1 \u2013 54 Mbps<\/li>\n<\/ul>\n<h3>I\/O Conectores<\/h3>\n<ul>\n<li>Ethernet: 3 RJ45 para IX, buj\u00eda m\u00e9trica, identificaci\u00f3n de la red de la unidad<\/li>\n<li>Puerto serial: disponible v\u00eda el convertidor del USB<\/li>\n<li>Pantalla esclavo\/independiente: 1 salida DVI-D<\/li>\n<li>Puerto USB: 2 USB 2,0<\/li>\n<li>ePort: 1 E-Port<\/li>\n<li>Conector de salida anal\u00f3gico de salida anal\u00f3gica en el m\u00f3dulo de datos del paciente CARESCAPE.<\/li>\n<li>Conector de salida anal\u00f3gica (miniDIN 7) en el marco del monitor es para el paciente m\u00f3dulo lateral (PSM) uso s\u00f3lo<\/li>\n<li>Remote-on: control remoto de entrada de energ\u00eda para la integraci\u00f3n de la m\u00e1quina de anestesia<\/li>\n<\/ul>\n<h3>Alarmas<\/h3>\n<ul>\n<li>Ethernet: 3 RJ45 para IX, buj\u00eda m\u00e9trica, identificaci\u00f3n de la red de la unidad<\/li>\n<li>Puerto serial: disponible v\u00eda el convertidor del USB<\/li>\n<li>Pantalla esclavo\/independiente: 1 salida DVI-D<\/li>\n<li>Puerto USB: 2 USB 2,0<\/li>\n<li>ePort: 1 E-Port<\/li>\n<li>Conector de salida anal\u00f3gico de salida anal\u00f3gica en el m\u00f3dulo de datos del paciente CARESCAPE.<\/li>\n<li>Conector de salida anal\u00f3gica (miniDIN 7) en el marco del monitor es para el paciente m\u00f3dulo lateral (PSM) uso s\u00f3lo<\/li>\n<li>Remote-on: control remoto de entrada de energ\u00eda para la integraci\u00f3n de la m\u00e1quina de anestesia<\/li>\n<\/ul>\n<h3>Fuente de alimentaci\u00f3n<\/h3>\n<ul>\n<li>Gama de voltaje de entrada universal: 100 a 240 VAC +\/-10%, 50\/60 Hz<\/li>\n<li>Consumo de energ\u00eda: &lt; 200 va<\/li>\n<li>Clase de la protecci\u00f3n; Clase I<\/li>\n<li>Puesta a tierra: grado del hospital<\/li>\n<li>Refrigeraci\u00f3n: convecci\u00f3n natural \u2013 sin ventiladores<\/li>\n<\/ul>\n<h3>Bater\u00eda (opcional)<\/h3>\n<ul>\n<li>Tipo: litio-ion cambiable<\/li>\n<li>N\u00famero de bater\u00edas: 1 o 2<\/li>\n<li>Voltaje: 10,8 V (nominal)<\/li>\n<li>Capacidad: 3,8 ah por la bater\u00eda, 7,6 Ah con 2 bater\u00edas (minuto)<\/li>\n<li>Tiempo de la carga: 2 a 3 horas por la bater\u00eda, dependiendo de la configuraci\u00f3n<\/li>\n<li>Tiempo de ejecuci\u00f3n: 3,5 horas, dependiendo de la configuraci\u00f3n<\/li>\n<li>Duraci\u00f3n de la bater\u00eda: 300 ciclos a 60% de capacidad<\/li>\n<\/ul>\n<h3>Condiciones de funcionamiento<\/h3>\n<ul>\n<li>Temperatura: 10 a 35 \u00b0 c (50 a 95 \u00b0 f)<\/li>\n<li>Humedad relativa: 10 a 90% sin condensaci\u00f3n<\/li>\n<\/ul>\n<h3>Condiciones de almacenamiento<\/h3>\n<ul>\n<li>Temperatura:-20 a 60 \u00b0 c (-4 a 140 \u00b0 f)<\/li>\n<li>Humedad relativa: 10 a 90% sin condensaci\u00f3n<\/li>\n<\/ul>\n<p>&nbsp;<\/p>\n","protected":false},"excerpt":{"rendered":"<p>Monitor Multiparametros<\/p>\n","protected":false},"featured_media":22545,"template":"","meta":{"_acf_changed":false,"_relevanssi_hide_post":"","_relevanssi_hide_content":"","_relevanssi_pin_for_all":"","_relevanssi_pin_keywords":"","_relevanssi_unpin_keywords":"","_relevanssi_related_keywords":"","_relevanssi_related_include_ids":"","_relevanssi_related_exclude_ids":"","_relevanssi_related_no_append":"","_relevanssi_related_not_related":"","_relevanssi_related_posts":"","_relevanssi_noindex_reason":"","inline_featured_image":false},"pwb-brand":[1100],"product_brand":[],"product_cat":[50],"product_tag":[5064,5065,3718,3715,3614],"class_list":{"0":"post-12267","1":"product","2":"type-product","3":"status-publish","4":"has-post-thumbnail","6":"pwb-brand-equipo-medico-ge","7":"product_cat-monitores-multiparametros","8":"product_tag-ge-carescape-b650","9":"product_tag-ge-carescape-b650-monitores-multiparametros","10":"product_tag-ge-carescape-monitores-multiparametros","11":"product_tag-ge-monitores-multiparametros","12":"product_tag-monitores-multiparametros","14":"first","15":"instock","16":"featured","17":"shipping-taxable","18":"purchasable","19":"product-type-simple"},"acf":[],"brands":[{"id":1100,"name":"GE","slug":"equipo-medico-ge"}],"_links":{"self":[{"href":"https:\/\/www.somatechnology.com\/spanish\/wp-json\/wp\/v2\/product\/12267","targetHints":{"allow":["GET"]}}],"collection":[{"href":"https:\/\/www.somatechnology.com\/spanish\/wp-json\/wp\/v2\/product"}],"about":[{"href":"https:\/\/www.somatechnology.com\/spanish\/wp-json\/wp\/v2\/types\/product"}],"wp:featuredmedia":[{"embeddable":true,"href":"https:\/\/www.somatechnology.com\/spanish\/wp-json\/wp\/v2\/media\/22545"}],"wp:attachment":[{"href":"https:\/\/www.somatechnology.com\/spanish\/wp-json\/wp\/v2\/media?parent=12267"}],"wp:term":[{"taxonomy":"pwb-brand","embeddable":true,"href":"https:\/\/www.somatechnology.com\/spanish\/wp-json\/wp\/v2\/pwb-brand?post=12267"},{"taxonomy":"product_brand","embeddable":true,"href":"https:\/\/www.somatechnology.com\/spanish\/wp-json\/wp\/v2\/product_brand?post=12267"},{"taxonomy":"product_cat","embeddable":true,"href":"https:\/\/www.somatechnology.com\/spanish\/wp-json\/wp\/v2\/product_cat?post=12267"},{"taxonomy":"product_tag","embeddable":true,"href":"https:\/\/www.somatechnology.com\/spanish\/wp-json\/wp\/v2\/product_tag?post=12267"}],"curies":[{"name":"wp","href":"https:\/\/api.w.org\/{rel}","templated":true}]}}