{"id":12296,"date":"2018-08-27T13:41:26","date_gmt":"2018-08-27T13:41:26","guid":{"rendered":"https:\/\/www.somatechnology.com\/spanish\/?post_type=product&#038;p=12296"},"modified":"2023-08-23T06:30:04","modified_gmt":"2023-08-23T10:30:04","slug":"mindray-beneview-t5","status":"publish","type":"product","link":"https:\/\/www.somatechnology.com\/spanish\/equipo-medico-usado-remanufacturado\/monitores-de-signos-vitales\/monitores-multiparametros\/mindray-beneview-t5\/","title":{"rendered":"Mindray BeneView T5"},"content":{"rendered":"<h2>CARACTER\u00cdSTICAS DE MINDRAY BENEVIEW T5<\/h2>\n<p>El monitor de paciente <strong>Mindray BeneView T5<\/strong> est\u00e1 dise\u00f1ado para monitorizar un conjunto fijo de par\u00e1metros fisiol\u00f3gicos, entre los que se incluyen el ECG, la frecuencia card\u00edaca (FC), la respiraci\u00f3n (Resp), la temperatura (Temp), la SpO2, la frecuencia del pulso (PR), la presi\u00f3n arterial no invasiva (NIBP), la presi\u00f3n arterial invasiva (IBP), el gasto card\u00edaco (C. O.), di\u00f3xido de carbono (CO2), ox\u00edgeno (O2), gas anest\u00e9sico (AG), cardiograma de impedancia (ICG), \u00edndice biespectral (BIS), mec\u00e1nica respiratoria (RM), gasto card\u00edaco continuo (PiCCO), saturaci\u00f3n venosa central de ox\u00edgeno (ScvO2), electroencefalograma (EEG) y transmisi\u00f3n neuromuscular (NMT).<\/p>\n<ul>\n<li>Proporciona indicaciones de alarma audibles y visuales en caso de problemas con el paciente o el equipo.<\/li>\n<li>Permite visualizar, revisar, almacenar y transferir datos en tiempo real.<\/li>\n<li>Incorpora m\u00faltiples dispositivos de entrada, como botones, mando, pantalla t\u00e1ctil, teclado y rat\u00f3n.<\/li>\n<li>Se conecta a un sistema de informaci\u00f3n cl\u00ednica o a un sistema central de monitorizaci\u00f3n.<\/li>\n<li>Permite la actualizaci\u00f3n del programa a trav\u00e9s de la red.<\/li>\n<li>Integra la informaci\u00f3n de otros dispositivos, que incluyen, pero no se limitan, a la m\u00e1quina de anestesia y el ventilador.<\/li>\n<\/ul>\n<h2>ESPECIFICACIONES DE MINDRAY BENEVIEW T5<\/h2>\n<h3>Dimensiones<\/h3>\n<ul>\n<li>Altura: 11.7 pulg (29.7 cm)<\/li>\n<li>Anchura: 13.2 pulg (33.6 cm)<\/li>\n<li>Profundidad: 7.4 pulg (18.7 cm)<\/li>\n<li>Peso: 14.6 lbs (6.6 kg)<\/li>\n<\/ul>\n<h3>Pantalla<\/h3>\n<ul>\n<li>Tipo de Pantalla: LCD TFT en color<\/li>\n<li>Tama\u00f1o de la Pantalla (diagonal): 12.1 pulg<\/li>\n<li>Resoluci\u00f3n: 800 \u00d7 600 p\u00edxeles<\/li>\n<\/ul>\n<h3>Red Inal\u00e1mbrica<\/h3>\n<ul>\n<li>Est\u00e1ndares: IEEE 802.11g, compatible con Wi-Fi<\/li>\n<li>Gama de Frecuencias: 2.412 a 2.462GHz<\/li>\n<\/ul>\n<h3>Bater\u00eda<\/h3>\n<ul>\n<li>Tipo: Litio-ion<\/li>\n<li>Tensi\u00f3n: 11.1 VDC<\/li>\n<li>Capacidad: 4500 mAh<\/li>\n<li>Tiempo de Funcionamiento: 330 minutos cuando se alimenta con dos bater\u00edas nuevas completamente cargadas (25 , ECG, SpO \u2103 2, mediciones de NIBP autom\u00e1ticas a intervalos de 15 minutos)<\/li>\n<li>Tiempo de Carga\n<ul>\n<li>Casi 5.5 h hasta el 90%<\/li>\n<li>Casi 6 h hasta el 100%<\/li>\n<\/ul>\n<\/li>\n<\/ul>\n<h3>Almacenamiento de Datos<\/h3>\n<ul>\n<li>Tendencias\n<ul>\n<li>Tendencias: 120 horas, con una resoluci\u00f3n de 1 minuto<\/li>\n<li>Tendencias de longitud media: 8 horas, con una resoluci\u00f3n de 5 s<\/li>\n<li>Minitendencias: 1 hora, con una resoluci\u00f3n de 1 s<\/li>\n<\/ul>\n<\/li>\n<li>Alarmas de Par\u00e1metros: 100 alarmas y eventos manuales y formas de onda de par\u00e1metros relacionados. La longitud de registro de la forma de onda puede ser de 8s.<\/li>\n<li>Eventos: 100 eventos de arritmia y formas de onda y par\u00e1metros relacionados. La duraci\u00f3n de la grabaci\u00f3n de la forma de onda puede ser de 8s.<\/li>\n<li>Mediciones NIBP: 1000 conjuntos<\/li>\n<li>Interpretaci\u00f3n de Resultados de ECG de 12 derivaciones en reposo: 20 conjuntos<\/li>\n<li>Formas de onda de Divulgaci\u00f3n Completa: 48 horas como m\u00e1ximo. El tiempo de almacenamiento espec\u00edfico depende de las formas de onda almacenadas y del n\u00famero de formas de onda almacenadas.<\/li>\n<\/ul>\n<h2>M\u00c1S INFORMACI\u00d3N SOBRE EL MINDRAY BENEVIEW T5<\/h2>\n<h3>Mindray Beneview T5 Reconstruido<\/h3>\n<p>Soma Tech Intl ofrece el Mindray Beneview TS monitor multiparametrico hasta un 50% por debajo de los precios original con el mismo servicio y garant\u00eda que los nuevos. El Mindray Beneview TS no s\u00f3lo est\u00e1 t\u00e9cnicamente reacondicionado, sino que tambi\u00e9n est\u00e1 cosm\u00e9ticamente reacondicionado para que funcione y se vea como nuevo. Cuando se inicia el proceso de reacondicionamiento del Beneview TS, \u00e9sta cuidadosamente inspeccionado y probado por nuestros propios ingenieros biom\u00e9dicos quien son certificados para trabajar con monitores de pacientes. Si es necesario, se reemplazan las piezas para asegurarse de que todos los aspectos del Mindray trabaje con eficaz. Una vez que todo est\u00e1 en orden de funcionamiento, la unidad se calibra con las especificaciones originales del fabricante. Esto asegura que la unidad est\u00e1 funcionando de la misma manera que cuando sali\u00f3 originalmente del fabricante. Despu\u00e9s de que la mesa funciona como nuevo, se somete a un proceso especial de restauraci\u00f3n cosm\u00e9tica. Se limpia, se reparan los peque\u00f1os ara\u00f1azos y abolladuras, se pinta y se sustituyen las calcoman\u00edas si es necesario. Soma Tech Intl cuenta con la certificaci\u00f3n ISO 13485 y se asegura de que se d\u00e9 la mejor calidad a todos los equipos m\u00e9dicos que venden. Antes de que el Beneview TS sea etiquetado como listo para el paciente y empacado para su env\u00edo, pasa por una \u00faltima prueba de control de calidad que asegura que todos los aspectos est\u00e1n funcionando de nuevo como deber\u00edan. Si desea comprar el Mindray Beneview TS reconstruido, p\u00f3ngase en contacto con nosotros en Soma@SomaTechnology.com o ll\u00e1menos al 1-800-GET-SOMA.<\/p>\n<p>Soma Tech Intl tambi\u00e9n est\u00e1 buscando activamente para comprar un Mindray Beneview TS. Si usted o su instalaci\u00f3n est\u00e1 buscando vender su unidad, aseg\u00farese de ponerse en contacto con Soma Tech Intl. Soma tiene un departamento de compras dedicado en ayudar a trav\u00e9s de todo el proceso. La venta de su monitor multiparametrico usado o de segunda mano a Soma Tech Intl elimina el intermediario en la ecuaci\u00f3n. Esto tambi\u00e9n asegura que su centro m\u00e9dico obtiene el mejor precio por su equipo. Soma cumple al 100% con las normas HIPPA y se asegura de que su equipo llegue a nuestras instalaciones en las mismas condiciones en que sali\u00f3 del suyo. Soma Tech Intl tambi\u00e9n da la opci\u00f3n de cr\u00e9dito de intercambio en su equipo m\u00e9dico. Si usted o su instalaci\u00f3n est\u00e1 buscando recuperar espacio para nuevos equipos, o si usted est\u00e1 buscando para actualizar su equipo actual, p\u00f3ngase en contacto con el departamento de compras en Buyer@SomaTechnology.com o env\u00edenos un mensaje en nuestro sitio web Vender a Soma.<\/p>\n","protected":false},"excerpt":{"rendered":"<p>Monitores Multiparametros<\/p>\n","protected":false},"featured_media":12297,"template":"","meta":{"_acf_changed":false,"_relevanssi_hide_post":"","_relevanssi_hide_content":"","_relevanssi_pin_for_all":"","_relevanssi_pin_keywords":"","_relevanssi_unpin_keywords":"","_relevanssi_related_keywords":"","_relevanssi_related_include_ids":"","_relevanssi_related_exclude_ids":"","_relevanssi_related_no_append":"","_relevanssi_related_not_related":"","_relevanssi_related_posts":"","_relevanssi_noindex_reason":"","inline_featured_image":false},"pwb-brand":[1135],"product_brand":[],"product_cat":[50],"product_tag":[5079,5080,5078,5081,3789,3614],"class_list":{"0":"post-12296","1":"product","2":"type-product","3":"status-publish","4":"has-post-thumbnail","6":"pwb-brand-equipo-medico-mindray","7":"product_cat-monitores-multiparametros","8":"product_tag-mindray-beneview","9":"product_tag-mindray-beneview-monitores-multiparametros","10":"product_tag-mindray-beneview-t5","11":"product_tag-mindray-beneview-t5-monitores-multiparametros","12":"product_tag-mindray-monitores-multiparametros","13":"product_tag-monitores-multiparametros","15":"first","16":"instock","17":"shipping-taxable","18":"purchasable","19":"product-type-simple"},"acf":[],"brands":[{"id":1135,"name":"Mindray","slug":"equipo-medico-mindray"}],"_links":{"self":[{"href":"https:\/\/www.somatechnology.com\/spanish\/wp-json\/wp\/v2\/product\/12296","targetHints":{"allow":["GET"]}}],"collection":[{"href":"https:\/\/www.somatechnology.com\/spanish\/wp-json\/wp\/v2\/product"}],"about":[{"href":"https:\/\/www.somatechnology.com\/spanish\/wp-json\/wp\/v2\/types\/product"}],"wp:featuredmedia":[{"embeddable":true,"href":"https:\/\/www.somatechnology.com\/spanish\/wp-json\/wp\/v2\/media\/12297"}],"wp:attachment":[{"href":"https:\/\/www.somatechnology.com\/spanish\/wp-json\/wp\/v2\/media?parent=12296"}],"wp:term":[{"taxonomy":"pwb-brand","embeddable":true,"href":"https:\/\/www.somatechnology.com\/spanish\/wp-json\/wp\/v2\/pwb-brand?post=12296"},{"taxonomy":"product_brand","embeddable":true,"href":"https:\/\/www.somatechnology.com\/spanish\/wp-json\/wp\/v2\/product_brand?post=12296"},{"taxonomy":"product_cat","embeddable":true,"href":"https:\/\/www.somatechnology.com\/spanish\/wp-json\/wp\/v2\/product_cat?post=12296"},{"taxonomy":"product_tag","embeddable":true,"href":"https:\/\/www.somatechnology.com\/spanish\/wp-json\/wp\/v2\/product_tag?post=12296"}],"curies":[{"name":"wp","href":"https:\/\/api.w.org\/{rel}","templated":true}]}}