{"id":12304,"date":"2018-08-27T14:15:59","date_gmt":"2018-08-27T14:15:59","guid":{"rendered":"https:\/\/www.somatechnology.com\/spanish\/?post_type=product&#038;p=12304"},"modified":"2023-08-23T06:30:07","modified_gmt":"2023-08-23T10:30:07","slug":"mindray-datascope-passport-v","status":"publish","type":"product","link":"https:\/\/www.somatechnology.com\/spanish\/equipo-medico-usado-remanufacturado\/monitores-de-signos-vitales\/monitores-multiparametros\/mindray-datascope-passport-v\/","title":{"rendered":"Mindray Datascope Passport V"},"content":{"rendered":"<h2>Caracter\u00edsticas Mindray Datascope Passport V<\/h2>\n<p><strong>Passport V<\/strong> es la \u00faltima adici\u00f3n de Mindray a una larga l\u00ednea de monitores de pacientes port\u00e1tiles dise\u00f1ados para satisfacer las necesidades de los cuidadores en una amplia gama de \u00e1reas cl\u00ednicas. Passport V se basa en una s\u00f3lida base de experiencia y conocimiento. Sigue un acercamiento probado a la adquisici\u00f3n y a la presentaci\u00f3n de datos pacientes, de tal modo entregando confiabilidad y funcionamiento impresionantes. Al igual que otros productos en su l\u00ednea, Passport V utiliza una interfaz sencilla y familiar para que la experiencia del usuario sea positiva. Ofrece s\u00f3lo la combinaci\u00f3n correcta de simplicidad y sofisticaci\u00f3n, ofreciendo un conjunto de caracter\u00edsticas completas en una manera sencilla y f\u00e1cil de aprender.<\/p>\n<p>M\u00e1s all\u00e1 de eso, este nuevo monitor inteligente ofrece tanta flexibilidad como usted ha llegado a depender de nuestros otros monitores de pacientes. Passport V est\u00e1 disponible en una variedad de versiones, dependiendo de su capacidad y preferencias tecnol\u00f3gicas. Con una amplia gama de opciones, es muy adecuado para la mayor\u00eda de los departamentos del hospital.<\/p>\n<p>La capacidad mejorada, las caracter\u00edsticas m\u00e1s opcionales y el valor extraordinario hacen pasaporte V una alternativa convincente para cualquier ambiente del Healthcare que requiere la supervisi\u00f3n fisiol\u00f3gica continua.<\/p>\n<ul>\n<li>La gran pantalla \u2033 12,1 es muy visible desde la mayor\u00eda de los puntos de vista. Y est\u00e1 seguro de apreciar la funci\u00f3n de configuraci\u00f3n autom\u00e1tica que permite que el dise\u00f1o de la pantalla se reconfigure autom\u00e1ticamente a medida que se agregan y se quitan los cables del paciente.<\/li>\n<li>Passport V ofrece ECG, NIBP, temperatura, respiraci\u00f3n y la SpO2 tolerante al movimiento de Masimo set \u00ae como su configuraci\u00f3n est\u00e1ndar, junto con una variedad de par\u00e1metros y caracter\u00edsticas opcionales.<\/li>\n<li>96 horas de datos del paciente se proporcionan en una lista o formato de tendencia gr\u00e1fica para que pueda revisar f\u00e1cilmente la historia de su paciente. Para una documentaci\u00f3n sencilla y eficiente, tambi\u00e9n puede imprimir los datos del paciente a una impresora l\u00e1ser.<\/li>\n<li>Los paquetes de c\u00e1lculos comprensivos incluyendo los datos IV de la droga y hemodynamic permiten c\u00e1lculos r\u00e1pidos y automatizados. Las tablas de titulaci\u00f3n y los c\u00e1lculos se pueden imprimir en la grabadora interna o en una impresora l\u00e1ser en red para satisfacer las necesidades de documentaci\u00f3n a largo plazo.<\/li>\n<li>El modo de vista remota con alarma de 8 camas permite a los m\u00e9dicos monitorear a varios pacientes sin salir de la cama.<\/li>\n<li>El innovador montaje de liberaci\u00f3n r\u00e1pida hace que el transporte sea un poco m\u00e1s f\u00e1cil. Retire el monitor de su montura mural o soporte rodante usando el mecanismo de un toque y ya est\u00e1 listo para el transporte. No hay necesidad de desconectar los cables del paciente.<\/li>\n<\/ul>\n<h2>Especificaciones Mindray Datascope Passport V<\/h2>\n<h3>Monitor<\/h3>\n<ul>\n<li>Tipo de exhibici\u00f3n: color, exhibici\u00f3n anti-deslumbrador de TFT.<\/li>\n<li>Tama\u00f1o: 12,1 \u2033 (246 x 184,4 mm.)<\/li>\n<li>Resoluci\u00f3n: pixeles de SVGA 800 \u00d7 600.<\/li>\n<li>Onda: 3 a 8.<\/li>\n<\/ul>\n<h3>ECG ( 3 y \u00a05-Cables)<\/h3>\n<ul>\n<li><strong>Cables:<\/strong>I, II, III, aVR, aVL, aVF, and V.<\/li>\n<\/ul>\n<ul>\n<li>Detecci\u00f3n del cable: detecci\u00f3n autom\u00e1tica de 3 o de 5 cables.<\/li>\n<li>Sensibilidad de la exhibici\u00f3n: 1,25, 2,5, 5, 10, 20, 40 mm\/MV.<\/li>\n<li>Gama de la se\u00f1al de ECG<strong>:<\/strong>\u00a0+\/- 8 mV (peak-to-peak value.)<\/li>\n<li>Se\u00f1al de calibraci\u00f3n<strong>:<\/strong>\u00a01 mV (peak-to-peak value.)<\/li>\n<\/ul>\n<h3>Respuesta de frecuencia a la pantalla<\/h3>\n<ul>\n<li>Modo quir\u00fargico: de 1 a 20 Hz.<\/li>\n<li>Modo monitor: de 0,5 a 40 Hz.<\/li>\n<li>Modo St: de 0,05 a 40 Hz.<\/li>\n<li>Modo de diagn\u00f3stico: de 0,05 a 150 Hz.<\/li>\n<li>Protecci\u00f3n de la desfibrilaci\u00f3n: la corriente descargada 360 julio del withstand seg\u00fan IEC 60601-2-27, 51.101.1.<\/li>\n<li>Tiempo de recuperaci\u00f3n basal: &lt; 5 s despu\u00e9s de la desfibrilaci\u00f3n (en el monitor y en el modo quir\u00fargico).<\/li>\n<li>Desfibrilador. Pulso s\u00edncrono: el intervalo del tiempo entre los picos de R-agita al comienzo de pulsos s\u00edncronos es \u2264 35 MS.<\/li>\n<\/ul>\n<h3>Salida anal\u00f3gica de ECG<\/h3>\n<ul>\n<li>Demora: 25 ms m\u00e1x.<\/li>\n<li>Sensibilidad: 1 V\/MV de entrada \u00b110%.<\/li>\n<\/ul>\n<h3>Ritmo card\u00edaco<\/h3>\n<ul>\n<li>Rango: 15 \u2013 300 BPM adulto, 15 \u2013 350 BPM pedi\u00e1trico, 15 \u2013 350 BPM neonatal.<\/li>\n<li>Precisi\u00f3n: \u00b1 3 BPM o 3% a 30 \u2013 250 BPM lo que sea mayor \u00b1 5% a 251 \u2013 350 BPM, el mayor de.<\/li>\n<li>Rechazamiento del pulso del Pacer: rechaza pulsos de la amplitud entre \u00b1 2 milivoltio a \u00b1 700 milivoltio y la duraci\u00f3n 0,1 MS a 2 ms sin la cola.<\/li>\n<li>Alto rechazo de ondas t: rechaza todas las ondas t amplitud menos de 1,2 mV, QRS 100 MS, intervalo QT de 350 ms, duraci\u00f3n 180 MS.<\/li>\n<\/ul>\n<p>&nbsp;<\/p>\n","protected":false},"excerpt":{"rendered":"<p>Monitores Multiparametros<\/p>\n","protected":false},"featured_media":12306,"template":"","meta":{"_acf_changed":false,"_relevanssi_hide_post":"","_relevanssi_hide_content":"","_relevanssi_pin_for_all":"","_relevanssi_pin_keywords":"","_relevanssi_unpin_keywords":"","_relevanssi_related_keywords":"","_relevanssi_related_include_ids":"","_relevanssi_related_exclude_ids":"","_relevanssi_related_no_append":"","_relevanssi_related_not_related":"","_relevanssi_related_posts":"","_relevanssi_noindex_reason":"","inline_featured_image":false},"pwb-brand":[1135],"product_brand":[],"product_cat":[50],"product_tag":[507,3656,5090,450,5089,5091,5092,3789,3614,5088],"class_list":{"0":"post-12304","1":"product","2":"type-product","3":"status-publish","4":"has-post-thumbnail","6":"pwb-brand-equipo-medico-mindray","7":"product_cat-monitores-multiparametros","8":"product_tag-datascope","9":"product_tag-datascope-monitores-multiparametros","10":"product_tag-datascope-passport-v-monitores-multiparametros","11":"product_tag-mindray","12":"product_tag-mindray-datascope-monitores-multiparametros","13":"product_tag-mindray-datascope-passport-v","14":"product_tag-mindray-datascope-passport-v-monitores-multiparametros","15":"product_tag-mindray-monitores-multiparametros","16":"product_tag-monitores-multiparametros","17":"product_tag-passport-v","19":"first","20":"instock","21":"shipping-taxable","22":"purchasable","23":"product-type-simple"},"acf":[],"brands":[{"id":1135,"name":"Mindray","slug":"equipo-medico-mindray"}],"_links":{"self":[{"href":"https:\/\/www.somatechnology.com\/spanish\/wp-json\/wp\/v2\/product\/12304","targetHints":{"allow":["GET"]}}],"collection":[{"href":"https:\/\/www.somatechnology.com\/spanish\/wp-json\/wp\/v2\/product"}],"about":[{"href":"https:\/\/www.somatechnology.com\/spanish\/wp-json\/wp\/v2\/types\/product"}],"wp:featuredmedia":[{"embeddable":true,"href":"https:\/\/www.somatechnology.com\/spanish\/wp-json\/wp\/v2\/media\/12306"}],"wp:attachment":[{"href":"https:\/\/www.somatechnology.com\/spanish\/wp-json\/wp\/v2\/media?parent=12304"}],"wp:term":[{"taxonomy":"pwb-brand","embeddable":true,"href":"https:\/\/www.somatechnology.com\/spanish\/wp-json\/wp\/v2\/pwb-brand?post=12304"},{"taxonomy":"product_brand","embeddable":true,"href":"https:\/\/www.somatechnology.com\/spanish\/wp-json\/wp\/v2\/product_brand?post=12304"},{"taxonomy":"product_cat","embeddable":true,"href":"https:\/\/www.somatechnology.com\/spanish\/wp-json\/wp\/v2\/product_cat?post=12304"},{"taxonomy":"product_tag","embeddable":true,"href":"https:\/\/www.somatechnology.com\/spanish\/wp-json\/wp\/v2\/product_tag?post=12304"}],"curies":[{"name":"wp","href":"https:\/\/api.w.org\/{rel}","templated":true}]}}