{"id":12327,"date":"2018-08-27T16:41:42","date_gmt":"2018-08-27T16:41:42","guid":{"rendered":"https:\/\/www.somatechnology.com\/spanish\/?post_type=product&#038;p=12327"},"modified":"2023-08-23T06:30:19","modified_gmt":"2023-08-23T10:30:19","slug":"philips-intellivue-mx550","status":"publish","type":"product","link":"https:\/\/www.somatechnology.com\/spanish\/equipo-medico-usado-remanufacturado\/monitores-de-signos-vitales\/monitores-multiparametros\/philips-intellivue-mx550\/","title":{"rendered":"Philips IntelliVue MX550"},"content":{"rendered":"<h2>Caracter\u00edsticas del monitor multi-parametro Philips IntelliVue MX550<\/h2>\n<p>El <strong>IntelliVue MX550<\/strong> empareja el control de gran alcance, la tranquilida y seguridad que la bater\u00eda interna ofrece. Proporcionando la informaci\u00f3n comprensiva del paciente de un vistazo, puede hacer una diferencia verdadera cuando los pacientes y las prioridades m\u00faltiples necesitan la atenci\u00f3n. El IntelliVue MX450-MX550 combina potente monitorizaci\u00f3n con portabilidad flexible en una unidad compacta. Empareja el control de cabecera de gran alcance con la tranquilidad de una copia de seguridad de la bater\u00eda. Proporcionando la informaci\u00f3n comprensiva del paciente de un vistazo, puede hacer una diferencia verdadera cuando los pacientes y las prioridades m\u00faltiples necesitan la atenci\u00f3n.<\/p>\n<p>Los monitores del paciente de Philips IntelliVue se dise\u00f1an para entregar los cl\u00ednicos pacientes fisiol\u00f3gicos exactos, en tiempo real de los datos del mundo que han venido depender encendido al tomar decisiones. El cuidado de la salud es un entorno din\u00e1mico y exigente con necesidades en constante evoluci\u00f3n. La serie mx de Philips Best seller IntelliVue Family tiene como objetivo responder a estos desaf\u00edos. Ahora puede aprovechar la interfaz eficiente de los datos del dispositivo junto a los registros m\u00e9dicos electr\u00f3nicos (REM), incluso durante el transporte. Y con una visi\u00f3n intuitiva de toda la informaci\u00f3n disponible del paciente, usted puede diagnosticar con confianza. La interfaz IntelliVue consistente hace que el entrenamiento y los usos sean tan sencillos como sea posible. Adem\u00e1s, la familia IntelliVue de monitores de pacientes utiliza protocolos est\u00e1ndar para interactuar con las aplicaciones de otros proveedores y trabajar f\u00e1cilmente dentro de la infraestructura de TI existente de su instituci\u00f3n.<\/p>\n<ul>\n<li>Informaci\u00f3n de un vistazo<\/li>\n<li>Flujo de trabajo flexible y port\u00e1til<\/li>\n<li>F\u00e1cil uso compartido de datos<\/li>\n<li>12 \u00ab-15\u00bb amplia pantalla t\u00e1ctil le ayuda a ver claramente y r\u00e1pidamente<\/li>\n<li>Soluciones cl\u00ednicas avanzadas para resumir y visualizar los datos<\/li>\n<li>Ajuste de la luz ambiente para la legibilidad en virtualmente cualquier ambiente<\/li>\n<li>Las opciones avanzadas ayudan a controlar los flujos de trabajo<\/li>\n<li>Dise\u00f1o portable para supervisar en el movimiento<\/li>\n<li>Opciones de conectividad ayudarle a aprovechar al m\u00e1ximo su EMR<\/li>\n<\/ul>\n<h2>Especificaciones Philips IntelliVue MX550<\/h2>\n<h3>Pantalla t\u00e1ctil de 15 pulgadas<\/h3>\n<ul>\n<li>Encuentre lo que necesita de inmediato en la gran pantalla t\u00e1ctil de 15 \u00abde ancho. Reconocer\u00e1 la interfaz familiar y f\u00e1cil de usar de sus monitores intelliVue existentes, para que pueda pasar m\u00e1s tiempo proporcionando atenci\u00f3n y menos tiempo en el entrenamiento de dispositivos.<\/li>\n<\/ul>\n<h3>Soluciones cl\u00ednicas avanzadas<\/h3>\n<ul>\n<li>El monitor IntelliVue MX550 ha incorporado soluciones cl\u00ednicas avanzadas que proporcionan herramientas para resumir y visualizar los datos cl\u00ednicos complejos y sus interacciones. M\u00faltiples flujos de informaci\u00f3n se unen en una vista sencilla para usted.<\/li>\n<\/ul>\n<h3>Ajuste de la luz ambiente para legibilidad<\/h3>\n<ul>\n<li>\u2022 Los ajustes de luz ambiental son s\u00f3lo una parte de por qu\u00e9 el IntelliVeu MX550 es una excelente soluci\u00f3n para los ajustes de cuidados cr\u00edticos y el or. En el o, por ejemplo, la pantalla se adapta autom\u00e1ticamente a las luces que se aten\u00faan o se iluminan durante las diferentes etapas de la cirug\u00eda, reduciendo la contaminaci\u00f3n lum\u00ednica total en el quir\u00f3fano.<\/li>\n<\/ul>\n<h3>Monitorizaci\u00f3n port\u00e1til<\/h3>\n<ul>\n<li>El IntelliVeu MX550 ofrece la funcionalidad de un monitor de cabecera de pleno derecho mientras que proporciona el respaldo de la bater\u00eda para puentear la p\u00e9rdida de energ\u00eda ocasional. Con la operaci\u00f3n est\u00e1ndar de la bater\u00eda, una manija incorporada, y dise\u00f1o rugoso total, esta soluci\u00f3n puede hacer frente al transporte exigente del en-hospital a veces requerido en \u00e1reas del cuidado agudo. Tambi\u00e9n es lo suficientemente compacto para ser conveniente en marcha.<\/li>\n<\/ul>\n<h3>Conectividad \u2013 c\u00f3mo hacer la mayor parte de su EMR<\/h3>\n<ul>\n<li>El IntelliVue MX550 trabaja para mejorar su inversi\u00f3n compartiendo datos con sistemas de informaci\u00f3n cl\u00ednica, ayudando a contribuir a un EMR comprensivo. Tambi\u00e9n puede ayudar a reducir el costo y la complejidad al conectar la interfaz del dispositivo de la cabecera hace esto posible eliminando la necesidad de un concentrador de dispositivos separado y servidor de consolidaci\u00f3n de datos.<\/li>\n<\/ul>\n<p>&nbsp;<\/p>\n","protected":false},"excerpt":{"rendered":"<p>Monitores Multiparametros<\/p>\n","protected":false},"featured_media":22729,"template":"","meta":{"_acf_changed":false,"_relevanssi_hide_post":"","_relevanssi_hide_content":"","_relevanssi_pin_for_all":"","_relevanssi_pin_keywords":"","_relevanssi_unpin_keywords":"","_relevanssi_related_keywords":"","_relevanssi_related_include_ids":"","_relevanssi_related_exclude_ids":"","_relevanssi_related_no_append":"","_relevanssi_related_not_related":"","_relevanssi_related_posts":"","_relevanssi_noindex_reason":"","inline_featured_image":false},"pwb-brand":[1102],"product_brand":[],"product_cat":[50],"product_tag":[3614,273,3891,4444,5113,5114,3862],"class_list":{"0":"post-12327","1":"product","2":"type-product","3":"status-publish","4":"has-post-thumbnail","6":"pwb-brand-equipo-medico-philips","7":"product_cat-monitores-multiparametros","8":"product_tag-monitores-multiparametros","9":"product_tag-philips","10":"product_tag-philips-intellivue","11":"product_tag-philips-intellivue-monitores-multiparametros","12":"product_tag-philips-intellivue-mx550","13":"product_tag-philips-intellivue-mx550-monitores-multiparametros","14":"product_tag-philips-monitores-multiparametros","16":"first","17":"instock","18":"shipping-taxable","19":"purchasable","20":"product-type-simple"},"acf":[],"brands":[{"id":1102,"name":"Philips","slug":"equipo-medico-philips"}],"_links":{"self":[{"href":"https:\/\/www.somatechnology.com\/spanish\/wp-json\/wp\/v2\/product\/12327","targetHints":{"allow":["GET"]}}],"collection":[{"href":"https:\/\/www.somatechnology.com\/spanish\/wp-json\/wp\/v2\/product"}],"about":[{"href":"https:\/\/www.somatechnology.com\/spanish\/wp-json\/wp\/v2\/types\/product"}],"wp:featuredmedia":[{"embeddable":true,"href":"https:\/\/www.somatechnology.com\/spanish\/wp-json\/wp\/v2\/media\/22729"}],"wp:attachment":[{"href":"https:\/\/www.somatechnology.com\/spanish\/wp-json\/wp\/v2\/media?parent=12327"}],"wp:term":[{"taxonomy":"pwb-brand","embeddable":true,"href":"https:\/\/www.somatechnology.com\/spanish\/wp-json\/wp\/v2\/pwb-brand?post=12327"},{"taxonomy":"product_brand","embeddable":true,"href":"https:\/\/www.somatechnology.com\/spanish\/wp-json\/wp\/v2\/product_brand?post=12327"},{"taxonomy":"product_cat","embeddable":true,"href":"https:\/\/www.somatechnology.com\/spanish\/wp-json\/wp\/v2\/product_cat?post=12327"},{"taxonomy":"product_tag","embeddable":true,"href":"https:\/\/www.somatechnology.com\/spanish\/wp-json\/wp\/v2\/product_tag?post=12327"}],"curies":[{"name":"wp","href":"https:\/\/api.w.org\/{rel}","templated":true}]}}