{"id":12354,"date":"2018-08-28T16:24:14","date_gmt":"2018-08-28T16:24:14","guid":{"rendered":"https:\/\/www.somatechnology.com\/spanish\/?post_type=product&#038;p=12354"},"modified":"2023-08-23T06:30:24","modified_gmt":"2023-08-23T10:30:24","slug":"axia-vizion-wireless-dr-panel","status":"publish","type":"product","link":"https:\/\/www.somatechnology.com\/spanish\/equipo-medico-usado-remanufacturado\/imagenologia-radiologia\/rayos-x-portables\/axia-vizion-wireless-dr-panel\/","title":{"rendered":"AXIA ViZion Wireless DR Panel"},"content":{"rendered":"<h2>Panel para Rayos X Inal\u00e1mbrico Axia DR+<\/h2>\n<p>El panel rentable ampl\u00eda a\u00fan m\u00e1s la l\u00ednea de DR para satisfacer las necesidades de cualquier departamento de im\u00e1genes. El panel inal\u00e1mbrico Axia DR + es una soluci\u00f3n de productividad que proporciona una calidad de imagen excepcional, alta durabilidad y funcionalidad. El panel de 14 \u00d7 17 utiliza la tecnolog\u00eda Gadolinium mejorada y tiene caracter\u00edsticas \u00fanicas como correos electr\u00f3nicos de notificaci\u00f3n de ca\u00edda. Los paneles se adaptan perfectamente a las salas de rayos X existentes de entornos que incluyen hospitales, centros de im\u00e1genes y unidades de im\u00e1genes m\u00f3viles, y ampl\u00edan a\u00fan m\u00e1s la amplia gama de sistemas de im\u00e1genes en todo el espectro y mejoran enormemente el flujo de trabajo.<\/p>\n<h2>Especificaciones del panel:<\/h2>\n<ul>\n<li>Peso 7.7 libras<\/li>\n<li>Pixel Size 150um<\/li>\n<li>\u00c1rea de imagen 14 \u2033 x17 \u2033<\/li>\n<li>Dimensiones 384x460x15.2mm.<\/li>\n<li>7.4 millones de pixeles<\/li>\n<li>Pixel Array 2304 \u00d7 2800<\/li>\n<li>3.3lp \/ mm<\/li>\n<li>Conversi\u00f3n A \/ D 14 Bits<\/li>\n<li>Conectividad inal\u00e1mbrica<\/li>\n<li>Tama\u00f1o de cassette<\/li>\n<li>Bater\u00eda de iones de litio<\/li>\n<li>Im\u00e1genes fuera del centro<\/li>\n<li>Construcci\u00f3n de fibra de carbono<\/li>\n<\/ul>\n<h2>Especificaciones de software:<\/h2>\n<ul>\n<li>Integraci\u00f3n del generador<\/li>\n<li>Revisi\u00f3n del paciente<\/li>\n<li>Reverso negro \/ blanco<\/li>\n<li>Mejora de Contraste Multi-Escala y Rango Din\u00e1mico<\/li>\n<li>Procesamiento de imagen optimizado<\/li>\n<li>Par\u00e1metros<\/li>\n<\/ul>\n<p>&nbsp;<\/p>\n","protected":false},"excerpt":{"rendered":"<p>Rayos X Portables<\/p>\n","protected":false},"featured_media":12357,"template":"","meta":{"_acf_changed":false,"_relevanssi_hide_post":"","_relevanssi_hide_content":"","_relevanssi_pin_for_all":"","_relevanssi_pin_keywords":"","_relevanssi_unpin_keywords":"","_relevanssi_related_keywords":"","_relevanssi_related_include_ids":"","_relevanssi_related_exclude_ids":"","_relevanssi_related_no_append":"","_relevanssi_related_not_related":"","_relevanssi_related_posts":"","_relevanssi_noindex_reason":"","inline_featured_image":false},"pwb-brand":[1098],"product_brand":[],"product_cat":[94],"product_tag":[191,5130,5134,5135,5136,5137,5042],"class_list":{"0":"post-12354","1":"product","2":"type-product","3":"status-publish","4":"has-post-thumbnail","6":"pwb-brand-equipo-medico-axia","7":"product_cat-rayos-x-portables","8":"product_tag-axia","9":"product_tag-axia-rayos-x-portables","10":"product_tag-axia-vizion","11":"product_tag-axia-vizion-rayos-x-portables","12":"product_tag-axia-vizion-wireless-dr-panel","13":"product_tag-axia-vizion-wireless-dr-panel-rayos-x-portables","14":"product_tag-rayos-x-portables","16":"first","17":"instock","18":"shipping-taxable","19":"purchasable","20":"product-type-simple"},"acf":[],"brands":[{"id":1098,"name":"Axia","slug":"equipo-medico-axia"}],"_links":{"self":[{"href":"https:\/\/www.somatechnology.com\/spanish\/wp-json\/wp\/v2\/product\/12354","targetHints":{"allow":["GET"]}}],"collection":[{"href":"https:\/\/www.somatechnology.com\/spanish\/wp-json\/wp\/v2\/product"}],"about":[{"href":"https:\/\/www.somatechnology.com\/spanish\/wp-json\/wp\/v2\/types\/product"}],"wp:featuredmedia":[{"embeddable":true,"href":"https:\/\/www.somatechnology.com\/spanish\/wp-json\/wp\/v2\/media\/12357"}],"wp:attachment":[{"href":"https:\/\/www.somatechnology.com\/spanish\/wp-json\/wp\/v2\/media?parent=12354"}],"wp:term":[{"taxonomy":"pwb-brand","embeddable":true,"href":"https:\/\/www.somatechnology.com\/spanish\/wp-json\/wp\/v2\/pwb-brand?post=12354"},{"taxonomy":"product_brand","embeddable":true,"href":"https:\/\/www.somatechnology.com\/spanish\/wp-json\/wp\/v2\/product_brand?post=12354"},{"taxonomy":"product_cat","embeddable":true,"href":"https:\/\/www.somatechnology.com\/spanish\/wp-json\/wp\/v2\/product_cat?post=12354"},{"taxonomy":"product_tag","embeddable":true,"href":"https:\/\/www.somatechnology.com\/spanish\/wp-json\/wp\/v2\/product_tag?post=12354"}],"curies":[{"name":"wp","href":"https:\/\/api.w.org\/{rel}","templated":true}]}}