{"id":12387,"date":"2018-08-30T20:02:27","date_gmt":"2018-08-30T20:02:27","guid":{"rendered":"https:\/\/www.somatechnology.com\/spanish\/?post_type=product&#038;p=12387"},"modified":"2023-08-23T06:30:25","modified_gmt":"2023-08-23T10:30:25","slug":"axia-mira-led-90","status":"publish","type":"product","link":"https:\/\/www.somatechnology.com\/spanish\/equipo-medico-usado-remanufacturado\/luces-de-cirugia-lamparas-quirurgicas\/axia-mira-led-90\/","title":{"rendered":"Axia Mira LED 90"},"content":{"rendered":"<h2>Caracter\u00edsticas Axia Mira LED 90<\/h2>\n<p>AXIA presenta el \u00faltimo adelanto en la cirug\u00eda menor y la tecnolog\u00eda de diagn\u00f3stico de iluminaci\u00f3n con la Axia mira 90 LED de luz m\u00e9dica. Los LED posicionados con precisi\u00f3n permiten un control de sombra superior, profundidad de campo y intensidad de luz. El Axia MIRA 90 LED ofrece una CRI de 95, una temperatura de color de 4500K y una intensidad de luz (luminancia central) de 90.000 lux (8571 FC) a 1m (39,37 \u00ab) que producen una excelente precisi\u00f3n de color para cirug\u00edas menores y ex\u00e1menes.<\/p>\n<p>El Axia MIRA 90 LED tiene un f\u00e1cil uso de la almohadilla de control para controlar las funciones de luz, incluyendo cinco niveles de atenuaci\u00f3n y un modo Endo. La manija desprendible se coloca ergon\u00f3micamente apagado al lado para maximizar el campo ligero y se puede girar para enfocar electr\u00f3nicamente la viga a un concentrado 6 \u00ab(15,24 cm) para los procedimientos quir\u00fargicos o 12\u00bb (30,48 cm) para los ex\u00e1menes m\u00e1s amplios.<\/p>\n<ul>\n<li>Dise\u00f1o delgado para reducir el desorden en peque\u00f1os espacios de trabajo.<\/li>\n<li>Los brazos largos ligeros permiten la colocaci\u00f3n f\u00e1cil.<\/li>\n<li>La \u00faltima tecnolog\u00eda del LED ofrece el alto CRI de 95 y de 4500 Kelvin para la exactitud excelente del color.<\/li>\n<li>Asa de giro para enfocar el haz luminoso.<\/li>\n<li>Manija removeble\/esterilizable.<\/li>\n<li>Coj\u00edn de control simple.<\/li>\n<\/ul>\n<h2>Especificaciones Axia Mira LED 90<\/h2>\n<h3>Especificaciones f\u00edsicas<\/h3>\n<ul>\n<li style=\"list-style-type: none;\">\n<ul>\n<li>Di\u00e1metro de v\u00e9rtigo: pulgadas 18<\/li>\n<li>Intensidad de luz (luminancia central): LX (FC) 90.000 lux (8.361 FC) @ 1m (39,37 \u00ab)<\/li>\n<li>Control de brillo:% 50-100<\/li>\n<li>Di\u00e1metro de campo ligero: pulgadas 6.5-12.0<\/li>\n<li>La profundidad de la iluminaci\u00f3n: pulgadas 94,5<\/li>\n<li>Gama de la altura (a la peque\u00f1a tapa)<\/li>\n<li>Alto: 30 \u00ab(76,2 cm)<\/li>\n<li>\u00cdndice de representaci\u00f3n de color: RA 95<\/li>\n<li>R9: pulgadas 90<\/li>\n<li>El peso del mareo: lbs 11<\/li>\n<li>Temperatura de color (est\u00e1ndar): K 4500<\/li>\n<\/ul>\n<\/li>\n<\/ul>\n<h3>Diluci\u00f3n de sombras<\/h3>\n<ul>\n<li style=\"list-style-type: none;\">\n<ul>\n<li>Single Mask: % 0.7<\/li>\n<li>M\u00e1scara doble:% 55,3<\/li>\n<li>Cavidad:% 100<\/li>\n<li>Sola m\u00e1scara con la cavidad:% 0,3<\/li>\n<li>M\u00e1scara doble con la cavidad:% 55,3<\/li>\n<li>N\u00famero de LED (principal): 36<\/li>\n<\/ul>\n<\/li>\n<\/ul>\n<h3>LED Service Life<\/h3>\n<ul>\n<li style=\"list-style-type: none;\">\n<ul>\n<li>50,000 Hours<\/li>\n<\/ul>\n<\/li>\n<\/ul>\n<h3>Energ\u00eda radiante total en la intensidad m\u00e1xima<\/h3>\n<ul>\n<li style=\"list-style-type: none;\">\n<ul>\n<li>W\/m\u00b2 231.4<\/li>\n<\/ul>\n<\/li>\n<\/ul>\n<h3>Fuente de alimentaci\u00f3n<\/h3>\n<ul>\n<li style=\"list-style-type: none;\">\n<ul>\n<li>Potencia: 100-240 VAC, 50\/60 Hz, 0,55 Amps<\/li>\n<li>Fuente de alimentaci\u00f3n: una fuente de alimentaci\u00f3n directa<\/li>\n<\/ul>\n<\/li>\n<\/ul>\n<h3>Mounting Options<\/h3>\n<ul>\n<li style=\"list-style-type: none;\">\n<ul>\n<li>Techo, pared, soporte del piso<\/li>\n<\/ul>\n<\/li>\n<\/ul>\n<h3>Certificados<\/h3>\n<ul>\n<li>cETLus conform to<\/li>\n<li>UL60601-1; UL60601-2-41;<\/li>\n<li>UL certified IP54 per<\/li>\n<li>IEC 60598<\/li>\n<\/ul>\n<p>&nbsp;<\/p>\n","protected":false},"excerpt":{"rendered":"<p>L\u00e1mparas Quir\u00fargicas<\/p>\n","protected":false},"featured_media":12388,"template":"","meta":{"_acf_changed":false,"_relevanssi_hide_post":"","_relevanssi_hide_content":"","_relevanssi_pin_for_all":"","_relevanssi_pin_keywords":"","_relevanssi_unpin_keywords":"","_relevanssi_related_keywords":"","_relevanssi_related_include_ids":"","_relevanssi_related_exclude_ids":"","_relevanssi_related_no_append":"","_relevanssi_related_not_related":"","_relevanssi_related_posts":"","_relevanssi_noindex_reason":"","inline_featured_image":false},"pwb-brand":[1098],"product_brand":[],"product_cat":[71],"product_tag":[5143,5144,5148,5149,4987,5145,5146,5147],"class_list":{"0":"post-12387","1":"product","2":"type-product","3":"status-publish","4":"has-post-thumbnail","6":"pwb-brand-equipo-medico-axia","7":"product_cat-luces-de-cirugia-lamparas-quirurgicas","8":"product_tag-axia-axia-lamparas-quirurgicas","9":"product_tag-axia-mira-lamparas-quirurgicas","10":"product_tag-axia-mira-led-90","11":"product_tag-axia-mira-led-90-lamparas-quirurgicas","12":"product_tag-lamparas-quirurgicas","13":"product_tag-mira-lamparas-quirurgicas","14":"product_tag-mira-led-90","15":"product_tag-mira-led-90-lamparas-quirurgicas","17":"first","18":"instock","19":"shipping-taxable","20":"purchasable","21":"product-type-simple"},"acf":[],"brands":[{"id":1098,"name":"Axia","slug":"equipo-medico-axia"}],"_links":{"self":[{"href":"https:\/\/www.somatechnology.com\/spanish\/wp-json\/wp\/v2\/product\/12387","targetHints":{"allow":["GET"]}}],"collection":[{"href":"https:\/\/www.somatechnology.com\/spanish\/wp-json\/wp\/v2\/product"}],"about":[{"href":"https:\/\/www.somatechnology.com\/spanish\/wp-json\/wp\/v2\/types\/product"}],"wp:featuredmedia":[{"embeddable":true,"href":"https:\/\/www.somatechnology.com\/spanish\/wp-json\/wp\/v2\/media\/12388"}],"wp:attachment":[{"href":"https:\/\/www.somatechnology.com\/spanish\/wp-json\/wp\/v2\/media?parent=12387"}],"wp:term":[{"taxonomy":"pwb-brand","embeddable":true,"href":"https:\/\/www.somatechnology.com\/spanish\/wp-json\/wp\/v2\/pwb-brand?post=12387"},{"taxonomy":"product_brand","embeddable":true,"href":"https:\/\/www.somatechnology.com\/spanish\/wp-json\/wp\/v2\/product_brand?post=12387"},{"taxonomy":"product_cat","embeddable":true,"href":"https:\/\/www.somatechnology.com\/spanish\/wp-json\/wp\/v2\/product_cat?post=12387"},{"taxonomy":"product_tag","embeddable":true,"href":"https:\/\/www.somatechnology.com\/spanish\/wp-json\/wp\/v2\/product_tag?post=12387"}],"curies":[{"name":"wp","href":"https:\/\/api.w.org\/{rel}","templated":true}]}}