{"id":12415,"date":"2018-09-04T15:17:22","date_gmt":"2018-09-04T15:17:22","guid":{"rendered":"https:\/\/www.somatechnology.com\/spanish\/?post_type=product&#038;p=12415"},"modified":"2023-08-23T06:30:28","modified_gmt":"2023-08-23T10:30:28","slug":"maquet-lucea-10-luz-de-examen","status":"publish","type":"product","link":"https:\/\/www.somatechnology.com\/spanish\/equipo-medico-usado-remanufacturado\/luces-de-cirugia-lamparas-quirurgicas\/maquet-lucea-10-luz-de-examen\/","title":{"rendered":"Maquet LUCEA 10 Luz de Examen"},"content":{"rendered":"<h2>Caracter\u00edsticas de la Luz de Examinaci\u00f3n Maquet LUCEA 10<\/h2>\n<p>La luz Lucea 10 entrega 50.000 lux a 50 cm, proporcionando una iluminaci\u00f3n ideal para todas las especialidades m\u00e9dicas. Con la representaci\u00f3n de color fiel (CRI 95), el Lucea 10 est\u00e1 particularmente bien adaptado para la dermatolog\u00eda. El uso de LEDs garantiza que la luz no d\u00e9 calor; Esta cualidad es muy deseada por phlebologists para distinguir entre las venas sanas y varicosas. Con las versiones Rail-mounted, del escritorio y del m\u00f3vil disponibles, Lucea 10 es conveniente para todos los ambientes del trabajo. Para facilitar las tareas cotidianas de los profesionales y evitar problemas de mantenimiento, la Lucea 10 utiliza LEDs que tienen una vida \u00fatil considerablemente m\u00e1s larga que las bombillas hal\u00f3genas, dejando a los profesionales libres de dedicar todo su tiempo a los pacientes.<\/p>\n<ul>\n<li>Las lentes HECOL especiales proporcionan la luz uniforme, homog\u00e9nea<\/li>\n<li>La luz blanca del LED reduce al m\u00ednimo sombras del molde<\/li>\n<li>\u00cdndice de representaci\u00f3n de color (CRI) fijado en 95 RA para la diferenciaci\u00f3n superior del tejido<\/li>\n<li>Vida \u00fatil del LED de hasta 35.000 horas<\/li>\n<li>Fabricados a partir de m\u00e1s de 80% de materiales reciclables; el empaquetado compacto, reciclable ayuda a reducir la basura<\/li>\n<li>Manija integrada para la colocaci\u00f3n f\u00e1cil, exacta<\/li>\n<li>2 modelos de cabezal luminoso. Disponible en versiones del techo, de la pared, del m\u00f3vil, del carril, y del escritorio<\/li>\n<li>Dise\u00f1o flexible del cuello de cisne ofrecido en el Lucea 10, ayudas con la colocaci\u00f3n exacta<\/li>\n<li>El brazo exclusivo del resorte de erg\u00f3dica, encontrado en el Lucea 40, promueve estabilidad de la cabeza ligera<\/li>\n<\/ul>\n<h2>Especificaciones de la Luz de Examinaci\u00f3n MAQUET Lucea 10<\/h2>\n<h3>Dimensiones de Iluminado<\/h3>\n<ul>\n<li>Tama\u00f1o: 223mm x 175mm\/8.8 en x x 6.9<\/li>\n<li>Peso: 0.8 kg\/1.8 lbs<\/li>\n<\/ul>\n<h3>Iluminaci\u00f3n<\/h3>\n<ul>\n<li>en 50 cm\/19,7 en (LX): 50.000<\/li>\n<li>en 1m\/39.4 en (LX): N\/a<\/li>\n<\/ul>\n<h3>Di\u00e1metro del campo<\/h3>\n<ul>\n<li>en 50 cm\/19,7 pulgadas (cm\/inches): 13\/5,1<\/li>\n<li>en 1 m\/39,4 pulgadas (cm\/inches): N\/a<\/li>\n<\/ul>\n<h3>Temperatura de color<\/h3>\n<ul>\n<li>4,500<\/li>\n<\/ul>\n<h3>\u00cdndice de representaci\u00f3n de color (CRI) (Ra)<\/h3>\n<ul>\n<li>95<\/li>\n<\/ul>\n<h3>Energ\u00eda clasificada (VA)<\/h3>\n<ul>\n<li>22<\/li>\n<\/ul>\n<h3>Consumo de energ\u00eda (Watt)<\/h3>\n<ul>\n<li>9<\/li>\n<\/ul>\n<h3>Voltaje nominal ( V DC)<\/h3>\n<ul>\n<li>40<\/li>\n<\/ul>\n<p>&nbsp;<\/p>\n","protected":false},"excerpt":{"rendered":"<p>Luz de Examen<\/p>\n","protected":false},"featured_media":12417,"template":"","meta":{"_acf_changed":false,"_relevanssi_hide_post":"","_relevanssi_hide_content":"","_relevanssi_pin_for_all":"","_relevanssi_pin_keywords":"","_relevanssi_unpin_keywords":"","_relevanssi_related_keywords":"","_relevanssi_related_include_ids":"","_relevanssi_related_exclude_ids":"","_relevanssi_related_no_append":"","_relevanssi_related_not_related":"","_relevanssi_related_posts":"","_relevanssi_noindex_reason":"","inline_featured_image":false},"pwb-brand":[1109],"product_brand":[],"product_cat":[71],"product_tag":[4987,5174,5180,519,5176,5177,5179,5178,5175],"class_list":{"0":"post-12415","1":"product","2":"type-product","3":"status-publish","4":"has-post-thumbnail","6":"pwb-brand-equipo-medico-maquet","7":"product_cat-luces-de-cirugia-lamparas-quirurgicas","8":"product_tag-lamparas-quirurgicas","9":"product_tag-luz-de-examen","10":"product_tag-maquest-lucea-10-luz-de-examen","11":"product_tag-maquet","12":"product_tag-maquet-lamparas-quirurgicas","13":"product_tag-maquet-lucea","14":"product_tag-maquet-lucea-10-lamparas-quirurgicas","15":"product_tag-maquet-lucea-lamparas-quirurgicas","16":"product_tag-maquet-luz-de-examen","18":"first","19":"instock","20":"shipping-taxable","21":"purchasable","22":"product-type-simple"},"acf":[],"brands":[{"id":1109,"name":"Maquet","slug":"equipo-medico-maquet"}],"_links":{"self":[{"href":"https:\/\/www.somatechnology.com\/spanish\/wp-json\/wp\/v2\/product\/12415","targetHints":{"allow":["GET"]}}],"collection":[{"href":"https:\/\/www.somatechnology.com\/spanish\/wp-json\/wp\/v2\/product"}],"about":[{"href":"https:\/\/www.somatechnology.com\/spanish\/wp-json\/wp\/v2\/types\/product"}],"wp:featuredmedia":[{"embeddable":true,"href":"https:\/\/www.somatechnology.com\/spanish\/wp-json\/wp\/v2\/media\/12417"}],"wp:attachment":[{"href":"https:\/\/www.somatechnology.com\/spanish\/wp-json\/wp\/v2\/media?parent=12415"}],"wp:term":[{"taxonomy":"pwb-brand","embeddable":true,"href":"https:\/\/www.somatechnology.com\/spanish\/wp-json\/wp\/v2\/pwb-brand?post=12415"},{"taxonomy":"product_brand","embeddable":true,"href":"https:\/\/www.somatechnology.com\/spanish\/wp-json\/wp\/v2\/product_brand?post=12415"},{"taxonomy":"product_cat","embeddable":true,"href":"https:\/\/www.somatechnology.com\/spanish\/wp-json\/wp\/v2\/product_cat?post=12415"},{"taxonomy":"product_tag","embeddable":true,"href":"https:\/\/www.somatechnology.com\/spanish\/wp-json\/wp\/v2\/product_tag?post=12415"}],"curies":[{"name":"wp","href":"https:\/\/api.w.org\/{rel}","templated":true}]}}