{"id":12418,"date":"2018-09-04T15:25:33","date_gmt":"2018-09-04T15:25:33","guid":{"rendered":"https:\/\/www.somatechnology.com\/spanish\/?post_type=product&#038;p=12418"},"modified":"2025-09-23T10:02:28","modified_gmt":"2025-09-23T14:02:28","slug":"harmony-led","status":"publish","type":"product","link":"https:\/\/www.somatechnology.com\/spanish\/equipo-medico-usado-remanufacturado\/luces-de-cirugia-lamparas-quirurgicas\/harmony-led\/","title":{"rendered":"Steris Harmony LED"},"content":{"rendered":"<h2>Caracter\u00edsticas Harmony LED<\/h2>\n<p>El sistema quir\u00fargico de iluminaci\u00f3n y visualizaci\u00f3n de la lampara <strong>Harmony LED<\/strong> es un patr\u00f3n variable, accesorio de iluminaci\u00f3n quir\u00fargico de la intensidad variable dise\u00f1ado para proporcionar la iluminaci\u00f3n visible del campo quir\u00fargico o del paciente para el personal de la sala de operaciones. El sistema tambi\u00e9n facilita el montaje del monitor y la transmisi\u00f3n de v\u00eddeo y se\u00f1ales de control opcionales.<\/p>\n<h3>Configuraciones comunes del sistema<\/h3>\n<ul>\n<li>Escoja: 585<\/li>\n<li>Dual: 585\/785<\/li>\n<li>Triple: 585\/585\/585<\/li>\n<li>Opcional<\/li>\n<\/ul>\n<ul>\n<li>Monitor de brazo de panel plano<\/li>\n<\/ul>\n<h2>Especificaciones Harmony LED<\/h2>\n<h3>Harmony LED 585<\/h3>\n<ul>\n<li>Max central iluminaci\u00f3n 160.000 lux (14.870 FC)<\/li>\n<li>Tama\u00f1o medio del patr\u00f3n 7-11 \u2033 (18-28 cm)<\/li>\n<li>Temperatura de color 4400K<\/li>\n<li>CRI (\u00edndice de representaci\u00f3n de color) 96<\/li>\n<li>R9 (\u00edndice rojo saturado profundo del color) 96<\/li>\n<li>Cociente de la calor-a-luz (mW\/m2-LX) 3,38<\/li>\n<li>Vida 30.000 hrs<\/li>\n<\/ul>\n<h3>Harmony LED 785<\/h3>\n<ul>\n<li>Max central iluminaci\u00f3n 160.000 lux (14.870 FC)<\/li>\n<li>Tama\u00f1os medios del patr\u00f3n 8.5-12 \u2033 (22-30 cm)<\/li>\n<li>Temperatura de color 4400K<\/li>\n<li>CRI (\u00edndice de representaci\u00f3n de color) 97<\/li>\n<li>R9 (\u00edndice rojo saturado profundo del color) 96<\/li>\n<li>Cociente de la calor-a-luz (mW\/m2-LX) 3,15<\/li>\n<li>Vida 30.000 hrs<\/li>\n<\/ul>\n<p>&nbsp;<\/p>\n<p>&nbsp;<\/p>\n","protected":false},"excerpt":{"rendered":"<p>L\u00e1mparas Quir\u00fargicas<\/p>\n","protected":false},"featured_media":12420,"template":"","meta":{"_acf_changed":false,"_relevanssi_hide_post":"","_relevanssi_hide_content":"","_relevanssi_pin_for_all":"","_relevanssi_pin_keywords":"","_relevanssi_unpin_keywords":"","_relevanssi_related_keywords":"","_relevanssi_related_include_ids":"","_relevanssi_related_exclude_ids":"","_relevanssi_related_no_append":"","_relevanssi_related_not_related":"","_relevanssi_related_posts":"","_relevanssi_noindex_reason":"","inline_featured_image":false},"pwb-brand":[1149],"product_brand":[],"product_cat":[71],"product_tag":[5181,5185,5186,5182,5183,5184,5187,4987],"class_list":{"0":"post-12418","1":"product","2":"type-product","3":"status-publish","4":"has-post-thumbnail","6":"pwb-brand-equipo-medico-steris","7":"product_cat-luces-de-cirugia-lamparas-quirurgicas","8":"product_tag-harmony","9":"product_tag-harmony-585","10":"product_tag-harmony-785","11":"product_tag-harmony-lamparas-quirurgicas","12":"product_tag-harmony-led","13":"product_tag-harmony-led-585-lamparas-quirurgicas","14":"product_tag-harmony-led-785-lamparas-quirurgicas","15":"product_tag-lamparas-quirurgicas","17":"first","18":"instock","19":"shipping-taxable","20":"purchasable","21":"product-type-simple"},"acf":[],"brands":[{"id":1149,"name":"Steris","slug":"equipo-medico-steris"}],"_links":{"self":[{"href":"https:\/\/www.somatechnology.com\/spanish\/wp-json\/wp\/v2\/product\/12418","targetHints":{"allow":["GET"]}}],"collection":[{"href":"https:\/\/www.somatechnology.com\/spanish\/wp-json\/wp\/v2\/product"}],"about":[{"href":"https:\/\/www.somatechnology.com\/spanish\/wp-json\/wp\/v2\/types\/product"}],"wp:featuredmedia":[{"embeddable":true,"href":"https:\/\/www.somatechnology.com\/spanish\/wp-json\/wp\/v2\/media\/12420"}],"wp:attachment":[{"href":"https:\/\/www.somatechnology.com\/spanish\/wp-json\/wp\/v2\/media?parent=12418"}],"wp:term":[{"taxonomy":"pwb-brand","embeddable":true,"href":"https:\/\/www.somatechnology.com\/spanish\/wp-json\/wp\/v2\/pwb-brand?post=12418"},{"taxonomy":"product_brand","embeddable":true,"href":"https:\/\/www.somatechnology.com\/spanish\/wp-json\/wp\/v2\/product_brand?post=12418"},{"taxonomy":"product_cat","embeddable":true,"href":"https:\/\/www.somatechnology.com\/spanish\/wp-json\/wp\/v2\/product_cat?post=12418"},{"taxonomy":"product_tag","embeddable":true,"href":"https:\/\/www.somatechnology.com\/spanish\/wp-json\/wp\/v2\/product_tag?post=12418"}],"curies":[{"name":"wp","href":"https:\/\/api.w.org\/{rel}","templated":true}]}}