{"id":12421,"date":"2018-09-04T15:39:10","date_gmt":"2018-09-04T15:39:10","guid":{"rendered":"https:\/\/www.somatechnology.com\/spanish\/?post_type=product&#038;p=12421"},"modified":"2023-08-23T06:30:29","modified_gmt":"2023-08-23T10:30:29","slug":"skytron-aurora-four","status":"publish","type":"product","link":"https:\/\/www.somatechnology.com\/spanish\/equipo-medico-usado-remanufacturado\/luces-de-cirugia-lamparas-quirurgicas\/skytron-aurora-four\/","title":{"rendered":"Skytron Aurora Four"},"content":{"rendered":"<h2>Caracter\u00edsticas \u00a0Skytron Aurora Four<\/h2>\n<p>Ahora con un tama\u00f1o y una intensidad m\u00e1s grandes del punto hasta 160.000 lux, las luces quir\u00fargicas de <strong>Aurora Four<\/strong> traen la iluminaci\u00f3n de profunda-cavidad a cualquier procedimiento. Con una tecnolog\u00eda \u00fanica de reflector, las luces minimizan dr\u00e1sticamente las sombras que oscurecen la visibilidad del sitio quir\u00fargico.<\/p>\n<ul>\n<li>Las luces Aurora Four se pueden colocar m\u00e1s lejos del paciente, abriendo la l\u00ednea de visi\u00f3n y minimizando el contacto f\u00edsico con el luminario.<\/li>\n<li>110 \u00b0 el recorrido vertical permite la colocaci\u00f3n hacia abajo para la cadera, OB-GYN y procedimientos de la Urolog\u00eda<\/li>\n<li>360 \u00b0 rotaci\u00f3n en todos los ejes y construcci\u00f3n ligera mantener el posicionamiento simple<\/li>\n<li>La estabilidad sin deriva mantiene las luces exactamente donde es necesario<\/li>\n<li>Un rendimiento confiable y un menor costo de propiedad traen paz mental<\/li>\n<li>La manija est\u00e9ril central ajusta la intensidad, el foco, y la colocaci\u00f3n<\/li>\n<li>Dise\u00f1o de reflector segmentado verticalmente para reducci\u00f3n de sombras<\/li>\n<li>Los LED hacia arriba-revestimiento \u00fanicos se suspenden en horquillas y mantienen el campo quir\u00fargico fresco y c\u00f3modo<\/li>\n<li>El tama\u00f1o grande del punto llena una cavidad con la luz incons\u00fatil<\/li>\n<li>24 \u00abo 30\u00bb cabezas ligeras del di\u00e1metro<\/li>\n<li>Intensidad m\u00e1xima hasta 160.000 lux<\/li>\n<li>La temperatura de color seleccionable de 4100K o de 4500K<\/li>\n<li>CRI de 96<\/li>\n<li>360 \u00b0 rotaci\u00f3n en todos los ejes<\/li>\n<li>Opciones disponibles para la c\u00e1mara<\/li>\n<\/ul>\n<h2>Especificaciones Skytron Aurora Four<\/h2>\n<h3>Dimensiones<\/h3>\n<ul>\n<li>Peso 141 lbs (64 kilogramos) del accesorio<\/li>\n<li>Carga de momento 653 ft lbs (885 N \u00b7 m)<\/li>\n<li>Altura m\u00ednima del techo 8 \u00b4 3-5\/8 \u02dd (2531mm)<\/li>\n<li>Altura m\u00e1xima del techo 10 \u00b4 4-1\/16 \u02dd (3151mm)<\/li>\n<\/ul>\n<h3>Informaci\u00f3n General<\/h3>\n<ul>\n<li>El\u00e9ctrico 100-240 VCA, 95-175VA, 50\/60 hertzios, 1 fase<\/li>\n<li>Intensidad m\u00e1xima en 1 metro (Lux) @ 4100K = 160.000; @ 4500K = 146.000<\/li>\n<li>CRI @ 4100K = 95 @ 4500K = 95<\/li>\n<li>Temperatura de color @ 4100K @ 4500K<\/li>\n<li>Irradiaci\u00f3n total (vatios\/m2) @ 4100K = 523,6; @ 4500K = 483,7<\/li>\n<li>R9 @ 4100K = 89 @ 4500K = 97<\/li>\n<li>Est\u00e1ndares ANSI\/AAMI ES60601-1:2005\/C1:2009\/a2:2010; CAN\/CSA-c 22.2 no. 60601,1:2008 Cor 2 2011; IEC 60601-2-41 (2\u00aa ed. 2009-08); IEC 60601-1-6 (3\u00aa Ed. 2010-01); IEC 60601-1-2 (3\u00aa Ed. 2007-03); Ce<\/li>\n<\/ul>\n<p>&nbsp;<\/p>\n","protected":false},"excerpt":{"rendered":"<p>L\u00e1mparas Quir\u00fargicas<\/p>\n","protected":false},"featured_media":12423,"template":"","meta":{"_acf_changed":false,"_relevanssi_hide_post":"","_relevanssi_hide_content":"","_relevanssi_pin_for_all":"","_relevanssi_pin_keywords":"","_relevanssi_unpin_keywords":"","_relevanssi_related_keywords":"","_relevanssi_related_include_ids":"","_relevanssi_related_exclude_ids":"","_relevanssi_related_no_append":"","_relevanssi_related_not_related":"","_relevanssi_related_posts":"","_relevanssi_noindex_reason":"","inline_featured_image":false},"pwb-brand":[1186],"product_brand":[],"product_cat":[71],"product_tag":[4987,2522,5190,5191,5189,5188],"class_list":{"0":"post-12421","1":"product","2":"type-product","3":"status-publish","4":"has-post-thumbnail","6":"pwb-brand-equipo-medico-skytron","7":"product_cat-luces-de-cirugia-lamparas-quirurgicas","8":"product_tag-lamparas-quirurgicas","9":"product_tag-skytron","10":"product_tag-skytron-aurora-four","11":"product_tag-skytron-aurora-four-lamparas-quirurgicas","12":"product_tag-skytron-aurora-lamparas-quirurgicas","13":"product_tag-skytron-lamparas-quirurgicas","15":"first","16":"instock","17":"shipping-taxable","18":"purchasable","19":"product-type-simple"},"acf":[],"brands":[{"id":1186,"name":"Skytron","slug":"equipo-medico-skytron"}],"_links":{"self":[{"href":"https:\/\/www.somatechnology.com\/spanish\/wp-json\/wp\/v2\/product\/12421","targetHints":{"allow":["GET"]}}],"collection":[{"href":"https:\/\/www.somatechnology.com\/spanish\/wp-json\/wp\/v2\/product"}],"about":[{"href":"https:\/\/www.somatechnology.com\/spanish\/wp-json\/wp\/v2\/types\/product"}],"wp:featuredmedia":[{"embeddable":true,"href":"https:\/\/www.somatechnology.com\/spanish\/wp-json\/wp\/v2\/media\/12423"}],"wp:attachment":[{"href":"https:\/\/www.somatechnology.com\/spanish\/wp-json\/wp\/v2\/media?parent=12421"}],"wp:term":[{"taxonomy":"pwb-brand","embeddable":true,"href":"https:\/\/www.somatechnology.com\/spanish\/wp-json\/wp\/v2\/pwb-brand?post=12421"},{"taxonomy":"product_brand","embeddable":true,"href":"https:\/\/www.somatechnology.com\/spanish\/wp-json\/wp\/v2\/product_brand?post=12421"},{"taxonomy":"product_cat","embeddable":true,"href":"https:\/\/www.somatechnology.com\/spanish\/wp-json\/wp\/v2\/product_cat?post=12421"},{"taxonomy":"product_tag","embeddable":true,"href":"https:\/\/www.somatechnology.com\/spanish\/wp-json\/wp\/v2\/product_tag?post=12421"}],"curies":[{"name":"wp","href":"https:\/\/api.w.org\/{rel}","templated":true}]}}