{"id":12424,"date":"2018-09-04T15:48:03","date_gmt":"2018-09-04T15:48:03","guid":{"rendered":"https:\/\/www.somatechnology.com\/spanish\/?post_type=product&#038;p=12424"},"modified":"2023-08-23T06:30:29","modified_gmt":"2023-08-23T10:30:29","slug":"skytron-stellar-xl","status":"publish","type":"product","link":"https:\/\/www.somatechnology.com\/spanish\/equipo-medico-usado-remanufacturado\/luces-de-cirugia-lamparas-quirurgicas\/skytron-stellar-xl\/","title":{"rendered":"Skytron Stellar XL"},"content":{"rendered":"<p><strong>Caracter\u00edsticas Skytron Stellar XL<\/strong><\/p>\n<p>Las luces quir\u00fargicas de la serie <strong>Stellar XL de Skytron<\/strong> (LED) son capaces de enfocar un punto de iluminaci\u00f3n de 4-3\/16 \u00ab(107mm) dentro de una columna de luz de 27\u00bb [686mm]. La salida ligera es 160.000 lux con una temperatura de color de 3696K, ofreciendo una correcci\u00f3n de color excelente (95) y un control de sombra \u00f3ptimo en el sitio quir\u00fargico. Ubicado dentro de un marco de pol\u00edmero ligero, Stellar XL ofrece un equilibrio ideal de peso, maniobrabilidad, y el rendimiento de iluminaci\u00f3n.<\/p>\n<p>Una cabeza de luz est\u00e1ndar es de 610 mm (24 \u00ab) con cinco vainas de LED enfocarles. Cada c\u00e1psula contiene siete LEDs individuales con tecnolog\u00eda de dise\u00f1o de reflector segmentado vertical (VSRD). La salida es 160.000 Lux por luz en una temperatura de color de 3696K. Cada cabezal de luz est\u00e1 equipado con un asa central esterilizarle para el posicionamiento y el enfoque est\u00e9riles. El lado de la luz incluye un bot\u00f3n de enfoque y asas de posicionamiento para el control no est\u00e9ril.<\/p>\n<ul>\n<li>El asa central est\u00e9ril ajusta el enfoque y la posici\u00f3n, permitiendo al cirujano fijar y olvidar la cabeza de la luz a una altura espec\u00edfica<\/li>\n<li>27 \u00abla gama de profundidad de enfoque total ampl\u00eda la distancia de trabajo sin mover la cabeza de la luz<\/li>\n<li>El dise\u00f1o verticalmente segmentado del reflector proporciona el control de sombra \u00f3ptimo y un punto homog\u00e9neo quebradizo<\/li>\n<li>Suspensi\u00f3n LED sistema (SLS) horquillas orientadas hacia arriba LED para el control t\u00e9rmico y un ambiente de trabajo c\u00f3modo<\/li>\n<li>Intensidad m\u00e1xima hasta 160.000 lux<\/li>\n<li>La temperatura de color c\u00e1lida natural proporciona la luz blanca para los usos de alta intensidad<\/li>\n<li>24 \u00abdi\u00e1metro de la cabeza de luz<\/li>\n<li>360 \u00b0 rotaci\u00f3n en todos los ejes<\/li>\n<li>La carcasa de pol\u00edmero ligero permite una f\u00e1cil maniobrabilidad y una durabilidad excepcional<\/li>\n<li>F\u00e1cil limpiar, control plano de la pared<\/li>\n<\/ul>\n<p>&nbsp;<\/p>\n","protected":false},"excerpt":{"rendered":"<p>L\u00e1mparas Quir\u00fargicas<\/p>\n","protected":false},"featured_media":12426,"template":"","meta":{"_acf_changed":false,"_relevanssi_hide_post":"","_relevanssi_hide_content":"","_relevanssi_pin_for_all":"","_relevanssi_pin_keywords":"","_relevanssi_unpin_keywords":"","_relevanssi_related_keywords":"","_relevanssi_related_include_ids":"","_relevanssi_related_exclude_ids":"","_relevanssi_related_no_append":"","_relevanssi_related_not_related":"","_relevanssi_related_posts":"","_relevanssi_noindex_reason":"","inline_featured_image":false},"pwb-brand":[1186],"product_brand":[],"product_cat":[71],"product_tag":[4987,2522,5188,5192,5193,5194,5195],"class_list":{"0":"post-12424","1":"product","2":"type-product","3":"status-publish","4":"has-post-thumbnail","6":"pwb-brand-equipo-medico-skytron","7":"product_cat-luces-de-cirugia-lamparas-quirurgicas","8":"product_tag-lamparas-quirurgicas","9":"product_tag-skytron","10":"product_tag-skytron-lamparas-quirurgicas","11":"product_tag-skytron-stellar","12":"product_tag-skytron-stellar-lamparas-quirurgicas","13":"product_tag-skytron-stellar-xl","14":"product_tag-skytron-stellar-xl-lamparas-quirurgicas","16":"first","17":"instock","18":"shipping-taxable","19":"purchasable","20":"product-type-simple"},"acf":[],"brands":[{"id":1186,"name":"Skytron","slug":"equipo-medico-skytron"}],"_links":{"self":[{"href":"https:\/\/www.somatechnology.com\/spanish\/wp-json\/wp\/v2\/product\/12424","targetHints":{"allow":["GET"]}}],"collection":[{"href":"https:\/\/www.somatechnology.com\/spanish\/wp-json\/wp\/v2\/product"}],"about":[{"href":"https:\/\/www.somatechnology.com\/spanish\/wp-json\/wp\/v2\/types\/product"}],"wp:featuredmedia":[{"embeddable":true,"href":"https:\/\/www.somatechnology.com\/spanish\/wp-json\/wp\/v2\/media\/12426"}],"wp:attachment":[{"href":"https:\/\/www.somatechnology.com\/spanish\/wp-json\/wp\/v2\/media?parent=12424"}],"wp:term":[{"taxonomy":"pwb-brand","embeddable":true,"href":"https:\/\/www.somatechnology.com\/spanish\/wp-json\/wp\/v2\/pwb-brand?post=12424"},{"taxonomy":"product_brand","embeddable":true,"href":"https:\/\/www.somatechnology.com\/spanish\/wp-json\/wp\/v2\/product_brand?post=12424"},{"taxonomy":"product_cat","embeddable":true,"href":"https:\/\/www.somatechnology.com\/spanish\/wp-json\/wp\/v2\/product_cat?post=12424"},{"taxonomy":"product_tag","embeddable":true,"href":"https:\/\/www.somatechnology.com\/spanish\/wp-json\/wp\/v2\/product_tag?post=12424"}],"curies":[{"name":"wp","href":"https:\/\/api.w.org\/{rel}","templated":true}]}}