{"id":12429,"date":"2018-09-04T16:02:56","date_gmt":"2018-09-04T16:02:56","guid":{"rendered":"https:\/\/www.somatechnology.com\/spanish\/?post_type=product&#038;p=12429"},"modified":"2023-08-23T06:30:31","modified_gmt":"2023-08-23T10:30:31","slug":"steris-harmony-air-m-serie","status":"publish","type":"product","link":"https:\/\/www.somatechnology.com\/spanish\/equipo-medico-usado-remanufacturado\/luces-de-cirugia-lamparas-quirurgicas\/steris-harmony-air-m-serie\/","title":{"rendered":"Steris Harmony AIR M-Serie"},"content":{"rendered":"<h2>Caracter\u00edsticas Steris HarmonyAIR M-Series<\/h2>\n<p>El sistema de iluminaci\u00f3n quir\u00fargica de la serie<strong> M de HarmonyAIR<\/strong> proporciona iluminaci\u00f3n quir\u00fargica excepcional del sitio, mientras que su suspensi\u00f3n capaz de HD es modular y aumentable, adapt\u00e1ndose a sus necesidades mientras que cambian.<\/p>\n<p>La serie M ofrece hasta 160.000 Lux de luz blanca y pura sobre un punto amplio y ajustable, lo que hace que el spot sea visiblemente m\u00e1s brillante. Esta viga m\u00e1s uniforme con los bordes quebradizos, definidos, significa menos ajuste de la luz para conseguir la iluminaci\u00f3n apropiada del sitio quir\u00fargico.<\/p>\n<ul>\n<li>Iluminaci\u00f3n de la viga gorda-m\u00e1s distribuci\u00f3n ligera uniforme a trav\u00e9s del punto<\/li>\n<li>Luz blanca pura-temperatura de color de 4400K +\/-300k<\/li>\n<li>Eficiente de energ\u00eda-consume 1\/3 el calor de la tecnolog\u00eda anterior del LED (modelo M-5 solamente)<\/li>\n<li>84 vigas superpuestas de luz pr\u00e1cticamente eliminan sombras de la cabeza y las manos de los cirujanos (modelo M-5 solamente)<\/li>\n<li>Mejor discriminaci\u00f3n tisular con un CRI de hasta 96<\/li>\n<li>Mejor discriminaci\u00f3n de los rojos profundos y saturados con un valor de R9 de hasta 98<\/li>\n<li>Un dise\u00f1o abierto de la arquitectura acomoda cualquier se\u00f1al de HD, sin importar el fabricante o el tipo de la se\u00f1al<\/li>\n<li>Crece con usted-agregue los mareos, luz ambiental, monitores, protector de la radiaci\u00f3n y en la c\u00e1mara ligera<\/li>\n<li>Agregar el sistema de conectividad de v\u00eddeo Harmony \u00ae ConnectPoint &#x2122; para la integraci\u00f3n de v\u00eddeo sin renovaciones costosas o implicadas<\/li>\n<li>Convierta las habitaciones generales a las suites especiales de forma r\u00e1pida y sencilla<\/li>\n<li>El panel plano, control f\u00e1cil de los yugos de la posici\u00f3n sostiene hasta 32 \u00abmonitores<\/li>\n<li>Los sistemas de suspensi\u00f3n son americanos-hechos y caracter\u00edstica STERIS-dise\u00f1o exclusivo<\/li>\n<\/ul>\n<h2>Especificaciones Steris HarmonyAIR M-Series<\/h2>\n<h3>Informaci\u00f3n General<\/h3>\n<ul>\n<li>Max iluminaci\u00f3n central M-5 mareos: 160.000 lux; M-7 mareo: 160.000 lux<\/li>\n<li>Tama\u00f1o medio del patr\u00f3n M-5 mareo: 7 \u2013 11 \u00ab(18-28cm); M-7 mareo: 8.5 \u00ab-12\u00bb (22-30cm)<\/li>\n<li>Temperatura de color M-5 mareo: 4400 +\/-300k; M-7 mareo: 4400 +\/-300k<\/li>\n<li>CRI (\u00edndice de representaci\u00f3n de color) mareo M-5: hasta 96; M-7 mareos: hasta 96<\/li>\n<li>R9 (\u00edndice rojo saturado profundo del color) mareo M-5: hasta 98; M-7 mareos: hasta 98<\/li>\n<li>Consumo de energ\u00eda M-5 mareo: 40 vatios; M-7 mareos: 200 vatios<\/li>\n<li>Cociente de la calor-a-luz (mW\/m2-1x) mareo M-5:3,1; M-7 mareo: 3,4<\/li>\n<li>Vida M-5 mareo: 60.000 hrs; M-7 mareos: 30000 hrs<\/li>\n<\/ul>\n<p>&nbsp;<\/p>\n","protected":false},"excerpt":{"rendered":"<p>L\u00e1mparas Quir\u00fargicas<\/p>\n","protected":false},"featured_media":12430,"template":"","meta":{"_acf_changed":false,"_relevanssi_hide_post":"","_relevanssi_hide_content":"","_relevanssi_pin_for_all":"","_relevanssi_pin_keywords":"","_relevanssi_unpin_keywords":"","_relevanssi_related_keywords":"","_relevanssi_related_include_ids":"","_relevanssi_related_exclude_ids":"","_relevanssi_related_no_append":"","_relevanssi_related_not_related":"","_relevanssi_related_posts":"","_relevanssi_noindex_reason":"","inline_featured_image":false},"pwb-brand":[1149],"product_brand":[],"product_cat":[71],"product_tag":[5207,5208,5182,4987,543,5196,5204,5199,5205,5206,5197,5158],"class_list":{"0":"post-12429","1":"product","2":"type-product","3":"status-publish","4":"has-post-thumbnail","6":"pwb-brand-equipo-medico-steris","7":"product_cat-luces-de-cirugia-lamparas-quirurgicas","8":"product_tag-air-m","9":"product_tag-air-m-serie-lamparas-quirurgicas","10":"product_tag-harmony-lamparas-quirurgicas","11":"product_tag-lamparas-quirurgicas","12":"product_tag-steris","13":"product_tag-steris-harmony","14":"product_tag-steris-harmony-air","15":"product_tag-steris-harmony-air-lamparas-quirurgicas","16":"product_tag-steris-harmony-air-m-serie","17":"product_tag-steris-harmony-air-m-serie-lamparas-quirurgicas","18":"product_tag-steris-harmony-lamparas-quirurgicas","19":"product_tag-steris-lamparas-quirurgicas","21":"first","22":"instock","23":"shipping-taxable","24":"purchasable","25":"product-type-simple"},"acf":[],"brands":[{"id":1149,"name":"Steris","slug":"equipo-medico-steris"}],"_links":{"self":[{"href":"https:\/\/www.somatechnology.com\/spanish\/wp-json\/wp\/v2\/product\/12429","targetHints":{"allow":["GET"]}}],"collection":[{"href":"https:\/\/www.somatechnology.com\/spanish\/wp-json\/wp\/v2\/product"}],"about":[{"href":"https:\/\/www.somatechnology.com\/spanish\/wp-json\/wp\/v2\/types\/product"}],"wp:featuredmedia":[{"embeddable":true,"href":"https:\/\/www.somatechnology.com\/spanish\/wp-json\/wp\/v2\/media\/12430"}],"wp:attachment":[{"href":"https:\/\/www.somatechnology.com\/spanish\/wp-json\/wp\/v2\/media?parent=12429"}],"wp:term":[{"taxonomy":"pwb-brand","embeddable":true,"href":"https:\/\/www.somatechnology.com\/spanish\/wp-json\/wp\/v2\/pwb-brand?post=12429"},{"taxonomy":"product_brand","embeddable":true,"href":"https:\/\/www.somatechnology.com\/spanish\/wp-json\/wp\/v2\/product_brand?post=12429"},{"taxonomy":"product_cat","embeddable":true,"href":"https:\/\/www.somatechnology.com\/spanish\/wp-json\/wp\/v2\/product_cat?post=12429"},{"taxonomy":"product_tag","embeddable":true,"href":"https:\/\/www.somatechnology.com\/spanish\/wp-json\/wp\/v2\/product_tag?post=12429"}],"curies":[{"name":"wp","href":"https:\/\/api.w.org\/{rel}","templated":true}]}}