{"id":12489,"date":"2018-09-06T20:33:50","date_gmt":"2018-09-06T20:33:50","guid":{"rendered":"https:\/\/www.somatechnology.com\/spanish\/?post_type=product&#038;p=12489"},"modified":"2024-11-15T16:02:13","modified_gmt":"2024-11-15T21:02:13","slug":"hausted-esc-silla-de-cirugia","status":"publish","type":"product","link":"https:\/\/www.somatechnology.com\/spanish\/equipo-medico-usado-remanufacturado\/camillas-de-transporte\/hausted-esc-silla-de-cirugia\/","title":{"rendered":"Hausted ESC Silla de Cirugia"},"content":{"rendered":"<div id=\"tabs\">\n<div class=\"tab-content\">\n<div id=\"descPane\" class=\"tab-pane active\">\n<div id=\"ctl00_ctl00_NestedMaster_PageContent_ctl00_ProductDescription1_DescriptionAjax\">\n<div class=\"widget productDescription\">\n<div class=\"innerSection\">\n<div class=\"content\">\n<div class=\"descriptionWrapper\">\n<h2><strong>Caracter\u00edsticas del\u00a0<\/strong>HAUSTED ESC Camilla-silla<\/h2>\n<p>El <strong>HAUSTED ESC Eye Camilla-silla<\/strong> quir\u00fargica es una plataforma quir\u00fargica m\u00f3vil para el ojo\/ENT, cirug\u00eda pl\u00e1stica, y otros procedimientos en una configuraci\u00f3n de la silla. La configuraci\u00f3n de la silla proporciona un ajuste reconfortante para el paciente; se convierte f\u00e1cilmente a la posici\u00f3n supina. Las articulaciones finas en el casco permiten la colocaci\u00f3n exacta de la cabeza y del cuello.<\/p>\n<ul>\n<li>Pieza de cabeza articulada de altura de perfil bajo con perillas de control de doble operaci\u00f3n<\/li>\n<li>Controles motorizados para el ajuste de la altura: 22,4 \u00aba 32\u00bb, resto del ACK: 0 \u00b0-80 \u00b0, secci\u00f3n de la pierna<\/li>\n<li>Trendelenburg: 0 \u00b0-6 \u00b0<\/li>\n<li>Palanca de liberaci\u00f3n del respaldo de emergencia para anular el respaldo<\/li>\n<li>el respaldo de la bater\u00eda de 24 VDC permite funciones de alimentaci\u00f3n cuando no se enchufa en una toma de corriente<\/li>\n<li>Superficie del paciente: 22 \u00abx 75\u00bb<\/li>\n<li>Capacidad del peso: 500 libras.<\/li>\n<\/ul>\n<\/div>\n<\/div>\n<\/div>\n<\/div>\n<\/div>\n<\/div>\n<\/div>\n<\/div>\n","protected":false},"excerpt":{"rendered":"<p>silla de Cirugia<\/p>\n","protected":false},"featured_media":31279,"template":"","meta":{"_acf_changed":false,"_relevanssi_hide_post":"","_relevanssi_hide_content":"","_relevanssi_pin_for_all":"","_relevanssi_pin_keywords":"","_relevanssi_unpin_keywords":"","_relevanssi_related_keywords":"","_relevanssi_related_include_ids":"","_relevanssi_related_exclude_ids":"","_relevanssi_related_no_append":"","_relevanssi_related_not_related":"","_relevanssi_related_posts":"","_relevanssi_noindex_reason":"","inline_featured_image":false},"pwb-brand":[1148],"product_brand":[],"product_cat":[4778],"product_tag":[5285,5319,5320,5322,5323,5324,5321,5318],"class_list":{"0":"post-12489","1":"product","2":"type-product","3":"status-publish","4":"has-post-thumbnail","6":"pwb-brand-camillas-hausted","7":"product_cat-camillas-de-transporte","8":"product_tag-camillas-de-transporte","9":"product_tag-hausted","10":"product_tag-hausted-camillas-de-transporte","11":"product_tag-hausted-esc","12":"product_tag-hausted-esc-camillas-de-transporte","13":"product_tag-hausted-esc-silla-de-cirugia","14":"product_tag-hausted-silla-de-cirugia","15":"product_tag-silla-de-cirugia","17":"first","18":"instock","19":"shipping-taxable","20":"purchasable","21":"product-type-simple"},"acf":[],"brands":[{"id":1148,"name":"Hausted","slug":"camillas-hausted"}],"_links":{"self":[{"href":"https:\/\/www.somatechnology.com\/spanish\/wp-json\/wp\/v2\/product\/12489","targetHints":{"allow":["GET"]}}],"collection":[{"href":"https:\/\/www.somatechnology.com\/spanish\/wp-json\/wp\/v2\/product"}],"about":[{"href":"https:\/\/www.somatechnology.com\/spanish\/wp-json\/wp\/v2\/types\/product"}],"wp:featuredmedia":[{"embeddable":true,"href":"https:\/\/www.somatechnology.com\/spanish\/wp-json\/wp\/v2\/media\/31279"}],"wp:attachment":[{"href":"https:\/\/www.somatechnology.com\/spanish\/wp-json\/wp\/v2\/media?parent=12489"}],"wp:term":[{"taxonomy":"pwb-brand","embeddable":true,"href":"https:\/\/www.somatechnology.com\/spanish\/wp-json\/wp\/v2\/pwb-brand?post=12489"},{"taxonomy":"product_brand","embeddable":true,"href":"https:\/\/www.somatechnology.com\/spanish\/wp-json\/wp\/v2\/product_brand?post=12489"},{"taxonomy":"product_cat","embeddable":true,"href":"https:\/\/www.somatechnology.com\/spanish\/wp-json\/wp\/v2\/product_cat?post=12489"},{"taxonomy":"product_tag","embeddable":true,"href":"https:\/\/www.somatechnology.com\/spanish\/wp-json\/wp\/v2\/product_tag?post=12489"}],"curies":[{"name":"wp","href":"https:\/\/api.w.org\/{rel}","templated":true}]}}