{"id":12497,"date":"2018-09-07T15:14:09","date_gmt":"2018-09-07T15:14:09","guid":{"rendered":"https:\/\/www.somatechnology.com\/spanish\/?post_type=product&#038;p=12497"},"modified":"2023-08-23T06:30:40","modified_gmt":"2023-08-23T10:30:40","slug":"stryker-1079-eye","status":"publish","type":"product","link":"https:\/\/www.somatechnology.com\/spanish\/equipo-medico-usado-remanufacturado\/camillas-de-transporte\/stryker-1079-eye\/","title":{"rendered":"Stryker 1079 Eye"},"content":{"rendered":"<h2>Caracter\u00edsticas de la camilla de transporte Stryker 1079 Eye<\/h2>\n<p>La camilla de transporte de cirug\u00eda ocular de<strong> Stryker 1079<\/strong> ofrece la mayor separaci\u00f3n de la cabeza-extremo en la industria, dando a cirujanos espacio amplio para maniobrar mientras que realiza procedimientos delicados del ojo. La superficie de trabajo fiable y dise\u00f1o m\u00f3vil se combinan para aumentar la seguridad del paciente y quir\u00fargico en todo. Ofrece la separaci\u00f3n del cabeza-fin para el acceso del cirujano con los controles de la colocaci\u00f3n metidos dentro del casco para permitir la articulaci\u00f3n completa.<\/p>\n<ul>\n<li>Colch\u00f3n de confort mejorado de 3 \u2033 (8 cm)<\/li>\n<li>Ruedas Omni Surface &#x2122; de 8 \u2033 (20 cm) con cubiertas de ruedas<\/li>\n<li>Respaldo neum\u00e1tico del cilindro dual<\/li>\n<li>Hidr\u00e1ulica de pedestal dual<\/li>\n<li>Los controles hidr\u00e1ulicos laterales doblan-abajo los carriles laterales<\/li>\n<li>Cuatro recept\u00e1culos I.V.<\/li>\n<li>Frenos de cierre centralizado con pedal de freno de pie y tim\u00f3n de direcci\u00f3n<\/li>\n<li>Trendelenburg sin manos<\/li>\n<li>Bandeja integrada del almacenaje con el sostenedor de botella de ox\u00edgeno<\/li>\n<li>Manejo retractable de la quinto-rueda<\/li>\n<li>Topes de goma<\/li>\n<li>Litera estacionaria del pie-fin<\/li>\n<li>Pedal UNI-Lower<\/li>\n<li>Cabezal de separaci\u00f3n mejorada de doble articulaci\u00f3n<\/li>\n<\/ul>\n<h2>Especificaciones de la camilla de transporte Stryker 1079 Eye<\/h2>\n<h3>Longitud x Ancho<\/h3>\n<ul>\n<li>90\u201d (229 cm) 31.5\u201d (80 cm)<\/li>\n<\/ul>\n<h3>Capacidad de peso<\/h3>\n<ul>\n<li>500 lbs. (227 kg)<\/li>\n<\/ul>\n<h3>Gama de la altura<\/h3>\n<ul>\n<li>34\u201d (86.4 cm)-22.25\u201d (56.5 cm).<\/li>\n<\/ul>\n<h3>Respaldo<\/h3>\n<ul>\n<li>0 \u030a \u2013 90 \u030a<\/li>\n<\/ul>\n<h3>Trend.\/Reverse tendencia<\/h3>\n<ul>\n<li>\u00b118 \u030a<\/li>\n<\/ul>\n<h3>Rieles laterales<\/h3>\n<ul>\n<li>13\u201d x 55\u201d (33 x 140 cm)<\/li>\n<\/ul>\n<h3>Superficie<\/h3>\n<ul>\n<li>26\u201d x 87\u201d (66 x 221 cm)<\/li>\n<\/ul>\n<p>&nbsp;<\/p>\n","protected":false},"excerpt":{"rendered":"<p>Camillas de Transporte<\/p>\n","protected":false},"featured_media":12499,"template":"","meta":{"_acf_changed":false,"_relevanssi_hide_post":"","_relevanssi_hide_content":"","_relevanssi_pin_for_all":"","_relevanssi_pin_keywords":"","_relevanssi_unpin_keywords":"","_relevanssi_related_keywords":"","_relevanssi_related_include_ids":"","_relevanssi_related_exclude_ids":"","_relevanssi_related_no_append":"","_relevanssi_related_not_related":"","_relevanssi_related_posts":"","_relevanssi_noindex_reason":"","inline_featured_image":false},"pwb-brand":[1079],"product_brand":[],"product_cat":[4778],"product_tag":[5285,178,5331,5332,5306],"class_list":{"0":"post-12497","1":"product","2":"type-product","3":"status-publish","4":"has-post-thumbnail","6":"pwb-brand-equipo-medico-stryker","7":"product_cat-camillas-de-transporte","8":"product_tag-camillas-de-transporte","9":"product_tag-stryker","10":"product_tag-stryker-1079","11":"product_tag-stryker-1079-camillas-de-transporte","12":"product_tag-stryker-camillas-de-transporte","14":"first","15":"instock","16":"shipping-taxable","17":"purchasable","18":"product-type-simple"},"acf":[],"brands":[{"id":1079,"name":"Stryker","slug":"equipo-medico-stryker"}],"_links":{"self":[{"href":"https:\/\/www.somatechnology.com\/spanish\/wp-json\/wp\/v2\/product\/12497","targetHints":{"allow":["GET"]}}],"collection":[{"href":"https:\/\/www.somatechnology.com\/spanish\/wp-json\/wp\/v2\/product"}],"about":[{"href":"https:\/\/www.somatechnology.com\/spanish\/wp-json\/wp\/v2\/types\/product"}],"wp:featuredmedia":[{"embeddable":true,"href":"https:\/\/www.somatechnology.com\/spanish\/wp-json\/wp\/v2\/media\/12499"}],"wp:attachment":[{"href":"https:\/\/www.somatechnology.com\/spanish\/wp-json\/wp\/v2\/media?parent=12497"}],"wp:term":[{"taxonomy":"pwb-brand","embeddable":true,"href":"https:\/\/www.somatechnology.com\/spanish\/wp-json\/wp\/v2\/pwb-brand?post=12497"},{"taxonomy":"product_brand","embeddable":true,"href":"https:\/\/www.somatechnology.com\/spanish\/wp-json\/wp\/v2\/product_brand?post=12497"},{"taxonomy":"product_cat","embeddable":true,"href":"https:\/\/www.somatechnology.com\/spanish\/wp-json\/wp\/v2\/product_cat?post=12497"},{"taxonomy":"product_tag","embeddable":true,"href":"https:\/\/www.somatechnology.com\/spanish\/wp-json\/wp\/v2\/product_tag?post=12497"}],"curies":[{"name":"wp","href":"https:\/\/api.w.org\/{rel}","templated":true}]}}