{"id":12503,"date":"2018-09-07T15:57:34","date_gmt":"2018-09-07T15:57:34","guid":{"rendered":"https:\/\/www.somatechnology.com\/spanish\/?post_type=product&#038;p=12503"},"modified":"2023-08-23T06:30:53","modified_gmt":"2023-08-23T10:30:53","slug":"stryker-1550","status":"publish","type":"product","link":"https:\/\/www.somatechnology.com\/spanish\/equipo-medico-usado-remanufacturado\/camillas-de-transporte\/stryker-1550\/","title":{"rendered":"Stryker 1550"},"content":{"rendered":"<h2>Caracter\u00edsticas de la camilla de trasnporte de Stryker 1550<\/h2>\n<p>La camilla de transporte el\u00e9ctrico de Stryker 1550 combina la funcionalidad de una cama de hospital con la movilidad y la durabilidad de un ensanchador. La versatilidad de la operaci\u00f3n manual a el\u00e9ctrica le da al cuidador la flexibilidad para manejar cualquier situaci\u00f3n a medida que las necesidades del paciente cambian. La caracter\u00edstica dominante de la comodidad incluye los controles el\u00e9ctricos del lado-carril que permiten los ajustes del paciente.<\/p>\n<ul>\n<li>29 \u00ab(74 cm) X 76\u00bb (193 cm) superficie del paciente<\/li>\n<li>Nuevo upgraded 4 \u00abcolch\u00f3n de la espuma de la memoria del grado del hospital<\/li>\n<li>Rieles laterales abatibles con controles de paciente el\u00e9ctricos incorporados para la cabeza y la rodilla<\/li>\n<li>Controles el\u00e9ctricos y manivelas manuales para la cabeza y la rodilla<\/li>\n<li>Manijas duales del lanzamiento del CPR para Fowler<\/li>\n<li>echadores de la superficie de 8 \u00ab(los 20cm) Omni<\/li>\n<li>Cuatro recept\u00e1culos de poste IV para los postes desprendibles del intravenoso<\/li>\n<li>Frenos de anillo de acero de cuatro ruedas con cierre centralizado con activadores de dos extremos<\/li>\n<li>Direcci\u00f3n de la quinto-rueda para la movilidad mejorada<\/li>\n<li>Trendelenburg sin manos y Trendelenburg reverso<\/li>\n<li>Funci\u00f3n hidr\u00e1ulica de HI\/lo con pedales de control en los lados y en el pie-fin<\/li>\n<li>Pedales dobles unilower en los lados<\/li>\n<li>Bandeja integrada del almacenaje con el sostenedor\/Li de la botella de ox\u00edgeno<\/li>\n<li>Topes\/Li de goma de la cuatro-esquina<\/li>\n<li>500 lb (228 kg) capacidad de peso<\/li>\n<\/ul>\n<h2>Specifications Stryker 1550<\/h2>\n<h3>Informcaci\u00f3n General<\/h3>\n<ul>\n<li>Largura total: 83,5 \u00ab<\/li>\n<li>Anchura total: 34 \u00ab<\/li>\n<li>Capacidad de peso: 500lbs.<\/li>\n<li>Gama de la altura alta: 35 \u00ab<\/li>\n<li>Gama de la altura baja: 22 \u00ab<\/li>\n<li>Colocaci\u00f3n de la litera: el\u00e9ctrico<\/li>\n<li>Soportes: 0-70 DEG. manual<\/li>\n<li>Respaldo: 0-90 deg.<\/li>\n<li>Gatch de la rodilla: 0-30 DEG.<\/li>\n<li>Tendencia\/tendencia reversa: +\/-18 grados.<\/li>\n<li>Superficie del paciente: 30 \u00abX 75,5\u00bb<\/li>\n<li>Carriles laterales: 13 \u00abX 55\u201d<\/li>\n<\/ul>\n<p>&nbsp;<\/p>\n","protected":false},"excerpt":{"rendered":"<p>Camillas de Transporte<\/p>\n","protected":false},"featured_media":12505,"template":"","meta":{"_acf_changed":false,"_relevanssi_hide_post":"","_relevanssi_hide_content":"","_relevanssi_pin_for_all":"","_relevanssi_pin_keywords":"","_relevanssi_unpin_keywords":"","_relevanssi_related_keywords":"","_relevanssi_related_include_ids":"","_relevanssi_related_exclude_ids":"","_relevanssi_related_no_append":"","_relevanssi_related_not_related":"","_relevanssi_related_posts":"","_relevanssi_noindex_reason":"","inline_featured_image":false},"pwb-brand":[1079],"product_brand":[],"product_cat":[4778],"product_tag":[5285,178,5336,5337,5306],"class_list":{"0":"post-12503","1":"product","2":"type-product","3":"status-publish","4":"has-post-thumbnail","6":"pwb-brand-equipo-medico-stryker","7":"product_cat-camillas-de-transporte","8":"product_tag-camillas-de-transporte","9":"product_tag-stryker","10":"product_tag-stryker-1550","11":"product_tag-stryker-1550-camillas-de-transporte","12":"product_tag-stryker-camillas-de-transporte","14":"first","15":"instock","16":"shipping-taxable","17":"purchasable","18":"product-type-simple"},"acf":[],"brands":[{"id":1079,"name":"Stryker","slug":"equipo-medico-stryker"}],"_links":{"self":[{"href":"https:\/\/www.somatechnology.com\/spanish\/wp-json\/wp\/v2\/product\/12503","targetHints":{"allow":["GET"]}}],"collection":[{"href":"https:\/\/www.somatechnology.com\/spanish\/wp-json\/wp\/v2\/product"}],"about":[{"href":"https:\/\/www.somatechnology.com\/spanish\/wp-json\/wp\/v2\/types\/product"}],"wp:featuredmedia":[{"embeddable":true,"href":"https:\/\/www.somatechnology.com\/spanish\/wp-json\/wp\/v2\/media\/12505"}],"wp:attachment":[{"href":"https:\/\/www.somatechnology.com\/spanish\/wp-json\/wp\/v2\/media?parent=12503"}],"wp:term":[{"taxonomy":"pwb-brand","embeddable":true,"href":"https:\/\/www.somatechnology.com\/spanish\/wp-json\/wp\/v2\/pwb-brand?post=12503"},{"taxonomy":"product_brand","embeddable":true,"href":"https:\/\/www.somatechnology.com\/spanish\/wp-json\/wp\/v2\/product_brand?post=12503"},{"taxonomy":"product_cat","embeddable":true,"href":"https:\/\/www.somatechnology.com\/spanish\/wp-json\/wp\/v2\/product_cat?post=12503"},{"taxonomy":"product_tag","embeddable":true,"href":"https:\/\/www.somatechnology.com\/spanish\/wp-json\/wp\/v2\/product_tag?post=12503"}],"curies":[{"name":"wp","href":"https:\/\/api.w.org\/{rel}","templated":true}]}}