{"id":12511,"date":"2018-09-07T18:38:44","date_gmt":"2018-09-07T18:38:44","guid":{"rendered":"https:\/\/www.somatechnology.com\/spanish\/?post_type=product&#038;p=12511"},"modified":"2026-03-20T15:38:38","modified_gmt":"2026-03-20T19:38:38","slug":"stryker-mx-pro","status":"publish","type":"product","link":"https:\/\/www.somatechnology.com\/spanish\/equipo-medico-usado-remanufacturado\/camillas-de-transporte\/stryker-mx-pro\/","title":{"rendered":"Stryker MX-Pro"},"content":{"rendered":"<h2>Caracter\u00edsticas de la Camilla Stryker MX-Pro<\/h2>\n<p>La camilla de transporte de <strong>Stryker MX-Pro<\/strong> es ligera, duradera y de r\u00e1pida manipulaci\u00f3n. Cuenta con una capacidad de peso de 650 lbs, sin embargo, pesa s\u00f3lo 81 lb. Usted consigue una capa ligera, fuerte, duradera y f\u00e1cil de manejar. La operaci\u00f3n de una mano de un respaldo, de un riel lateral, de una secci\u00f3n de la cabeza de ruptura y de una barra de seguridad libera al usuario para realizar tareas que salvan vidas. La elevaci\u00f3n del pie-fin, el dise\u00f1o del apret\u00f3n y los controles del pie duplicados proporcionan una ergonom\u00eda que acomoda a operadores de diversos tama\u00f1os.<\/p>\n<ul>\n<li>Dise\u00f1o de barra de elevaci\u00f3n cient\u00edficamente optimizado<\/li>\n<li>Ajuste de altura de acci\u00f3n positiva<\/li>\n<li>Una secci\u00f3n de la cabeza de liberaci\u00f3n de una sola mano con barra de seguridad<\/li>\n<li>Ruedas de gran tama\u00f1o maximizan la movilidad en todo tipo de terreno<\/li>\n<li>Colch\u00f3n herm\u00e9tico resistente del l\u00edquido del collar\u00edn<\/li>\n<li>Dos cinturones de regazo<\/li>\n<li>Lanzamiento de la mano \u00fanica, dobla abajo los carriles laterales<\/li>\n<li>El lanzamiento de la uno-mano, colocaci\u00f3n infinita, elevaci\u00f3n apoya el respaldo neum\u00e1tico<\/li>\n<li>Los rieles laterales abatibles permiten el acceso del cuidador-paciente incluso en los espacios m\u00e1s peque\u00f1os.<\/li>\n<\/ul>\n","protected":false},"excerpt":{"rendered":"<p>Camilas de Transporte<\/p>\n","protected":false},"featured_media":33490,"template":"","meta":{"_acf_changed":false,"_relevanssi_hide_post":"","_relevanssi_hide_content":"","_relevanssi_pin_for_all":"","_relevanssi_pin_keywords":"","_relevanssi_unpin_keywords":"","_relevanssi_related_keywords":"","_relevanssi_related_include_ids":"","_relevanssi_related_exclude_ids":"","_relevanssi_related_no_append":"","_relevanssi_related_not_related":"","_relevanssi_related_posts":"","_relevanssi_noindex_reason":"","inline_featured_image":false},"pwb-brand":[1079],"product_brand":[],"product_cat":[4778],"product_tag":[5285,5344,178,5306,5343,5342],"class_list":{"0":"post-12511","1":"product","2":"type-product","3":"status-publish","4":"has-post-thumbnail","6":"pwb-brand-equipo-medico-stryker","7":"product_cat-camillas-de-transporte","8":"product_tag-camillas-de-transporte","9":"product_tag-mx-pro","10":"product_tag-stryker","11":"product_tag-stryker-camillas-de-transporte","12":"product_tag-stryker-mx-pro-camillas-de-transporte","13":"product_tag-stryker-mx-pro","15":"first","16":"instock","17":"shipping-taxable","18":"purchasable","19":"product-type-simple"},"acf":[],"brands":[{"id":1079,"name":"Stryker","slug":"equipo-medico-stryker"}],"_links":{"self":[{"href":"https:\/\/www.somatechnology.com\/spanish\/wp-json\/wp\/v2\/product\/12511","targetHints":{"allow":["GET"]}}],"collection":[{"href":"https:\/\/www.somatechnology.com\/spanish\/wp-json\/wp\/v2\/product"}],"about":[{"href":"https:\/\/www.somatechnology.com\/spanish\/wp-json\/wp\/v2\/types\/product"}],"wp:featuredmedia":[{"embeddable":true,"href":"https:\/\/www.somatechnology.com\/spanish\/wp-json\/wp\/v2\/media\/33490"}],"wp:attachment":[{"href":"https:\/\/www.somatechnology.com\/spanish\/wp-json\/wp\/v2\/media?parent=12511"}],"wp:term":[{"taxonomy":"pwb-brand","embeddable":true,"href":"https:\/\/www.somatechnology.com\/spanish\/wp-json\/wp\/v2\/pwb-brand?post=12511"},{"taxonomy":"product_brand","embeddable":true,"href":"https:\/\/www.somatechnology.com\/spanish\/wp-json\/wp\/v2\/product_brand?post=12511"},{"taxonomy":"product_cat","embeddable":true,"href":"https:\/\/www.somatechnology.com\/spanish\/wp-json\/wp\/v2\/product_cat?post=12511"},{"taxonomy":"product_tag","embeddable":true,"href":"https:\/\/www.somatechnology.com\/spanish\/wp-json\/wp\/v2\/product_tag?post=12511"}],"curies":[{"name":"wp","href":"https:\/\/api.w.org\/{rel}","templated":true}]}}