{"id":12581,"date":"2018-09-12T13:38:32","date_gmt":"2018-09-12T13:38:32","guid":{"rendered":"https:\/\/www.somatechnology.com\/spanish\/?post_type=product&#038;p=12581"},"modified":"2023-08-23T06:31:10","modified_gmt":"2023-08-23T10:31:10","slug":"integra-mayfield-modified-a1059-pinza-craneal","status":"publish","type":"product","link":"https:\/\/www.somatechnology.com\/spanish\/equipo-medico-usado-remanufacturado\/neurocirugia\/integra-mayfield-modified-a1059-pinza-craneal\/","title":{"rendered":"Integra MAYFIELD Modificada A1059 Abrazadera Craneal"},"content":{"rendered":"<h2>Caracter\u00edsticas de la Integra MAYFIELD Modificada A1059 Abrazadera Craneal<\/h2>\n<p>Soma ofrece la <strong>Abrazadera Craneal Integra MAYFIELD Modificada A1059<\/strong> reacondicionada hasta un 50 % por debajo del costo de la nueva. La abrazadera craneal MAYFIELD A1059 ofrece fijaci\u00f3n esquel\u00e9tica de 3 puntos, sosteniendo la cabeza y el cuello en una posici\u00f3n espec\u00edfica para procedimientos craneales, espinales o neuroquir\u00fargicos. Ofreciendo flexibilidad en el posicionamiento de los clavos craneales. La abrazadera craneal se encuentra un poco m\u00e1s baja que la posici\u00f3n del reposacabezas para brindar un mejor apoyo al paciente.<\/p>\n<ul>\n<li>Flexibilidad del posicionamiento de los clavos craneales<\/li>\n<li>Fijaci\u00f3n esquel\u00e9tica de 3 puntos<\/li>\n<li>Ofrezca un tornillo de torsi\u00f3n de 80 libras<\/li>\n<li>Bloqueo de liberaci\u00f3n r\u00e1pida<\/li>\n<\/ul>\n<p>&nbsp;<\/p>\n","protected":false},"excerpt":{"rendered":"<p>Neurocirug\u00eda<\/p>\n","protected":false},"featured_media":25301,"template":"","meta":{"_acf_changed":false,"_relevanssi_hide_post":"","_relevanssi_hide_content":"","_relevanssi_pin_for_all":"","_relevanssi_pin_keywords":"","_relevanssi_unpin_keywords":"","_relevanssi_related_keywords":"","_relevanssi_related_include_ids":"","_relevanssi_related_exclude_ids":"","_relevanssi_related_no_append":"","_relevanssi_related_not_related":"","_relevanssi_related_posts":"","_relevanssi_noindex_reason":"","inline_featured_image":false},"pwb-brand":[1146],"product_brand":[],"product_cat":[90],"product_tag":[3408,5411,5418,5420,5421,5423,5422,5419,5410,3407],"class_list":{"0":"post-12581","1":"product","2":"type-product","3":"status-publish","4":"has-post-thumbnail","6":"pwb-brand-equipo-medico-integra","7":"product_cat-neurocirugia","8":"product_tag-integra","9":"product_tag-integra-mayfield","10":"product_tag-integra-mayfield-a1059","11":"product_tag-integra-mayfield-a1059-neurocirugia","12":"product_tag-integra-mayfield-a1059-skull-clamp","13":"product_tag-integra-mayfield-modified-a1059-skull-clamp","14":"product_tag-integra-mayfield-modified-a1059-skull-clamp-neurocirugia","15":"product_tag-integra-mayfield-neurocirugia","16":"product_tag-integra-neurocirugia","17":"product_tag-neurocirugia","19":"first","20":"instock","21":"shipping-taxable","22":"purchasable","23":"product-type-simple"},"acf":[],"brands":[{"id":1146,"name":"Integra","slug":"equipo-medico-integra"}],"_links":{"self":[{"href":"https:\/\/www.somatechnology.com\/spanish\/wp-json\/wp\/v2\/product\/12581","targetHints":{"allow":["GET"]}}],"collection":[{"href":"https:\/\/www.somatechnology.com\/spanish\/wp-json\/wp\/v2\/product"}],"about":[{"href":"https:\/\/www.somatechnology.com\/spanish\/wp-json\/wp\/v2\/types\/product"}],"wp:featuredmedia":[{"embeddable":true,"href":"https:\/\/www.somatechnology.com\/spanish\/wp-json\/wp\/v2\/media\/25301"}],"wp:attachment":[{"href":"https:\/\/www.somatechnology.com\/spanish\/wp-json\/wp\/v2\/media?parent=12581"}],"wp:term":[{"taxonomy":"pwb-brand","embeddable":true,"href":"https:\/\/www.somatechnology.com\/spanish\/wp-json\/wp\/v2\/pwb-brand?post=12581"},{"taxonomy":"product_brand","embeddable":true,"href":"https:\/\/www.somatechnology.com\/spanish\/wp-json\/wp\/v2\/product_brand?post=12581"},{"taxonomy":"product_cat","embeddable":true,"href":"https:\/\/www.somatechnology.com\/spanish\/wp-json\/wp\/v2\/product_cat?post=12581"},{"taxonomy":"product_tag","embeddable":true,"href":"https:\/\/www.somatechnology.com\/spanish\/wp-json\/wp\/v2\/product_tag?post=12581"}],"curies":[{"name":"wp","href":"https:\/\/api.w.org\/{rel}","templated":true}]}}