{"id":12608,"date":"2018-09-12T19:05:56","date_gmt":"2018-09-12T19:05:56","guid":{"rendered":"https:\/\/www.somatechnology.com\/spanish\/?post_type=product&#038;p=12608"},"modified":"2026-01-03T04:29:51","modified_gmt":"2026-01-03T09:29:51","slug":"integra-mayfield-a1051-reposacabezas-de-herradura-pediatrico","status":"publish","type":"product","link":"https:\/\/www.somatechnology.com\/spanish\/equipo-medico-usado-remanufacturado\/neurocirugia\/integra-mayfield-a1051-reposacabezas-de-herradura-pediatrico\/","title":{"rendered":"Integra MAYFIELD A1051 Reposacabezas de Herradura Pedi\u00e1trico"},"content":{"rendered":"<div class=\"wpb-content-wrapper\"><p>[vc_row][vc_column][vc_column_text css=\u00bb\u00bb]<\/p>\n<h2>Caracter\u00edsticas del Reposacabezas Pedi\u00e1trico Integra MAYFIELD A1051<\/h2>\n<p>Soma ofrece el reposacabezas de herradura pedi\u00e1trico <strong>Integra Mayfield A1051<\/strong> reacondicionado hasta un 50 % por debajo del costo de uno nuevo. Este <a href=\"https:\/\/www.somatechnology.com\/pdfFiles\/Integra-MAYFIELD-Pediatric-Horseshoe-Headrest-A1051.pdf\">reposacabezas pedi\u00e1trico Mayfield<\/a> permite un soporte no invasivo para ni\u00f1os y beb\u00e9s mayores de 5 a\u00f1os. El A1051 ofrece soporte craneal en una variedad de posiciones diferentes, incluidas prona y supina.<\/p>\n<ul>\n<li>Compatible con diferentes adaptadores para conectar al sistema de posicionamiento del paciente.<\/li>\n<li>Posicionamiento flexible del paciente con ajustes verticales y horizontales.<\/li>\n<li>Almohadillas de gel opcionales que no est\u00e1n incluidas en el paquete est\u00e1ndar.<\/li>\n<\/ul>\n<p>&nbsp;<\/p>\n<div id=\"mttContainer\" class=\"notranslate\" style=\"transform: translate(1150px, 95px);\" aria-expanded=\"false\"><\/div>\n<p>[\/vc_column_text][\/vc_column][\/vc_row]<\/p>\n<\/div>","protected":false},"excerpt":{"rendered":"<p>Neurocirug\u00edan<\/p>\n","protected":false},"featured_media":25279,"template":"","meta":{"_acf_changed":false,"_relevanssi_hide_post":"","_relevanssi_hide_content":"","_relevanssi_pin_for_all":"","_relevanssi_pin_keywords":"","_relevanssi_unpin_keywords":"","_relevanssi_related_keywords":"","_relevanssi_related_include_ids":"","_relevanssi_related_exclude_ids":"","_relevanssi_related_no_append":"","_relevanssi_related_not_related":"","_relevanssi_related_posts":"","_relevanssi_noindex_reason":"","inline_featured_image":false},"pwb-brand":[1146],"product_brand":[],"product_cat":[90],"product_tag":[3408,5411,5471,5470,5469,5468,5467,3407],"class_list":{"0":"post-12608","1":"product","2":"type-product","3":"status-publish","4":"has-post-thumbnail","6":"pwb-brand-equipo-medico-integra","7":"product_cat-neurocirugia","8":"product_tag-integra","9":"product_tag-integra-mayfield","10":"product_tag-integra-mayfield-a1051","11":"product_tag-integra-mayfield-a1051-neurocirugia","12":"product_tag-integra-mayfield-a1051-reposacabezas-de-herradura","13":"product_tag-integra-mayfield-a1051-reposacabezas-de-herradura-pediatrico","14":"product_tag-integra-mayfield-a1051-reposacabezas-de-herradura-pediatrico-neurocirugia","15":"product_tag-neurocirugia","17":"first","18":"instock","19":"shipping-taxable","20":"purchasable","21":"product-type-simple"},"acf":[],"brands":[{"id":1146,"name":"Integra","slug":"equipo-medico-integra"}],"_links":{"self":[{"href":"https:\/\/www.somatechnology.com\/spanish\/wp-json\/wp\/v2\/product\/12608","targetHints":{"allow":["GET"]}}],"collection":[{"href":"https:\/\/www.somatechnology.com\/spanish\/wp-json\/wp\/v2\/product"}],"about":[{"href":"https:\/\/www.somatechnology.com\/spanish\/wp-json\/wp\/v2\/types\/product"}],"wp:featuredmedia":[{"embeddable":true,"href":"https:\/\/www.somatechnology.com\/spanish\/wp-json\/wp\/v2\/media\/25279"}],"wp:attachment":[{"href":"https:\/\/www.somatechnology.com\/spanish\/wp-json\/wp\/v2\/media?parent=12608"}],"wp:term":[{"taxonomy":"pwb-brand","embeddable":true,"href":"https:\/\/www.somatechnology.com\/spanish\/wp-json\/wp\/v2\/pwb-brand?post=12608"},{"taxonomy":"product_brand","embeddable":true,"href":"https:\/\/www.somatechnology.com\/spanish\/wp-json\/wp\/v2\/product_brand?post=12608"},{"taxonomy":"product_cat","embeddable":true,"href":"https:\/\/www.somatechnology.com\/spanish\/wp-json\/wp\/v2\/product_cat?post=12608"},{"taxonomy":"product_tag","embeddable":true,"href":"https:\/\/www.somatechnology.com\/spanish\/wp-json\/wp\/v2\/product_tag?post=12608"}],"curies":[{"name":"wp","href":"https:\/\/api.w.org\/{rel}","templated":true}]}}