{"id":12660,"date":"2018-09-14T15:04:01","date_gmt":"2018-09-14T15:04:01","guid":{"rendered":"https:\/\/www.somatechnology.com\/spanish\/?post_type=product&#038;p=12660"},"modified":"2023-08-23T06:31:27","modified_gmt":"2023-08-23T10:31:27","slug":"integra-mayfield-a2008-tri-star-adaptador-giratorio","status":"publish","type":"product","link":"https:\/\/www.somatechnology.com\/spanish\/equipo-medico-usado-remanufacturado\/neurocirugia\/integra-mayfield-a2008-tri-star-adaptador-giratorio\/","title":{"rendered":"Integra MAYFIELD A2008 Tri-Star Adaptador giratorio"},"content":{"rendered":"<h2>Caracter\u00edsticas del Adaptador Integra MAYFIELD A2008 Tri-Star Swivel<\/h2>\n<p>Soma ofrece el<strong>Tri-Star de Integra Mayfield (A2008)<\/strong><strong>\u00a0<\/strong>reacondicionado hasta un 50 % por debajo del costo de uno nuevo.\u00a0<span class=\"TextRun SCXW206150300 BCX0\" lang=\"EN-US\" xml:lang=\"EN-US\" data-contrast=\"auto\"><span class=\"NormalTextRun SCXW206150300 BCX0\">Soma <\/span><span class=\"NormalTextRun SpellingErrorV2Themed SCXW206150300 BCX0\">ofrece<\/span> <span class=\"NormalTextRun SpellingErrorV2Themed SCXW206150300 BCX0\">el<\/span> <span class=\"NormalTextRun SpellingErrorV2Themed SCXW206150300 BCX0\">Adaptador<\/span> <span class=\"NormalTextRun SpellingErrorV2Themed SCXW206150300 BCX0\">Giratorio<\/span><span class=\"NormalTextRun SCXW206150300 BCX0\"> Integra Mayfield Tri-Star A2008 que <\/span><span class=\"NormalTextRun SpellingErrorV2Themed SCXW206150300 BCX0\">proporciona<\/span> <span class=\"NormalTextRun SpellingErrorV2Themed SCXW206150300 BCX0\">una<\/span> <span class=\"NormalTextRun SpellingErrorV2Themed SCXW206150300 BCX0\">flexibilidad<\/span> <span class=\"NormalTextRun SpellingErrorV2Themed SCXW206150300 BCX0\">\u00f3ptima<\/span> <span class=\"NormalTextRun SpellingErrorV2Themed SCXW206150300 BCX0\">en<\/span> <span class=\"NormalTextRun SpellingErrorV2Themed SCXW206150300 BCX0\">el<\/span> <span class=\"NormalTextRun SpellingErrorV2Themed SCXW206150300 BCX0\">posicionamiento<\/span> <span class=\"NormalTextRun SpellingErrorV2Themed SCXW206150300 BCX0\">rotativo<\/span><span class=\"NormalTextRun SCXW206150300 BCX0\"> de 360 <\/span><span class=\"NormalTextRun SpellingErrorV2Themed SCXW206150300 BCX0\">grados<\/span> <span class=\"NormalTextRun SpellingErrorV2Themed SCXW206150300 BCX0\">cuando<\/span><span class=\"NormalTextRun SCXW206150300 BCX0\"> se <\/span><span class=\"NormalTextRun SpellingErrorV2Themed SCXW206150300 BCX0\">acopla<\/span><span class=\"NormalTextRun SCXW206150300 BCX0\"> a la Base Ultra Mayfield A2101. El Tri-Star <\/span><span class=\"NormalTextRun SpellingErrorV2Themed SCXW206150300 BCX0\">debe<\/span> <span class=\"NormalTextRun SpellingErrorV2Themed SCXW206150300 BCX0\">utilizarse<\/span><span class=\"NormalTextRun SCXW206150300 BCX0\"> con la Unidad Base Ultra o con <\/span><span class=\"NormalTextRun SpellingErrorV2Themed SCXW206150300 BCX0\">una<\/span><span class=\"NormalTextRun SCXW206150300 BCX0\"> Unidad Base Mayfield <\/span><span class=\"NormalTextRun SpellingErrorV2Themed SCXW206150300 BCX0\">actualizada<\/span><span class=\"NormalTextRun SCXW206150300 BCX0\"> para <\/span><span class=\"NormalTextRun SpellingErrorV2Themed SCXW206150300 BCX0\">incluir<\/span> <span class=\"NormalTextRun SpellingErrorV2Themed SCXW206150300 BCX0\">el<\/span> <span class=\"NormalTextRun SpellingErrorV2Themed SCXW206150300 BCX0\">asa<\/span><span class=\"NormalTextRun SCXW206150300 BCX0\"> de <\/span><span class=\"NormalTextRun SpellingErrorV2Themed SCXW206150300 BCX0\">bloqueo<\/span><span class=\"NormalTextRun SCXW206150300 BCX0\"> Ultra. El <\/span><span class=\"NormalTextRun SpellingErrorV2Themed SCXW206150300 BCX0\">adaptador<\/span> <span class=\"NormalTextRun SpellingErrorV2Themed SCXW206150300 BCX0\">giratorio<\/span> <span class=\"NormalTextRun SpellingErrorV2Themed SCXW206150300 BCX0\">puede<\/span> <span class=\"NormalTextRun SpellingErrorV2Themed SCXW206150300 BCX0\">ayudar<\/span><span class=\"NormalTextRun SCXW206150300 BCX0\"> a <\/span><span class=\"NormalTextRun SpellingErrorV2Themed SCXW206150300 BCX0\">bloquear<\/span><span class=\"NormalTextRun SCXW206150300 BCX0\"> la <\/span><span class=\"NormalTextRun SpellingErrorV2Themed SCXW206150300 BCX0\">abrazadera<\/span><span class=\"NormalTextRun SCXW206150300 BCX0\"> del <\/span><span class=\"NormalTextRun SpellingErrorV2Themed SCXW206150300 BCX0\">cr\u00e1neo<\/span> <span class=\"NormalTextRun SpellingErrorV2Themed SCXW206150300 BCX0\">en<\/span> <span class=\"NormalTextRun SpellingErrorV2Themed SCXW206150300 BCX0\">su<\/span> <span class=\"NormalTextRun SpellingErrorV2Themed SCXW206150300 BCX0\">lugar<\/span><span class=\"NormalTextRun SCXW206150300 BCX0\"> para <\/span><span class=\"NormalTextRun SpellingErrorV2Themed SCXW206150300 BCX0\">asegurar<\/span><span class=\"NormalTextRun SCXW206150300 BCX0\"> que la <\/span><span class=\"NormalTextRun SpellingErrorV2Themed SCXW206150300 BCX0\">posici\u00f3n<\/span><span class=\"NormalTextRun SCXW206150300 BCX0\"> del <\/span><span class=\"NormalTextRun SpellingErrorV2Themed SCXW206150300 BCX0\">paciente<\/span><span class=\"NormalTextRun SCXW206150300 BCX0\"> no se <\/span><span class=\"NormalTextRun SpellingErrorV2Themed SCXW206150300 BCX0\">mueva<\/span> <span class=\"NormalTextRun SpellingErrorV2Themed SCXW206150300 BCX0\">durante<\/span> <span class=\"NormalTextRun SpellingErrorV2Themed SCXW206150300 BCX0\">el<\/span> <span class=\"NormalTextRun SpellingErrorV2Themed SCXW206150300 BCX0\">procedimiento<\/span><span class=\"NormalTextRun SCXW206150300 BCX0\">.\u00a0<\/span><\/span><span class=\"EOP SCXW206150300 BCX0\" data-ccp-props=\"{&quot;201341983&quot;:0,&quot;335559739&quot;:160,&quot;335559740&quot;:240}\">\u00a0<\/span>Proporciona dos starbursts adicionales para facilitar el apego de componentes auxiliares como la cirug\u00eda guiada por im\u00e1genes (IGS) din\u00e1mica<\/p>\n<ul>\n<li><span data-contrast=\"auto\">Viene con dos Starbursts adicionales que ayudan a conectar los reposacabezas y las abrazaderas de cr\u00e1neo\u00a0\u00a0<\/span><span data-ccp-props=\"{&quot;201341983&quot;:0,&quot;335559739&quot;:160,&quot;335559740&quot;:240}\">\u00a0<\/span><\/li>\n<li><span data-contrast=\"auto\">Los Starbursts pueden girar por separado de la abrazadera de cr\u00e1neo\u00a0<\/span><span data-ccp-props=\"{&quot;201341983&quot;:0,&quot;335559739&quot;:160,&quot;335559740&quot;:240}\">\u00a0<\/span><\/li>\n<li><span data-contrast=\"auto\">Debe utilizarse con la unidad de base Mayfield Ultra (A2101)\u00a0<\/span><span data-ccp-props=\"{&quot;201341983&quot;:0,&quot;335559739&quot;:160,&quot;335559740&quot;:240}\">\u00a0<\/span><\/li>\n<\/ul>\n","protected":false},"excerpt":{"rendered":"<p>Neurocirug\u00eda<\/p>\n","protected":false},"featured_media":25254,"template":"","meta":{"_acf_changed":false,"_relevanssi_hide_post":"","_relevanssi_hide_content":"","_relevanssi_pin_for_all":"","_relevanssi_pin_keywords":"","_relevanssi_unpin_keywords":"","_relevanssi_related_keywords":"","_relevanssi_related_include_ids":"","_relevanssi_related_exclude_ids":"","_relevanssi_related_no_append":"","_relevanssi_related_not_related":"","_relevanssi_related_posts":"","_relevanssi_noindex_reason":"","inline_featured_image":false},"pwb-brand":[1146],"product_brand":[],"product_cat":[90],"product_tag":[3408,5411,5524,5527,5528,5419,5526,5525,5523,3407],"class_list":{"0":"post-12660","1":"product","2":"type-product","3":"status-publish","4":"has-post-thumbnail","6":"pwb-brand-equipo-medico-integra","7":"product_cat-neurocirugia","8":"product_tag-integra","9":"product_tag-integra-mayfield","10":"product_tag-integra-mayfield-a2008","11":"product_tag-integra-mayfield-a2008-neurocirugia","12":"product_tag-integra-mayfield-a2008-tri-star","13":"product_tag-integra-mayfield-neurocirugia","14":"product_tag-integra-mayfield-tri-star","15":"product_tag-integra-mayfield-tri-star-neurocirugia","16":"product_tag-mayfield","17":"product_tag-neurocirugia","19":"first","20":"instock","21":"shipping-taxable","22":"purchasable","23":"product-type-simple"},"acf":[],"brands":[{"id":1146,"name":"Integra","slug":"equipo-medico-integra"}],"_links":{"self":[{"href":"https:\/\/www.somatechnology.com\/spanish\/wp-json\/wp\/v2\/product\/12660","targetHints":{"allow":["GET"]}}],"collection":[{"href":"https:\/\/www.somatechnology.com\/spanish\/wp-json\/wp\/v2\/product"}],"about":[{"href":"https:\/\/www.somatechnology.com\/spanish\/wp-json\/wp\/v2\/types\/product"}],"wp:featuredmedia":[{"embeddable":true,"href":"https:\/\/www.somatechnology.com\/spanish\/wp-json\/wp\/v2\/media\/25254"}],"wp:attachment":[{"href":"https:\/\/www.somatechnology.com\/spanish\/wp-json\/wp\/v2\/media?parent=12660"}],"wp:term":[{"taxonomy":"pwb-brand","embeddable":true,"href":"https:\/\/www.somatechnology.com\/spanish\/wp-json\/wp\/v2\/pwb-brand?post=12660"},{"taxonomy":"product_brand","embeddable":true,"href":"https:\/\/www.somatechnology.com\/spanish\/wp-json\/wp\/v2\/product_brand?post=12660"},{"taxonomy":"product_cat","embeddable":true,"href":"https:\/\/www.somatechnology.com\/spanish\/wp-json\/wp\/v2\/product_cat?post=12660"},{"taxonomy":"product_tag","embeddable":true,"href":"https:\/\/www.somatechnology.com\/spanish\/wp-json\/wp\/v2\/product_tag?post=12660"}],"curies":[{"name":"wp","href":"https:\/\/api.w.org\/{rel}","templated":true}]}}