{"id":12690,"date":"2018-09-17T15:26:50","date_gmt":"2018-09-17T15:26:50","guid":{"rendered":"https:\/\/www.somatechnology.com\/spanish\/?post_type=product&#038;p=12690"},"modified":"2025-06-20T15:35:17","modified_gmt":"2025-06-20T19:35:17","slug":"zoll-propaq-m","status":"publish","type":"product","link":"https:\/\/www.somatechnology.com\/spanish\/equipo-medico-usado-remanufacturado\/desfibriladores-medicos\/desfibriladores\/zoll-propaq-m\/","title":{"rendered":"Zoll Propaq M"},"content":{"rendered":"<h2>Caracter\u00edsticas del Desfibrilador Zoll Propaq M<\/h2>\n<p>Con m\u00e1s de 25 a\u00f1os de experiencia en la fabricaci\u00f3n de tecnolog\u00edas de reanimaci\u00f3n para el ej\u00e9rcito, ZOLL entiende que para satisfacer las demandas actuales, necesita algo m\u00e1s que la mejor tecnolog\u00eda de monitoreo disponible. El <strong>ZOLL Propaq\u00ae M<\/strong>, adem\u00e1s de proporcionar los signos vitales de confianza y comprobados que espera de Propaq, ahora ha mejorado significativamente las comunicaciones de datos, lo que le permite capturar los datos de atenci\u00f3n del paciente desde el punto de vista de la lesi\u00f3n hasta la atenci\u00f3n definitiva. Robusto y liviano, el Propaq M est\u00e1 espec\u00edficamente dise\u00f1ado para operaciones m\u00e9dicas militares y a\u00e9reas.<\/p>\n<ul>\n<li>Disponible con la tecnolog\u00eda completa Masimo\u00ae Rainbow\u00ae SET<\/li>\n<li>Monitoreo fisiol\u00f3gico avanzado, que incluye tres canales de presi\u00f3n arterial invasiva<\/li>\n<li>Comunicaciones de datos robustas e impresora integrada opcional<\/li>\n<li>Bater\u00eda intercambiable en caliente con m\u00e1s de 7,5 horas de monitoreo<\/li>\n<li>Compatible con versiones anteriores con todos los accesorios del monitor Propaq m\u00e1s antiguos<\/li>\n<li>Capacidad de visualizaci\u00f3n remota<\/li>\n<li>Solo monitor de transporte con desfibrilador y opci\u00f3n de marcapasos<\/li>\n<\/ul>\n","protected":false},"excerpt":{"rendered":"<p>Con m\u00e1s de 25 a\u00f1os de experiencia en la fabricaci\u00f3n de tecnolog\u00edas de reanimaci\u00f3n para el ej\u00e9rcito, ZOLL entiende que para satisfacer las demandas actuales, necesita algo m\u00e1s que la mejor tecnolog\u00eda de monitoreo disponible. El ZOLL Propaq M, adem\u00e1s de proporcionar los signos vitales de confianza y comprobados que espera de Propaq, ahora ha mejorado significativamente las comunicaciones de datos, lo que le permite capturar los datos de atenci\u00f3n del paciente desde el punto de vista de la lesi\u00f3n hasta la atenci\u00f3n definitiva. Robusto y liviano, el Propaq M est\u00e1 espec\u00edficamente dise\u00f1ado para operaciones m\u00e9dicas militares y a\u00e9reas.<\/p>\n","protected":false},"featured_media":12691,"template":"","meta":{"_acf_changed":false,"_relevanssi_hide_post":"","_relevanssi_hide_content":"","_relevanssi_pin_for_all":"","_relevanssi_pin_keywords":"","_relevanssi_unpin_keywords":"","_relevanssi_related_keywords":"","_relevanssi_related_include_ids":"","_relevanssi_related_exclude_ids":"","_relevanssi_related_no_append":"","_relevanssi_related_not_related":"","_relevanssi_related_posts":"","_relevanssi_noindex_reason":"","inline_featured_image":false},"pwb-brand":[1117],"product_brand":[],"product_cat":[97],"product_tag":[5350,268,1017,1954,5576,1962,5577],"class_list":{"0":"post-12690","1":"product","2":"type-product","3":"status-publish","4":"has-post-thumbnail","6":"pwb-brand-desfibriladores-zoll","7":"product_cat-desfibriladores","8":"product_tag-desfibriladores","9":"product_tag-zoll","10":"product_tag-zoll-desfibriladores","11":"product_tag-zoll-propaq","12":"product_tag-zoll-propaq-desfibriladores","13":"product_tag-zoll-propaq-m","14":"product_tag-zoll-propaq-m-desfibriladores","16":"first","17":"instock","18":"shipping-taxable","19":"purchasable","20":"product-type-simple"},"acf":[],"brands":[{"id":1117,"name":"Zoll","slug":"desfibriladores-zoll"}],"_links":{"self":[{"href":"https:\/\/www.somatechnology.com\/spanish\/wp-json\/wp\/v2\/product\/12690","targetHints":{"allow":["GET"]}}],"collection":[{"href":"https:\/\/www.somatechnology.com\/spanish\/wp-json\/wp\/v2\/product"}],"about":[{"href":"https:\/\/www.somatechnology.com\/spanish\/wp-json\/wp\/v2\/types\/product"}],"wp:featuredmedia":[{"embeddable":true,"href":"https:\/\/www.somatechnology.com\/spanish\/wp-json\/wp\/v2\/media\/12691"}],"wp:attachment":[{"href":"https:\/\/www.somatechnology.com\/spanish\/wp-json\/wp\/v2\/media?parent=12690"}],"wp:term":[{"taxonomy":"pwb-brand","embeddable":true,"href":"https:\/\/www.somatechnology.com\/spanish\/wp-json\/wp\/v2\/pwb-brand?post=12690"},{"taxonomy":"product_brand","embeddable":true,"href":"https:\/\/www.somatechnology.com\/spanish\/wp-json\/wp\/v2\/product_brand?post=12690"},{"taxonomy":"product_cat","embeddable":true,"href":"https:\/\/www.somatechnology.com\/spanish\/wp-json\/wp\/v2\/product_cat?post=12690"},{"taxonomy":"product_tag","embeddable":true,"href":"https:\/\/www.somatechnology.com\/spanish\/wp-json\/wp\/v2\/product_tag?post=12690"}],"curies":[{"name":"wp","href":"https:\/\/api.w.org\/{rel}","templated":true}]}}