{"id":12699,"date":"2018-09-17T16:28:26","date_gmt":"2018-09-17T16:28:26","guid":{"rendered":"https:\/\/www.somatechnology.com\/spanish\/?post_type=product&#038;p=12699"},"modified":"2025-06-20T15:36:59","modified_gmt":"2025-06-20T19:36:59","slug":"zoll-propaq-md","status":"publish","type":"product","link":"https:\/\/www.somatechnology.com\/spanish\/equipo-medico-usado-remanufacturado\/desfibriladores-medicos\/desfibriladores\/zoll-propaq-md\/","title":{"rendered":"Zoll Propaq MD"},"content":{"rendered":"<h2>Desfibrilador Zoll Propaq MD<\/h2>\n<p>El Propaq MD es un desfibrilador ultra-ligero, aeronavegable monitor\/ desfibrilador que proporciona capacidades avanzadas de la supervisi\u00f3n, incluyendo la tecnolog\u00eda completa del sistema de Masimo Rainbow.<\/p>\n<h2>Perfeccione para el cuidado t\u00e1ctico de la evacuaci\u00f3n<\/h2>\n<p>El MD Propaq ofrece m\u00faltiples modos de visualizaci\u00f3n para funcionar a la luz del sol o durante las misiones nocturnas (NVG-friendly Display). El sistema de la bater\u00eda y el cargador de la corriente alterna proporcionan las capacidades de funcionamiento mundiales del mar, de la tierra, y del aire para este dispositivo rugoso. El MD de Propaq puede supervisar todos los par\u00e1metros fisiol\u00f3gicos y proporcionar choques numerosos por m\u00e1s de seis horas en una sola carga de la bater\u00eda.<\/p>\n<ul>\n<li>El Propaq \u00ae MD a\u00f1ade desfibrilaci\u00f3n y estimulaci\u00f3n al monitor Propaq que usted conoce y conf\u00eda, pero que pesa menos que el Propaq 206.<\/li>\n<li>Excepcionalmente robusto y confiable para resistir ambientes hostiles, el Propaq MD est\u00e1 dise\u00f1ado para cumplir con los est\u00e1ndares militares y de aeronavegabilidad.<\/li>\n<li>Dise\u00f1ado con el usuario en mente, es intuitivo y f\u00e1cil de usar.<\/li>\n<li>Con s\u00f3lo pulsar un bot\u00f3n, se transforma desde un monitor de se\u00f1ales vitales b\u00e1sicos y f\u00e1ciles de usar hasta el dispositivo de monitoreo m\u00e1s avanzado y completo disponible.<\/li>\n<li>El MD Propaq puede mostrar hasta cuatro formas de onda simult\u00e1neamente, as\u00ed como un ECG completo de 12 plomos para la revisi\u00f3n en pantalla.<\/li>\n<li>La tecnolog\u00eda plug and Play maximiza la eficiencia cl\u00ednica.<\/li>\n<li>La bater\u00eda hot-swap de 6 horas proporciona el doble de tiempo de funcionamiento de su Propaq actual.<\/li>\n<\/ul>\n","protected":false},"excerpt":{"rendered":"<p>El Propaq MD es un desfibrilador ultra-ligero, aeronavegable monitor\/ desfibrilador que proporciona capacidades avanzadas de la supervisi\u00f3n, incluyendo la tecnolog\u00eda completa del sistema de Masimo Rainbow.<\/p>\n","protected":false},"featured_media":23036,"template":"","meta":{"_acf_changed":false,"_relevanssi_hide_post":"","_relevanssi_hide_content":"","_relevanssi_pin_for_all":"","_relevanssi_pin_keywords":"","_relevanssi_unpin_keywords":"","_relevanssi_related_keywords":"","_relevanssi_related_include_ids":"","_relevanssi_related_exclude_ids":"","_relevanssi_related_no_append":"","_relevanssi_related_not_related":"","_relevanssi_related_posts":"","_relevanssi_noindex_reason":"","inline_featured_image":false},"pwb-brand":[1117],"product_brand":[],"product_cat":[97],"product_tag":[5350,268,1017,1954,5576,1953,5586],"class_list":{"0":"post-12699","1":"product","2":"type-product","3":"status-publish","4":"has-post-thumbnail","6":"pwb-brand-desfibriladores-zoll","7":"product_cat-desfibriladores","8":"product_tag-desfibriladores","9":"product_tag-zoll","10":"product_tag-zoll-desfibriladores","11":"product_tag-zoll-propaq","12":"product_tag-zoll-propaq-desfibriladores","13":"product_tag-zoll-propaq-md","14":"product_tag-zoll-propaq-md-desfibriladores","16":"first","17":"instock","18":"shipping-taxable","19":"purchasable","20":"product-type-simple"},"acf":[],"brands":[{"id":1117,"name":"Zoll","slug":"desfibriladores-zoll"}],"_links":{"self":[{"href":"https:\/\/www.somatechnology.com\/spanish\/wp-json\/wp\/v2\/product\/12699","targetHints":{"allow":["GET"]}}],"collection":[{"href":"https:\/\/www.somatechnology.com\/spanish\/wp-json\/wp\/v2\/product"}],"about":[{"href":"https:\/\/www.somatechnology.com\/spanish\/wp-json\/wp\/v2\/types\/product"}],"wp:featuredmedia":[{"embeddable":true,"href":"https:\/\/www.somatechnology.com\/spanish\/wp-json\/wp\/v2\/media\/23036"}],"wp:attachment":[{"href":"https:\/\/www.somatechnology.com\/spanish\/wp-json\/wp\/v2\/media?parent=12699"}],"wp:term":[{"taxonomy":"pwb-brand","embeddable":true,"href":"https:\/\/www.somatechnology.com\/spanish\/wp-json\/wp\/v2\/pwb-brand?post=12699"},{"taxonomy":"product_brand","embeddable":true,"href":"https:\/\/www.somatechnology.com\/spanish\/wp-json\/wp\/v2\/product_brand?post=12699"},{"taxonomy":"product_cat","embeddable":true,"href":"https:\/\/www.somatechnology.com\/spanish\/wp-json\/wp\/v2\/product_cat?post=12699"},{"taxonomy":"product_tag","embeddable":true,"href":"https:\/\/www.somatechnology.com\/spanish\/wp-json\/wp\/v2\/product_tag?post=12699"}],"curies":[{"name":"wp","href":"https:\/\/api.w.org\/{rel}","templated":true}]}}