{"id":12702,"date":"2018-09-17T16:37:01","date_gmt":"2018-09-17T16:37:01","guid":{"rendered":"https:\/\/www.somatechnology.com\/spanish\/?post_type=product&#038;p=12702"},"modified":"2025-06-30T11:37:12","modified_gmt":"2025-06-30T15:37:12","slug":"zoll-r-series","status":"publish","type":"product","link":"https:\/\/www.somatechnology.com\/spanish\/equipo-medico-usado-remanufacturado\/desfibriladores-medicos\/desfibriladores\/zoll-r-series\/","title":{"rendered":"Zoll R Series"},"content":{"rendered":"<h2>Caracter\u00edsticas de la serie de Zoll R<\/h2>\n<p>El <strong>desfibrilador Zoll R Series<\/strong> presenta desfibrilaci\u00f3n simple, inteligente y lista para hospitales. La Serie R ofrece una tecnolog\u00eda f\u00e1cil de usar que ofrecer\u00e1 RCP de alta calidad. Con sus diferentes modelos, este desfibrilador hace posible la disponibilidad del c\u00f3digo para cada departamento de hospital con avances y soluciones rentables para la resucitaci\u00f3n. La serie Zoll R est\u00e1 disponible con estimulaci\u00f3n, CO2 al final de la espiraci\u00f3n, presi\u00f3n arterial no invasiva (NIBP) y capacidades de monitoreo de SpO2. Una vez al d\u00eda, este desfibrilador lleva a cabo una autocomprobaci\u00f3n autom\u00e1tica e integral que incluye el estado de la bater\u00eda y la integridad del electrodo para garantizar que est\u00e9 lista para el c\u00f3digo. Esta unidad tiene una tecnolog\u00eda f\u00e1cil de usar que le ayuda a entregar de manera constante RCP de alta calidad con su panel de control de RCP con ayuda real de RCP. Esta funci\u00f3n gu\u00eda a los rescatistas con retroalimentaci\u00f3n autom\u00e1tica y visual en tiempo real sobre las medidas de calidad de la RCP. Proporciona pantallas num\u00e9ricas de profundidad y velocidad e indicadores visuales de liberaci\u00f3n de compresi\u00f3n, as\u00ed como un indicador de rendimiento de perfusi\u00f3n \u00fanico. See-Thru CPR reduce la duraci\u00f3n de las pausas durante la RCP al filtrar el artefacto de RCP para que los rescatistas puedan ver si se ha desarrollado un ritmo subyacente organizado sin detener las compresiones.<\/p>\n<ul>\n<li>Siempre listo para el c\u00f3digo<\/li>\n<li>Visualizaci\u00f3n y administraci\u00f3n remotas desde PC o dispositivo m\u00f3vil<\/li>\n<li>Historial de registros de preparaci\u00f3n para la Comisi\u00f3n Conjunta<\/li>\n<li>La verificaci\u00f3n de disponibilidad incluye desfibrilaci\u00f3n, estimulaci\u00f3n y m\u00f3dulos de ECG; Alimentaci\u00f3n de CA; bater\u00eda; Prueba de choque de 30 joules; electrodos conectados y no caducados<\/li>\n<li>Tablero personalizable<\/li>\n<\/ul>\n","protected":false},"excerpt":{"rendered":"<p>El desfibrilador Zoll R Series presenta desfibrilaci\u00f3n simple, inteligente y lista para hospitales. La Serie R ofrece una tecnolog\u00eda f\u00e1cil de usar que ofrecer\u00e1 RCP de alta calidad. Con sus diferentes modelos, este desfibrilador hace posible la disponibilidad del c\u00f3digo para cada departamento de hospital con avances y soluciones rentables para la resucitaci\u00f3n. La serie Zoll R est\u00e1 disponible con estimulaci\u00f3n, CO2 al final de la espiraci\u00f3n, presi\u00f3n arterial no invasiva (NIBP) y capacidades de monitoreo de SpO2. Una vez al d\u00eda, este desfibrilador lleva a cabo una autocomprobaci\u00f3n autom\u00e1tica e integral que incluye el estado de la bater\u00eda y la integridad del electrodo para garantizar que est\u00e9 lista para el c\u00f3digo. Esta unidad tiene una tecnolog\u00eda f\u00e1cil de usar que le ayuda a entregar de manera constante RCP de alta calidad con su panel de control de RCP con ayuda real de RCP. Esta funci\u00f3n gu\u00eda a los rescatistas con retroalimentaci\u00f3n autom\u00e1tica y visual en tiempo real sobre las medidas de calidad de la RCP. Proporciona pantallas num\u00e9ricas de profundidad y velocidad e indicadores visuales de liberaci\u00f3n de compresi\u00f3n, as\u00ed como un indicador de rendimiento de perfusi\u00f3n \u00fanico. See-Thru CPR reduce la duraci\u00f3n de las pausas durante la RCP al filtrar el artefacto de RCP para que los rescatistas puedan ver si se ha desarrollado un ritmo subyacente organizado sin detener las compresiones.<\/p>\n","protected":false},"featured_media":22957,"template":"","meta":{"_acf_changed":false,"_relevanssi_hide_post":"","_relevanssi_hide_content":"","_relevanssi_pin_for_all":"","_relevanssi_pin_keywords":"","_relevanssi_unpin_keywords":"","_relevanssi_related_keywords":"","_relevanssi_related_include_ids":"","_relevanssi_related_exclude_ids":"","_relevanssi_related_no_append":"","_relevanssi_related_not_related":"","_relevanssi_related_posts":"","_relevanssi_noindex_reason":"","inline_featured_image":false},"pwb-brand":[1117],"product_brand":[],"product_cat":[97],"product_tag":[5350,268,1017,700,5587,5588,5589],"class_list":{"0":"post-12702","1":"product","2":"type-product","3":"status-publish","4":"has-post-thumbnail","6":"pwb-brand-desfibriladores-zoll","7":"product_cat-desfibriladores","8":"product_tag-desfibriladores","9":"product_tag-zoll","10":"product_tag-zoll-desfibriladores","11":"product_tag-zoll-r","12":"product_tag-zoll-r-desfibriladores","13":"product_tag-zoll-r-serie","14":"product_tag-zoll-r-siere-desfibriladores","16":"first","17":"instock","18":"featured","19":"shipping-taxable","20":"purchasable","21":"product-type-simple"},"acf":[],"brands":[{"id":1117,"name":"Zoll","slug":"desfibriladores-zoll"}],"_links":{"self":[{"href":"https:\/\/www.somatechnology.com\/spanish\/wp-json\/wp\/v2\/product\/12702","targetHints":{"allow":["GET"]}}],"collection":[{"href":"https:\/\/www.somatechnology.com\/spanish\/wp-json\/wp\/v2\/product"}],"about":[{"href":"https:\/\/www.somatechnology.com\/spanish\/wp-json\/wp\/v2\/types\/product"}],"wp:featuredmedia":[{"embeddable":true,"href":"https:\/\/www.somatechnology.com\/spanish\/wp-json\/wp\/v2\/media\/22957"}],"wp:attachment":[{"href":"https:\/\/www.somatechnology.com\/spanish\/wp-json\/wp\/v2\/media?parent=12702"}],"wp:term":[{"taxonomy":"pwb-brand","embeddable":true,"href":"https:\/\/www.somatechnology.com\/spanish\/wp-json\/wp\/v2\/pwb-brand?post=12702"},{"taxonomy":"product_brand","embeddable":true,"href":"https:\/\/www.somatechnology.com\/spanish\/wp-json\/wp\/v2\/product_brand?post=12702"},{"taxonomy":"product_cat","embeddable":true,"href":"https:\/\/www.somatechnology.com\/spanish\/wp-json\/wp\/v2\/product_cat?post=12702"},{"taxonomy":"product_tag","embeddable":true,"href":"https:\/\/www.somatechnology.com\/spanish\/wp-json\/wp\/v2\/product_tag?post=12702"}],"curies":[{"name":"wp","href":"https:\/\/api.w.org\/{rel}","templated":true}]}}