{"id":12756,"date":"2018-09-20T16:34:08","date_gmt":"2018-09-20T16:34:08","guid":{"rendered":"https:\/\/www.somatechnology.com\/spanish\/?post_type=product&#038;p=12756"},"modified":"2025-02-06T12:26:00","modified_gmt":"2025-02-06T17:26:00","slug":"ge-optima-xr-220-amx","status":"publish","type":"product","link":"https:\/\/www.somatechnology.com\/spanish\/equipo-medico-usado-remanufacturado\/imagenologia-radiologia\/rayos-x-portables\/ge-optima-xr-220-amx\/","title":{"rendered":"GE Optima XR 220 AMX"},"content":{"rendered":"<h2>GE Optima XR220amx Features<\/h2>\n<p class=\"p1\">La <a href=\"https:\/\/www.somatechnology.com\/wp-content\/uploads\/sites\/2\/2018\/09\/optima-xr220-spa.pdf\"><b>Optima XR220amx<\/b><\/a> es una m\u00e1quina de rayos x port\u00e1til y digital. Dise\u00f1ada para ex\u00e1menes radiol\u00f3gicos en el lugar de cuidado cuando no se puede transportar al paciente al departamento radiol\u00f3gico por razones de seguridad o pr\u00e1cticas. Es totalmente capaz de completar procedimientos radiol\u00f3gicos de rutina, en diferentes entornos hospitalarios incluyendo: unidades de cuidado intensivo, unidades de cuidados coronarios, salas de emergencia, salas de operaci\u00f3n, optometr\u00eda, pediatr\u00eda, habitaciones del paciente y cl\u00ednicas.<\/p>\n<ul>\n<li>Detector liviano FlashPad dise\u00f1ado para uso m\u00f3vil que pesa menos de 4,5 kg (10 lbs.) incluida la bater\u00eda<\/li>\n<li>El modo \u00abStand-by\u00bb elimina los ciclos de arranque y permite la exposici\u00f3n en 25 segundos<\/li>\n<li>Dise\u00f1ado para disponibilidad las 24 horas, los 7 d\u00edas de la semana. Util\u00edcelo con bater\u00eda o realice y procese exposiciones mientras la unidad se est\u00e1 cargando<\/li>\n<li>El detector puede soportar hasta 160 kg (352 lbs.) de carga distribuida para aplicaciones bari\u00e1tricas<\/li>\n<li>La bater\u00eda del detector se carga autom\u00e1ticamente mientras el detector est\u00e1 en el contenedor<\/li>\n<li>Los algoritmos de carga autom\u00e1tica permiten que el sistema se recargue incluso si las bater\u00edas no est\u00e1n completamente agotadas<\/li>\n<li>Generador de 15 kW (nominal) y opci\u00f3n disponible de 30 kW (nominal)<\/li>\n<\/ul>\n","protected":false},"excerpt":{"rendered":"<p>Rayos X Portables<\/p>\n","protected":false},"featured_media":12758,"template":"","meta":{"_acf_changed":false,"_relevanssi_hide_post":"","_relevanssi_hide_content":"","_relevanssi_pin_for_all":"","_relevanssi_pin_keywords":"","_relevanssi_unpin_keywords":"","_relevanssi_related_keywords":"","_relevanssi_related_include_ids":"","_relevanssi_related_exclude_ids":"","_relevanssi_related_no_append":"","_relevanssi_related_not_related":"","_relevanssi_related_posts":"","_relevanssi_noindex_reason":"","inline_featured_image":false},"pwb-brand":[1100],"product_brand":[],"product_cat":[94],"product_tag":[224,5139,5140,5665,5672,5676,5673,5666,5043,5042,5674,5675],"class_list":{"0":"post-12756","1":"product","2":"type-product","3":"status-publish","4":"has-post-thumbnail","6":"pwb-brand-equipo-medico-ge","7":"product_cat-rayos-x-portables","8":"product_tag-ge","9":"product_tag-ge-optima","10":"product_tag-ge-optima-rayos-x-portables","11":"product_tag-ge-optima-xr","12":"product_tag-ge-optima-xr-220","13":"product_tag-ge-optima-xr-220-amx-rayos-x-portables","14":"product_tag-ge-optima-xr-220-rayos-x-portables","15":"product_tag-ge-optima-xr-rayos-x-portables","16":"product_tag-ge-rayos-x-portables","17":"product_tag-rayos-x-portables","18":"product_tag-xr-220-amx","19":"product_tag-xr-220-amx-rayos-x-portables","21":"first","22":"instock","23":"shipping-taxable","24":"purchasable","25":"product-type-simple"},"acf":[],"brands":[{"id":1100,"name":"GE","slug":"equipo-medico-ge"}],"_links":{"self":[{"href":"https:\/\/www.somatechnology.com\/spanish\/wp-json\/wp\/v2\/product\/12756","targetHints":{"allow":["GET"]}}],"collection":[{"href":"https:\/\/www.somatechnology.com\/spanish\/wp-json\/wp\/v2\/product"}],"about":[{"href":"https:\/\/www.somatechnology.com\/spanish\/wp-json\/wp\/v2\/types\/product"}],"wp:featuredmedia":[{"embeddable":true,"href":"https:\/\/www.somatechnology.com\/spanish\/wp-json\/wp\/v2\/media\/12758"}],"wp:attachment":[{"href":"https:\/\/www.somatechnology.com\/spanish\/wp-json\/wp\/v2\/media?parent=12756"}],"wp:term":[{"taxonomy":"pwb-brand","embeddable":true,"href":"https:\/\/www.somatechnology.com\/spanish\/wp-json\/wp\/v2\/pwb-brand?post=12756"},{"taxonomy":"product_brand","embeddable":true,"href":"https:\/\/www.somatechnology.com\/spanish\/wp-json\/wp\/v2\/product_brand?post=12756"},{"taxonomy":"product_cat","embeddable":true,"href":"https:\/\/www.somatechnology.com\/spanish\/wp-json\/wp\/v2\/product_cat?post=12756"},{"taxonomy":"product_tag","embeddable":true,"href":"https:\/\/www.somatechnology.com\/spanish\/wp-json\/wp\/v2\/product_tag?post=12756"}],"curies":[{"name":"wp","href":"https:\/\/api.w.org\/{rel}","templated":true}]}}