{"id":13124,"date":"2018-10-25T19:09:29","date_gmt":"2018-10-25T19:09:29","guid":{"rendered":"https:\/\/www.somatechnology.com\/spanish\/?post_type=product&#038;p=13124"},"modified":"2025-06-24T10:51:44","modified_gmt":"2025-06-24T14:51:44","slug":"drager-carina","status":"publish","type":"product","link":"https:\/\/www.somatechnology.com\/spanish\/equipo-medico-usado-remanufacturado\/ventiladores\/drager-carina\/","title":{"rendered":"Drager Carina"},"content":{"rendered":"<h2>Caracter\u00edsticas del Drager Carina Ventiladores<\/h2>\n<p class=\"s6\"><span class=\"s5\">El ventilador Drager Carina es un <\/span><span class=\"s5\">ventilador<\/span><span class=\"s5\"> innovador de<\/span><span class=\"s5\"> alto rendimiento<\/span><span class=\"s5\">. Es facil de usar<\/span><span class=\"s5\"> tanto para el paciente como para el cuidador, lo suficientemente compacto y m\u00f3vil como para optimizar el flujo de trabajo y el uso del espacio de trabajo y conveniente, c\u00f3modo y lo suficientemente compacto como para reconocer los cambios en los par\u00e1metros de flujo y el estado del paciente, proporcionando justo el derecho cantidad de apoyo mientras se da a la habitaci\u00f3n del paciente para respirar. <\/span><span class=\"s5\">El ventilador <\/span><span class=\"s5\">Drager Carina cuenta con una gama de modos de<\/span><span class=\"s5\"> ventilaci\u00f3n como los son la ventilaci\u00f3n<\/span><span class=\"s5\"> espont\u00e1nea y obligatoria y una licuadora integrada que puede suministrar concentraciones de ox\u00edgeno de 21 \u2013 100%. Si surge la necesidad, el ventilador Drager Carina se puede utilizar incluso para la ventilaci\u00f3n invasiva.<\/span><\/p>\n<p class=\"s8\"><strong><span class=\"s7\">Caracter\u00edsticas convenientes, c\u00f3modas y compactas:<\/span><\/strong><span class=\"s5\"><br \/>\n<\/span><span class=\"s5\">La funcionalidad \u00fanica de SyncPlus de Dragers proporciona el tipo de flujo consistente que se traduce en un beneficio terap\u00e9utico superior, pero sin comprometer la comodidad. La funci\u00f3n AutoRamp del ventilador Drager Carina simula un patr\u00f3n de respiraci\u00f3n natural que ayuda a optimizar la entrega del flujo de inflaci\u00f3n al paciente.<\/span><\/p>\n<p class=\"s8\"><strong><span class=\"s7\">Funcionamiento c\u00f3modo:<\/span><\/strong><span class=\"s5\"><br \/>\n<\/span><span class=\"s5\">Sabemos lo importante que es un ambiente relajante y curativo para los pacientes y los cuidadores. Es por eso que el ventilador Drager Carina cuenta con un soplador extremadamente silencioso que permite un funcionamiento pr\u00e1cticamente silencioso (m\u00e1x. 40 dBA). Un monitor de color TFT de 5,4 pulgadas y alta visibilidad muestra su opci\u00f3n de informaci\u00f3n de valor o curva que puede personalizarse para adaptarse a sus necesidades particulares.<\/span><\/p>\n<p class=\"s8\"><strong><span class=\"s7\">Dispositivo compacto:<\/span><\/strong><span class=\"s5\"><br \/>\n<\/span><span class=\"s5\">Con un peso de tan solo 5,5 kg, los ventiladores Drager Carina tienen un dise\u00f1o extremadamente compacto que le permite llevarlo casi a cualquier lugar para el cuidado subagudo. Para las transferencias de pacientes o en caso de fallo de alimentaci\u00f3n, la bater\u00eda interna puede suministrar energ\u00eda hasta una hora de funcionamiento fuera de l\u00ednea, mientras que una unidad de bater\u00eda externa opcional puede alimentar el Carina durante un m\u00e1ximo de 9 horas.<\/span><\/p>\n","protected":false},"excerpt":{"rendered":"<p>El ventilador Drager Carina es un ventilador innovador de alto rendimiento. Es facil de usar tanto para el paciente como para el cuidador, lo suficientemente compacto y m\u00f3vil como para optimizar el flujo de trabajo y el uso del espacio de trabajo y conveniente, c\u00f3modo y lo suficientemente compacto como para reconocer los cambios en los par\u00e1metros de flujo y el estado del paciente, proporcionando justo el derecho cantidad de apoyo mientras se da a la habitaci\u00f3n del paciente para respirar. El ventilador Drager Carina cuenta con una gama de modos de ventilaci\u00f3n como los son la ventilaci\u00f3n espont\u00e1nea y obligatoria y una licuadora integrada que puede suministrar concentraciones de ox\u00edgeno de 21 \u2013 100%. Si surge la necesidad, el ventilador Drager Carina se puede utilizar incluso para la ventilaci\u00f3n invasiva.<\/p>\n","protected":false},"featured_media":21831,"template":"","meta":{"_acf_changed":false,"_relevanssi_hide_post":"","_relevanssi_hide_content":"","_relevanssi_pin_for_all":"","_relevanssi_pin_keywords":"","_relevanssi_unpin_keywords":"","_relevanssi_related_keywords":"","_relevanssi_related_include_ids":"","_relevanssi_related_exclude_ids":"","_relevanssi_related_no_append":"","_relevanssi_related_not_related":"","_relevanssi_related_posts":"","_relevanssi_noindex_reason":"","inline_featured_image":false},"pwb-brand":[1122],"product_brand":[],"product_cat":[51],"product_tag":[5883,5878,5875,5880,217,5877,5876,5879,5881,5874,1028,5882,6884],"class_list":{"0":"post-13124","1":"product","2":"type-product","3":"status-publish","4":"has-post-thumbnail","6":"pwb-brand-equipo-medico-drager","7":"product_cat-ventiladores","8":"product_tag-carina","9":"product_tag-draeger-carina","10":"product_tag-draeger-carina-ventiladores","11":"product_tag-draeger-ventiladores","12":"product_tag-drager","13":"product_tag-drager-carina","14":"product_tag-drager-carina-ventiladores","15":"product_tag-drager-ventiladores","16":"product_tag-drager-ventiladores-carina","17":"product_tag-dreager","18":"product_tag-ventiladores","19":"product_tag-ventiladores-carina","20":"product_tag-ventiladores-drager","22":"first","23":"instock","24":"shipping-taxable","25":"purchasable","26":"product-type-simple"},"acf":[],"brands":[{"id":1122,"name":"Drager","slug":"equipo-medico-drager"}],"_links":{"self":[{"href":"https:\/\/www.somatechnology.com\/spanish\/wp-json\/wp\/v2\/product\/13124","targetHints":{"allow":["GET"]}}],"collection":[{"href":"https:\/\/www.somatechnology.com\/spanish\/wp-json\/wp\/v2\/product"}],"about":[{"href":"https:\/\/www.somatechnology.com\/spanish\/wp-json\/wp\/v2\/types\/product"}],"wp:featuredmedia":[{"embeddable":true,"href":"https:\/\/www.somatechnology.com\/spanish\/wp-json\/wp\/v2\/media\/21831"}],"wp:attachment":[{"href":"https:\/\/www.somatechnology.com\/spanish\/wp-json\/wp\/v2\/media?parent=13124"}],"wp:term":[{"taxonomy":"pwb-brand","embeddable":true,"href":"https:\/\/www.somatechnology.com\/spanish\/wp-json\/wp\/v2\/pwb-brand?post=13124"},{"taxonomy":"product_brand","embeddable":true,"href":"https:\/\/www.somatechnology.com\/spanish\/wp-json\/wp\/v2\/product_brand?post=13124"},{"taxonomy":"product_cat","embeddable":true,"href":"https:\/\/www.somatechnology.com\/spanish\/wp-json\/wp\/v2\/product_cat?post=13124"},{"taxonomy":"product_tag","embeddable":true,"href":"https:\/\/www.somatechnology.com\/spanish\/wp-json\/wp\/v2\/product_tag?post=13124"}],"curies":[{"name":"wp","href":"https:\/\/api.w.org\/{rel}","templated":true}]}}