{"id":13129,"date":"2018-10-26T14:20:33","date_gmt":"2018-10-26T14:20:33","guid":{"rendered":"https:\/\/www.somatechnology.com\/spanish\/?post_type=product&#038;p=13129"},"modified":"2025-09-23T10:02:00","modified_gmt":"2025-09-23T14:02:00","slug":"baxter-spectrum-iq","status":"publish","type":"product","link":"https:\/\/www.somatechnology.com\/spanish\/equipo-medico-usado-remanufacturado\/terapia-intravenosa\/bombas-intravenosas\/baxter-spectrum-iq\/","title":{"rendered":"Baxter Spectrum IQ"},"content":{"rendered":"<h2 class=\"s4\"><span class=\"s3\">Caracter\u00edsticas<\/span><span class=\"s3\"> Baxter Spectrum IQ <\/span><\/h2>\n<p class=\"s6\"><span class=\"s5\">El sistema de infusi\u00f3n Spectrum IQ revoluciona la idea tradicional de una bomba inteligente integrada. Bas\u00e1ndose en el cumplimiento y la facilidad de uso de la biblioteca de f\u00e1rmacos l\u00edder en la industria de Spectrum, el sistema de infusi\u00f3n Spectrum IQ ahora se integra completamente con su EMR, agregando otra capa de seguridad a sus infusiones y proporcionando resultados inmediatos y mensurables a la salud los sistemas y los pacientes a los que sirven.<\/span><\/p>\n<div class=\"s8\"><span class=\"s7\">\u2022 <\/span><span class=\"s5\">Integraci\u00f3n completa de EMR que permite la programaci\u00f3n autom\u00e1tica y la documentaci\u00f3n autom\u00e1tica<\/span><\/div>\n<div class=\"s8\"><span class=\"s7\">\u2022 <\/span><span class=\"s5\">Flujos de trabajo simplificados con c\u00f3digo de barras en pantalla<\/span><\/div>\n<div class=\"s8\"><span class=\"s7\">\u2022 <\/span><span class=\"s5\">Cumplimiento de la biblioteca farmac\u00e9utica l\u00edder en la industria<\/span><\/div>\n<div class=\"s8\"><span class=\"s7\">\u2022 <\/span><span class=\"s5\">Prevenci\u00f3n de errores de titulaci\u00f3n \u00fanica<\/span><\/div>\n<div class=\"s8\"><span class=\"s7\">\u2022 <\/span><span class=\"s5\">Un solo sistema IV para la gravedad y el uso en la bomba<\/span><\/div>\n<div class=\"s8\"><span class=\"s7\">\u2022 <\/span><span class=\"s5\">Seguimiento de activos sin etiquetas de extremo a extremo de<\/span><\/div>\n<div class=\"s8\"><span class=\"s7\">\u2022 <\/span><span class=\"s5\">Ubicaci\u00f3n y estado de la bomba<\/span><\/div>\n<h2 class=\"s4\"><span class=\"s3\">Especificaciones de la bomba de infusi\u00f3n<\/span><span class=\"s3\"> Baxter Spectrum IQ <\/span><\/h2>\n<h3 class=\"s10\"><span class=\"s9\">Dimension<\/span><span class=\"s9\">e<\/span><span class=\"s9\">s<\/span><\/h3>\n<div class=\"s8\"><span class=\"s7\">\u2022 <\/span><span class=\"s5\">Tama\u00f1o: m\u00f3dulo de bater\u00eda inal\u00e1mbrico:<\/span><\/div>\n<div class=\"s8\"><span class=\"s7\">\u2022 <\/span><span class=\"s5\">Sin abrazadera de poste IV \u2013 7.4 \u00abh x 5.2\u00bb w x 3.3 \u00abd<\/span><\/div>\n<div class=\"s8\"><span class=\"s7\">\u2022 <\/span><span class=\"s5\">Con la abrazadera est\u00e1ndar del poste del intravenoso \u2013 7.4 \u00abh x 7.7\u00bb w x 5.5 \u00abd<\/span><\/div>\n<div class=\"s8\"><span class=\"s7\">\u2022 <\/span><span class=\"s5\">Peso: m\u00f3dulo de bater\u00eda inal\u00e1mbrico:<\/span><\/div>\n<div class=\"s8\"><span class=\"s7\">\u2022 <\/span><span class=\"s5\">Sin abrazadera de poste IV \u2013 45,6 oz. \u00b1 1,0 oz.<\/span><\/div>\n<div class=\"s8\"><span class=\"s7\">\u2022 <\/span><span class=\"s5\">Con abrazadera de poste IV est\u00e1ndar <\/span><span class=\"s5\">\u2013 51.6 oz. \u00b1 1.0 oz.<\/span><\/div>\n<h3 class=\"s10\"><span class=\"s9\">Taza de Flujo<\/span>\u200b<\/h3>\n<div class=\"s8\"><span class=\"s7\">\u2022 <\/span><span class=\"s5\">0,5 a 999 mL\/h con incrementos de 0,1 mL\/h de 0,5 a 99,9<\/span><\/div>\n<div class=\"s8\"><span class=\"s7\">\u2022 <\/span><span class=\"s5\">incrementos de ml\/hr y 1,0 mL\/hr de 100 a 999 mL\/hr<\/span><\/div>\n<h3 class=\"s10\"><span class=\"s9\">Fuente de Alimentaci\u00f3n<\/span><\/h3>\n<div class=\"s8\"><span class=\"s7\">\u2022 <\/span><span class=\"s5\">Entrada: 100-240VAC, 50-60 Hz\/300 mA<\/span><\/div>\n<div class=\"s8\"><span class=\"s7\">\u2022 <\/span><span class=\"s5\">Salida (P\/N 30205): 9VDC\/1000 mA, protecci\u00f3n contra cortocircuitos<\/span><\/div>\n<div class=\"s8\"><span class=\"s7\">\u2022 <\/span><span class=\"s5\">Longitud del <\/span><span class=\"s5\">cable<\/span><span class=\"s5\"> ~ 3,0 m (~ 9,75 pies<\/span><span class=\"s5\">)<\/span><\/div>\n<h3 class=\"s10\"><span class=\"s9\">Presi\u00f3n de oclusi\u00f3n<\/span><\/h3>\n<div class=\"s8\"><span class=\"s7\">\u2022 <\/span><span class=\"s5\">Ajustable<\/span><\/div>\n<div class=\"s8\"><span class=\"s7\">\u2022 <\/span><span class=\"s5\">Alto (19 \u00b1 9 PSI)<\/span><\/div>\n<div class=\"s8\"><span class=\"s7\">\u2022 <\/span><span class=\"s5\">Mediana (13 \u00b1 6 PSI)<\/span><\/div>\n<div class=\"s8\"><span class=\"s7\">\u2022 <\/span><span class=\"s5\">Bajo (6 \u00b1 4 <\/span><span class=\"s5\">PSI)<\/span><\/div>\n<h2 class=\"s10\"><span class=\"s9\">Condiciones de funcionamiento<\/span><\/h2>\n<div class=\"s8\"><span class=\"s7\">\u2022 <\/span><span class=\"s5\">Temperatura de funcionamiento: 60 a 90 \u00b0 f (15,6 a 32,2 \u00b0 C),<\/span><\/div>\n<div class=\"s8\"><span class=\"s7\">\u2022 <\/span><span class=\"s5\">20 a 90% de humedad relativa sin condensaci\u00f3n.<\/span><\/div>\n","protected":false},"excerpt":{"rendered":"<p>Bombas Intravenosas<\/p>\n","protected":false},"featured_media":27219,"template":"","meta":{"_acf_changed":false,"_relevanssi_hide_post":"","_relevanssi_hide_content":"","_relevanssi_pin_for_all":"","_relevanssi_pin_keywords":"","_relevanssi_unpin_keywords":"","_relevanssi_related_keywords":"","_relevanssi_related_include_ids":"","_relevanssi_related_exclude_ids":"","_relevanssi_related_no_append":"","_relevanssi_related_not_related":"","_relevanssi_related_posts":"","_relevanssi_noindex_reason":"","inline_featured_image":false},"pwb-brand":[1321],"product_brand":[],"product_cat":[52],"product_tag":[3670,5892,5891,5893,3048,5894,5895],"class_list":{"0":"post-13129","1":"product","2":"type-product","3":"status-publish","4":"has-post-thumbnail","6":"pwb-brand-bombas-intravenosas-baxter","7":"product_cat-bombas-intravenosas","8":"product_tag-baxter-bombas-intravenosas","9":"product_tag-baxter-spectrum-bombas-intravenosas","10":"product_tag-baxter-spectrum-iq","11":"product_tag-baxter-spectrum-iq-bombas-intravenosas","12":"product_tag-bombas-intravenosas","13":"product_tag-spectrum","14":"product_tag-spectrum-bombas-intravenosas","16":"first","17":"instock","18":"shipping-taxable","19":"purchasable","20":"product-type-simple"},"acf":[],"brands":[{"id":1321,"name":"Baxter","slug":"bombas-intravenosas-baxter"}],"_links":{"self":[{"href":"https:\/\/www.somatechnology.com\/spanish\/wp-json\/wp\/v2\/product\/13129","targetHints":{"allow":["GET"]}}],"collection":[{"href":"https:\/\/www.somatechnology.com\/spanish\/wp-json\/wp\/v2\/product"}],"about":[{"href":"https:\/\/www.somatechnology.com\/spanish\/wp-json\/wp\/v2\/types\/product"}],"wp:featuredmedia":[{"embeddable":true,"href":"https:\/\/www.somatechnology.com\/spanish\/wp-json\/wp\/v2\/media\/27219"}],"wp:attachment":[{"href":"https:\/\/www.somatechnology.com\/spanish\/wp-json\/wp\/v2\/media?parent=13129"}],"wp:term":[{"taxonomy":"pwb-brand","embeddable":true,"href":"https:\/\/www.somatechnology.com\/spanish\/wp-json\/wp\/v2\/pwb-brand?post=13129"},{"taxonomy":"product_brand","embeddable":true,"href":"https:\/\/www.somatechnology.com\/spanish\/wp-json\/wp\/v2\/product_brand?post=13129"},{"taxonomy":"product_cat","embeddable":true,"href":"https:\/\/www.somatechnology.com\/spanish\/wp-json\/wp\/v2\/product_cat?post=13129"},{"taxonomy":"product_tag","embeddable":true,"href":"https:\/\/www.somatechnology.com\/spanish\/wp-json\/wp\/v2\/product_tag?post=13129"}],"curies":[{"name":"wp","href":"https:\/\/api.w.org\/{rel}","templated":true}]}}