{"id":19019,"date":"2020-11-18T18:04:21","date_gmt":"2020-11-18T18:04:21","guid":{"rendered":"https:\/\/www.somatechnology.com\/spanish\/?post_type=product&#038;p=19019"},"modified":"2026-04-23T17:48:03","modified_gmt":"2026-04-23T21:48:03","slug":"fisher-paykel-airvo-2","status":"publish","type":"product","link":"https:\/\/www.somatechnology.com\/spanish\/equipo-medico-usado-remanufacturado\/sistemas-de-alto-flujo\/fisher-paykel-airvo-2\/","title":{"rendered":"Fisher and Paykel Airvo 2"},"content":{"rendered":"<h2>CARACTER\u00cdSTICAS DE FISHER AND PAYKEL AIRVO 2<\/h2>\n<p>El\u00a0<strong>Fisher and Paykel Airvo 2<\/strong> es un humidificador con generador de flujo integrado que suministra gases respiratorios, humidificados y calentados, de alto flujo, a pacientes con respiraci\u00f3n espont\u00e1nea a trav\u00e9s de una variedad de interfaces de paciente. El Airvo 2 tiene un flujo ajustable de 2 a 60 L\/min, seg\u00fan la interfaz del paciente. El sistema de alto flujo Airvo es adecuado para hospitales y centros de atenci\u00f3n de larga duraci\u00f3n.<\/p>\n<ul>\n<li>Tubo respiratorio calentado en doble espiral con sensor de temperatura integrado.<\/li>\n<li>Puede utilizarse con interfaces de c\u00e1nula nasal Optiflow, as\u00ed como con interfaces de traqueostom\u00eda y m\u00e1scara de conexi\u00f3n directa.<\/li>\n<li>Se puede a\u00f1adir ox\u00edgeno de un concentrador o de una botella.<\/li>\n<li>El analizador ultras\u00f3nico incorporado no requiere calibraci\u00f3n, servicio ni sustituci\u00f3n.<\/li>\n<li>Ajustes de temperatura y de flujo.<\/li>\n<li>Dise\u00f1ado para una configuraci\u00f3n, uso y limpieza sencillos.<\/li>\n<\/ul>\n","protected":false},"excerpt":{"rendered":"<p>Sistemas de Alto Flujo<\/p>\n","protected":false},"featured_media":33688,"template":"","meta":{"_acf_changed":false,"_relevanssi_hide_post":"","_relevanssi_hide_content":"","_relevanssi_pin_for_all":"","_relevanssi_pin_keywords":"","_relevanssi_unpin_keywords":"","_relevanssi_related_keywords":"","_relevanssi_related_include_ids":"","_relevanssi_related_exclude_ids":"","_relevanssi_related_no_append":"","_relevanssi_related_not_related":"","_relevanssi_related_posts":"","_relevanssi_noindex_reason":"","inline_featured_image":false},"pwb-brand":[6175],"product_brand":[],"product_cat":[6174],"product_tag":[6178,6179,6176,6181,6182,6180,6183,6177],"class_list":{"0":"post-19019","1":"product","2":"type-product","3":"status-publish","4":"has-post-thumbnail","6":"pwb-brand-fisher-paykel","7":"product_cat-sistemas-de-alto-flujo","8":"product_tag-airvo","9":"product_tag-airvo-2","10":"product_tag-alto-flujo","11":"product_tag-f-and-p-airvo-2","12":"product_tag-fisher-and-paykel","13":"product_tag-fisher-and-paykel-airvo-2","14":"product_tag-fisher-paykel","15":"product_tag-sistema-de-alto-flujo-sistema-de-alto-flujo","17":"first","18":"instock","19":"shipping-taxable","20":"purchasable","21":"product-type-simple"},"acf":[],"brands":[{"id":6175,"name":"Fisher &amp; Paykel","slug":"fisher-paykel"}],"_links":{"self":[{"href":"https:\/\/www.somatechnology.com\/spanish\/wp-json\/wp\/v2\/product\/19019","targetHints":{"allow":["GET"]}}],"collection":[{"href":"https:\/\/www.somatechnology.com\/spanish\/wp-json\/wp\/v2\/product"}],"about":[{"href":"https:\/\/www.somatechnology.com\/spanish\/wp-json\/wp\/v2\/types\/product"}],"wp:featuredmedia":[{"embeddable":true,"href":"https:\/\/www.somatechnology.com\/spanish\/wp-json\/wp\/v2\/media\/33688"}],"wp:attachment":[{"href":"https:\/\/www.somatechnology.com\/spanish\/wp-json\/wp\/v2\/media?parent=19019"}],"wp:term":[{"taxonomy":"pwb-brand","embeddable":true,"href":"https:\/\/www.somatechnology.com\/spanish\/wp-json\/wp\/v2\/pwb-brand?post=19019"},{"taxonomy":"product_brand","embeddable":true,"href":"https:\/\/www.somatechnology.com\/spanish\/wp-json\/wp\/v2\/product_brand?post=19019"},{"taxonomy":"product_cat","embeddable":true,"href":"https:\/\/www.somatechnology.com\/spanish\/wp-json\/wp\/v2\/product_cat?post=19019"},{"taxonomy":"product_tag","embeddable":true,"href":"https:\/\/www.somatechnology.com\/spanish\/wp-json\/wp\/v2\/product_tag?post=19019"}],"curies":[{"name":"wp","href":"https:\/\/api.w.org\/{rel}","templated":true}]}}