{"id":19914,"date":"2021-03-10T15:09:53","date_gmt":"2021-03-10T15:09:53","guid":{"rendered":"https:\/\/www.somatechnology.com\/spanish\/?post_type=product&#038;p=19914"},"modified":"2025-07-01T16:32:22","modified_gmt":"2025-07-01T20:32:22","slug":"medtronic-nim-response-3-0","status":"publish","type":"product","link":"https:\/\/www.somatechnology.com\/spanish\/equipo-medico-usado-remanufacturado\/unidades-emg\/medtronic-nim-response-3-0\/","title":{"rendered":"Medtronic NIM-Response 3.0"},"content":{"rendered":"<h2>Caracter\u00edsticas del Medtronic NIM-Response 3.0<\/h2>\n<p>El sistema Medtronic NIM-Response 3.0 se utiliza en una amplia variedad de aplicaciones, incluyendo cirug\u00edas intracraneales, extracraneales, intratemporales, extratemporales, disecci\u00f3n de cuello, cirug\u00edas tor\u00e1cicas, de extremidades inferiores y superiores, y procedimientos de columna. El sistema NIM utiliza la actividad EMG de los m\u00fasculos del paciente para monitorizar los nervios que podr\u00edan estar en riesgo. Al monitorizar los nervios del paciente durante los procedimientos, se puede reducir el riesgo de da\u00f1o.<\/p>\n<p>El sistema NIM incluye una pantalla t\u00e1ctil a color para facilitar su uso. Dispone de tres modos individuales y una configuraci\u00f3n personalizable. El NIM-Response 3.0 puede monitorizar hasta cuatro canales, o cuatro combinaciones de nervios y m\u00fasculos simult\u00e1neamente. El puerto USB del sistema facilita la transferencia de documentos para su almacenamiento en un centro m\u00e9dico.<\/p>\n<ul>\n<li>Monitoreo durante la cauterizaci\u00f3n bipolar<\/li>\n<li>Software de eliminaci\u00f3n de artefactos<\/li>\n<li>Integraci\u00f3n de la fresa de estimulaci\u00f3n para el taladro Visao<\/li>\n<li>Monitorizaci\u00f3n continua en tiempo real con el electrodo APS<\/li>\n<li>Control desde el campo quir\u00fargico<\/li>\n<li>M\u00faltiples puertos USB para facilitar la documentaci\u00f3n<\/li>\n<li>Monitorizaci\u00f3n simult\u00e1nea de hasta cuatro canales de combinaciones nervio-m\u00fasculo<\/li>\n<li>Uso frecuente en cirug\u00eda otorrinolaringol\u00f3gica, procedimientos craneoencef\u00e1licos y de cabeza y cuello<\/li>\n<\/ul>\n","protected":false},"excerpt":{"rendered":"<p>El Medtronic NIM-Response 3.0 ofrece monitorizaci\u00f3n nerviosa continua basada en EMG a trav\u00e9s de cuatro canales, lo que minimiza el riesgo de da\u00f1o nervioso durante cirug\u00edas de otorrinolaringolog\u00eda, de base de cr\u00e1neo y complejas de cabeza y cuello. Funciones como la eliminaci\u00f3n de artefactos, la integraci\u00f3n de electrodos APS y los m\u00faltiples puertos USB optimizan el flujo de trabajo y la documentaci\u00f3n para los equipos quir\u00fargicos.<\/p>\n","protected":false},"featured_media":32214,"template":"","meta":{"_acf_changed":false,"_relevanssi_hide_post":"","_relevanssi_hide_content":"","_relevanssi_pin_for_all":"","_relevanssi_pin_keywords":"","_relevanssi_unpin_keywords":"","_relevanssi_related_keywords":"","_relevanssi_related_include_ids":"","_relevanssi_related_exclude_ids":"","_relevanssi_related_no_append":"","_relevanssi_related_not_related":"","_relevanssi_related_posts":"","_relevanssi_noindex_reason":"","inline_featured_image":false},"pwb-brand":[1107],"product_brand":[],"product_cat":[47],"product_tag":[466,6534,6535,10845,6538,6541,6542,6536,6539,10848,10851,10850,10853,10847,10844,10843,10846,6537,10849,10852],"class_list":{"0":"post-19914","1":"product","2":"type-product","3":"status-publish","4":"has-post-thumbnail","6":"pwb-brand-equipo-medico-medtronic","7":"product_cat-unidades-emg","8":"product_tag-medtronic","9":"product_tag-medtronic-nim-response","10":"product_tag-medtronic-nim-response-3-0","11":"product_tag-medtronic-sistema-de-monitoreo-de-nervios","12":"product_tag-medtronic-unidades-emg","13":"product_tag-nim","14":"product_tag-nim-response","15":"product_tag-nim-response-3-0","16":"product_tag-nim-response-3-0-unidades-emg","17":"product_tag-nuevo-medtronic-nim-response-3-0","18":"product_tag-nuevo-sistema-de-monitoreo-de-nervios-medtronic-nim-response-3-0","19":"product_tag-reacondicionado-medtronic-nim-response-3-0","20":"product_tag-reacondicionado-sistema-de-monitoreo-de-nervios-medtronic-nim-response-3-0","21":"product_tag-response-3-0","22":"product_tag-sistema-de-monitoreo-de-nervios","23":"product_tag-sistema-de-monitoreo-de-nervios-medtronic-nim-response-3-0","24":"product_tag-sistema-de-monitoreo-de-nervios-nim","25":"product_tag-unidades-emg","26":"product_tag-usado-medtronic-nim-response-3-0","27":"product_tag-usado-sistema-de-monitoreo-de-nervios-medtronic-nim-response-3-0","29":"first","30":"instock","31":"shipping-taxable","32":"purchasable","33":"product-type-simple"},"acf":[],"brands":[{"id":1107,"name":"Medtronic","slug":"equipo-medico-medtronic"}],"_links":{"self":[{"href":"https:\/\/www.somatechnology.com\/spanish\/wp-json\/wp\/v2\/product\/19914","targetHints":{"allow":["GET"]}}],"collection":[{"href":"https:\/\/www.somatechnology.com\/spanish\/wp-json\/wp\/v2\/product"}],"about":[{"href":"https:\/\/www.somatechnology.com\/spanish\/wp-json\/wp\/v2\/types\/product"}],"wp:featuredmedia":[{"embeddable":true,"href":"https:\/\/www.somatechnology.com\/spanish\/wp-json\/wp\/v2\/media\/32214"}],"wp:attachment":[{"href":"https:\/\/www.somatechnology.com\/spanish\/wp-json\/wp\/v2\/media?parent=19914"}],"wp:term":[{"taxonomy":"pwb-brand","embeddable":true,"href":"https:\/\/www.somatechnology.com\/spanish\/wp-json\/wp\/v2\/pwb-brand?post=19914"},{"taxonomy":"product_brand","embeddable":true,"href":"https:\/\/www.somatechnology.com\/spanish\/wp-json\/wp\/v2\/product_brand?post=19914"},{"taxonomy":"product_cat","embeddable":true,"href":"https:\/\/www.somatechnology.com\/spanish\/wp-json\/wp\/v2\/product_cat?post=19914"},{"taxonomy":"product_tag","embeddable":true,"href":"https:\/\/www.somatechnology.com\/spanish\/wp-json\/wp\/v2\/product_tag?post=19914"}],"curies":[{"name":"wp","href":"https:\/\/api.w.org\/{rel}","templated":true}]}}