{"id":20148,"date":"2021-04-06T13:57:05","date_gmt":"2021-04-06T13:57:05","guid":{"rendered":"https:\/\/www.somatechnology.com\/spanish\/?post_type=product&#038;p=20148"},"modified":"2025-07-10T16:54:47","modified_gmt":"2025-07-10T20:54:47","slug":"axia-uc-100","status":"publish","type":"product","link":"https:\/\/www.somatechnology.com\/spanish\/equipo-medico-usado-remanufacturado\/autoclaves-esterilizadores\/limpiadores-ultrasonicos\/axia-uc-100\/","title":{"rendered":"Axia UC 100 A"},"content":{"rendered":"<div class=\"wpb-content-wrapper\"><p>[vc_row][vc_column][vc_column_text css=\u00bb\u00bb]<\/p>\n<h2>Carater\u00edsticas del Axia UC 100 A<\/h2>\n<p>El Axia UC 100A es un limpiador ultras\u00f3nico utilizado en laboratorios de biolog\u00eda, cardiolog\u00eda, endocrinolog\u00eda y gastroenterolog\u00eda. Utiliza ondas ultras\u00f3nicas de alta frecuencia para agitar el fluido. Esto provoca la formaci\u00f3n de burbujas microsc\u00f3picas que crean una intensa acci\u00f3n de limpieza sobre la superficie del objeto a limpiar. Esta intensa acci\u00f3n de limpieza puede dejar los objetos pr\u00e1cticamente como nuevos.<\/p>\n<ul>\n<li>El tanque tiene capacidad para 30 L de soluci\u00f3n.<\/li>\n<li>Configuraci\u00f3n de temperatura de 0 a 27 \u00b0C.<\/li>\n<li>Bandeja extra\u00edble.<\/li>\n<li>Pantalla LED con temporizador.<\/li>\n<\/ul>\n<p>[\/vc_column_text][\/vc_column][\/vc_row]<\/p>\n<\/div>","protected":false},"excerpt":{"rendered":"<p>El Axia UC 100 A es un limpiador ultras\u00f3nico que se puede utilizar en laboratorios biol\u00f3gicos, cardiolog\u00eda, endocrinolog\u00eda y gastroenterolog\u00eda. El Axia UC 100 A utiliza ondas ultras\u00f3nicas de alta frecuencia para agitar el fluido. Esto hace que se formen burbujas microsc\u00f3picas y creen una intensa acci\u00f3n de fregado en la superficie del objeto que se est\u00e1 limpiando. La intensa acci\u00f3n de limpieza puede hacer que los objetos luzcan casi como nuevos.<\/p>\n","protected":false},"featured_media":32280,"template":"","meta":{"_acf_changed":false,"_relevanssi_hide_post":"","_relevanssi_hide_content":"","_relevanssi_pin_for_all":"","_relevanssi_pin_keywords":"","_relevanssi_unpin_keywords":"","_relevanssi_related_keywords":"","_relevanssi_related_include_ids":"","_relevanssi_related_exclude_ids":"","_relevanssi_related_no_append":"","_relevanssi_related_not_related":"","_relevanssi_related_posts":"","_relevanssi_noindex_reason":"","inline_featured_image":false},"pwb-brand":[1098],"product_brand":[],"product_cat":[2382],"product_tag":[3291,10886,10887,492,191,10893,10890,10891,2395,2385,10894,10888,10885,6614,10889,10892],"class_list":{"0":"post-20148","1":"product","2":"type-product","3":"status-publish","4":"has-post-thumbnail","6":"pwb-brand-equipo-medico-axia","7":"product_cat-limpiadores-ultrasonicos","8":"product_tag-3291","9":"product_tag-100-a","10":"product_tag-100a","11":"product_tag-a","12":"product_tag-axia","13":"product_tag-limpiador","14":"product_tag-limpiador-ultrasonico","15":"product_tag-limpiador-ultrasonico-axia","16":"product_tag-limpiadores","17":"product_tag-limpiadores-ultrasonicos","18":"product_tag-limpiadores-ultrasonicos-axia","19":"product_tag-u-c","20":"product_tag-uc","21":"product_tag-uc-100-a","22":"product_tag-uc-100a","23":"product_tag-ultrasonico","25":"first","26":"instock","27":"shipping-taxable","28":"purchasable","29":"product-type-simple"},"acf":[],"brands":[{"id":1098,"name":"Axia","slug":"equipo-medico-axia"}],"_links":{"self":[{"href":"https:\/\/www.somatechnology.com\/spanish\/wp-json\/wp\/v2\/product\/20148","targetHints":{"allow":["GET"]}}],"collection":[{"href":"https:\/\/www.somatechnology.com\/spanish\/wp-json\/wp\/v2\/product"}],"about":[{"href":"https:\/\/www.somatechnology.com\/spanish\/wp-json\/wp\/v2\/types\/product"}],"wp:featuredmedia":[{"embeddable":true,"href":"https:\/\/www.somatechnology.com\/spanish\/wp-json\/wp\/v2\/media\/32280"}],"wp:attachment":[{"href":"https:\/\/www.somatechnology.com\/spanish\/wp-json\/wp\/v2\/media?parent=20148"}],"wp:term":[{"taxonomy":"pwb-brand","embeddable":true,"href":"https:\/\/www.somatechnology.com\/spanish\/wp-json\/wp\/v2\/pwb-brand?post=20148"},{"taxonomy":"product_brand","embeddable":true,"href":"https:\/\/www.somatechnology.com\/spanish\/wp-json\/wp\/v2\/product_brand?post=20148"},{"taxonomy":"product_cat","embeddable":true,"href":"https:\/\/www.somatechnology.com\/spanish\/wp-json\/wp\/v2\/product_cat?post=20148"},{"taxonomy":"product_tag","embeddable":true,"href":"https:\/\/www.somatechnology.com\/spanish\/wp-json\/wp\/v2\/product_tag?post=20148"}],"curies":[{"name":"wp","href":"https:\/\/api.w.org\/{rel}","templated":true}]}}