{"id":20281,"date":"2021-04-21T16:07:04","date_gmt":"2021-04-21T16:07:04","guid":{"rendered":"https:\/\/www.somatechnology.com\/spanish\/?post_type=product&#038;p=20281"},"modified":"2023-08-23T06:32:43","modified_gmt":"2023-08-23T10:32:43","slug":"skytron-6701-hercules","status":"publish","type":"product","link":"https:\/\/www.somatechnology.com\/spanish\/equipo-medico-usado-remanufacturado\/mesas-de-cirugia\/skytron-6701-hercules\/","title":{"rendered":"Skytron 6701 Hercules"},"content":{"rendered":"<h2>CARACTER\u00cdSTICAS DE SKYTRON 6701 HERCULES<\/h2>\n<p>La mesa quir\u00fargica <strong>Skytron 6701 Hercules<\/strong> tiene una capacidad de elevaci\u00f3n de 1,200 lbs y de articulaci\u00f3n de 1,000 lbs, secci\u00f3n de respaldo y piernas desmontables, rotaci\u00f3n superior de 210\u00b0, altura de mesa baja de 23 pulg., posici\u00f3n de silla de playa autom\u00e1tica, \u00a1y mucho m\u00e1s! La rotaci\u00f3n de 210\u00b0 del tablero del 6701 proporciona una gran flexibilidad del Arco en C y ayuda a eliminar conflictos entre el cirujano y el anestesista durante los procedimientos de cabeza.<\/p>\n<ul>\n<li>Capacidad de elevaci\u00f3n de 1,200 lbs y de articulaci\u00f3n de 1,000 lbs<\/li>\n<li>Articulaci\u00f3n del paciente de 30\u00b0 incluyendo inclinaci\u00f3n, trendelenburg y trendelenburg inverso.<\/li>\n<li>Ajuste de altura baja de 23 pulg.<\/li>\n<li>Cobertura completa del cuerpo.<\/li>\n<li>Sistema de seguridad autom\u00e1tico de 4 puntos con freno autonivelante.<\/li>\n<li>Accesorios opcionales para mesas bari\u00e1tricas.<\/li>\n<\/ul>\n<h2>ESPECIFICACIONES DE SKYTRON 6701 HERCULES<\/h2>\n<h3>Dimensiones<\/h3>\n<ul>\n<li>Altura: 23-41 pulg. (58.4-104 cm)<\/li>\n<li>Anchura: 19.75 pulg. (50 cm)<\/li>\n<li>Anchura con barandillas laterales: 22 pulg. (56 cm)<\/li>\n<li>Longitud sin reposacabezas: 65.5 pulg. (166.5 cm)<\/li>\n<li>Longitud con reposacabezas 79 pulg. (201 cm)<\/li>\n<li>Peso: 900 lbs (410 kg)<\/li>\n<\/ul>\n<h3>Movimientos de la Mesa<\/h3>\n<ul>\n<li>Altura: 23-41 pulg. (58.4-104 cm)<\/li>\n<li>Inclinaci\u00f3n lateral (izquierda\/derecha): 30\u00b0<\/li>\n<li>Trendelenburg: 30\u00b0<\/li>\n<li>Trendelenburg inverso: 30\u00b0<\/li>\n<li>Puente renal el\u00e9ctrico: Elevaci\u00f3n de 6 pulg. (15 cm)<\/li>\n<li>Espalda arriba\/abajo: 90\u00b0\/40\u00b0<\/li>\n<li>Pierna arriba\/abajo: 20\u00b0\/100\u00b0<\/li>\n<li>Retorno a nivel (retorno anat\u00f3micamente correcto a posici\u00f3n horizontal desde posiciones articuladas)<\/li>\n<li>Rotaci\u00f3n superior: 210\u00b0<\/li>\n<li>Flexi\u00f3n\/reflexi\u00f3n: 40\u00b0\/90\u00b0.<\/li>\n<li>Freno de base (bloqueo\/desbloqueo)<\/li>\n<li>Silla de playa<\/li>\n<\/ul>\n<h3>M\u00e1x. Carga Admisible<\/h3>\n<ul>\n<li>1200 Ibs (545 kg) Elevaci\u00f3n<\/li>\n<li>1000 lbs (455 kg) Articulaci\u00f3n<\/li>\n<\/ul>\n<h3>\u00bfPREGUNTAS SOBRE NUESTRAS MESAS QUIR\u00daRGICAS?<\/h3>\n<p>Soma Tech Intl ofrece una amplia gama de <a href=\"https:\/\/www.somatechnology.com\/spanish\/equipos-medicos\/mesas-de-cirugia\/\">mesas quir\u00fargicas<\/a>. Si tiene alguna pregunta sobre cualquiera de nuestras mesas o necesita un presupuesto, llame al 1-800-GET-SOMA y uno de nuestros <a href=\"https:\/\/www.somatechnology.com\/spanish\/contactenos-equipo-medico\/\">representantes de ventas<\/a> le ayudar\u00e1.<\/p>\n<h2>M\u00c1S INFORMACI\u00d3N SOBRE EL SKYTRON 6701 HERCULES<\/h2>\n<h3>Skytron 6701 Hercules Reconstruido<\/h3>\n<p>Soma Tech Intl ofrece el Skytron 6701 Hercules hasta un 50% por debajo de los precios original con el mismo servicio y garant\u00eda que los nuevos. El 6701 Hercules no s\u00f3lo est\u00e1 t\u00e9cnicamente reconstruido, sino que tambi\u00e9n est\u00e1 cosm\u00e9ticamente reacondicionado para que funcione y se vea como nuevo. Cuando se inicia el proceso de reacondicionamiento del 6701 Hercules, \u00e9sta cuidadosamente inspeccionado y probado por nuestros propios ingenieros biom\u00e9dicos quien son certificados para trabajar con mesas quir\u00fargicas. Si es necesario, se reemplazan las piezas para asegurarse de que todos los aspectos del 6701 funcionen con eficaz. Una vez que todo est\u00e1 en orden de funcionamiento, la unidad se calibra con las especificaciones originales del fabricante. Esto asegura que la unidad est\u00e1 funcionando de la misma manera que cuando sali\u00f3 originalmente del fabricante. Despu\u00e9s de que la m\u00e1quina funciona como nuevo, se somete a un proceso especial de restauraci\u00f3n cosm\u00e9tica. Se limpia, se reparan los peque\u00f1os ara\u00f1azos y abolladuras, se pinta y se sustituyen las calcoman\u00edas si es necesario. Soma Tech Intl cuenta con la certificaci\u00f3n ISO 13485 y se asegura de que se d\u00e9 la mejor calidad a todos los equipos m\u00e9dicos que venden. Antes de que el 6701 sea etiquetado como listo para el paciente y empacado para su env\u00edo, pasa por una \u00faltima prueba de control de calidad que asegura que todos los aspectos est\u00e1n funcionando de nuevo como deber\u00edan. Si desea comprar el Skytron 6701 Hercules reconstruido, p\u00f3ngase en contacto con nosotros en <a href=\"mailto:Soma@SomaTechnology.com\">Soma@SomaTechnology.com<\/a> o ll\u00e1menos al 1-800-GET-SOMA.<\/p>\n<p>Soma Tech Intl tambi\u00e9n est\u00e1 buscando activamente para comprar un Skytron 6701 Hercules. Si usted o su instalaci\u00f3n est\u00e1 buscando vender su unidad, aseg\u00farese de ponerse en contacto con Soma Tech Intl. Soma tiene un departamento de compras dedicado en ayudar a trav\u00e9s de todo el proceso. La venta de su mesa quir\u00fargica usado o de segunda mano a Soma Tech Intl elimina el intermediario en la ecuaci\u00f3n. Esto tambi\u00e9n asegura que su centro m\u00e9dico obtiene el mejor precio por su equipo. Soma cumple al 100% con las normas HIPPA y se asegura de que su equipo llegue a nuestras instalaciones en las mismas condiciones en que sali\u00f3 del suyo. Soma Tech Intl tambi\u00e9n da la opci\u00f3n de cr\u00e9dito de intercambio en su equipo m\u00e9dico. Si usted o su instalaci\u00f3n est\u00e1 buscando recuperar espacio para nuevos equipos, o si usted est\u00e1 buscando para actualizar su equipo actual, p\u00f3ngase en contacto con el departamento de compras en <a href=\"mailto:Buyer@SomaTechnology.com\">Buyer@SomaTechnology.com<\/a> o env\u00edenos un mensaje en nuestro sitio web Vender a Soma.<\/p>\n","protected":false},"excerpt":{"rendered":"<p>Mesas Quir\u00fargicas<\/p>\n","protected":false},"featured_media":20282,"template":"","meta":{"_acf_changed":false,"_relevanssi_hide_post":"","_relevanssi_hide_content":"","_relevanssi_pin_for_all":"","_relevanssi_pin_keywords":"","_relevanssi_unpin_keywords":"","_relevanssi_related_keywords":"","_relevanssi_related_include_ids":"","_relevanssi_related_exclude_ids":"","_relevanssi_related_no_append":"","_relevanssi_related_not_related":"","_relevanssi_related_posts":"","_relevanssi_noindex_reason":"","inline_featured_image":false},"pwb-brand":[1186],"product_brand":[],"product_cat":[72],"product_tag":[6628,6629,3281,2500,4160,2522,6630,6631],"class_list":{"0":"post-20281","1":"product","2":"type-product","3":"status-publish","4":"has-post-thumbnail","6":"pwb-brand-equipo-medico-skytron","7":"product_cat-mesas-de-cirugia","8":"product_tag-6628","9":"product_tag-6701-hercules","10":"product_tag-hercules","11":"product_tag-mesas-quirurgicas","12":"product_tag-mesas-quirurgicas-skytron","13":"product_tag-skytron","14":"product_tag-skytron-6701","15":"product_tag-skytron-6701-hercules","17":"first","18":"instock","19":"shipping-taxable","20":"purchasable","21":"product-type-simple"},"acf":[],"brands":[{"id":1186,"name":"Skytron","slug":"equipo-medico-skytron"}],"_links":{"self":[{"href":"https:\/\/www.somatechnology.com\/spanish\/wp-json\/wp\/v2\/product\/20281","targetHints":{"allow":["GET"]}}],"collection":[{"href":"https:\/\/www.somatechnology.com\/spanish\/wp-json\/wp\/v2\/product"}],"about":[{"href":"https:\/\/www.somatechnology.com\/spanish\/wp-json\/wp\/v2\/types\/product"}],"wp:featuredmedia":[{"embeddable":true,"href":"https:\/\/www.somatechnology.com\/spanish\/wp-json\/wp\/v2\/media\/20282"}],"wp:attachment":[{"href":"https:\/\/www.somatechnology.com\/spanish\/wp-json\/wp\/v2\/media?parent=20281"}],"wp:term":[{"taxonomy":"pwb-brand","embeddable":true,"href":"https:\/\/www.somatechnology.com\/spanish\/wp-json\/wp\/v2\/pwb-brand?post=20281"},{"taxonomy":"product_brand","embeddable":true,"href":"https:\/\/www.somatechnology.com\/spanish\/wp-json\/wp\/v2\/product_brand?post=20281"},{"taxonomy":"product_cat","embeddable":true,"href":"https:\/\/www.somatechnology.com\/spanish\/wp-json\/wp\/v2\/product_cat?post=20281"},{"taxonomy":"product_tag","embeddable":true,"href":"https:\/\/www.somatechnology.com\/spanish\/wp-json\/wp\/v2\/product_tag?post=20281"}],"curies":[{"name":"wp","href":"https:\/\/api.w.org\/{rel}","templated":true}]}}