{"id":20897,"date":"2021-06-10T18:59:58","date_gmt":"2021-06-10T18:59:58","guid":{"rendered":"https:\/\/www.somatechnology.com\/spanish\/?post_type=product&#038;p=20897"},"modified":"2025-11-19T12:47:57","modified_gmt":"2025-11-19T17:47:57","slug":"covidien-valleylab-force-fx-c","status":"publish","type":"product","link":"https:\/\/www.somatechnology.com\/spanish\/equipo-medico-usado-remanufacturado\/unidades-electroquirurgicas-electrobisturis\/covidien-valleylab-force-fx-c\/","title":{"rendered":"Covidien Valleylab Force FX-C"},"content":{"rendered":"<h2>CARACTER\u00cdSTICAS DE COVIDIEN VALLEYLAB FORCE FX-C<\/h2>\n<p>El <strong>Covidien Force FX-C<\/strong> es un generador electroquir\u00fargico, tambi\u00e9n denominado \u00abgenerador electroquir\u00fargico Covidien Force FX C \u00bb , que proporciona potencia de salida aislada para cortar, desecar y fulgurar tejido durante cirug\u00eda bipolar y monopolar. Esta ESU de Valleylab detecta autom\u00e1ticamente la resistencia y ajusta la tensi\u00f3n de salida para mantener un efecto constante en diferentes densidades de tejido. Este ajuste s\u00f3lo est\u00e1 disponible en los modos bipolar o de corte y se basa en el ajuste de potencia y el nivel de resistencia del tejido. Dispone de 3 modos bipolares, 3 modos de corte monopolares, 3 modos de coagulaci\u00f3n monopolares y admite la coagulaci\u00f3n simult\u00e1nea. Las ESU Force de Covidien admiten el uso de las piezas de mano CUSA System 200 , CUSA EXcel+ y CUSA con el m\u00f3dulo electroquir\u00fargico CUSA.<\/p>\n<ul>\n<li>La tecnolog\u00eda Instant Respons garantiza que la potencia suministrada permanezca pr\u00e1cticamente constante, independientemente del tipo de tejido<\/li>\n<li>El rendimiento mejorado con ajustes de potencia m\u00e1s bajos minimiza el riesgo de da\u00f1o tisular y la estimulaci\u00f3n neuromuscular<\/li>\n<li>Tres microcontroladores internos reducen el tiempo de reacci\u00f3n del sistema y aumentan su velocidad de procesamiento<\/li>\n<li>Tensi\u00f3n de coagulaci\u00f3n de pulverizaci\u00f3n de no m\u00e1s de 9000 voltios de pico a pico para una coagulaci\u00f3n amplia pero superficial con un acoplamiento capacitivo limitado<\/li>\n<li>Un \u00edndice de eficiencia energ\u00e9tica (PER) de aproximadamente 98 para un rendimiento de corte preciso y uniforme<\/li>\n<li>Tres modos de corte, todos controlados por la tecnolog\u00eda Instant Response\u2122, ofrecen a los cirujanos una variedad de opciones:\n<ul>\n<li>Corte bajo para tejidos delicados o casos laparosc\u00f3picos<\/li>\n<li>Corte puro para un corte limpio y preciso<\/li>\n<li>Blend para corte con hemostasia<\/li>\n<\/ul>\n<\/li>\n<li>Cuatro modos de coagulaci\u00f3n:\n<ul>\n<li>Desiccate para una coagulaci\u00f3n por contacto de baja tensi\u00f3n adecuada en laparoscopia y en trabajos con tejidos delicados<\/li>\n<li>Fulgurate (factor de cresta alto) para una coagulaci\u00f3n eficaz sin contacto en la mayor\u00eda de las aplicaciones<\/li>\n<li>Fulgurate (factor de cresta bajo) para requisitos de coagulaci\u00f3n de bajo voltaje<\/li>\n<li>Spray para coagular grandes \u00e1reas de tejido con profundidad superficial de necrosis<\/li>\n<\/ul>\n<\/li>\n<li>Tres modos bipolares:\n<ul>\n<li>Preciso, Est\u00e1ndar y Macrobipolar son controlados por el sistema Instant Response\u2122.<\/li>\n<li>Los ajustes Preciso y Est\u00e1ndar utilizan bajo voltaje para evitar chispas<\/li>\n<\/ul>\n<\/li>\n<li>Sistema vers\u00e1til que es excepcionalmente compatible con otros dispositivos, incluyendo:\n<ul>\n<li>Force Argon\u2122 II y Force GSU\u2122 sistema de coagulaci\u00f3n de arg\u00f3n<\/li>\n<li>Aspiradores quir\u00fargicos ultras\u00f3nicos CUSA EXcel\u2122 y CUSA\u2122 200<\/li>\n<li>Evacuador de humos OptiMumm\u2122, a trav\u00e9s de un enlace directo por cable<\/li>\n<li>Monitor de corriente bipolar Valleylab VLCM<\/li>\n<\/ul>\n<\/li>\n<li>Compatible con y utilizado como fuente de energ\u00eda electroquir\u00fargica para:\n<ul>\n<li>Sistema de ablaci\u00f3n artrosc\u00f3pica Dyonics* Control RF<\/li>\n<li>Sistema de resecci\u00f3n rotatoria Dyonics* Electroblade\u2122<\/li>\n<li>Sistema de extracci\u00f3n de cables de marcapasos EDS Perfecta\u2122 de Cook Vascular<\/li>\n<\/ul>\n<\/li>\n<li>Compatible con, y el generador electroquir\u00fargico exclusivo para, el sistema Computer Motion Hermes\u2122 Voice Command<\/li>\n<\/ul>\n","protected":false},"excerpt":{"rendered":"<p>El Covidien Force FX-C es un generador electroquir\u00fargico, tambi\u00e9n denominado \u00abgenerador electroquir\u00fargico Covidien Force FX C \u00bb , que proporciona potencia de salida aislada para cortar, desecar y fulgurar tejido durante cirug\u00eda bipolar y monopolar. Esta ESU de Valleylab detecta autom\u00e1ticamente la resistencia y ajusta la tensi\u00f3n de salida para mantener un efecto constante en diferentes densidades de tejido. Este ajuste s\u00f3lo est\u00e1 disponible en los modos bipolar o de corte y se basa en el ajuste de potencia y el nivel de resistencia del tejido. Dispone de 3 modos bipolares, 3 modos de corte monopolares, 3 modos de coagulaci\u00f3n monopolares y admite la coagulaci\u00f3n simult\u00e1nea. Las ESU Force de Covidien admiten el uso de las piezas de mano CUSA System 200 , CUSA EXcel+ y CUSA con el m\u00f3dulo electroquir\u00fargico CUSA.<\/p>\n","protected":false},"featured_media":32930,"template":"","meta":{"_acf_changed":false,"_relevanssi_hide_post":"","_relevanssi_hide_content":"","_relevanssi_pin_for_all":"","_relevanssi_pin_keywords":"","_relevanssi_unpin_keywords":"","_relevanssi_related_keywords":"","_relevanssi_related_include_ids":"","_relevanssi_related_exclude_ids":"","_relevanssi_related_no_append":"","_relevanssi_related_not_related":"","_relevanssi_related_posts":"","_relevanssi_noindex_reason":"","inline_featured_image":false},"pwb-brand":[1107],"product_brand":[],"product_cat":[76],"product_tag":[352,6941,6942,6943,6937,1896,6939,6938,6767,6768,6940,1608,6769],"class_list":{"0":"post-20897","1":"product","2":"type-product","3":"status-publish","4":"has-post-thumbnail","6":"pwb-brand-equipo-medico-medtronic","7":"product_cat-unidades-electroquirurgicas-electrobisturis","8":"product_tag-covidien","9":"product_tag-covidien-force-fx","10":"product_tag-covidien-force-fx-c","11":"product_tag-covidien-force-fx-cs","12":"product_tag-electrobisturi","13":"product_tag-electrobisturis","14":"product_tag-electrobisturis-covidien","15":"product_tag-electrobisturis-valleylab","16":"product_tag-force","17":"product_tag-force-fx","18":"product_tag-force-fx-c","19":"product_tag-valleylab","20":"product_tag-valleylab-force-fx","22":"first","23":"instock","24":"shipping-taxable","25":"purchasable","26":"product-type-simple"},"acf":[],"brands":[{"id":1107,"name":"Medtronic","slug":"equipo-medico-medtronic"}],"_links":{"self":[{"href":"https:\/\/www.somatechnology.com\/spanish\/wp-json\/wp\/v2\/product\/20897","targetHints":{"allow":["GET"]}}],"collection":[{"href":"https:\/\/www.somatechnology.com\/spanish\/wp-json\/wp\/v2\/product"}],"about":[{"href":"https:\/\/www.somatechnology.com\/spanish\/wp-json\/wp\/v2\/types\/product"}],"wp:featuredmedia":[{"embeddable":true,"href":"https:\/\/www.somatechnology.com\/spanish\/wp-json\/wp\/v2\/media\/32930"}],"wp:attachment":[{"href":"https:\/\/www.somatechnology.com\/spanish\/wp-json\/wp\/v2\/media?parent=20897"}],"wp:term":[{"taxonomy":"pwb-brand","embeddable":true,"href":"https:\/\/www.somatechnology.com\/spanish\/wp-json\/wp\/v2\/pwb-brand?post=20897"},{"taxonomy":"product_brand","embeddable":true,"href":"https:\/\/www.somatechnology.com\/spanish\/wp-json\/wp\/v2\/product_brand?post=20897"},{"taxonomy":"product_cat","embeddable":true,"href":"https:\/\/www.somatechnology.com\/spanish\/wp-json\/wp\/v2\/product_cat?post=20897"},{"taxonomy":"product_tag","embeddable":true,"href":"https:\/\/www.somatechnology.com\/spanish\/wp-json\/wp\/v2\/product_tag?post=20897"}],"curies":[{"name":"wp","href":"https:\/\/api.w.org\/{rel}","templated":true}]}}