{"id":21006,"date":"2021-06-22T19:08:34","date_gmt":"2021-06-22T19:08:34","guid":{"rendered":"https:\/\/www.somatechnology.com\/spanish\/?post_type=product&#038;p=21006"},"modified":"2026-01-13T06:36:41","modified_gmt":"2026-01-13T11:36:41","slug":"philips-epiq-cvx","status":"publish","type":"product","link":"https:\/\/www.somatechnology.com\/spanish\/equipo-medico-usado-remanufacturado\/imagenologia-radiologia\/ultrasonidos\/philips-epiq-cvx\/","title":{"rendered":"Philips EPIQ CVx"},"content":{"rendered":"<h2>CARACTER\u00cdSTICAS DE PHILIPS EPIQ CVx<\/h2>\n<p>El <strong>Philips Epiq Cvx<\/strong> es un sistema de ultrasonido card\u00edaco. El Philips CVx est\u00e1 construido sobre la misma plataforma que los otros ultrasonidos Epiq, el Epiq 5 y el Epiq 7 . La diferencia entre la versi\u00f3n anterior del Epiq y el Cvx es la pantalla OLED que puede proporcionar im\u00e1genes m\u00e1s claras. El ec\u00f3grafo tambi\u00e9n cuenta con un procesador m\u00e1s r\u00e1pido y una interfaz de usuario con pantalla t\u00e1ctil. El ec\u00f3grafo CVx puede producir im\u00e1genes de diagn\u00f3stico cardiaco, abdominal, musculoesquel\u00e9tico, urol\u00f3gico, transvaginal y de \u00f3rganos peque\u00f1os. El sistema de ecograf\u00eda Epiq ofrece tecnolog\u00edas que pueden reducir el ruido en las im\u00e1genes para mejorar la calidad y el detalle de la imagen. Se pueden realizar ajustes de luces y sombras mientras se visualizan im\u00e1genes en 3D y 4D. El CVX incluye el sistema de im\u00e1genes ultras\u00f3nicas TrueVue 3d de Philips, que puede representar una estructura anat\u00f3mica en 3D de un feto o un \u00f3rgano.<\/p>\n<ul>\n<li>Pantalla OLED de 21 pulgadas con capacidad para girar 180 grados<\/li>\n<li>4 conectores de sonda y puertos de sujeci\u00f3n<\/li>\n<li>Conectividad DICOM inal\u00e1mbrica<\/li>\n<li>Im\u00e1genes fotorrealistas con fuente de luz ajustable<\/li>\n<li>Doppler autom\u00e1tico que reduce el tiempo dedicado al posicionamiento de la caja de color y la colocaci\u00f3n del volumen de muestra.<\/li>\n<li>Interfaz de usuario con pantalla t\u00e1ctil de control manual. Permite a los usuarios pellizcar, ampliar y rotar el conjunto de datos 3D.<\/li>\n<\/ul>\n<h2>ESPECIFICACIONES DE PHILIPS EPIQ CVx<\/h2>\n<h3>Dimensiones<\/h3>\n<ul>\n<li>Altura: 57.5 \u2013 67.5 pulg (146 \u2013 171.5 cm)<\/li>\n<li>Anchura: 23.8 pulg (60.6 cm)<\/li>\n<li>Profundidad: 43 pulg (109.2 cm)<\/li>\n<li>Peso: 229.9 lbs (104.3 kg)<\/li>\n<\/ul>\n<h3>Modos de Imagen<\/h3>\n<ul>\n<li>Modo 2D<\/li>\n<li>Modo M<\/li>\n<li>Doppler en color<\/li>\n<li>Angiograf\u00eda de potencia en color (CPA)<\/li>\n<li>Doppler espectral<\/li>\n<li>Auto Color y Auto Doppler<\/li>\n<li>Doppler tisular<\/li>\n<li>Imagen de contraste<\/li>\n<li>Modo d\u00faplex (2D y Doppler simult\u00e1neos)<\/li>\n<li>Modo triplex (2D, Doppler y color o CPA simult\u00e1neos)<\/li>\n<\/ul>\n<h3>Tipos de Transductores Compatibles<\/h3>\n<ul>\n<li>Matriz convexa<\/li>\n<li>Matriz en fase<\/li>\n<li>Array lineal 2D<\/li>\n<li>Matriz lineal 4D<\/li>\n<li>Micro matriz convexa<\/li>\n<li>Array intraoperatorio<\/li>\n<li>Pedoff (sin imagen)<\/li>\n<li>Sonda TEE (3D en directo)<\/li>\n<li>Sonda TEE (2D)<\/li>\n<\/ul>\n<h3>Aplicaciones Cl\u00ednicas<\/h3>\n<ul>\n<li>Ecocardiograf\u00eda (adultos, pedi\u00e1trica, fetal)<\/li>\n<li>Vascular (perif\u00e9rica, cerebrovascular, TCD temporal)<\/li>\n<li>Ecocardiograf\u00eda transesof\u00e1gica (adultos, pedi\u00e1trica)<\/li>\n<li>Ecocardiograf\u00eda de estr\u00e9s<\/li>\n<li>Ecocardiograf\u00eda epic\u00e1rdica<\/li>\n<\/ul>\n<h3>Pantalla<\/h3>\n<ul>\n<li>Monitor\n<ul>\n<li>Unidad principal de 21&#8217;5 pulgadas de formato panor\u00e1mico de alta definici\u00f3n<\/li>\n<li>\u00c1ngulo de visi\u00f3n ampliado &gt;178\u00b0 (horizontal y vertical)<\/li>\n<li>Tiempo de respuesta &lt;14 ms<\/li>\n<li>Tecnolog\u00eda pr\u00e1cticamente sin parpadeo que reduce la fatiga visual<\/li>\n<li>Montado en brazo extensible totalmente articulado<\/li>\n<li>Alta relaci\u00f3n de contraste &gt;1000:1<\/li>\n<\/ul>\n<\/li>\n<li>Panel de Control\n<ul>\n<li>Pantalla t\u00e1ctil capacitiva de 12 pulgadas a todo color<\/li>\n<li>Completa con tecnolog\u00edas de deslizamiento, zoom, panor\u00e1mica y rotaci\u00f3n<\/li>\n<\/ul>\n<\/li>\n<\/ul>\n<h3>Dise\u00f1o de la Consola<\/h3>\n<ul>\n<li>Disco duro de 1 TB m\u00e1s SSD de 240 GB<\/li>\n<li>Ajuste de la curva TGC mediante 8 controles deslizantes<\/li>\n<li>Pantalla t\u00e1ctil integrada en el panel de control<\/li>\n<li>Exclusiva soluci\u00f3n de gesti\u00f3n de cables easy-clip<\/li>\n<li>Sube y baja 20.3 cm<\/li>\n<li>Gira 180o desde el centro<\/li>\n<\/ul>\n<h3>Caracter\u00edsticas Est\u00e1ndar<\/h3>\n<ul>\n<li>XRES<\/li>\n<li>SonoCT<\/li>\n<li>THI (im\u00e1genes arm\u00f3nicas tisulares)<\/li>\n<li>Cine<\/li>\n<li>Comparaci\u00f3n en vivo<\/li>\n<li>Correcci\u00f3n de la aberraci\u00f3n tisular (TAC)<\/li>\n<li>HighQ (An\u00e1lisis Doppler autom\u00e1tico)<\/li>\n<li>Escaneado inteligente iSCAN<\/li>\n<li>AutoSCAN (optimizaci\u00f3n TGC fotograma a fotograma en tiempo real)<\/li>\n<li>Optimizaci\u00f3n inteligente iOPTIMIZE<\/li>\n<li>Seguimiento autom\u00e1tico del flujo<\/li>\n<\/ul>\n<h2>PREGUNTAS FRECUENTES SOBRE ULTRASONIDOS<\/h2>\n<h3>\u00bfQu\u00e9 hace un ultrasonido?<\/h3>\n<p>Los ec\u00f3grafos utilizan ondas sonoras de alta frecuencia para mostrar im\u00e1genes en directo del interior del cuerpo. Los ultrasonidos no utilizan radiaci\u00f3n, por lo que es el m\u00e9todo preferido para ver un feto en desarrollo en el \u00fatero. Las im\u00e1genes por ultrasonidos utilizan frecuencias de 2 megahercios o superiores, lo que permite la resoluci\u00f3n de peque\u00f1os detalles internos en estructuras y tejidos.<\/p>\n<h3>\u00bfPara que se utiliza una m\u00e1quina de ultrasonido?<\/h3>\n<p>En medicina, la mayor\u00eda de la gente asocia los ec\u00f3grafos y las ecograf\u00edas con el embarazo. Estas ecograf\u00edas permiten echar un primer vistazo y realizar controles peri\u00f3dicos sobre la evoluci\u00f3n del feto a lo largo del embarazo. Sin embargo, los ec\u00f3grafos tienen muchos otros usos en el campo de la medicina. Es posible que tu m\u00e9dico te pida una ecograf\u00eda si tienes dolor, hinchaz\u00f3n u otros s\u00edntomas que requieran una visi\u00f3n interna de tus \u00f3rganos. Algunas de las partes del cuerpo m\u00e1s comunes que exploran los m\u00e9dicos y ecografistas son:<\/p>\n<ul>\n<li>Vejiga<\/li>\n<li>H\u00edgado<\/li>\n<li>Ri\u00f1ones<\/li>\n<li>P\u00e1ncreas<\/li>\n<li>Ves\u00edcula biliar<\/li>\n<li>Cerebro<\/li>\n<li>Ojos<\/li>\n<li>Bazo<\/li>\n<li>\u00datero<\/li>\n<li>Vasos sangu\u00edneos<\/li>\n<li>Ovarios<\/li>\n<li>Test\u00edculos<\/li>\n<\/ul>\n<h2>M\u00c1S INFORMACI\u00d3N SOBRE EL PHILIPS EPIQ CVx<\/h2>\n<h3>Philips Epiq CVx Reconstruido<\/h3>\n<p>Soma Tech Intl ofrece el Philips Epiq CVx hasta un 50% por debajo de los precios original con el mismo servicio y garant\u00eda que los nuevos. El Epiq CVx no s\u00f3lo est\u00e1 t\u00e9cnicamente reconstruido, sino que tambi\u00e9n est\u00e1 cosm\u00e9ticamente reacondicionado para que funcione y se vea como nuevo. Cuando se inicia el proceso de reacondicionamiento del CVx \u00e9sta cuidadosamente inspeccionado y probado por nuestros propios ingenieros biom\u00e9dicos quien son certificados para trabajar con ultrasonidos. Si es necesario, se reemplazan las piezas para asegurarse de que todos los aspectos del CVx funcionen con eficaz. Una vez que todo est\u00e1 en orden de funcionamiento, la unidad se calibra con las especificaciones originales del fabricante. Esto asegura que la unidad est\u00e1 funcionando de la misma manera que cuando sali\u00f3 originalmente del fabricante. Despu\u00e9s de que la m\u00e1quina funciona como nuevo, se somete a un proceso especial de restauraci\u00f3n cosm\u00e9tica. Se limpia, se reparan los peque\u00f1os ara\u00f1azos y abolladuras, se pinta y se sustituyen las calcoman\u00edas si es necesario. Soma Tech Intl cuenta con la certificaci\u00f3n ISO 13485 y se asegura de que se d\u00e9 la mejor calidad a todos los equipos m\u00e9dicos que venden. Antes de que el CVx sea etiquetado como listo para el paciente y empacado para su env\u00edo, pasa por una \u00faltima prueba de control de calidad que asegura que todos los aspectos est\u00e1n funcionando de nuevo como deber\u00edan. Si desea comprar el Epiq CVx reconstruido, p\u00f3ngase en contacto con nosotros en Soma@SomaTechnology.com o ll\u00e1menos al 1-800-GET-SOMA.<\/p>\n<p>Soma Tech Intl tambi\u00e9n est\u00e1 buscando activamente para comprar un Philips Epiq CVx. Si usted o su instalaci\u00f3n est\u00e1 buscando vender su unidad, aseg\u00farese de ponerse en contacto con Soma Tech Intl. Soma tiene un departamento de compras dedicado en ayudar a trav\u00e9s de todo el proceso. La venta de su ultrasonido usado o de segunda mano a Soma Tech Intl elimina el intermediario en la ecuaci\u00f3n. Esto tambi\u00e9n asegura que su centro m\u00e9dico obtiene el mejor precio por su equipo. Soma cumple al 100% con las normas HIPPA y se asegura de que su equipo llegue a nuestras instalaciones en las mismas condiciones en que sali\u00f3 del suyo. Soma Tech Intl tambi\u00e9n da la opci\u00f3n de cr\u00e9dito de intercambio en su equipo m\u00e9dico. Si usted o su instalaci\u00f3n est\u00e1 buscando recuperar espacio para nuevos equipos, o si usted est\u00e1 buscando para actualizar su equipo actual, p\u00f3ngase en contacto con el departamento de compras en Buyer@SomaTechnology.com o env\u00edenos un mensaje en nuestro sitio web Vender a Soma.<\/p>\n","protected":false},"excerpt":{"rendered":"<p>Ultrasonidos<\/p>\n","protected":false},"featured_media":21007,"template":"","meta":{"_acf_changed":false,"_relevanssi_hide_post":"","_relevanssi_hide_content":"","_relevanssi_pin_for_all":"","_relevanssi_pin_keywords":"","_relevanssi_unpin_keywords":"","_relevanssi_related_keywords":"","_relevanssi_related_include_ids":"","_relevanssi_related_exclude_ids":"","_relevanssi_related_no_append":"","_relevanssi_related_not_related":"","_relevanssi_related_posts":"","_relevanssi_noindex_reason":"","inline_featured_image":false},"pwb-brand":[1102],"product_brand":[],"product_cat":[91],"product_tag":[6946,2125,6947,273,6949,6948,1901,6944,1900,6945],"class_list":{"0":"post-21006","1":"product","2":"type-product","3":"status-publish","4":"has-post-thumbnail","6":"pwb-brand-equipo-medico-philips","7":"product_cat-ultrasonidos","8":"product_tag-cvx","9":"product_tag-epiq","10":"product_tag-epiq-cvx","11":"product_tag-philips","12":"product_tag-philips-cvx","13":"product_tag-philips-epiq-cvx","14":"product_tag-ultrasonido","15":"product_tag-ultrasonido-philips","16":"product_tag-ultrasonidos","17":"product_tag-ultrasonidos-philips","19":"first","20":"instock","21":"shipping-taxable","22":"purchasable","23":"product-type-simple"},"acf":[],"brands":[{"id":1102,"name":"Philips","slug":"equipo-medico-philips"}],"_links":{"self":[{"href":"https:\/\/www.somatechnology.com\/spanish\/wp-json\/wp\/v2\/product\/21006","targetHints":{"allow":["GET"]}}],"collection":[{"href":"https:\/\/www.somatechnology.com\/spanish\/wp-json\/wp\/v2\/product"}],"about":[{"href":"https:\/\/www.somatechnology.com\/spanish\/wp-json\/wp\/v2\/types\/product"}],"wp:featuredmedia":[{"embeddable":true,"href":"https:\/\/www.somatechnology.com\/spanish\/wp-json\/wp\/v2\/media\/21007"}],"wp:attachment":[{"href":"https:\/\/www.somatechnology.com\/spanish\/wp-json\/wp\/v2\/media?parent=21006"}],"wp:term":[{"taxonomy":"pwb-brand","embeddable":true,"href":"https:\/\/www.somatechnology.com\/spanish\/wp-json\/wp\/v2\/pwb-brand?post=21006"},{"taxonomy":"product_brand","embeddable":true,"href":"https:\/\/www.somatechnology.com\/spanish\/wp-json\/wp\/v2\/product_brand?post=21006"},{"taxonomy":"product_cat","embeddable":true,"href":"https:\/\/www.somatechnology.com\/spanish\/wp-json\/wp\/v2\/product_cat?post=21006"},{"taxonomy":"product_tag","embeddable":true,"href":"https:\/\/www.somatechnology.com\/spanish\/wp-json\/wp\/v2\/product_tag?post=21006"}],"curies":[{"name":"wp","href":"https:\/\/api.w.org\/{rel}","templated":true}]}}