{"id":21388,"date":"2021-07-20T15:11:22","date_gmt":"2021-07-20T15:11:22","guid":{"rendered":"https:\/\/www.somatechnology.com\/spanish\/?post_type=product&#038;p=21388"},"modified":"2023-08-23T06:32:55","modified_gmt":"2023-08-23T10:32:55","slug":"vyaire-nonin-7500","status":"publish","type":"product","link":"https:\/\/www.somatechnology.com\/spanish\/equipo-medico-usado-remanufacturado\/monitores-de-signos-vitales\/oximetro-de-pulso\/vyaire-nonin-7500\/","title":{"rendered":"Vyaire Nonin 7500"},"content":{"rendered":"<h2>CARACTER\u00cdSTICAS DE VYAIRE NONIN 7500<\/h2>\n<p>El <strong>Vyaire Nonin 7500<\/strong> es un ox\u00edmetro de pulso port\u00e1til. El dise\u00f1o compacto y ligero del sistema lo hace ideal para comprobaciones puntuales, monitorizaci\u00f3n continua y durante el transporte de pacientes. El Nonin 7500 puede utilizarse para monitorizar pacientes desde neonatos hasta adultos. El pulsiox\u00edmetro Vyaire tiene una bater\u00eda de 16 horas de duraci\u00f3n y puede almacenar hasta 70 horas de memoria. La brillante pantalla LED facilita la lectura de una amplia gama de indicadores en la pantalla. El ox\u00edmetro de pulso viene con un sistema de alarma que viene con ajustes predeterminados junto con la posibilidad de personalizar los ajustes por paciente.<\/p>\n<ul>\n<li>Puede utilizarse en una gran variedad de pacientes: neonatos, pedi\u00e1tricos y adultos<\/li>\n<li>Pantalla LED brillante que facilita y aclara la lectura<\/li>\n<li>70 horas de memoria disponibles<\/li>\n<li>Innovador sistema de alarma personalizable<\/li>\n<li>Puede utilizarse como dispositivo independiente o combinarse con otros equipos<\/li>\n<\/ul>\n<h2>ESPECIFICACIONES DE VYAIRE NONIN 7500<\/h2>\n<h3>Dimensiones<\/h3>\n<ul>\n<li>Altura: 3.6 pulg (9.2 cm)<\/li>\n<li>Anchura: 8.6 pulg (21.9 cm)<\/li>\n<li>Profundidad: 5.6 pulg (14.2 cm)<\/li>\n<li>Peso: 2 lbs (0.9 kg)<\/li>\n<\/ul>\n<h3>Rango de Visualizaci\u00f3n de la Saturaci\u00f3n de Ox\u00edgeno<\/h3>\n<ul>\n<li>0-100% SpO2<\/li>\n<\/ul>\n<h3>Frecuencia de Pulso<\/h3>\n<ul>\n<li>18-321 BPM<\/li>\n<\/ul>\n<h3>Precisi\u00f3n de Saturaci\u00f3n<\/h3>\n<ul>\n<li>70-100%<\/li>\n<li>Adultos \/ Pediatr\u00eda\n<ul>\n<li>Sin movimiento\n<ul>\n<li>Pinza de dedo reutilizable: \u00b1 2 d\u00edgitos<\/li>\n<li>Serie 6000 desechable: \u00b1 2 d\u00edgitos<\/li>\n<\/ul>\n<\/li>\n<li>Movimiento:\n<ul>\n<li>Pinza de dedo reutilizable: \u00b1 2 d\u00edgitos<\/li>\n<\/ul>\n<\/li>\n<\/ul>\n<\/li>\n<li>Neonatos\n<ul>\n<li>Sin movimiento:\n<ul>\n<li>Pinza de dedo reutilizable: \u00b1 3 d\u00edgitos<\/li>\n<li>Serie 6000 desechable: \u00b1 3 d\u00edgitos<\/li>\n<\/ul>\n<\/li>\n<\/ul>\n<\/li>\n<\/ul>\n<h3>Precisi\u00f3n de la Frecuencia del Pulso<\/h3>\n<ul>\n<li>Sin movimiento: 18-300 BPM<\/li>\n<li>Movimiento 40-240 BPM<\/li>\n<li>Perfusi\u00f3n baja: 40-240 BPM<\/li>\n<li>Adultos \/ Pediatr\u00eda\n<ul>\n<li>Sin movimiento:\n<ul>\n<li>Clip de dedo reutilizable: \u00b1 3 d\u00edgitos<\/li>\n<li>Serie 6000 desechable: \u00b1 3 d\u00edgitos<\/li>\n<\/ul>\n<\/li>\n<li>Movimiento:\n<ul>\n<li>Pinza de dedo reutilizable: \u00b1 5 d\u00edgitos<\/li>\n<\/ul>\n<\/li>\n<li>Perfusi\u00f3n baja:\n<ul>\n<li>Pinza de dedo reutilizable: \u00b1 3 d\u00edgitos<\/li>\n<li>Serie 6000 desechable: \u00b1 3 d\u00edgitos<\/li>\n<\/ul>\n<\/li>\n<\/ul>\n<\/li>\n<li>Neonatos\n<ul>\n<li>Sin movimiento:\n<ul>\n<li>Pinza de dedo reutilizable: \u00b1 3 d\u00edgitos<\/li>\n<li>Desechable Serie 6000: \u00b1 3 d\u00edgitos<\/li>\n<\/ul>\n<\/li>\n<li>Movimiento:\n<ul>\n<li>Pinza de dedo reutilizable: \u00b1 5 d\u00edgitos<\/li>\n<\/ul>\n<\/li>\n<li>Perfusi\u00f3n baja:\n<ul>\n<li>Pinza de dedo reutilizable: \u00b1 3 d\u00edgitos<\/li>\n<li>Serie 6000 desechable: \u00b1 3 d\u00edgitos<\/li>\n<\/ul>\n<\/li>\n<\/ul>\n<\/li>\n<\/ul>\n<h3>Memoria<\/h3>\n<ul>\n<li>70 horas (suponiendo un funcionamiento continuo)<\/li>\n<\/ul>\n<h3>Alimentaci\u00f3n Interna<\/h3>\n<ul>\n<li>Bater\u00eda: bater\u00eda NiMH de 7.2 voltios<\/li>\n<li>Duraci\u00f3n de funcionamiento (bater\u00eda totalmente cargada) 16 horas m\u00ednimo<\/li>\n<li>Vida \u00fatil de almacenamiento: 21 d\u00edas m\u00ednimo<\/li>\n<li>Velocidad de recarga: 4 horas m\u00e1ximo<\/li>\n<\/ul>\n<h3>Salidas Anal\u00f3gicas<\/h3>\n<ul>\n<li>Rango de salida de SpO2: 0-1 VCC (0-100% SpO2), 1.27 VCC (fuera de pista)<\/li>\n<li>Rango de salida de frecuencia de pulso: 0-1 VCC (0-300 BPM), 1.27 VCC (fuera de pista)<\/li>\n<li>Marcador de eventos: 0 V (sin evento), 1 V (evento ocurrido)<\/li>\n<li>Precisi\u00f3n: \u00b1 2% (SpO2), \u00b1 5% (Frecuencia de pulso)<\/li>\n<li>Corriente de carga: 2 mA m\u00e1ximo<\/li>\n<\/ul>\n<h2>M\u00c1S INFORMACI\u00d3N SOBRE EL VYAIRE NONIN 7500<\/h2>\n<h3>Vyaire Nonin 7500 Reconstruido<\/h3>\n<p>Soma Tech Intl ofrece el Vyaire Nonin 7500 hasta un 50% por debajo de los precios original con el mismo servicio y garant\u00eda que los nuevos. El Nonin 7500 no s\u00f3lo est\u00e1 t\u00e9cnicamente reconstruido, sino que tambi\u00e9n est\u00e1 cosm\u00e9ticamente reacondicionado para que funcione y se vea como nuevo. Cuando se inicia el proceso de reacondicionamiento del 7500 \u00e9sta cuidadosamente inspeccionado y probado por nuestros propios ingenieros biom\u00e9dicos quien son certificados para trabajar con pulso de ox\u00edmetro. Si es necesario, se reemplazan las piezas para asegurarse de que todos los aspectos del 7500 funcionen con eficaz. Una vez que todo est\u00e1 en orden de funcionamiento, la unidad se calibra con las especificaciones originales del fabricante. Esto asegura que la unidad est\u00e1 funcionando de la misma manera que cuando sali\u00f3 originalmente del fabricante. Despu\u00e9s de que la m\u00e1quina funciona como nuevo, se somete a un proceso especial de restauraci\u00f3n cosm\u00e9tica. Se limpia, se reparan los peque\u00f1os ara\u00f1azos y abolladuras, se pinta y se sustituyen las calcoman\u00edas si es necesario. Soma Tech Intl cuenta con la certificaci\u00f3n ISO 13485 y se asegura de que se d\u00e9 la mejor calidad a todos los equipos m\u00e9dicos que venden. Antes de que el 7500 sea etiquetado como listo para el paciente y empacado para su env\u00edo, pasa por una \u00faltima prueba de control de calidad que asegura que todos los aspectos est\u00e1n funcionando de nuevo como deber\u00edan. Si desea comprar el Nonin 7500 reconstruido, p\u00f3ngase en contacto con nosotros en Soma@SomaTechnology.com o ll\u00e1menos al 1-800-GET-SOMA.<\/p>\n<p>Soma Tech Intl tambi\u00e9n est\u00e1 buscando activamente para comprar un Vyaire Nonin 7500. Si usted o su instalaci\u00f3n est\u00e1 buscando vender su unidad, aseg\u00farese de ponerse en contacto con Soma Tech Intl. Soma tiene un departamento de compras dedicado en ayudar a trav\u00e9s de todo el proceso. La venta de su pulso de ox\u00edmetro usado o de segunda mano a Soma Tech Intl elimina el intermediario en la ecuaci\u00f3n. Esto tambi\u00e9n asegura que su centro m\u00e9dico obtiene el mejor precio por su equipo. Soma cumple al 100% con las normas HIPPA y se asegura de que su equipo llegue a nuestras instalaciones en las mismas condiciones en que sali\u00f3 del suyo. Soma Tech Intl tambi\u00e9n da la opci\u00f3n de cr\u00e9dito de intercambio en su equipo m\u00e9dico. Si usted o su instalaci\u00f3n est\u00e1 buscando recuperar espacio para nuevos equipos, o si usted est\u00e1 buscando para actualizar su equipo actual, p\u00f3ngase en contacto con el departamento de compras en Buyer@SomaTechnology.com o env\u00edenos un mensaje en nuestro sitio web Vender a Soma.<\/p>\n","protected":false},"excerpt":{"rendered":"<p>Ox\u00edmetro de Pulso<\/p>\n","protected":false},"featured_media":21390,"template":"","meta":{"_acf_changed":false,"_relevanssi_hide_post":"","_relevanssi_hide_content":"","_relevanssi_pin_for_all":"","_relevanssi_pin_keywords":"","_relevanssi_unpin_keywords":"","_relevanssi_related_keywords":"","_relevanssi_related_include_ids":"","_relevanssi_related_exclude_ids":"","_relevanssi_related_no_append":"","_relevanssi_related_not_related":"","_relevanssi_related_posts":"","_relevanssi_noindex_reason":"","inline_featured_image":false},"pwb-brand":[1337],"product_brand":[],"product_cat":[65],"product_tag":[7035,7036,7037,7018,1024,7034,7033],"class_list":{"0":"post-21388","1":"product","2":"type-product","3":"status-publish","4":"has-post-thumbnail","6":"pwb-brand-equipo-medico-vyaire","7":"product_cat-oximetro-de-pulso","8":"product_tag-nonin","9":"product_tag-nonin-7500","10":"product_tag-nonin-oximetro-de-pulso","11":"product_tag-oximetro-de-pulso","12":"product_tag-vyaire","13":"product_tag-vyaire-nonin-7500","14":"product_tag-vyaire-oximetro-de-pulso","16":"first","17":"instock","18":"shipping-taxable","19":"purchasable","20":"product-type-simple"},"acf":[],"brands":[{"id":1337,"name":"Vyaire","slug":"equipo-medico-vyaire"}],"_links":{"self":[{"href":"https:\/\/www.somatechnology.com\/spanish\/wp-json\/wp\/v2\/product\/21388","targetHints":{"allow":["GET"]}}],"collection":[{"href":"https:\/\/www.somatechnology.com\/spanish\/wp-json\/wp\/v2\/product"}],"about":[{"href":"https:\/\/www.somatechnology.com\/spanish\/wp-json\/wp\/v2\/types\/product"}],"wp:featuredmedia":[{"embeddable":true,"href":"https:\/\/www.somatechnology.com\/spanish\/wp-json\/wp\/v2\/media\/21390"}],"wp:attachment":[{"href":"https:\/\/www.somatechnology.com\/spanish\/wp-json\/wp\/v2\/media?parent=21388"}],"wp:term":[{"taxonomy":"pwb-brand","embeddable":true,"href":"https:\/\/www.somatechnology.com\/spanish\/wp-json\/wp\/v2\/pwb-brand?post=21388"},{"taxonomy":"product_brand","embeddable":true,"href":"https:\/\/www.somatechnology.com\/spanish\/wp-json\/wp\/v2\/product_brand?post=21388"},{"taxonomy":"product_cat","embeddable":true,"href":"https:\/\/www.somatechnology.com\/spanish\/wp-json\/wp\/v2\/product_cat?post=21388"},{"taxonomy":"product_tag","embeddable":true,"href":"https:\/\/www.somatechnology.com\/spanish\/wp-json\/wp\/v2\/product_tag?post=21388"}],"curies":[{"name":"wp","href":"https:\/\/api.w.org\/{rel}","templated":true}]}}